{"id":1268,"date":"2020-05-13T13:39:56","date_gmt":"2020-05-13T11:39:56","guid":{"rendered":"https:\/\/dev.nellemannmachinery.dk\/kontakt\/"},"modified":"2022-09-26T15:26:34","modified_gmt":"2022-09-26T13:26:34","slug":"kontakt","status":"publish","type":"page","link":"https:\/\/dev.nellemannmachinery.dk\/no\/kontakt\/","title":{"rendered":"Kontakt"},"content":{"rendered":"<div id=\"pl-1268\"  class=\"panel-layout\" ><div id=\"pg-1268-0\"  class=\"panel-grid panel-no-style\" ><div id=\"pgc-1268-0-0\"  class=\"panel-grid-cell\" ><div id=\"panel-1268-0-0-0\" class=\"so-panel widget widget_mtt-subpage-cover panel-first-child panel-last-child\" data-index=\"0\" ><div\n\t\t\t\n\t\t\tclass=\"so-widget-mtt-subpage-cover so-widget-mtt-subpage-cover-base\"\n\t\t\t\n\t\t>\n<section class=\"mtt-subpage-cover\">\n\n    <div class=\"mtt-subpage-cover__inner page_container\">\n        <div class=\"mtt-subpage-cover__text-container\">\n                            <h1 class=\"mtt-subpage-cover__title title-line\" style=\"color:#273128\">Kontakt oss<\/h1>\n                                        <p class=\"mtt-subpage-cover__text\" style=\"color:#273128\">V\u00e5re medarbeidere st\u00e5r klare for \u00e5 hjelpe deg med alt du skulle lure p\u00e5 i forbindelse med kj\u00f8p av maskin, service, deler eller andre ting du m\u00e5tte lure p\u00e5. <\/p>\n                        \n    <div class=\"button-section\">\n\n        \n                <a href=\"https:\/\/dev.nellemannmachinery.dk\/produkter\/\" class=\"button default\">Produkter<\/a>\n\n            \n                <a href=\"https:\/\/nellemannmachinery.no\/kontakt\/find-medarbejder\/\" class=\"button default\" target=\"_blank\" rel=\"noopener noreferrer\">Finn medarbeider<\/a>\n\n            \n    <\/div>\n\n        <\/div>\n    <\/div>\n\n            <div class=\"mtt-subpage-cover__overlay default\" style=\"opacity: 0.4;\"><\/div>\n    \n    \n        <div class=\"mtt-subpage-cover__image-container object-fit\">\n            <picture>\n                                    <source srcset=\"https:\/\/dev.nellemannmachinery.dk\/wp-content\/uploads\/2020\/05\/53e4d0464e57ae14f6d1867dda79307f1137c3e45658764077297fd295_1920-375x211.jpg\" alt=\"53e4d0464e57ae14f6d1867dda79307f1137c3e45658764077297fd295_1920\" media=\"(max-width: 375px)\">\n                                                    <source srcset=\"https:\/\/dev.nellemannmachinery.dk\/wp-content\/uploads\/2020\/05\/53e4d0464e57ae14f6d1867dda79307f1137c3e45658764077297fd295_1920-600x337.jpg\" alt=\"53e4d0464e57ae14f6d1867dda79307f1137c3e45658764077297fd295_1920\" media=\"(max-width: 580px)\">\n                                                    <source srcset=\"https:\/\/dev.nellemannmachinery.dk\/wp-content\/uploads\/2020\/05\/53e4d0464e57ae14f6d1867dda79307f1137c3e45658764077297fd295_1920-1069x600.jpg\" alt=\"53e4d0464e57ae14f6d1867dda79307f1137c3e45658764077297fd295_1920\" media=\"(max-width: 1160px)\">\n                                <img decoding=\"async\" src=\"https:\/\/dev.nellemannmachinery.dk\/wp-content\/uploads\/2020\/05\/53e4d0464e57ae14f6d1867dda79307f1137c3e45658764077297fd295_1920-801x450.jpg\" alt=\"53e4d0464e57ae14f6d1867dda79307f1137c3e45658764077297fd295_1920\">\n            <\/picture>\n        <\/div>\n\n        \n<\/section><\/div><\/div><\/div><\/div><div id=\"pg-1268-1\"  class=\"panel-grid panel-no-style\" ><div id=\"pgc-1268-1-0\"  class=\"panel-grid-cell\" ><div id=\"panel-1268-1-0-0\" class=\"so-panel widget widget_mtt-text-image panel-first-child panel-last-child\" data-index=\"1\" ><div\n\t\t\t\n\t\t\tclass=\"so-widget-mtt-text-image so-widget-mtt-text-image-base\"\n\t\t\t\n\t\t>\n<section class=\"mtt-text-image spacing_top_104 spacing_bottom_104 spacing-classes-added image-right mtt-text-image--border-top mtt-text-image--smaller-image mtt-text-image--bg-default\">\n    <div class=\"mtt-text-image__inner page_container\">\n\n        <div class=\"mtt-text-image__text-container\">\n                            <span class=\"mtt-text-image__tagline tagline\">Kontakt oss<\/span>\n                                        <h2 class=\"mtt-text-image__title\">Kontorer<\/h2>\n                                        <div class=\"mtt-text-image__text styled-text-small\"><p>&nbsp;<\/p>\n<p><strong>24T Vakttelefon utenfor \u00e5pningstid:<br \/>\n<\/strong><strong>+47 900 97 055<\/strong><\/p>\n<p>&nbsp;<\/p>\n<p><strong>Avdeling Oslo<br \/>\n<\/strong>Nellemann Machinery as<br \/>\nKjeller Vest 6, 2007 Kjeller<\/p>\n<p>Telefon <a href=\"tel:32502902\">+47 64 83 25 00<\/a><br \/>\nE-post:<strong><br \/>\nSalg<\/strong><br \/>\n<a href=\"mailto:salgno@nellemannmachinery.com\">salg.no@nellemannmachinery.com<\/a><\/p>\n<p><strong>Service<\/strong><br \/>\n<a href=\"mailto:service.no@nellemannmachinery.com\">service.no@nellemannmachinery.com<\/a><\/p>\n<p><strong>Deler<\/strong><br \/>\n<a href=\"mailto:nodeler@nellemannmachinery.com\">deler.no@nellemannmachinery.com<\/a><\/p>\n<p>(mandag - fredag 08.00 - 16.00)<\/p>\n<p><strong>Avdeling Lier<\/strong><br \/>\nRingeriksveien 100, 3402 Lier<\/p>\n<p>Rune Teigen:<br \/>\nTelefon <a href=\"tel:86524211\">958 46 838<\/a><br \/>\nEpost: <a href=\"mailto:rct@nellemannmachinery.com\">rct@nellemannmachinery.com<\/a><\/p>\n<p>&nbsp;<\/p>\n<\/div>\n                                <\/div>\n\n        <div class=\"mtt-text-image__image-container object-fit\">\n                        <picture>\n                                    <source srcset=\"https:\/\/dev.nellemannmachinery.dk\/wp-content\/uploads\/2020\/08\/nellemann-maskin-retail-1-e1601283858584-375x212.jpg\" alt=\"Entrepren\u00f8rmaskiner\" media=\"(max-width: 375px)\">\n                                                    <source srcset=\"https:\/\/dev.nellemannmachinery.dk\/wp-content\/uploads\/2020\/08\/nellemann-maskin-retail-1-e1601283858584-600x339.jpg\" alt=\"Entrepren\u00f8rmaskiner\" media=\"(max-width: 580px)\">\n                                                    <source srcset=\"https:\/\/dev.nellemannmachinery.dk\/wp-content\/uploads\/2020\/08\/nellemann-maskin-retail-1-e1601283858584-886x500.jpg\" alt=\"Entrepren\u00f8rmaskiner\" media=\"(max-width: 1160px)\">\n                                <img decoding=\"async\" src=\"https:\/\/dev.nellemannmachinery.dk\/wp-content\/uploads\/2020\/08\/nellemann-maskin-retail-1-e1601283858584-300x169.jpg\" full=\"https:\/\/dev.nellemannmachinery.dk\/wp-content\/uploads\/2020\/08\/nellemann-maskin-retail-1-e1601283858584-900x508.jpg\" alt=\"Entrepren\u00f8rmaskiner\" lazy-load>\n            <\/picture>\n        <\/div>\n\n    <\/div>\n<\/section><\/div><\/div><\/div><\/div><\/div>","protected":false},"excerpt":{"rendered":"<p>Kontakt oss V\u00e5re medarbeidere st\u00e5r klare for \u00e5 hjelpe deg med alt du skulle lure p\u00e5 i forbindelse med kj\u00f8p av maskin, service, deler eller andre ting du m\u00e5tte lure p\u00e5. Produkter Finn medarbeider Kontakt oss Kontorer &nbsp; 24T Vakttelefon utenfor \u00e5pningstid: +47 900 97 055 &nbsp; Avdeling Oslo Nellemann Machinery as Kjeller Vest 6, [&hellip;]<\/p>\n","protected":false},"author":1,"featured_media":0,"parent":0,"menu_order":0,"comment_status":"closed","ping_status":"closed","template":"","meta":{"_acf_changed":false,"inline_featured_image":false,"footnotes":""},"class_list":["post-1268","page","type-page","status-publish","hentry"],"acf":[],"yoast_head":"<!-- This site is optimized with the Yoast SEO plugin v27.4 - https:\/\/yoast.com\/product\/yoast-seo-wordpress\/ -->\n<title>Kontakt - Nellemann Machinery<\/title>\n<meta name=\"description\" content=\"Vi st\u00e5r klare for \u00e5 hjelpe deg med alt du skulle lure p\u00e5 i forbindelse med kj\u00f8p av maskin, service, deler eller andre ting du m\u00e5tte lure p\u00e5.\" \/>\n<meta name=\"robots\" content=\"noindex, follow, max-snippet:-1, max-image-preview:large, max-video-preview:-1\" \/>\n<meta property=\"og:locale\" content=\"nb_NO\" \/>\n<meta property=\"og:type\" content=\"article\" \/>\n<meta property=\"og:title\" content=\"Kontakt - Nellemann Machinery\" \/>\n<meta property=\"og:description\" content=\"Vi st\u00e5r klare for \u00e5 hjelpe deg med alt du skulle lure p\u00e5 i forbindelse med kj\u00f8p av maskin, service, deler eller andre ting du m\u00e5tte lure p\u00e5.\" \/>\n<meta property=\"og:url\" content=\"https:\/\/nellemannmachinery.no\/kontakt\/\" \/>\n<meta property=\"og:site_name\" content=\"Nellemann Machinery\" \/>\n<meta property=\"article:publisher\" content=\"https:\/\/www.facebook.com\/Nellemann-Machinery-718705991612962\" \/>\n<meta property=\"article:modified_time\" content=\"2022-09-26T13:26:34+00:00\" \/>\n<meta name=\"twitter:card\" content=\"summary_large_image\" \/>\n<meta name=\"twitter:label1\" content=\"Ansl. lesetid\" \/>\n\t<meta name=\"twitter:data1\" content=\"1 minutt\" \/>\n<!-- \/ Yoast SEO plugin. -->","yoast_head_json":{"title":"Kontakt - Nellemann Machinery","description":"Vi st\u00e5r klare for \u00e5 hjelpe deg med alt du skulle lure p\u00e5 i forbindelse med kj\u00f8p av maskin, service, deler eller andre ting du m\u00e5tte lure p\u00e5.","robots":{"index":"noindex","follow":"follow","max-snippet":"max-snippet:-1","max-image-preview":"max-image-preview:large","max-video-preview":"max-video-preview:-1"},"og_locale":"nb_NO","og_type":"article","og_title":"Kontakt - Nellemann Machinery","og_description":"Vi st\u00e5r klare for \u00e5 hjelpe deg med alt du skulle lure p\u00e5 i forbindelse med kj\u00f8p av maskin, service, deler eller andre ting du m\u00e5tte lure p\u00e5.","og_url":"https:\/\/nellemannmachinery.no\/kontakt\/","og_site_name":"Nellemann Machinery","article_publisher":"https:\/\/www.facebook.com\/Nellemann-Machinery-718705991612962","article_modified_time":"2022-09-26T13:26:34+00:00","twitter_card":"summary_large_image","twitter_misc":{"Ansl. lesetid":"1 minutt"},"schema":{"@context":"https:\/\/schema.org","@graph":[{"@type":"WebPage","@id":"https:\/\/nellemannmachinery.no\/kontakt\/","url":"https:\/\/nellemannmachinery.no\/kontakt\/","name":"Kontakt - Nellemann Machinery","isPartOf":{"@id":"https:\/\/dev.nellemannmachinery.dk\/#website"},"datePublished":"2020-05-13T11:39:56+00:00","dateModified":"2022-09-26T13:26:34+00:00","description":"Vi st\u00e5r klare for \u00e5 hjelpe deg med alt du skulle lure p\u00e5 i forbindelse med kj\u00f8p av maskin, service, deler eller andre ting du m\u00e5tte lure p\u00e5.","breadcrumb":{"@id":"https:\/\/nellemannmachinery.no\/kontakt\/#breadcrumb"},"inLanguage":"nb-NO","potentialAction":[{"@type":"ReadAction","target":["https:\/\/nellemannmachinery.no\/kontakt\/"]}]},{"@type":"BreadcrumbList","@id":"https:\/\/nellemannmachinery.no\/kontakt\/#breadcrumb","itemListElement":[{"@type":"ListItem","position":1,"name":"Home","item":"https:\/\/nellemannmachinery.no\/"},{"@type":"ListItem","position":2,"name":"Kontakt"}]},{"@type":"WebSite","@id":"https:\/\/dev.nellemannmachinery.dk\/#website","url":"https:\/\/dev.nellemannmachinery.dk\/","name":"Nellemann Machinery","description":"","publisher":{"@id":"https:\/\/dev.nellemannmachinery.dk\/#organization"},"potentialAction":[{"@type":"SearchAction","target":{"@type":"EntryPoint","urlTemplate":"https:\/\/dev.nellemannmachinery.dk\/?s={search_term_string}"},"query-input":{"@type":"PropertyValueSpecification","valueRequired":true,"valueName":"search_term_string"}}],"inLanguage":"nb-NO"},{"@type":"Organization","@id":"https:\/\/dev.nellemannmachinery.dk\/#organization","name":"Nellemann Machinery","url":"https:\/\/dev.nellemannmachinery.dk\/","logo":{"@type":"ImageObject","inLanguage":"nb-NO","@id":"https:\/\/dev.nellemannmachinery.dk\/#\/schema\/logo\/image\/","url":"https:\/\/dev.nellemannmachinery.dk\/wp-content\/uploads\/2020\/09\/logo-1.png","contentUrl":"https:\/\/dev.nellemannmachinery.dk\/wp-content\/uploads\/2020\/09\/logo-1.png","width":398,"height":71,"caption":"Nellemann Machinery"},"image":{"@id":"https:\/\/dev.nellemannmachinery.dk\/#\/schema\/logo\/image\/"},"sameAs":["https:\/\/www.facebook.com\/Nellemann-Machinery-718705991612962","https:\/\/www.instagram.com\/nellemannmachinery\/?hl=da","https:\/\/www.linkedin.com\/company\/svenningsens-maskinforretning-as\/about\/"]}]}},"_links":{"self":[{"href":"https:\/\/dev.nellemannmachinery.dk\/no\/wp-json\/wp\/v2\/pages\/1268","targetHints":{"allow":["GET"]}}],"collection":[{"href":"https:\/\/dev.nellemannmachinery.dk\/no\/wp-json\/wp\/v2\/pages"}],"about":[{"href":"https:\/\/dev.nellemannmachinery.dk\/no\/wp-json\/wp\/v2\/types\/page"}],"author":[{"embeddable":true,"href":"https:\/\/dev.nellemannmachinery.dk\/no\/wp-json\/wp\/v2\/users\/1"}],"replies":[{"embeddable":true,"href":"https:\/\/dev.nellemannmachinery.dk\/no\/wp-json\/wp\/v2\/comments?post=1268"}],"version-history":[{"count":0,"href":"https:\/\/dev.nellemannmachinery.dk\/no\/wp-json\/wp\/v2\/pages\/1268\/revisions"}],"wp:attachment":[{"href":"https:\/\/dev.nellemannmachinery.dk\/no\/wp-json\/wp\/v2\/media?parent=1268"}],"curies":[{"name":"wp","href":"https:\/\/api.w.org\/{rel}","templated":true}]}}