{"id":1308,"date":"2020-05-13T13:39:12","date_gmt":"2020-05-13T11:39:12","guid":{"rendered":"https:\/\/dev.nellemannmachinery.dk\/brands\/"},"modified":"2022-01-13T15:08:15","modified_gmt":"2022-01-13T13:08:15","slug":"merker","status":"publish","type":"page","link":"https:\/\/dev.nellemannmachinery.dk\/no\/merker\/","title":{"rendered":"Merker"},"content":{"rendered":"<div id=\"pl-1308\"  class=\"panel-layout\" ><div id=\"pg-1308-0\"  class=\"panel-grid panel-no-style\" ><div id=\"pgc-1308-0-0\"  class=\"panel-grid-cell\" ><div id=\"panel-1308-0-0-0\" class=\"so-panel widget widget_mtt-subpage-cover panel-first-child panel-last-child\" data-index=\"0\" ><div\n\t\t\t\n\t\t\tclass=\"so-widget-mtt-subpage-cover so-widget-mtt-subpage-cover-base\"\n\t\t\t\n\t\t>\n<section class=\"mtt-subpage-cover\">\n\n    <div class=\"mtt-subpage-cover__inner page_container\">\n        <div class=\"mtt-subpage-cover__text-container\">\n                            <h1 class=\"mtt-subpage-cover__title title-line\" style=\"color:#273128\">Nellemann Machinery f\u00f8rer merkene Kubota, K\u00e4rcher, Holder, Spider, og Billy Goat <\/h1>\n                                    \n    <div class=\"button-section\">\n\n        \n                <a href=\"https:\/\/dev.nellemannmachinery.dk\/produkter\/\" class=\"button default\">Produkter<\/a>\n\n            \n    <\/div>\n\n        <\/div>\n    <\/div>\n\n            <div class=\"mtt-subpage-cover__overlay default\" style=\"opacity: 0.1;\"><\/div>\n    \n    \n        <div class=\"mtt-subpage-cover__image-container object-fit\">\n            <picture>\n                                    <source srcset=\"https:\/\/dev.nellemannmachinery.dk\/wp-content\/uploads\/2020\/09\/frontpage-cover4-375x81.jpg\" alt=\"frontpage cover4\" media=\"(max-width: 375px)\">\n                                                    <source srcset=\"https:\/\/dev.nellemannmachinery.dk\/wp-content\/uploads\/2020\/09\/frontpage-cover4-600x130.jpg\" alt=\"frontpage cover4\" media=\"(max-width: 580px)\">\n                                                    <source srcset=\"https:\/\/dev.nellemannmachinery.dk\/wp-content\/uploads\/2020\/09\/frontpage-cover4-1200x260.jpg\" alt=\"frontpage cover4\" media=\"(max-width: 1160px)\">\n                                <img decoding=\"async\" src=\"https:\/\/dev.nellemannmachinery.dk\/wp-content\/uploads\/2020\/09\/frontpage-cover4-1920x417.jpg\" alt=\"frontpage cover4\">\n            <\/picture>\n        <\/div>\n\n        \n<\/section><\/div><\/div><\/div><\/div><div id=\"pg-1308-1\"  class=\"panel-grid panel-no-style\" ><div id=\"pgc-1308-1-0\"  class=\"panel-grid-cell\" ><div id=\"panel-1308-1-0-0\" class=\"so-panel widget widget_mtt-brands panel-first-child panel-last-child\" data-index=\"1\" ><div\n\t\t\t\n\t\t\tclass=\"so-widget-mtt-brands so-widget-mtt-brands-base\"\n\t\t\t\n\t\t>\n<section class=\"mtt-brands\">\n    <div class=\"mtt-brands__inner page_container\">\n\n        <div class=\"mtt-brands__wrap\">\n\n            \n                                    <h2 class=\"mtt-brands__title\">V\u00e5re merker<\/h2>\n                \n                \n    <a href=\"https:\/\/dev.nellemannmachinery.dk\/no\/brand\/billy-goat\/\" class=\"mtt-brand-card\">\n        <div class=\"mtt-brand-card__inner\">\n                            <img decoding=\"async\" src=\"https:\/\/dev.nellemannmachinery.dk\/wp-content\/uploads\/2020\/08\/billy_goat_big.jpg\" full=\"https:\/\/dev.nellemannmachinery.dk\/wp-content\/uploads\/2020\/08\/billy_goat_big.jpg\" alt=\"billy_goat_big\" class=\"mtt-brand-card__image\" lazy-load>\n                    <\/div>\n    <\/a>\n\n\n    <a href=\"https:\/\/dev.nellemannmachinery.dk\/no\/brand\/cerruti\/\" class=\"mtt-brand-card\">\n        <div class=\"mtt-brand-card__inner\">\n                            <img decoding=\"async\" src=\"https:\/\/dev.nellemannmachinery.dk\/wp-content\/uploads\/2023\/05\/logo-cerruti-4-300x87.jpg\" full=\"https:\/\/dev.nellemannmachinery.dk\/wp-content\/uploads\/2023\/05\/logo-cerruti-4.jpg\" alt=\"logo cerruti 4\" class=\"mtt-brand-card__image\" lazy-load>\n                    <\/div>\n    <\/a>\n\n\n    <a href=\"https:\/\/dev.nellemannmachinery.dk\/no\/brand\/holder-no\/\" class=\"mtt-brand-card\">\n        <div class=\"mtt-brand-card__inner\">\n                            <img decoding=\"async\" src=\"https:\/\/dev.nellemannmachinery.dk\/wp-content\/uploads\/2020\/05\/holder-logo.png\" full=\"https:\/\/dev.nellemannmachinery.dk\/wp-content\/uploads\/2020\/05\/holder-logo.png\" alt=\"holder-logo\" class=\"mtt-brand-card__image\" lazy-load>\n                    <\/div>\n    <\/a>\n\n\n    <a href=\"https:\/\/dev.nellemannmachinery.dk\/no\/brand\/karcher-no\/\" class=\"mtt-brand-card\">\n        <div class=\"mtt-brand-card__inner\">\n                            <img decoding=\"async\" src=\"https:\/\/dev.nellemannmachinery.dk\/wp-content\/uploads\/2021\/02\/logo-karcher-jpg-300x162.jpg\" full=\"https:\/\/dev.nellemannmachinery.dk\/wp-content\/uploads\/2021\/02\/logo-karcher-jpg.jpg\" alt=\"logo k\u00e4rcher jpg\" class=\"mtt-brand-card__image\" lazy-load>\n                    <\/div>\n    <\/a>\n\n\n    <a href=\"https:\/\/dev.nellemannmachinery.dk\/no\/brand\/kubota-no\/\" class=\"mtt-brand-card\">\n        <div class=\"mtt-brand-card__inner\">\n                            <img decoding=\"async\" src=\"https:\/\/dev.nellemannmachinery.dk\/wp-content\/uploads\/2020\/05\/kubota-logo.svg\" full=\"https:\/\/dev.nellemannmachinery.dk\/wp-content\/uploads\/2020\/05\/kubota-logo.svg\" alt=\"kubota-logo\" class=\"mtt-brand-card__image\" lazy-load>\n                    <\/div>\n    <\/a>\n\n\n    <a href=\"https:\/\/dev.nellemannmachinery.dk\/no\/brand\/spider-no\/\" class=\"mtt-brand-card\">\n        <div class=\"mtt-brand-card__inner\">\n                            <img decoding=\"async\" src=\"https:\/\/dev.nellemannmachinery.dk\/wp-content\/uploads\/2020\/05\/spider_big.jpg\" full=\"https:\/\/dev.nellemannmachinery.dk\/wp-content\/uploads\/2020\/05\/spider_big.jpg\" alt=\"spider_big\" class=\"mtt-brand-card__image\" lazy-load>\n                    <\/div>\n    <\/a>\n\n\n                <div class=\"mtt-brand-card--filler\"><\/div>\n                <div class=\"mtt-brand-card--filler\"><\/div>\n                <div class=\"mtt-brand-card--filler\"><\/div>\n                <div class=\"mtt-brand-card--filler\"><\/div>\n\n            \n        <\/div>\n\n        <div class=\"mtt-brands__wrap\">\n\n            \n                                    <h2 class=\"mtt-brands__title\">Andre merker<\/h2>\n                \n                \n    <a href=\"https:\/\/dev.nellemannmachinery.dk\/no\/brand\/drivex\/\" class=\"mtt-brand-card\">\n        <div class=\"mtt-brand-card__inner\">\n                            <img decoding=\"async\" src=\"https:\/\/dev.nellemannmachinery.dk\/wp-content\/uploads\/2020\/11\/logo-drivex-300x165.png\" full=\"https:\/\/dev.nellemannmachinery.dk\/wp-content\/uploads\/2020\/11\/logo-drivex.png\" alt=\"logo drivex\" class=\"mtt-brand-card__image\" lazy-load>\n                    <\/div>\n    <\/a>\n\n\n    <a href=\"https:\/\/dev.nellemannmachinery.dk\/no\/brand\/fjaras-no\/\" class=\"mtt-brand-card\">\n        <div class=\"mtt-brand-card__inner\">\n                            <img decoding=\"async\" src=\"https:\/\/dev.nellemannmachinery.dk\/wp-content\/uploads\/2020\/11\/Fjaras-Logo-webb-300x114.png\" full=\"https:\/\/dev.nellemannmachinery.dk\/wp-content\/uploads\/2020\/11\/Fjaras-Logo-webb.png\" alt=\"Fjaras-Logo-webb\" class=\"mtt-brand-card__image\" lazy-load>\n                    <\/div>\n    <\/a>\n\n\n    <a href=\"https:\/\/dev.nellemannmachinery.dk\/no\/brand\/gmr-no\/\" class=\"mtt-brand-card\">\n        <div class=\"mtt-brand-card__inner\">\n                            <img decoding=\"async\" src=\"https:\/\/dev.nellemannmachinery.dk\/wp-content\/uploads\/2022\/10\/gmr_logo.png\" full=\"https:\/\/dev.nellemannmachinery.dk\/wp-content\/uploads\/2022\/10\/gmr_logo.png\" alt=\"gmr_logo\" class=\"mtt-brand-card__image\" lazy-load>\n                    <\/div>\n    <\/a>\n\n\n    <a href=\"https:\/\/dev.nellemannmachinery.dk\/no\/brand\/schaffer-no\/\" class=\"mtt-brand-card\">\n        <div class=\"mtt-brand-card__inner\">\n                            <img decoding=\"async\" src=\"https:\/\/dev.nellemannmachinery.dk\/wp-content\/uploads\/2021\/06\/schaffer-logo-ny-300x36.jpg\" full=\"https:\/\/dev.nellemannmachinery.dk\/wp-content\/uploads\/2021\/06\/schaffer-logo-ny.jpg\" alt=\"sch\u00e4ffer logo ny\" class=\"mtt-brand-card__image\" lazy-load>\n                    <\/div>\n    <\/a>\n\n\n                <div class=\"mtt-brand-card--filler\"><\/div>\n                <div class=\"mtt-brand-card--filler\"><\/div>\n                <div class=\"mtt-brand-card--filler\"><\/div>\n                <div class=\"mtt-brand-card--filler\"><\/div>\n\n                        \n        <\/div>\n\n    <\/div>\n<\/section><\/div><\/div><\/div><\/div><\/div>","protected":false},"excerpt":{"rendered":"<p>Nellemann Machinery f\u00f8rer merkene Kubota, K\u00e4rcher, Holder, Spider, og Billy Goat Produkter V\u00e5re merker Andre merker<\/p>\n","protected":false},"author":1,"featured_media":0,"parent":0,"menu_order":0,"comment_status":"closed","ping_status":"closed","template":"","meta":{"_acf_changed":false,"inline_featured_image":false,"footnotes":""},"class_list":["post-1308","page","type-page","status-publish","hentry"],"acf":[],"yoast_head":"<!-- This site is optimized with the Yoast SEO plugin v27.4 - https:\/\/yoast.com\/product\/yoast-seo-wordpress\/ -->\n<title>Merker - Nellemann Machinery<\/title>\n<meta name=\"description\" content=\"Vi i Nellemann Machinery importerer og selger merkene Kubota, Holder, Spider, Billy Goat og Melex.\" \/>\n<meta name=\"robots\" content=\"noindex, follow, max-snippet:-1, max-image-preview:large, max-video-preview:-1\" \/>\n<meta property=\"og:locale\" content=\"nb_NO\" \/>\n<meta property=\"og:type\" content=\"article\" \/>\n<meta property=\"og:title\" content=\"Merker - Nellemann Machinery\" \/>\n<meta property=\"og:description\" content=\"Vi i Nellemann Machinery importerer og selger merkene Kubota, Holder, Spider, Billy Goat og Melex.\" \/>\n<meta property=\"og:url\" content=\"https:\/\/nellemannmachinery.no\/merker\/\" \/>\n<meta property=\"og:site_name\" content=\"Nellemann Machinery\" \/>\n<meta property=\"article:publisher\" content=\"https:\/\/www.facebook.com\/Nellemann-Machinery-718705991612962\" \/>\n<meta property=\"article:modified_time\" content=\"2022-01-13T13:08:15+00:00\" \/>\n<meta name=\"twitter:card\" content=\"summary_large_image\" \/>\n<!-- \/ Yoast SEO plugin. -->","yoast_head_json":{"title":"Merker - Nellemann Machinery","description":"Vi i Nellemann Machinery importerer og selger merkene Kubota, Holder, Spider, Billy Goat og Melex.","robots":{"index":"noindex","follow":"follow","max-snippet":"max-snippet:-1","max-image-preview":"max-image-preview:large","max-video-preview":"max-video-preview:-1"},"og_locale":"nb_NO","og_type":"article","og_title":"Merker - Nellemann Machinery","og_description":"Vi i Nellemann Machinery importerer og selger merkene Kubota, Holder, Spider, Billy Goat og Melex.","og_url":"https:\/\/nellemannmachinery.no\/merker\/","og_site_name":"Nellemann Machinery","article_publisher":"https:\/\/www.facebook.com\/Nellemann-Machinery-718705991612962","article_modified_time":"2022-01-13T13:08:15+00:00","twitter_card":"summary_large_image","schema":{"@context":"https:\/\/schema.org","@graph":[{"@type":"WebPage","@id":"https:\/\/nellemannmachinery.no\/merker\/","url":"https:\/\/nellemannmachinery.no\/merker\/","name":"Merker - Nellemann Machinery","isPartOf":{"@id":"https:\/\/dev.nellemannmachinery.dk\/#website"},"datePublished":"2020-05-13T11:39:12+00:00","dateModified":"2022-01-13T13:08:15+00:00","description":"Vi i Nellemann Machinery importerer og selger merkene Kubota, Holder, Spider, Billy Goat og Melex.","breadcrumb":{"@id":"https:\/\/nellemannmachinery.no\/merker\/#breadcrumb"},"inLanguage":"nb-NO","potentialAction":[{"@type":"ReadAction","target":["https:\/\/nellemannmachinery.no\/merker\/"]}]},{"@type":"BreadcrumbList","@id":"https:\/\/nellemannmachinery.no\/merker\/#breadcrumb","itemListElement":[{"@type":"ListItem","position":1,"name":"Home","item":"https:\/\/nellemannmachinery.no\/"},{"@type":"ListItem","position":2,"name":"Merker"}]},{"@type":"WebSite","@id":"https:\/\/dev.nellemannmachinery.dk\/#website","url":"https:\/\/dev.nellemannmachinery.dk\/","name":"Nellemann Machinery","description":"","publisher":{"@id":"https:\/\/dev.nellemannmachinery.dk\/#organization"},"potentialAction":[{"@type":"SearchAction","target":{"@type":"EntryPoint","urlTemplate":"https:\/\/dev.nellemannmachinery.dk\/?s={search_term_string}"},"query-input":{"@type":"PropertyValueSpecification","valueRequired":true,"valueName":"search_term_string"}}],"inLanguage":"nb-NO"},{"@type":"Organization","@id":"https:\/\/dev.nellemannmachinery.dk\/#organization","name":"Nellemann Machinery","url":"https:\/\/dev.nellemannmachinery.dk\/","logo":{"@type":"ImageObject","inLanguage":"nb-NO","@id":"https:\/\/dev.nellemannmachinery.dk\/#\/schema\/logo\/image\/","url":"https:\/\/dev.nellemannmachinery.dk\/wp-content\/uploads\/2020\/09\/logo-1.png","contentUrl":"https:\/\/dev.nellemannmachinery.dk\/wp-content\/uploads\/2020\/09\/logo-1.png","width":398,"height":71,"caption":"Nellemann Machinery"},"image":{"@id":"https:\/\/dev.nellemannmachinery.dk\/#\/schema\/logo\/image\/"},"sameAs":["https:\/\/www.facebook.com\/Nellemann-Machinery-718705991612962","https:\/\/www.instagram.com\/nellemannmachinery\/?hl=da","https:\/\/www.linkedin.com\/company\/svenningsens-maskinforretning-as\/about\/"]}]}},"_links":{"self":[{"href":"https:\/\/dev.nellemannmachinery.dk\/no\/wp-json\/wp\/v2\/pages\/1308","targetHints":{"allow":["GET"]}}],"collection":[{"href":"https:\/\/dev.nellemannmachinery.dk\/no\/wp-json\/wp\/v2\/pages"}],"about":[{"href":"https:\/\/dev.nellemannmachinery.dk\/no\/wp-json\/wp\/v2\/types\/page"}],"author":[{"embeddable":true,"href":"https:\/\/dev.nellemannmachinery.dk\/no\/wp-json\/wp\/v2\/users\/1"}],"replies":[{"embeddable":true,"href":"https:\/\/dev.nellemannmachinery.dk\/no\/wp-json\/wp\/v2\/comments?post=1308"}],"version-history":[{"count":0,"href":"https:\/\/dev.nellemannmachinery.dk\/no\/wp-json\/wp\/v2\/pages\/1308\/revisions"}],"wp:attachment":[{"href":"https:\/\/dev.nellemannmachinery.dk\/no\/wp-json\/wp\/v2\/media?parent=1308"}],"curies":[{"name":"wp","href":"https:\/\/api.w.org\/{rel}","templated":true}]}}