{"id":1311,"date":"2020-05-13T13:39:50","date_gmt":"2020-05-13T11:39:50","guid":{"rendered":"https:\/\/dev.nellemannmachinery.dk\/om-firmaet\/"},"modified":"2021-05-27T11:22:15","modified_gmt":"2021-05-27T09:22:15","slug":"om-oss","status":"publish","type":"page","link":"https:\/\/dev.nellemannmachinery.dk\/no\/om-oss\/","title":{"rendered":"Om oss"},"content":{"rendered":"<div id=\"pl-1311\"  class=\"panel-layout\" ><div id=\"pg-1311-0\"  class=\"panel-grid panel-no-style\" ><div id=\"pgc-1311-0-0\"  class=\"panel-grid-cell\" ><div id=\"panel-1311-0-0-0\" class=\"so-panel widget widget_mtt-subpage-cover panel-first-child panel-last-child\" data-index=\"0\" ><div\n\t\t\t\n\t\t\tclass=\"so-widget-mtt-subpage-cover so-widget-mtt-subpage-cover-base\"\n\t\t\t\n\t\t>\n<section class=\"mtt-subpage-cover\">\n\n    <div class=\"mtt-subpage-cover__inner page_container\">\n        <div class=\"mtt-subpage-cover__text-container\">\n                            <h1 class=\"mtt-subpage-cover__title title-line\" style=\"color:#273128\">OM OSS<\/h1>\n                                            <\/div>\n    <\/div>\n\n    \n    \n        <div class=\"mtt-subpage-cover__image-container object-fit\">\n            <picture>\n                                    <source srcset=\"https:\/\/dev.nellemannmachinery.dk\/wp-content\/uploads\/2020\/09\/DSC9185-1-e1621591469177-375x91.jpg\" alt=\"_DSC9185\" media=\"(max-width: 375px)\">\n                                                    <source srcset=\"https:\/\/dev.nellemannmachinery.dk\/wp-content\/uploads\/2020\/09\/DSC9185-1-e1621591469177-600x146.jpg\" alt=\"_DSC9185\" media=\"(max-width: 580px)\">\n                                                    <source srcset=\"https:\/\/dev.nellemannmachinery.dk\/wp-content\/uploads\/2020\/09\/DSC9185-1-e1621591469177-1200x291.jpg\" alt=\"_DSC9185\" media=\"(max-width: 1160px)\">\n                                <img decoding=\"async\" src=\"https:\/\/dev.nellemannmachinery.dk\/wp-content\/uploads\/2020\/09\/DSC9185-1-e1621591469177-1855x450.jpg\" alt=\"_DSC9185\">\n            <\/picture>\n        <\/div>\n\n        \n<\/section><\/div><\/div><\/div><\/div><div id=\"pg-1311-1\"  class=\"panel-grid panel-no-style\" ><div id=\"pgc-1311-1-0\"  class=\"panel-grid-cell\" ><div id=\"panel-1311-1-0-0\" class=\"so-panel widget widget_media_video panel-first-child\" data-index=\"1\" ><div class=\"panel-widget-style panel-widget-style-for-1311-1-0-0\" ><h3 class=\"widget-title\">Introduksjon Nellemann Machinery<\/h3><div style=\"width:100%;\" class=\"wp-video\"><video class=\"wp-video-shortcode\" id=\"video-1311-1\" preload=\"metadata\" controls=\"controls\"><source type=\"video\/mp4\" src=\"https:\/\/dev.nellemannmachinery.dk\/wp-content\/uploads\/2020\/10\/Kubota_Nye_Lokaler_Prat_16x10_voice.mp4?_=1\" \/><source type=\"video\/mp4\" src=\"https:\/\/nellemannmachinery.no\/wp-content\/uploads\/2020\/10\/Kubota_Nye_Lokaler_Prat_16x10_voice.mp4?_=1\" \/><a href=\"https:\/\/dev.nellemannmachinery.dk\/wp-content\/uploads\/2020\/10\/Kubota_Nye_Lokaler_Prat_16x10_voice.mp4\">https:\/\/dev.nellemannmachinery.dk\/wp-content\/uploads\/2020\/10\/Kubota_Nye_Lokaler_Prat_16x10_voice.mp4<\/a><\/video><\/div><\/div><\/div><div id=\"panel-1311-1-0-1\" class=\"so-panel widget widget_mtt-text-image panel-last-child\" data-index=\"2\" ><div\n\t\t\t\n\t\t\tclass=\"so-widget-mtt-text-image so-widget-mtt-text-image-base\"\n\t\t\t\n\t\t>\n<section class=\"mtt-text-image spacing_top_104 spacing_bottom_104 spacing-classes-added image-right mtt-text-image--border-top mtt-text-image--smaller-image mtt-text-image--bg-default\">\n    <div class=\"mtt-text-image__inner page_container\">\n\n        <div class=\"mtt-text-image__text-container\">\n                            <span class=\"mtt-text-image__tagline tagline\">Om oss<\/span>\n                                        <h2 class=\"mtt-text-image__title\">Nellemann Machinery<\/h2>\n                                        <div class=\"mtt-text-image__text styled-text-small\"><p>I 2017 overtok Nellemann-konsernet import og salg av Kubota i Skandinavia. Nellemann-konsernet har virksomhet innenfor import, salg og service av Aston Martin, Kia og Isuzu samt salg og service av Volvo i Danmark.<\/p>\n<p>Nellemann konsernet har i tillegg til dette finansieringsselskapet Nellemann Leasing i Danmark, samt en satsning p\u00e5 motorsport som \u00e5rlig arrang\u00f8r av Copenhagen Historic Grand Prix. Nellemann hadde ogs\u00e5 import av John Deere i Danmark fra 1978 til 2012, hvor John Deere selv tok over derfra. Konsernet omsetter for 2,1 mrd. DKK og er en betydelig akt\u00f8r i det danske markedet.<\/p>\n<p>Som en naturlig endring i forbindelse med oppkj\u00f8pet ble Svenningsens Maskinforretning endret til Nellemann Machinery as, som f\u00f8lge av dette ble Nellemann Machinery sin avdeling i Norge til i Mai 2020. I tillegg til nytt navn ble ogs\u00e5 lokasjonen flyttet til Kjeller Vest 6 p\u00e5 Kjeller.<br \/>\nMed kort avstand fra Gardermoen og Oslo dekker vi selv import\u00f8rleddet for Norge i tillegg til \u00e5 drive eget direktesalg til n\u00e6rliggende kunder.<\/p>\n<p>&nbsp;<\/p>\n<\/div>\n                                <\/div>\n\n        <div class=\"mtt-text-image__image-container object-fit\">\n                        <picture>\n                                    <source srcset=\"https:\/\/dev.nellemannmachinery.dk\/wp-content\/uploads\/2020\/09\/119461821_970574903453933_2981817365154494495_n-180x240.jpg\" alt=\"119461821_970574903453933_2981817365154494495_n\" media=\"(max-width: 375px)\">\n                                                    <source srcset=\"https:\/\/dev.nellemannmachinery.dk\/wp-content\/uploads\/2020\/09\/119461821_970574903453933_2981817365154494495_n-263x350.jpg\" alt=\"119461821_970574903453933_2981817365154494495_n\" media=\"(max-width: 580px)\">\n                                                    <source srcset=\"https:\/\/dev.nellemannmachinery.dk\/wp-content\/uploads\/2020\/09\/119461821_970574903453933_2981817365154494495_n-375x500.jpg\" alt=\"119461821_970574903453933_2981817365154494495_n\" media=\"(max-width: 1160px)\">\n                                <img decoding=\"async\" src=\"https:\/\/dev.nellemannmachinery.dk\/wp-content\/uploads\/2020\/09\/119461821_970574903453933_2981817365154494495_n-225x300.jpg\" full=\"https:\/\/dev.nellemannmachinery.dk\/wp-content\/uploads\/2020\/09\/119461821_970574903453933_2981817365154494495_n-456x608.jpg\" alt=\"119461821_970574903453933_2981817365154494495_n\" lazy-load>\n            <\/picture>\n        <\/div>\n\n    <\/div>\n<\/section><\/div><\/div><\/div><\/div><div id=\"pg-1311-2\"  class=\"panel-grid panel-no-style\" ><div id=\"pgc-1311-2-0\"  class=\"panel-grid-cell\" ><div id=\"panel-1311-2-0-0\" class=\"so-panel widget widget_mtt-text-image panel-first-child panel-last-child\" data-index=\"3\" ><div\n\t\t\t\n\t\t\tclass=\"so-widget-mtt-text-image so-widget-mtt-text-image-base\"\n\t\t\t\n\t\t>\n<section class=\"mtt-text-image spacing_bottom_104 spacing-classes-added image-left mtt-text-image--border-top mtt-text-image--smaller-image mtt-text-image--bg-default\">\n    <div class=\"mtt-text-image__inner page_container\">\n\n        <div class=\"mtt-text-image__text-container\">\n                            <span class=\"mtt-text-image__tagline tagline\">Om oss<\/span>\n                                        <h2 class=\"mtt-text-image__title\">Fokus p\u00e5 kvalitet, effektivitet <br \/>og h\u00f8y kundeservice<\/h2>\n                                        <div class=\"mtt-text-image__text styled-text-small\"><p>Blant v\u00e5re kunder er stat og kommuner, entrepren\u00f8rer, golfklubber, boligselskaper, anleggsgartnere og utleiefirmaer. Vi ser det som v\u00e5r viktigste oppgave \u00e5 oppfylle den enkelte kundes behov og \u00f8nsker i forbindelse med kvalitet, kunnskap og trygghet.\u00a0 Maskiner og utstyr til konkurransedyktige priser, med fokus p\u00e5 kvalitet, effektivitet og h\u00f8y kundeservice.<\/p>\n<p>Med oppkj\u00f8pet er Nellemann en sterk akt\u00f8r innen vei-, park- og landbruksbransjen,\u00a0 i hele Skandinavia.<\/p>\n<\/div>\n                                <\/div>\n\n        <div class=\"mtt-text-image__image-container object-fit\">\n                        <picture>\n                                    <source srcset=\"https:\/\/dev.nellemannmachinery.dk\/wp-content\/uploads\/2020\/07\/y2920014-kopie-320x240.jpg\" alt=\"y2920014-kopie\" media=\"(max-width: 375px)\">\n                                                    <source srcset=\"https:\/\/dev.nellemannmachinery.dk\/wp-content\/uploads\/2020\/07\/y2920014-kopie-467x350.jpg\" alt=\"y2920014-kopie\" media=\"(max-width: 580px)\">\n                                                    <source srcset=\"https:\/\/dev.nellemannmachinery.dk\/wp-content\/uploads\/2020\/07\/y2920014-kopie-667x500.jpg\" alt=\"y2920014-kopie\" media=\"(max-width: 1160px)\">\n                                <img decoding=\"async\" src=\"https:\/\/dev.nellemannmachinery.dk\/wp-content\/uploads\/2020\/07\/y2920014-kopie-300x225.jpg\" full=\"https:\/\/dev.nellemannmachinery.dk\/wp-content\/uploads\/2020\/07\/y2920014-kopie.jpg\" alt=\"y2920014-kopie\" lazy-load>\n            <\/picture>\n        <\/div>\n\n    <\/div>\n<\/section><\/div><\/div><\/div><\/div><\/div>","protected":false},"excerpt":{"rendered":"<p>OM OSS Introduksjon Nellemann Machineryhttps:\/\/dev.nellemannmachinery.dk\/wp-content\/uploads\/2020\/10\/Kubota_Nye_Lokaler_Prat_16x10_voice.mp4 Om oss Nellemann Machinery I 2017 overtok Nellemann-konsernet import og salg av Kubota i Skandinavia. Nellemann-konsernet har virksomhet innenfor import, salg og service av Aston Martin, Kia og Isuzu samt salg og service av Volvo i Danmark. Nellemann konsernet har i tillegg til dette finansieringsselskapet Nellemann Leasing i Danmark, samt [&hellip;]<\/p>\n","protected":false},"author":1,"featured_media":0,"parent":0,"menu_order":0,"comment_status":"closed","ping_status":"closed","template":"","meta":{"_acf_changed":false,"inline_featured_image":false,"footnotes":""},"class_list":["post-1311","page","type-page","status-publish","hentry"],"acf":[],"yoast_head":"<!-- This site is optimized with the Yoast SEO plugin v27.4 - https:\/\/yoast.com\/product\/yoast-seo-wordpress\/ -->\n<title>Om oss - Nellemann Machinery<\/title>\n<meta name=\"description\" content=\"Nellemann Machinery as\" \/>\n<meta name=\"robots\" content=\"noindex, follow, max-snippet:-1, max-image-preview:large, max-video-preview:-1\" \/>\n<meta property=\"og:locale\" content=\"nb_NO\" \/>\n<meta property=\"og:type\" content=\"article\" \/>\n<meta property=\"og:title\" content=\"Om oss - Nellemann Machinery\" \/>\n<meta property=\"og:description\" content=\"Nellemann Machinery as\" \/>\n<meta property=\"og:url\" content=\"https:\/\/nellemannmachinery.no\/om-oss\/\" \/>\n<meta property=\"og:site_name\" content=\"Nellemann Machinery\" \/>\n<meta property=\"article:publisher\" content=\"https:\/\/www.facebook.com\/Nellemann-Machinery-718705991612962\" \/>\n<meta property=\"article:modified_time\" content=\"2021-05-27T09:22:15+00:00\" \/>\n<meta name=\"twitter:card\" content=\"summary_large_image\" \/>\n<meta name=\"twitter:label1\" content=\"Ansl. lesetid\" \/>\n\t<meta name=\"twitter:data1\" content=\"1 minutt\" \/>\n<!-- \/ Yoast SEO plugin. -->","yoast_head_json":{"title":"Om oss - Nellemann Machinery","description":"Nellemann Machinery as","robots":{"index":"noindex","follow":"follow","max-snippet":"max-snippet:-1","max-image-preview":"max-image-preview:large","max-video-preview":"max-video-preview:-1"},"og_locale":"nb_NO","og_type":"article","og_title":"Om oss - Nellemann Machinery","og_description":"Nellemann Machinery as","og_url":"https:\/\/nellemannmachinery.no\/om-oss\/","og_site_name":"Nellemann Machinery","article_publisher":"https:\/\/www.facebook.com\/Nellemann-Machinery-718705991612962","article_modified_time":"2021-05-27T09:22:15+00:00","twitter_card":"summary_large_image","twitter_misc":{"Ansl. lesetid":"1 minutt"},"schema":{"@context":"https:\/\/schema.org","@graph":[{"@type":"WebPage","@id":"https:\/\/nellemannmachinery.no\/om-oss\/","url":"https:\/\/nellemannmachinery.no\/om-oss\/","name":"Om oss - Nellemann Machinery","isPartOf":{"@id":"https:\/\/dev.nellemannmachinery.dk\/#website"},"datePublished":"2020-05-13T11:39:50+00:00","dateModified":"2021-05-27T09:22:15+00:00","description":"Nellemann Machinery as","breadcrumb":{"@id":"https:\/\/nellemannmachinery.no\/om-oss\/#breadcrumb"},"inLanguage":"nb-NO","potentialAction":[{"@type":"ReadAction","target":["https:\/\/nellemannmachinery.no\/om-oss\/"]}]},{"@type":"BreadcrumbList","@id":"https:\/\/nellemannmachinery.no\/om-oss\/#breadcrumb","itemListElement":[{"@type":"ListItem","position":1,"name":"Home","item":"https:\/\/nellemannmachinery.no\/"},{"@type":"ListItem","position":2,"name":"Om oss"}]},{"@type":"WebSite","@id":"https:\/\/dev.nellemannmachinery.dk\/#website","url":"https:\/\/dev.nellemannmachinery.dk\/","name":"Nellemann Machinery","description":"","publisher":{"@id":"https:\/\/dev.nellemannmachinery.dk\/#organization"},"potentialAction":[{"@type":"SearchAction","target":{"@type":"EntryPoint","urlTemplate":"https:\/\/dev.nellemannmachinery.dk\/?s={search_term_string}"},"query-input":{"@type":"PropertyValueSpecification","valueRequired":true,"valueName":"search_term_string"}}],"inLanguage":"nb-NO"},{"@type":"Organization","@id":"https:\/\/dev.nellemannmachinery.dk\/#organization","name":"Nellemann Machinery","url":"https:\/\/dev.nellemannmachinery.dk\/","logo":{"@type":"ImageObject","inLanguage":"nb-NO","@id":"https:\/\/dev.nellemannmachinery.dk\/#\/schema\/logo\/image\/","url":"https:\/\/dev.nellemannmachinery.dk\/wp-content\/uploads\/2020\/09\/logo-1.png","contentUrl":"https:\/\/dev.nellemannmachinery.dk\/wp-content\/uploads\/2020\/09\/logo-1.png","width":398,"height":71,"caption":"Nellemann Machinery"},"image":{"@id":"https:\/\/dev.nellemannmachinery.dk\/#\/schema\/logo\/image\/"},"sameAs":["https:\/\/www.facebook.com\/Nellemann-Machinery-718705991612962","https:\/\/www.instagram.com\/nellemannmachinery\/?hl=da","https:\/\/www.linkedin.com\/company\/svenningsens-maskinforretning-as\/about\/"]}]}},"_links":{"self":[{"href":"https:\/\/dev.nellemannmachinery.dk\/no\/wp-json\/wp\/v2\/pages\/1311","targetHints":{"allow":["GET"]}}],"collection":[{"href":"https:\/\/dev.nellemannmachinery.dk\/no\/wp-json\/wp\/v2\/pages"}],"about":[{"href":"https:\/\/dev.nellemannmachinery.dk\/no\/wp-json\/wp\/v2\/types\/page"}],"author":[{"embeddable":true,"href":"https:\/\/dev.nellemannmachinery.dk\/no\/wp-json\/wp\/v2\/users\/1"}],"replies":[{"embeddable":true,"href":"https:\/\/dev.nellemannmachinery.dk\/no\/wp-json\/wp\/v2\/comments?post=1311"}],"version-history":[{"count":0,"href":"https:\/\/dev.nellemannmachinery.dk\/no\/wp-json\/wp\/v2\/pages\/1311\/revisions"}],"wp:attachment":[{"href":"https:\/\/dev.nellemannmachinery.dk\/no\/wp-json\/wp\/v2\/media?parent=1311"}],"curies":[{"name":"wp","href":"https:\/\/api.w.org\/{rel}","templated":true}]}}