{"id":1316,"date":"2020-05-13T13:39:25","date_gmt":"2020-05-13T11:39:25","guid":{"rendered":"https:\/\/dev.nellemannmachinery.dk\/service-eftermarked\/"},"modified":"2022-08-04T10:43:55","modified_gmt":"2022-08-04T08:43:55","slug":"deler-og-service","status":"publish","type":"page","link":"https:\/\/dev.nellemannmachinery.dk\/no\/deler-og-service\/","title":{"rendered":"Deler &amp; Service"},"content":{"rendered":"<div id=\"pl-1316\"  class=\"panel-layout\" ><div id=\"pg-1316-0\"  class=\"panel-grid panel-no-style\" ><div id=\"pgc-1316-0-0\"  class=\"panel-grid-cell\" ><div id=\"panel-1316-0-0-0\" class=\"so-panel widget widget_mtt-subpage-cover panel-first-child panel-last-child\" data-index=\"0\" ><div class=\"panel-widget-style panel-widget-style-for-1316-0-0-0\" ><div\n\t\t\t\n\t\t\tclass=\"so-widget-mtt-subpage-cover so-widget-mtt-subpage-cover-base\"\n\t\t\t\n\t\t>\n<section class=\"mtt-subpage-cover\">\n\n    <div class=\"mtt-subpage-cover__inner page_container\">\n        <div class=\"mtt-subpage-cover__text-container\">\n                            <h1 class=\"mtt-subpage-cover__title title-line\" style=\"color:#ffffff\">Deler og Service<\/h1>\n                                        <p class=\"mtt-subpage-cover__text\" style=\"color:#ffffff\">Nellemann Machinery har reservedeler p\u00e5 lager, om ikke skaffer vi deg delen hurtig.<\/p>\n                        \n    <div class=\"button-section\">\n\n        \n                <a href=\"https:\/\/dev.nellemannmachinery.dk\/kontakt\/\" class=\"button white\">Kontakt oss<\/a>\n\n            \n    <\/div>\n\n        <\/div>\n    <\/div>\n\n            <div class=\"mtt-subpage-cover__overlay default\" style=\"opacity: 0.1;\"><\/div>\n    \n    \n        <div class=\"mtt-subpage-cover__image-container object-fit\">\n            <picture>\n                                    <source srcset=\"https:\/\/dev.nellemannmachinery.dk\/wp-content\/uploads\/2021\/02\/DSC6747-375x250.jpg\" alt=\"Service Kubota\" media=\"(max-width: 375px)\">\n                                                    <source srcset=\"https:\/\/dev.nellemannmachinery.dk\/wp-content\/uploads\/2021\/02\/DSC6747-600x400.jpg\" alt=\"Service Kubota\" media=\"(max-width: 580px)\">\n                                                    <source srcset=\"https:\/\/dev.nellemannmachinery.dk\/wp-content\/uploads\/2021\/02\/DSC6747-900x600.jpg\" alt=\"Service Kubota\" media=\"(max-width: 1160px)\">\n                                <img decoding=\"async\" src=\"https:\/\/dev.nellemannmachinery.dk\/wp-content\/uploads\/2021\/02\/DSC6747-675x450.jpg\" alt=\"Service Kubota\">\n            <\/picture>\n        <\/div>\n\n        \n<\/section><\/div><\/div><\/div><\/div><\/div><div id=\"pg-1316-1\"  class=\"panel-grid panel-no-style\" ><div id=\"pgc-1316-1-0\"  class=\"panel-grid-cell\" ><div id=\"panel-1316-1-0-0\" class=\"so-panel widget widget_mtt-text-image panel-first-child\" data-index=\"1\" ><div\n\t\t\t\n\t\t\tclass=\"so-widget-mtt-text-image so-widget-mtt-text-image-base\"\n\t\t\t\n\t\t>\n<section class=\"mtt-text-image spacing_top_120 spacing_bottom_120 spacing-classes-added image-right mtt-text-image--bg-default\">\n    <div class=\"mtt-text-image__inner page_container\">\n\n        <div class=\"mtt-text-image__text-container\">\n                                        <h2 class=\"mtt-text-image__title\">Kontakt oss<\/h2>\n                                        <div class=\"mtt-text-image__text styled-text-small\"><p>Kjeller Vest 6, 2007 Kjeller.<\/p>\n<p><strong>Telefon: 64 83 25 00<\/strong><\/p>\n<p><strong>Service<\/strong><br \/>\n<a href=\"mailto:service.no@nellemannmachinery.com\">service.no@nellemannmachinery.com<\/a><\/p>\n<p><strong>Deler<\/strong><br \/>\n<a href=\"mailto:nodeler@nellemannmachinery.com\">deler.no@nellemannmachinery.com<\/a><\/p>\n<p>\u00c5pningstider: Mandag - Fredag 08.00 - 16.00<\/p>\n<p><strong>24 timers Vakt telefon\u00a0 +47 900 97 055<\/strong><\/p>\n<\/div>\n                                <\/div>\n\n        <div class=\"mtt-text-image__image-container object-fit\">\n                        <picture>\n                                    <source srcset=\"https:\/\/dev.nellemannmachinery.dk\/wp-content\/uploads\/2022\/08\/Kubota-deler-med-logo-Facebook-scaled-330x240.jpg\" alt=\"Kubota deler med logo Facebook\" media=\"(max-width: 375px)\">\n                                                    <source srcset=\"https:\/\/dev.nellemannmachinery.dk\/wp-content\/uploads\/2022\/08\/Kubota-deler-med-logo-Facebook-scaled-482x350.jpg\" alt=\"Kubota deler med logo Facebook\" media=\"(max-width: 580px)\">\n                                                    <source srcset=\"https:\/\/dev.nellemannmachinery.dk\/wp-content\/uploads\/2022\/08\/Kubota-deler-med-logo-Facebook-scaled-688x500.jpg\" alt=\"Kubota deler med logo Facebook\" media=\"(max-width: 1160px)\">\n                                <img decoding=\"async\" src=\"https:\/\/dev.nellemannmachinery.dk\/wp-content\/uploads\/2022\/08\/Kubota-deler-med-logo-Facebook-scaled-300x218.jpg\" full=\"https:\/\/dev.nellemannmachinery.dk\/wp-content\/uploads\/2022\/08\/Kubota-deler-med-logo-Facebook-scaled-837x608.jpg\" alt=\"Kubota deler med logo Facebook\" lazy-load>\n            <\/picture>\n        <\/div>\n\n    <\/div>\n<\/section><\/div><\/div><div id=\"panel-1316-1-0-1\" class=\"so-panel widget widget_mtt-text-image panel-last-child\" data-index=\"2\" ><div\n\t\t\t\n\t\t\tclass=\"so-widget-mtt-text-image so-widget-mtt-text-image-base\"\n\t\t\t\n\t\t>\n<section class=\"mtt-text-image spacing_top_104 spacing_bottom_104 spacing-classes-added image-right mtt-text-image--border-top mtt-text-image--bg-default\">\n    <div class=\"mtt-text-image__inner page_container\">\n\n        <div class=\"mtt-text-image__text-container\">\n                            <span class=\"mtt-text-image__tagline tagline\">Service og ettermarked<\/span>\n                                        <h2 class=\"mtt-text-image__title\">Service og ettermarked<\/h2>\n                                        <div class=\"mtt-text-image__text styled-text-small\"><p>Nellemann sitt ettermarkedsteam er eksperter p\u00e5 v\u00e5re merker.<\/p>\n<p>Om det dreier seg om verksted, reservedeler eller teknisk support.<\/p>\n<ul>\n<li>Vi har et komplett verksted for \u00e5 ta imot deg og din maskin<\/li>\n<li>Kun originale deler, dette optimaliserer maskinen ytelse, holdbarhet og gir deg trygghet som kunde<\/li>\n<li>Vi s\u00f8rger for \u00e5 ha reservedeler og slitedeler p\u00e5 lager, hvis ikke skaffer vi dette raskt - \u00e5ret rundt<\/li>\n<li>Vi yter alltid teknisk support p\u00e5 ditt kj\u00f8p hos oss<\/li>\n<li>Fullt utstyrt servicebil til \u00e5 utf\u00f8re jobber ute der kunden befinner seg<\/li>\n<\/ul>\n<\/div>\n                                <\/div>\n\n        <div class=\"mtt-text-image__image-container object-fit\">\n                        <picture>\n                                    <source srcset=\"https:\/\/dev.nellemannmachinery.dk\/wp-content\/uploads\/2020\/08\/nellemann-maskin-retail-1-e1601283858584-375x212.jpg\" alt=\"Entrepren\u00f8rmaskiner\" media=\"(max-width: 375px)\">\n                                                    <source srcset=\"https:\/\/dev.nellemannmachinery.dk\/wp-content\/uploads\/2020\/08\/nellemann-maskin-retail-1-e1601283858584-600x339.jpg\" alt=\"Entrepren\u00f8rmaskiner\" media=\"(max-width: 580px)\">\n                                                    <source srcset=\"https:\/\/dev.nellemannmachinery.dk\/wp-content\/uploads\/2020\/08\/nellemann-maskin-retail-1-e1601283858584-886x500.jpg\" alt=\"Entrepren\u00f8rmaskiner\" media=\"(max-width: 1160px)\">\n                                <img decoding=\"async\" src=\"https:\/\/dev.nellemannmachinery.dk\/wp-content\/uploads\/2020\/08\/nellemann-maskin-retail-1-e1601283858584-300x169.jpg\" full=\"https:\/\/dev.nellemannmachinery.dk\/wp-content\/uploads\/2020\/08\/nellemann-maskin-retail-1-e1601283858584-900x508.jpg\" alt=\"Entrepren\u00f8rmaskiner\" lazy-load>\n            <\/picture>\n        <\/div>\n\n    <\/div>\n<\/section><\/div><\/div><\/div><\/div><\/div>","protected":false},"excerpt":{"rendered":"<p>Deler og Service Nellemann Machinery har reservedeler p\u00e5 lager, om ikke skaffer vi deg delen hurtig. Kontakt oss Kontakt oss Kjeller Vest 6, 2007 Kjeller. Telefon: 64 83 25 00 Service service.no@nellemannmachinery.com Deler deler.no@nellemannmachinery.com \u00c5pningstider: Mandag &#8211; Fredag 08.00 &#8211; 16.00 24 timers Vakt telefon\u00a0 +47 900 97 055 Service og ettermarked Service og ettermarked [&hellip;]<\/p>\n","protected":false},"author":1,"featured_media":0,"parent":0,"menu_order":0,"comment_status":"closed","ping_status":"closed","template":"","meta":{"_acf_changed":false,"inline_featured_image":false,"footnotes":""},"class_list":["post-1316","page","type-page","status-publish","hentry"],"acf":[],"yoast_head":"<!-- This site is optimized with the Yoast SEO plugin v27.4 - https:\/\/yoast.com\/product\/yoast-seo-wordpress\/ -->\n<title>Deler &amp; Service Deler &amp; Service - Nellemann Machinery<\/title>\n<meta name=\"description\" content=\"Vi forsyner og f\u00f8rer originale Kubota deler til hele landet. Gjennom kompetanse p\u00e5 feltet og gode handelsavtaler skaffer vi delen du trenger.\" \/>\n<meta name=\"robots\" content=\"noindex, follow, max-snippet:-1, max-image-preview:large, max-video-preview:-1\" \/>\n<meta property=\"og:locale\" content=\"nb_NO\" \/>\n<meta property=\"og:type\" content=\"article\" \/>\n<meta property=\"og:title\" content=\"Deler &amp; Service Deler &amp; Service - Nellemann Machinery\" \/>\n<meta property=\"og:description\" content=\"Vi forsyner og f\u00f8rer originale Kubota deler til hele landet. Gjennom kompetanse p\u00e5 feltet og gode handelsavtaler skaffer vi delen du trenger.\" \/>\n<meta property=\"og:url\" content=\"https:\/\/nellemannmachinery.no\/deler-og-service\/\" \/>\n<meta property=\"og:site_name\" content=\"Nellemann Machinery\" \/>\n<meta property=\"article:publisher\" content=\"https:\/\/www.facebook.com\/Nellemann-Machinery-718705991612962\" \/>\n<meta property=\"article:modified_time\" content=\"2022-08-04T08:43:55+00:00\" \/>\n<meta name=\"twitter:card\" content=\"summary_large_image\" \/>\n<meta name=\"twitter:label1\" content=\"Ansl. lesetid\" \/>\n\t<meta name=\"twitter:data1\" content=\"1 minutt\" \/>\n<!-- \/ Yoast SEO plugin. -->","yoast_head_json":{"title":"Deler &amp; Service Deler &amp; Service - Nellemann Machinery","description":"Vi forsyner og f\u00f8rer originale Kubota deler til hele landet. Gjennom kompetanse p\u00e5 feltet og gode handelsavtaler skaffer vi delen du trenger.","robots":{"index":"noindex","follow":"follow","max-snippet":"max-snippet:-1","max-image-preview":"max-image-preview:large","max-video-preview":"max-video-preview:-1"},"og_locale":"nb_NO","og_type":"article","og_title":"Deler &amp; Service Deler &amp; Service - Nellemann Machinery","og_description":"Vi forsyner og f\u00f8rer originale Kubota deler til hele landet. Gjennom kompetanse p\u00e5 feltet og gode handelsavtaler skaffer vi delen du trenger.","og_url":"https:\/\/nellemannmachinery.no\/deler-og-service\/","og_site_name":"Nellemann Machinery","article_publisher":"https:\/\/www.facebook.com\/Nellemann-Machinery-718705991612962","article_modified_time":"2022-08-04T08:43:55+00:00","twitter_card":"summary_large_image","twitter_misc":{"Ansl. lesetid":"1 minutt"},"schema":{"@context":"https:\/\/schema.org","@graph":[{"@type":"WebPage","@id":"https:\/\/nellemannmachinery.no\/deler-og-service\/","url":"https:\/\/nellemannmachinery.no\/deler-og-service\/","name":"Deler &amp; Service Deler &amp; Service - Nellemann Machinery","isPartOf":{"@id":"https:\/\/dev.nellemannmachinery.dk\/#website"},"datePublished":"2020-05-13T11:39:25+00:00","dateModified":"2022-08-04T08:43:55+00:00","description":"Vi forsyner og f\u00f8rer originale Kubota deler til hele landet. Gjennom kompetanse p\u00e5 feltet og gode handelsavtaler skaffer vi delen du trenger.","breadcrumb":{"@id":"https:\/\/nellemannmachinery.no\/deler-og-service\/#breadcrumb"},"inLanguage":"nb-NO","potentialAction":[{"@type":"ReadAction","target":["https:\/\/nellemannmachinery.no\/deler-og-service\/"]}]},{"@type":"BreadcrumbList","@id":"https:\/\/nellemannmachinery.no\/deler-og-service\/#breadcrumb","itemListElement":[{"@type":"ListItem","position":1,"name":"Home","item":"https:\/\/nellemannmachinery.no\/"},{"@type":"ListItem","position":2,"name":"Deler &amp; Service"}]},{"@type":"WebSite","@id":"https:\/\/dev.nellemannmachinery.dk\/#website","url":"https:\/\/dev.nellemannmachinery.dk\/","name":"Nellemann Machinery","description":"","publisher":{"@id":"https:\/\/dev.nellemannmachinery.dk\/#organization"},"potentialAction":[{"@type":"SearchAction","target":{"@type":"EntryPoint","urlTemplate":"https:\/\/dev.nellemannmachinery.dk\/?s={search_term_string}"},"query-input":{"@type":"PropertyValueSpecification","valueRequired":true,"valueName":"search_term_string"}}],"inLanguage":"nb-NO"},{"@type":"Organization","@id":"https:\/\/dev.nellemannmachinery.dk\/#organization","name":"Nellemann Machinery","url":"https:\/\/dev.nellemannmachinery.dk\/","logo":{"@type":"ImageObject","inLanguage":"nb-NO","@id":"https:\/\/dev.nellemannmachinery.dk\/#\/schema\/logo\/image\/","url":"https:\/\/dev.nellemannmachinery.dk\/wp-content\/uploads\/2020\/09\/logo-1.png","contentUrl":"https:\/\/dev.nellemannmachinery.dk\/wp-content\/uploads\/2020\/09\/logo-1.png","width":398,"height":71,"caption":"Nellemann Machinery"},"image":{"@id":"https:\/\/dev.nellemannmachinery.dk\/#\/schema\/logo\/image\/"},"sameAs":["https:\/\/www.facebook.com\/Nellemann-Machinery-718705991612962","https:\/\/www.instagram.com\/nellemannmachinery\/?hl=da","https:\/\/www.linkedin.com\/company\/svenningsens-maskinforretning-as\/about\/"]}]}},"_links":{"self":[{"href":"https:\/\/dev.nellemannmachinery.dk\/no\/wp-json\/wp\/v2\/pages\/1316","targetHints":{"allow":["GET"]}}],"collection":[{"href":"https:\/\/dev.nellemannmachinery.dk\/no\/wp-json\/wp\/v2\/pages"}],"about":[{"href":"https:\/\/dev.nellemannmachinery.dk\/no\/wp-json\/wp\/v2\/types\/page"}],"author":[{"embeddable":true,"href":"https:\/\/dev.nellemannmachinery.dk\/no\/wp-json\/wp\/v2\/users\/1"}],"replies":[{"embeddable":true,"href":"https:\/\/dev.nellemannmachinery.dk\/no\/wp-json\/wp\/v2\/comments?post=1316"}],"version-history":[{"count":0,"href":"https:\/\/dev.nellemannmachinery.dk\/no\/wp-json\/wp\/v2\/pages\/1316\/revisions"}],"wp:attachment":[{"href":"https:\/\/dev.nellemannmachinery.dk\/no\/wp-json\/wp\/v2\/media?parent=1316"}],"curies":[{"name":"wp","href":"https:\/\/api.w.org\/{rel}","templated":true}]}}