{"id":13839,"date":"2022-02-10T10:30:39","date_gmt":"2022-02-10T08:30:39","guid":{"rendered":"https:\/\/dev.nellemannmachinery.dk\/?page_id=13839"},"modified":"2022-02-10T16:03:16","modified_gmt":"2022-02-10T14:03:16","slug":"kubota-care","status":"publish","type":"page","link":"https:\/\/dev.nellemannmachinery.dk\/no\/kubota-care\/","title":{"rendered":"Kubota Care"},"content":{"rendered":"<div id=\"pl-13839\"  class=\"panel-layout\" ><div id=\"pg-13839-0\"  class=\"panel-grid panel-no-style\" ><div id=\"pgc-13839-0-0\"  class=\"panel-grid-cell\" ><div id=\"panel-13839-0-0-0\" class=\"so-panel widget widget_mtt-text-image panel-first-child panel-last-child\" data-index=\"0\" ><div\n\t\t\t\n\t\t\tclass=\"so-widget-mtt-text-image so-widget-mtt-text-image-base\"\n\t\t\t\n\t\t>\n<section class=\"mtt-text-image image-right mtt-text-image--smaller-image mtt-text-image--bg-default\">\n    <div class=\"mtt-text-image__inner page_container\">\n\n        <div class=\"mtt-text-image__text-container\">\n                                        <h2 class=\"mtt-text-image__title\">Kubota Care <\/h2>\n                                        <div class=\"mtt-text-image__text styled-text-small\"><p>&nbsp;<\/p>\n<p>Kubota sine maskiner oppfyller de h\u00f8yeste kvalitetskrav, og det er derfor naturlig \u00e5 tilby alle nye maskiner med fem \u00e5rs fabrikkgaranti som standard. Hvilket inneb\u00e6rer:<\/p>\n<ul>\n<li>Alle maskiner leveres med fem \u00e5rs garanti\/timeavhengig intervall<br \/>\n(avhenger av type og modell)<\/li>\n<li>Garantien er overf\u00f8rbar til ny eier innenfor garantiperioden<\/li>\n<li>Bekymringsl\u00f8st maskinhold<\/li>\n<li>Full garanti p\u00e5 uforutsette reparasjonskostnader under avtaletiden s\u00e5fremt serviceintervaller er fulgt<\/li>\n<li>Sikkerhet i form av at kun originale Kubota-deler brukes i maskinens garantitid<\/li>\n<\/ul>\n<p>Dette gir deg som kunde trygghet i ditt maskinhold samtidig som at maskinens annenh\u00e5ndsverdi og kvalitet opprettholdes.<\/p>\n<\/div>\n                                <\/div>\n\n        <div class=\"mtt-text-image__image-container object-fit\">\n                        <picture>\n                                    <source srcset=\"https:\/\/dev.nellemannmachinery.dk\/wp-content\/uploads\/2022\/02\/Kubota_Care_Logo_2018_final_rgb-1-1-e1644501574911.jpg\" alt=\"Kubota_Care_Logo_2018_final_rgb (1)\" media=\"(max-width: 375px)\">\n                                                    <source srcset=\"https:\/\/dev.nellemannmachinery.dk\/wp-content\/uploads\/2022\/02\/Kubota_Care_Logo_2018_final_rgb-1-1-e1644501574911.jpg\" alt=\"Kubota_Care_Logo_2018_final_rgb (1)\" media=\"(max-width: 580px)\">\n                                                    <source srcset=\"https:\/\/dev.nellemannmachinery.dk\/wp-content\/uploads\/2022\/02\/Kubota_Care_Logo_2018_final_rgb-1-1-e1644501574911.jpg\" alt=\"Kubota_Care_Logo_2018_final_rgb (1)\" media=\"(max-width: 1160px)\">\n                                <img decoding=\"async\" src=\"https:\/\/dev.nellemannmachinery.dk\/wp-content\/uploads\/2022\/02\/Kubota_Care_Logo_2018_final_rgb-1-1-e1644501574911.jpg\" full=\"https:\/\/dev.nellemannmachinery.dk\/wp-content\/uploads\/2022\/02\/Kubota_Care_Logo_2018_final_rgb-1-1-e1644501574911.jpg\" alt=\"Kubota_Care_Logo_2018_final_rgb (1)\" lazy-load>\n            <\/picture>\n        <\/div>\n\n    <\/div>\n<\/section><\/div><\/div><\/div><\/div><\/div>","protected":false},"excerpt":{"rendered":"<p>Kubota Care &nbsp; Kubota sine maskiner oppfyller de h\u00f8yeste kvalitetskrav, og det er derfor naturlig \u00e5 tilby alle nye maskiner med fem \u00e5rs fabrikkgaranti som standard. Hvilket inneb\u00e6rer: Alle maskiner leveres med fem \u00e5rs garanti\/timeavhengig intervall (avhenger av type og modell) Garantien er overf\u00f8rbar til ny eier innenfor garantiperioden Bekymringsl\u00f8st maskinhold Full garanti p\u00e5 uforutsette [&hellip;]<\/p>\n","protected":false},"author":6,"featured_media":0,"parent":0,"menu_order":0,"comment_status":"closed","ping_status":"closed","template":"","meta":{"_acf_changed":false,"inline_featured_image":false,"footnotes":""},"class_list":["post-13839","page","type-page","status-publish","hentry"],"acf":[],"yoast_head":"<!-- This site is optimized with the Yoast SEO plugin v27.4 - https:\/\/yoast.com\/product\/yoast-seo-wordpress\/ -->\n<title>Kubota Care - Nellemann Machinery<\/title>\n<meta name=\"robots\" content=\"noindex, follow, max-snippet:-1, max-image-preview:large, max-video-preview:-1\" \/>\n<meta property=\"og:locale\" content=\"nb_NO\" \/>\n<meta property=\"og:type\" content=\"article\" \/>\n<meta property=\"og:title\" content=\"Kubota Care - Nellemann Machinery\" \/>\n<meta property=\"og:description\" content=\"Kubota Care &nbsp; Kubota sine maskiner oppfyller de h\u00f8yeste kvalitetskrav, og det er derfor naturlig \u00e5 tilby alle nye maskiner med fem \u00e5rs fabrikkgaranti som standard. Hvilket inneb\u00e6rer: Alle maskiner leveres med fem \u00e5rs garanti\/timeavhengig intervall (avhenger av type og modell) Garantien er overf\u00f8rbar til ny eier innenfor garantiperioden Bekymringsl\u00f8st maskinhold Full garanti p\u00e5 uforutsette [&hellip;]\" \/>\n<meta property=\"og:url\" content=\"https:\/\/nellemannmachinery.no\/kubota-care\/\" \/>\n<meta property=\"og:site_name\" content=\"Nellemann Machinery\" \/>\n<meta property=\"article:publisher\" content=\"https:\/\/www.facebook.com\/Nellemann-Machinery-718705991612962\" \/>\n<meta property=\"article:modified_time\" content=\"2022-02-10T14:03:16+00:00\" \/>\n<meta name=\"twitter:card\" content=\"summary_large_image\" \/>\n<!-- \/ Yoast SEO plugin. -->","yoast_head_json":{"title":"Kubota Care - Nellemann Machinery","robots":{"index":"noindex","follow":"follow","max-snippet":"max-snippet:-1","max-image-preview":"max-image-preview:large","max-video-preview":"max-video-preview:-1"},"og_locale":"nb_NO","og_type":"article","og_title":"Kubota Care - Nellemann Machinery","og_description":"Kubota Care &nbsp; Kubota sine maskiner oppfyller de h\u00f8yeste kvalitetskrav, og det er derfor naturlig \u00e5 tilby alle nye maskiner med fem \u00e5rs fabrikkgaranti som standard. Hvilket inneb\u00e6rer: Alle maskiner leveres med fem \u00e5rs garanti\/timeavhengig intervall (avhenger av type og modell) Garantien er overf\u00f8rbar til ny eier innenfor garantiperioden Bekymringsl\u00f8st maskinhold Full garanti p\u00e5 uforutsette [&hellip;]","og_url":"https:\/\/nellemannmachinery.no\/kubota-care\/","og_site_name":"Nellemann Machinery","article_publisher":"https:\/\/www.facebook.com\/Nellemann-Machinery-718705991612962","article_modified_time":"2022-02-10T14:03:16+00:00","twitter_card":"summary_large_image","schema":{"@context":"https:\/\/schema.org","@graph":[{"@type":"WebPage","@id":"https:\/\/nellemannmachinery.no\/kubota-care\/","url":"https:\/\/nellemannmachinery.no\/kubota-care\/","name":"Kubota Care - Nellemann Machinery","isPartOf":{"@id":"https:\/\/dev.nellemannmachinery.dk\/#website"},"datePublished":"2022-02-10T08:30:39+00:00","dateModified":"2022-02-10T14:03:16+00:00","breadcrumb":{"@id":"https:\/\/nellemannmachinery.no\/kubota-care\/#breadcrumb"},"inLanguage":"nb-NO","potentialAction":[{"@type":"ReadAction","target":["https:\/\/nellemannmachinery.no\/kubota-care\/"]}]},{"@type":"BreadcrumbList","@id":"https:\/\/nellemannmachinery.no\/kubota-care\/#breadcrumb","itemListElement":[{"@type":"ListItem","position":1,"name":"Home","item":"https:\/\/nellemannmachinery.no\/"},{"@type":"ListItem","position":2,"name":"Kubota Care"}]},{"@type":"WebSite","@id":"https:\/\/dev.nellemannmachinery.dk\/#website","url":"https:\/\/dev.nellemannmachinery.dk\/","name":"Nellemann Machinery","description":"","publisher":{"@id":"https:\/\/dev.nellemannmachinery.dk\/#organization"},"potentialAction":[{"@type":"SearchAction","target":{"@type":"EntryPoint","urlTemplate":"https:\/\/dev.nellemannmachinery.dk\/?s={search_term_string}"},"query-input":{"@type":"PropertyValueSpecification","valueRequired":true,"valueName":"search_term_string"}}],"inLanguage":"nb-NO"},{"@type":"Organization","@id":"https:\/\/dev.nellemannmachinery.dk\/#organization","name":"Nellemann Machinery","url":"https:\/\/dev.nellemannmachinery.dk\/","logo":{"@type":"ImageObject","inLanguage":"nb-NO","@id":"https:\/\/dev.nellemannmachinery.dk\/#\/schema\/logo\/image\/","url":"https:\/\/dev.nellemannmachinery.dk\/wp-content\/uploads\/2020\/09\/logo-1.png","contentUrl":"https:\/\/dev.nellemannmachinery.dk\/wp-content\/uploads\/2020\/09\/logo-1.png","width":398,"height":71,"caption":"Nellemann Machinery"},"image":{"@id":"https:\/\/dev.nellemannmachinery.dk\/#\/schema\/logo\/image\/"},"sameAs":["https:\/\/www.facebook.com\/Nellemann-Machinery-718705991612962","https:\/\/www.instagram.com\/nellemannmachinery\/?hl=da","https:\/\/www.linkedin.com\/company\/svenningsens-maskinforretning-as\/about\/"]}]}},"_links":{"self":[{"href":"https:\/\/dev.nellemannmachinery.dk\/no\/wp-json\/wp\/v2\/pages\/13839","targetHints":{"allow":["GET"]}}],"collection":[{"href":"https:\/\/dev.nellemannmachinery.dk\/no\/wp-json\/wp\/v2\/pages"}],"about":[{"href":"https:\/\/dev.nellemannmachinery.dk\/no\/wp-json\/wp\/v2\/types\/page"}],"author":[{"embeddable":true,"href":"https:\/\/dev.nellemannmachinery.dk\/no\/wp-json\/wp\/v2\/users\/6"}],"replies":[{"embeddable":true,"href":"https:\/\/dev.nellemannmachinery.dk\/no\/wp-json\/wp\/v2\/comments?post=13839"}],"version-history":[{"count":0,"href":"https:\/\/dev.nellemannmachinery.dk\/no\/wp-json\/wp\/v2\/pages\/13839\/revisions"}],"wp:attachment":[{"href":"https:\/\/dev.nellemannmachinery.dk\/no\/wp-json\/wp\/v2\/media?parent=13839"}],"curies":[{"name":"wp","href":"https:\/\/api.w.org\/{rel}","templated":true}]}}