{"id":14551,"date":"2022-04-29T12:56:08","date_gmt":"2022-04-29T10:56:08","guid":{"rendered":"https:\/\/dev.nellemannmachinery.dk\/?page_id=14551"},"modified":"2022-05-03T13:58:53","modified_gmt":"2022-05-03T11:58:53","slug":"finn-annonser","status":"publish","type":"page","link":"https:\/\/dev.nellemannmachinery.dk\/no\/finn-annonser\/","title":{"rendered":"Brukte maskiner"},"content":{"rendered":"<div id=\"pl-14551\"  class=\"panel-layout\" ><div id=\"pg-14551-0\"  class=\"panel-grid panel-no-style\" ><div id=\"pgc-14551-0-0\"  class=\"panel-grid-cell\" ><div id=\"panel-14551-0-0-0\" class=\"so-panel widget widget_mtt-subpage-cover panel-first-child panel-last-child\" data-index=\"0\" ><div\n\t\t\t\n\t\t\tclass=\"so-widget-mtt-subpage-cover so-widget-mtt-subpage-cover-base\"\n\t\t\t\n\t\t>\n<section class=\"mtt-subpage-cover\">\n\n    <div class=\"mtt-subpage-cover__inner page_container\">\n        <div class=\"mtt-subpage-cover__text-container\">\n                            <h1 class=\"mtt-subpage-cover__title title-line\" style=\"color:#ffffff\">Brukte maskiner<\/h1>\n                                        <p class=\"mtt-subpage-cover__text\" style=\"color:#ffffff\">Vi har til enhver tid FINN annonser ute. Ta kontakt for oss for mer informasjon. <\/p>\n                                <\/div>\n    <\/div>\n\n    \n    \n        <div class=\"mtt-subpage-cover__image-container object-fit\">\n            <picture>\n                                    <source srcset=\"https:\/\/dev.nellemannmachinery.dk\/wp-content\/uploads\/2020\/10\/M6002-10-375x210.png\" alt=\"M6002 (10)\" media=\"(max-width: 375px)\">\n                                                    <source srcset=\"https:\/\/dev.nellemannmachinery.dk\/wp-content\/uploads\/2020\/10\/M6002-10-600x337.png\" alt=\"M6002 (10)\" media=\"(max-width: 580px)\">\n                                                    <source srcset=\"https:\/\/dev.nellemannmachinery.dk\/wp-content\/uploads\/2020\/10\/M6002-10-1070x600.png\" alt=\"M6002 (10)\" media=\"(max-width: 1160px)\">\n                                <img decoding=\"async\" src=\"https:\/\/dev.nellemannmachinery.dk\/wp-content\/uploads\/2020\/10\/M6002-10-802x450.png\" alt=\"M6002 (10)\">\n            <\/picture>\n        <\/div>\n\n        \n<\/section><\/div><\/div><\/div><\/div><div id=\"pg-14551-1\"  class=\"panel-grid panel-no-style\" ><div id=\"pgc-14551-1-0\"  class=\"panel-grid-cell\" ><div id=\"panel-14551-1-0-0\" class=\"widget_text so-panel widget widget_custom_html panel-first-child panel-last-child\" data-index=\"1\" ><div class=\"textwidget custom-html-widget\"><style>\n\t.nm_iframe_container {\n\t\tmax-width: 1408px;\n    width: 88%;\n\t\tmax-height: 800px;\n\t\theight: 100%;\n    margin: 120px auto;\n\t}\n<\/style>\n\n<div class=\"nm_iframe_container\">\n\t<h2 class=\"mtt-text-image__title\">Bygg og anlegg<\/h2>\n\t<iframe src=\"https:\/\/www.finn.no\/pw\/search\/construction?orgId=148359446\" width=\"100%\" height=\"800\" frameborder=\"0\" scrolling=\"auto\"><\/iframe>\n<\/div>\n\n<div class=\"nm_iframe_container\">\n\t<h2 class=\"mtt-text-image__title\">Redskap<\/h2>\n\t<iframe src=\"https:\/\/www.finn.no\/pw\/search\/agriculture-tools?orgId=148359446\" width=\"100%\" height=\"700\" frameborder=\"0\" scrolling=\"auto\"><\/iframe>\n<\/div>\n\n<div class=\"nm_iframe_container\">\n\t<h2 class=\"mtt-text-image__title\">Traktor<\/h2>\n\t<iframe src=\"https:\/\/www.finn.no\/pw\/search\/agriculture-tractor?orgId=148359446\" width=\"100%\" height=\"700\" frameborder=\"0\" scrolling=\"auto\"><\/iframe>\n<\/div><\/div><\/div><\/div><\/div><\/div>","protected":false},"excerpt":{"rendered":"<p>Brukte maskiner Vi har til enhver tid FINN annonser ute. Ta kontakt for oss for mer informasjon. Bygg og anlegg Redskap Traktor<\/p>\n","protected":false},"author":1,"featured_media":0,"parent":0,"menu_order":0,"comment_status":"closed","ping_status":"closed","template":"","meta":{"_acf_changed":false,"inline_featured_image":false,"footnotes":""},"class_list":["post-14551","page","type-page","status-publish","hentry"],"acf":[],"yoast_head":"<!-- This site is optimized with the Yoast SEO plugin v27.4 - https:\/\/yoast.com\/product\/yoast-seo-wordpress\/ -->\n<title>Brukte maskiner - Nellemann Machinery<\/title>\n<meta name=\"description\" content=\"Vi har til enhver tid annonser p\u00e5 nye og brukte maskiner vi f\u00e5r inn p\u00e5 FINN. Ta gjerne en kikk p\u00e5 v\u00e5re maskiner og hva vi kan tilby.\" \/>\n<meta name=\"robots\" content=\"noindex, follow, max-snippet:-1, max-image-preview:large, max-video-preview:-1\" \/>\n<meta property=\"og:locale\" content=\"nb_NO\" \/>\n<meta property=\"og:type\" content=\"article\" \/>\n<meta property=\"og:title\" content=\"Brukte maskiner - Nellemann Machinery\" \/>\n<meta property=\"og:description\" content=\"Vi har til enhver tid annonser p\u00e5 nye og brukte maskiner vi f\u00e5r inn p\u00e5 FINN. Ta gjerne en kikk p\u00e5 v\u00e5re maskiner og hva vi kan tilby.\" \/>\n<meta property=\"og:url\" content=\"https:\/\/nellemannmachinery.no\/finn-annonser\/\" \/>\n<meta property=\"og:site_name\" content=\"Nellemann Machinery\" \/>\n<meta property=\"article:publisher\" content=\"https:\/\/www.facebook.com\/Nellemann-Machinery-718705991612962\" \/>\n<meta property=\"article:modified_time\" content=\"2022-05-03T11:58:53+00:00\" \/>\n<meta name=\"twitter:card\" content=\"summary_large_image\" \/>\n<meta name=\"twitter:label1\" content=\"Ansl. lesetid\" \/>\n\t<meta name=\"twitter:data1\" content=\"1 minutt\" \/>\n<!-- \/ Yoast SEO plugin. -->","yoast_head_json":{"title":"Brukte maskiner - Nellemann Machinery","description":"Vi har til enhver tid annonser p\u00e5 nye og brukte maskiner vi f\u00e5r inn p\u00e5 FINN. Ta gjerne en kikk p\u00e5 v\u00e5re maskiner og hva vi kan tilby.","robots":{"index":"noindex","follow":"follow","max-snippet":"max-snippet:-1","max-image-preview":"max-image-preview:large","max-video-preview":"max-video-preview:-1"},"og_locale":"nb_NO","og_type":"article","og_title":"Brukte maskiner - Nellemann Machinery","og_description":"Vi har til enhver tid annonser p\u00e5 nye og brukte maskiner vi f\u00e5r inn p\u00e5 FINN. Ta gjerne en kikk p\u00e5 v\u00e5re maskiner og hva vi kan tilby.","og_url":"https:\/\/nellemannmachinery.no\/finn-annonser\/","og_site_name":"Nellemann Machinery","article_publisher":"https:\/\/www.facebook.com\/Nellemann-Machinery-718705991612962","article_modified_time":"2022-05-03T11:58:53+00:00","twitter_card":"summary_large_image","twitter_misc":{"Ansl. lesetid":"1 minutt"},"schema":{"@context":"https:\/\/schema.org","@graph":[{"@type":"WebPage","@id":"https:\/\/nellemannmachinery.no\/finn-annonser\/","url":"https:\/\/nellemannmachinery.no\/finn-annonser\/","name":"Brukte maskiner - Nellemann Machinery","isPartOf":{"@id":"https:\/\/dev.nellemannmachinery.dk\/#website"},"datePublished":"2022-04-29T10:56:08+00:00","dateModified":"2022-05-03T11:58:53+00:00","description":"Vi har til enhver tid annonser p\u00e5 nye og brukte maskiner vi f\u00e5r inn p\u00e5 FINN. Ta gjerne en kikk p\u00e5 v\u00e5re maskiner og hva vi kan tilby.","breadcrumb":{"@id":"https:\/\/nellemannmachinery.no\/finn-annonser\/#breadcrumb"},"inLanguage":"nb-NO","potentialAction":[{"@type":"ReadAction","target":["https:\/\/nellemannmachinery.no\/finn-annonser\/"]}]},{"@type":"BreadcrumbList","@id":"https:\/\/nellemannmachinery.no\/finn-annonser\/#breadcrumb","itemListElement":[{"@type":"ListItem","position":1,"name":"Home","item":"https:\/\/nellemannmachinery.no\/"},{"@type":"ListItem","position":2,"name":"Brukte maskiner"}]},{"@type":"WebSite","@id":"https:\/\/dev.nellemannmachinery.dk\/#website","url":"https:\/\/dev.nellemannmachinery.dk\/","name":"Nellemann Machinery","description":"","publisher":{"@id":"https:\/\/dev.nellemannmachinery.dk\/#organization"},"potentialAction":[{"@type":"SearchAction","target":{"@type":"EntryPoint","urlTemplate":"https:\/\/dev.nellemannmachinery.dk\/?s={search_term_string}"},"query-input":{"@type":"PropertyValueSpecification","valueRequired":true,"valueName":"search_term_string"}}],"inLanguage":"nb-NO"},{"@type":"Organization","@id":"https:\/\/dev.nellemannmachinery.dk\/#organization","name":"Nellemann Machinery","url":"https:\/\/dev.nellemannmachinery.dk\/","logo":{"@type":"ImageObject","inLanguage":"nb-NO","@id":"https:\/\/dev.nellemannmachinery.dk\/#\/schema\/logo\/image\/","url":"https:\/\/dev.nellemannmachinery.dk\/wp-content\/uploads\/2020\/09\/logo-1.png","contentUrl":"https:\/\/dev.nellemannmachinery.dk\/wp-content\/uploads\/2020\/09\/logo-1.png","width":398,"height":71,"caption":"Nellemann Machinery"},"image":{"@id":"https:\/\/dev.nellemannmachinery.dk\/#\/schema\/logo\/image\/"},"sameAs":["https:\/\/www.facebook.com\/Nellemann-Machinery-718705991612962","https:\/\/www.instagram.com\/nellemannmachinery\/?hl=da","https:\/\/www.linkedin.com\/company\/svenningsens-maskinforretning-as\/about\/"]}]}},"_links":{"self":[{"href":"https:\/\/dev.nellemannmachinery.dk\/no\/wp-json\/wp\/v2\/pages\/14551","targetHints":{"allow":["GET"]}}],"collection":[{"href":"https:\/\/dev.nellemannmachinery.dk\/no\/wp-json\/wp\/v2\/pages"}],"about":[{"href":"https:\/\/dev.nellemannmachinery.dk\/no\/wp-json\/wp\/v2\/types\/page"}],"author":[{"embeddable":true,"href":"https:\/\/dev.nellemannmachinery.dk\/no\/wp-json\/wp\/v2\/users\/1"}],"replies":[{"embeddable":true,"href":"https:\/\/dev.nellemannmachinery.dk\/no\/wp-json\/wp\/v2\/comments?post=14551"}],"version-history":[{"count":0,"href":"https:\/\/dev.nellemannmachinery.dk\/no\/wp-json\/wp\/v2\/pages\/14551\/revisions"}],"wp:attachment":[{"href":"https:\/\/dev.nellemannmachinery.dk\/no\/wp-json\/wp\/v2\/media?parent=14551"}],"curies":[{"name":"wp","href":"https:\/\/api.w.org\/{rel}","templated":true}]}}