{"id":240,"date":"2020-05-13T13:39:40","date_gmt":"2020-05-13T11:39:40","guid":{"rendered":"https:\/\/dev.nellemannmachinery.dk\/nyheder\/"},"modified":"2021-05-27T11:22:57","modified_gmt":"2021-05-27T09:22:57","slug":"nyheter","status":"publish","type":"page","link":"https:\/\/dev.nellemannmachinery.dk\/no\/nyheter\/","title":{"rendered":"Nyheter"},"content":{"rendered":"<div id=\"pl-240\"  class=\"panel-layout\" ><div id=\"pg-240-0\"  class=\"panel-grid panel-no-style\" ><div id=\"pgc-240-0-0\"  class=\"panel-grid-cell\" ><div id=\"panel-240-0-0-0\" class=\"so-panel widget widget_mtt-subpage-cover panel-first-child panel-last-child\" data-index=\"0\" ><div\n\t\t\t\n\t\t\tclass=\"so-widget-mtt-subpage-cover so-widget-mtt-subpage-cover-base\"\n\t\t\t\n\t\t>\n<section class=\"mtt-subpage-cover\">\n\n    <div class=\"mtt-subpage-cover__inner page_container\">\n        <div class=\"mtt-subpage-cover__text-container\">\n                            <h1 class=\"mtt-subpage-cover__title title-line\" style=\"color:#ffffff\">Nyheter<\/h1>\n                                        <p class=\"mtt-subpage-cover__text\" style=\"color:#ffffff\">De siste nyhetene v\u00e5re<\/p>\n                                <\/div>\n    <\/div>\n\n            <div class=\"mtt-subpage-cover__overlay default\" style=\"opacity: 0.1;\"><\/div>\n    \n    \n        <div class=\"mtt-subpage-cover__image-container object-fit\">\n            <picture>\n                                    <source srcset=\"https:\/\/dev.nellemannmachinery.dk\/wp-content\/uploads\/2020\/07\/L2602_Grass_Front3-scaled-375x249.jpg\" alt=\"L2602_Grass_Front3\" media=\"(max-width: 375px)\">\n                                                    <source srcset=\"https:\/\/dev.nellemannmachinery.dk\/wp-content\/uploads\/2020\/07\/L2602_Grass_Front3-scaled-600x400.jpg\" alt=\"L2602_Grass_Front3\" media=\"(max-width: 580px)\">\n                                                    <source srcset=\"https:\/\/dev.nellemannmachinery.dk\/wp-content\/uploads\/2020\/07\/L2602_Grass_Front3-scaled-902x600.jpg\" alt=\"L2602_Grass_Front3\" media=\"(max-width: 1160px)\">\n                                <img decoding=\"async\" src=\"https:\/\/dev.nellemannmachinery.dk\/wp-content\/uploads\/2020\/07\/L2602_Grass_Front3-scaled-677x450.jpg\" alt=\"L2602_Grass_Front3\">\n            <\/picture>\n        <\/div>\n\n        \n<\/section><\/div><\/div><\/div><\/div><div id=\"pg-240-1\"  class=\"panel-grid panel-no-style\" ><div id=\"pgc-240-1-0\"  class=\"panel-grid-cell\" ><div id=\"panel-240-1-0-0\" class=\"so-panel widget widget_mtt-articles-widget panel-first-child panel-last-child\" data-index=\"1\" ><div\n\t\t\t\n\t\t\tclass=\"so-widget-mtt-articles-widget so-widget-mtt-articles-widget-base\"\n\t\t\t\n\t\t>\n    <section id=\"mtt-articles-widget-scrollto\" class=\"mtt-articles-widget mtt-articles-widget--all spacing_top_120 spacing_bottom_120 spacing-classes-added\" data-main-url=\"https:\/\/dev.nellemannmachinery.dk\/no\/nyheter\/\" data-all-categories=\"0,\">\n        <div class=\"mtt-articles-widget__inner page_container\">\n\n            <div class=\"mtt-articles-widget__loader loader\"><div class=\"loader__inner\"><\/div><\/div>\n\n            <div class=\"mtt-articles-widget__title-wrap\">\n                                    <h2 class=\"mtt-articles-widget__title\">Nyheter<\/h2>\n                                            <\/div>\n\n            <div id=\"mtt-articles-widget-posts\" class=\"mtt-articles-widget__wrap\">\n                \n<a href=\"https:\/\/dev.nellemannmachinery.dk\/no\/kampanje-pa-karcher-mic-26\/\" class=\"mtt-article-card\">\n    <div class=\"mtt-article-card__image-container object-fit\">\n                    <img decoding=\"async\" src=\"https:\/\/dev.nellemannmachinery.dk\/wp-content\/uploads\/2023\/10\/MIC26_kampanje-host-2023-300x212.png\" full=\"https:\/\/dev.nellemannmachinery.dk\/wp-content\/uploads\/2023\/10\/MIC26_kampanje-host-2023-800x566.png\" alt=\"MIC26_kampanje h\u00f8st 2023\" lazy-load>\n                    <\/div> \n    <div class=\"mtt-article-card__text-container\">\n        <p class=\"mtt-article-card__tagline\">Nyheter<\/p>\n        <h3 class=\"mtt-article-card__title\">Kampanje p\u00e5 K\u00e4rcher MIC 26<\/h3>\n    <\/div>\n<\/a>\n<a href=\"https:\/\/dev.nellemannmachinery.dk\/no\/vi-sees-pa-pa-2023\/\" class=\"mtt-article-card\">\n    <div class=\"mtt-article-card__image-container object-fit\">\n                    <img decoding=\"async\" src=\"https:\/\/dev.nellemannmachinery.dk\/wp-content\/uploads\/2023\/08\/POGA_FBcover_utstiller-300x132.jpg\" full=\"https:\/\/dev.nellemannmachinery.dk\/wp-content\/uploads\/2023\/08\/POGA_FBcover_utstiller-800x351.jpg\" alt=\"POGA_FBcover_utstiller\" lazy-load>\n                    <\/div> \n    <div class=\"mtt-article-card__text-container\">\n        <p class=\"mtt-article-card__tagline\">Nyheter<\/p>\n        <h3 class=\"mtt-article-card__title\">Vi sees p\u00e5 Park &#038; Anlegg 2023!<\/h3>\n    <\/div>\n<\/a>\n<a href=\"https:\/\/dev.nellemannmachinery.dk\/no\/ny-serie-smalsporede-traktorer-fra-kubota\/\" class=\"mtt-article-card\">\n    <div class=\"mtt-article-card__image-container object-fit\">\n                    <img decoding=\"async\" src=\"https:\/\/dev.nellemannmachinery.dk\/wp-content\/uploads\/2022\/11\/M5002N_Cab-field-image-300x223.jpg\" full=\"https:\/\/dev.nellemannmachinery.dk\/wp-content\/uploads\/2022\/11\/M5002N_Cab-field-image-800x595.jpg\" alt=\"M5002N_Cab field image\" lazy-load>\n                    <\/div> \n    <div class=\"mtt-article-card__text-container\">\n        <p class=\"mtt-article-card__tagline\">Nyheter<\/p>\n        <h3 class=\"mtt-article-card__title\">Ny serie smalsporede traktorer fra Kubota!<\/h3>\n    <\/div>\n<\/a>\n<a href=\"https:\/\/dev.nellemannmachinery.dk\/no\/billy-goat-lovutstyr\/\" class=\"mtt-article-card\">\n    <div class=\"mtt-article-card__image-container object-fit\">\n                    <img decoding=\"async\" src=\"https:\/\/dev.nellemannmachinery.dk\/wp-content\/uploads\/2022\/10\/DSC9379-300x200.jpg\" full=\"https:\/\/dev.nellemannmachinery.dk\/wp-content\/uploads\/2022\/10\/DSC9379-800x533.jpg\" alt=\"_DSC9379\" lazy-load>\n                    <\/div> \n    <div class=\"mtt-article-card__text-container\">\n        <p class=\"mtt-article-card__tagline\">Nyheter<\/p>\n        <h3 class=\"mtt-article-card__title\">Billy Goat l\u00f8vutstyr<\/h3>\n    <\/div>\n<\/a>\n<a href=\"https:\/\/dev.nellemannmachinery.dk\/no\/service-hos-nellemann-machinery\/\" class=\"mtt-article-card\">\n    <div class=\"mtt-article-card__image-container object-fit\">\n                    <img decoding=\"async\" src=\"https:\/\/dev.nellemannmachinery.dk\/wp-content\/uploads\/2022\/03\/Bilde-21.01.2022-16-17-46-scaled-300x179.jpg\" full=\"https:\/\/dev.nellemannmachinery.dk\/wp-content\/uploads\/2022\/03\/Bilde-21.01.2022-16-17-46-scaled-800x478.jpg\" alt=\"Bilde 21.01.2022, 16 17 46\" lazy-load>\n                    <\/div> \n    <div class=\"mtt-article-card__text-container\">\n        <p class=\"mtt-article-card__tagline\">Nyheter<\/p>\n        <h3 class=\"mtt-article-card__title\">Ta din service hos Nellemann Machinery<\/h3>\n    <\/div>\n<\/a>\n<a href=\"https:\/\/dev.nellemannmachinery.dk\/no\/5-ars-kubota-care-fabrikkgaranti-som-standard\/\" class=\"mtt-article-card\">\n    <div class=\"mtt-article-card__image-container object-fit\">\n                    <img decoding=\"async\" src=\"https:\/\/dev.nellemannmachinery.dk\/wp-content\/uploads\/2021\/11\/Kubota_Care_Logo_2018_final_rgb-300x147.jpg\" full=\"https:\/\/dev.nellemannmachinery.dk\/wp-content\/uploads\/2021\/11\/Kubota_Care_Logo_2018_final_rgb.jpg\" alt=\"Kubota_Care_Logo_2018_final_rgb\" lazy-load>\n                    <\/div> \n    <div class=\"mtt-article-card__text-container\">\n        <p class=\"mtt-article-card__tagline\">Nyheter<\/p>\n        <h3 class=\"mtt-article-card__title\">5 \u00e5rs Kubota Care fabrikkgaranti som standard<\/h3>\n    <\/div>\n<\/a>                <div class=\"mtt-article-card--filler\"><\/div>\n            <\/div>\n\n            <div id=\"mtt-articles-widget-pagination\" class=\"mtt-articles-widget__pagination pagination\">\n\t\t\t\t\n    <div class=\"mtt-pagination\" data-main-url=\"https:\/\/dev.nellemannmachinery.dk\/no\/nyheter\/\">\n\n        <!-- PREV -->\n        \n        <!-- FIRST -->\n        \n                                    <!-- CURRENT -->\n                <span class=\"mtt-pagination__toggle mtt-pagination__toggle--active\">1<\/span>\n                                                <!-- OTHER -->\n                <a href=\"https:\/\/dev.nellemannmachinery.dk\/no\/nyheter\/side\/2\/\" class=\"mtt-pagination__toggle\" data-page=\"2\">2<\/a>\n                                                <!-- OTHER -->\n                <a href=\"https:\/\/dev.nellemannmachinery.dk\/no\/nyheter\/side\/3\/\" class=\"mtt-pagination__toggle\" data-page=\"3\">3<\/a>\n                                        \n        <!-- LAST -->\n                                <a href=\"https:\/\/dev.nellemannmachinery.dk\/no\/nyheter\/side\/4\/\" class=\"mtt-pagination__toggle\" data-page=\"4\">4<\/a>\n                \n        <!-- NEXT -->\n                    <a href=\"https:\/\/dev.nellemannmachinery.dk\/no\/nyheter\/side\/2\/\" class=\"mtt-pagination__toggle\" data-page=\"2\">><\/a>\n        \n    <\/div>\n\n\t\t\t<\/div>\n\n        <\/div>\n    <\/section>\n\n<\/div><\/div><\/div><\/div><\/div>","protected":false},"excerpt":{"rendered":"<p>Nyheter De siste nyhetene v\u00e5re Nyheter Nyheter Kampanje p\u00e5 K\u00e4rcher MIC 26 Nyheter Vi sees p\u00e5 Park &#038; Anlegg 2023! Nyheter Ny serie smalsporede traktorer fra Kubota! Nyheter Billy Goat l\u00f8vutstyr Nyheter Ta din service hos Nellemann Machinery Nyheter 5 \u00e5rs Kubota Care fabrikkgaranti som standard 1 2 3 4 ><\/p>\n","protected":false},"author":1,"featured_media":0,"parent":0,"menu_order":0,"comment_status":"closed","ping_status":"closed","template":"","meta":{"_acf_changed":false,"inline_featured_image":false,"footnotes":""},"class_list":["post-240","page","type-page","status-publish","hentry"],"acf":[],"yoast_head":"<!-- This site is optimized with the Yoast SEO plugin v27.4 - https:\/\/yoast.com\/product\/yoast-seo-wordpress\/ -->\n<title>Nyheter - Nellemann Machinery<\/title>\n<meta name=\"robots\" content=\"noindex, follow, max-snippet:-1, max-image-preview:large, max-video-preview:-1\" \/>\n<meta property=\"og:locale\" content=\"nb_NO\" \/>\n<meta property=\"og:type\" content=\"article\" \/>\n<meta property=\"og:title\" content=\"Nyheter - Nellemann Machinery\" \/>\n<meta property=\"og:description\" content=\"Nyheter De siste nyhetene v\u00e5re Nyheter Nyheter Kampanje p\u00e5 K\u00e4rcher MIC 26 Nyheter Vi sees p\u00e5 Park &#038; Anlegg 2023! Nyheter Ny serie smalsporede traktorer fra Kubota! Nyheter Billy Goat l\u00f8vutstyr Nyheter Ta din service hos Nellemann Machinery Nyheter 5 \u00e5rs Kubota Care fabrikkgaranti som standard 1 2 3 4 &gt;\" \/>\n<meta property=\"og:url\" content=\"https:\/\/nellemannmachinery.no\/nyheter\/\" \/>\n<meta property=\"og:site_name\" content=\"Nellemann Machinery\" \/>\n<meta property=\"article:publisher\" content=\"https:\/\/www.facebook.com\/Nellemann-Machinery-718705991612962\" \/>\n<meta property=\"article:modified_time\" content=\"2021-05-27T09:22:57+00:00\" \/>\n<meta name=\"twitter:card\" content=\"summary_large_image\" \/>\n<meta name=\"twitter:label1\" content=\"Ansl. lesetid\" \/>\n\t<meta name=\"twitter:data1\" content=\"1 minutt\" \/>\n<!-- \/ Yoast SEO plugin. -->","yoast_head_json":{"title":"Nyheter - Nellemann Machinery","robots":{"index":"noindex","follow":"follow","max-snippet":"max-snippet:-1","max-image-preview":"max-image-preview:large","max-video-preview":"max-video-preview:-1"},"og_locale":"nb_NO","og_type":"article","og_title":"Nyheter - Nellemann Machinery","og_description":"Nyheter De siste nyhetene v\u00e5re Nyheter Nyheter Kampanje p\u00e5 K\u00e4rcher MIC 26 Nyheter Vi sees p\u00e5 Park &#038; Anlegg 2023! Nyheter Ny serie smalsporede traktorer fra Kubota! Nyheter Billy Goat l\u00f8vutstyr Nyheter Ta din service hos Nellemann Machinery Nyheter 5 \u00e5rs Kubota Care fabrikkgaranti som standard 1 2 3 4 >","og_url":"https:\/\/nellemannmachinery.no\/nyheter\/","og_site_name":"Nellemann Machinery","article_publisher":"https:\/\/www.facebook.com\/Nellemann-Machinery-718705991612962","article_modified_time":"2021-05-27T09:22:57+00:00","twitter_card":"summary_large_image","twitter_misc":{"Ansl. lesetid":"1 minutt"},"schema":{"@context":"https:\/\/schema.org","@graph":[{"@type":"WebPage","@id":"https:\/\/nellemannmachinery.no\/nyheter\/","url":"https:\/\/nellemannmachinery.no\/nyheter\/","name":"Nyheter - Nellemann Machinery","isPartOf":{"@id":"https:\/\/dev.nellemannmachinery.dk\/#website"},"datePublished":"2020-05-13T11:39:40+00:00","dateModified":"2021-05-27T09:22:57+00:00","breadcrumb":{"@id":"https:\/\/nellemannmachinery.no\/nyheter\/#breadcrumb"},"inLanguage":"nb-NO","potentialAction":[{"@type":"ReadAction","target":["https:\/\/nellemannmachinery.no\/nyheter\/"]}]},{"@type":"BreadcrumbList","@id":"https:\/\/nellemannmachinery.no\/nyheter\/#breadcrumb","itemListElement":[{"@type":"ListItem","position":1,"name":"Home","item":"https:\/\/nellemannmachinery.no\/"},{"@type":"ListItem","position":2,"name":"Nyheter"}]},{"@type":"WebSite","@id":"https:\/\/dev.nellemannmachinery.dk\/#website","url":"https:\/\/dev.nellemannmachinery.dk\/","name":"Nellemann Machinery","description":"","publisher":{"@id":"https:\/\/dev.nellemannmachinery.dk\/#organization"},"potentialAction":[{"@type":"SearchAction","target":{"@type":"EntryPoint","urlTemplate":"https:\/\/dev.nellemannmachinery.dk\/?s={search_term_string}"},"query-input":{"@type":"PropertyValueSpecification","valueRequired":true,"valueName":"search_term_string"}}],"inLanguage":"nb-NO"},{"@type":"Organization","@id":"https:\/\/dev.nellemannmachinery.dk\/#organization","name":"Nellemann Machinery","url":"https:\/\/dev.nellemannmachinery.dk\/","logo":{"@type":"ImageObject","inLanguage":"nb-NO","@id":"https:\/\/dev.nellemannmachinery.dk\/#\/schema\/logo\/image\/","url":"https:\/\/dev.nellemannmachinery.dk\/wp-content\/uploads\/2020\/09\/logo-1.png","contentUrl":"https:\/\/dev.nellemannmachinery.dk\/wp-content\/uploads\/2020\/09\/logo-1.png","width":398,"height":71,"caption":"Nellemann Machinery"},"image":{"@id":"https:\/\/dev.nellemannmachinery.dk\/#\/schema\/logo\/image\/"},"sameAs":["https:\/\/www.facebook.com\/Nellemann-Machinery-718705991612962","https:\/\/www.instagram.com\/nellemannmachinery\/?hl=da","https:\/\/www.linkedin.com\/company\/svenningsens-maskinforretning-as\/about\/"]}]}},"_links":{"self":[{"href":"https:\/\/dev.nellemannmachinery.dk\/no\/wp-json\/wp\/v2\/pages\/240","targetHints":{"allow":["GET"]}}],"collection":[{"href":"https:\/\/dev.nellemannmachinery.dk\/no\/wp-json\/wp\/v2\/pages"}],"about":[{"href":"https:\/\/dev.nellemannmachinery.dk\/no\/wp-json\/wp\/v2\/types\/page"}],"author":[{"embeddable":true,"href":"https:\/\/dev.nellemannmachinery.dk\/no\/wp-json\/wp\/v2\/users\/1"}],"replies":[{"embeddable":true,"href":"https:\/\/dev.nellemannmachinery.dk\/no\/wp-json\/wp\/v2\/comments?post=240"}],"version-history":[{"count":0,"href":"https:\/\/dev.nellemannmachinery.dk\/no\/wp-json\/wp\/v2\/pages\/240\/revisions"}],"wp:attachment":[{"href":"https:\/\/dev.nellemannmachinery.dk\/no\/wp-json\/wp\/v2\/media?parent=240"}],"curies":[{"name":"wp","href":"https:\/\/api.w.org\/{rel}","templated":true}]}}