{"id":424,"date":"2020-05-17T18:58:43","date_gmt":"2020-05-17T16:58:43","guid":{"rendered":"https:\/\/dev.nellemannmachinery.dk\/?page_id=424"},"modified":"2020-09-10T08:58:54","modified_gmt":"2020-09-10T06:58:54","slug":"personvernerklaering","status":"publish","type":"page","link":"https:\/\/dev.nellemannmachinery.dk\/no\/personvernerklaering\/","title":{"rendered":"Personvernerkl\u00e6ring"},"content":{"rendered":"<div class=\"contactAndContent\">\n<h1>Personvernerkl\u00e6ring Nellemann Machinery AS<\/h1>\n<p>Nellemann Machinery AS (&#8220;Nellemann Machinery&#8221;, &#8220;Vi&#8221;, &#8220;Oss&#8221;) er opptatt av \u00e5 verne personopplysninger, og vi legger derfor stor vekt p\u00e5 \u00e5 beskytte ditt personvern. Disse retningslinjene for personvern forklarer og klargj\u00f8r hvordan vi, som behandlingsansvarlig, behandler bes\u00f8kendes og kunders personopplysninger i henhold til personvernforordningen, (EU) 2016\/679 (p\u00e5 engelsk forkortet GDPR).<\/p>\n<p>&nbsp;<\/p>\n<h1>1.\u00a0\u00a0\u00a0 H\u00c5NDTERING AV DINE PERSONOPPLYSNINGER<\/h1>\n<h2>1.1 BEHANDLINGSANSVARLIG<\/h2>\n<p>Nellemann Machinery er behandlingsansvarlig for h\u00e5ndtering av dine personopplysninger og har ansvaret for at opplysningene vi har om deg, brukes i samsvar med personvernlovgivningen. Har du sp\u00f8rsm\u00e5l om behandlingen eller \u00f8nsker \u00e5 komme i kontakt med oss for \u00e5 ut\u00f8ve dine rettigheter, finner du kontaktinformasjonen v\u00e5r nedenfor:<\/p>\n<p>Nellemann Machinery AS<br \/>\nOrg. nr.: 962 165 109 NO<\/p>\n<p>Kjeller Vest 6<\/p>\n<p>2007 Kjeller<\/p>\n<p>Tlf.: 64832500<\/p>\n<p>Mail: salgno@nellemannmachinery.com eller dpo@nellemann.dk<\/p>\n<h2><a name=\"_Toc513531075\"><\/a>1.2 HENSIKT OG DET RETTSLIGE GRUNNLAG<\/h2>\n<p>Vi samler inn, lagrer og bruker personopplysninger om deg i forbindelse med foresp\u00f8rsel eller s\u00f8knad,<\/p>\n<p>inng\u00e5else av avtale eller i forbindelse med administrasjon av et avtaleforhold eller i forbindelse med<\/p>\n<p>markedsf\u00f8ring.<\/p>\n<p>Vi samler inn opplysninger du gir direkte til oss. Hvilke personopplysninger vi innhenter vil v\u00e6re avhengig av den tilknytning du har til oss. Listen nedenfor angir hensikt og eksempler slik at du lettere kan danne deg et bilde av hvilke typer personopplysninger vi innhenter.<\/p>\n<p>&nbsp;<\/p>\n<ul>\n<li>Inng\u00e5 og administrere tjeneste- og produktavtaler (oppfyllelse av kontrakt)<\/li>\n<li>Kundeservice i avtaleperioden<\/li>\n<li>Markedsf\u00f8ring, produkt- og kundeanalyse (berettiget interesse). I noen tilfeller ber vi om ditt samtykke til \u00e5 behandle personopplysningene dine.<\/li>\n<li>I tillegg til \u00e5 oppfylle kontrakt, behandler vi ogs\u00e5 personopplysninger for \u00e5 oppfylle v\u00e5re forpliktelser i henhold til lov, forskrifter eller myndighetsbeslutninger.<\/li>\n<\/ul>\n<p>&nbsp;<\/p>\n<table width=\"914\">\n<tbody>\n<tr>\n<td width=\"293\"><strong>Hensikt<\/strong><\/td>\n<td width=\"28\"><strong>\u00a0<\/strong><\/td>\n<td width=\"296\"><strong>Rettslig grunnlag for behandling<\/strong><\/td>\n<td width=\"296\"><\/td>\n<\/tr>\n<tr>\n<td width=\"293\">Oppfylle en kontrakt med deg.<\/td>\n<td width=\"28\"><\/td>\n<td width=\"296\">Det rettslige grunnlaget for behandlingen er personvernforordningen artikkel 6, 1 bokstav b, hvor behandling av personopplysninger vil v\u00e6re n\u00f8dvendig for enten \u00e5 oppfylle en kontrakt med den registrerte eller for \u00e5 utf\u00f8re gj\u00f8rem\u00e5l etter \u00f8nske fra den registrerte.<\/td>\n<td width=\"296\"><\/td>\n<\/tr>\n<tr>\n<td width=\"293\">Oppfylle en forpliktelse i henhold til lov<\/td>\n<td width=\"28\"><\/td>\n<td width=\"296\">Det rettslige grunnlaget for denne behandlingen av personopplysninger er personvernforordningen artikkel 6, 1 bokstav c for at Nellemann Machinery kan oppfylle sine rettslige forpliktelser knyttet til rapportering til myndigheter etc. ogs\u00e5 bokf\u00f8ringslovens \u00a7 13.<\/td>\n<td width=\"296\"><\/td>\n<\/tr>\n<tr>\n<td width=\"293\">Svare p\u00e5 foresp\u00f8rsler fra deg.<\/p>\n<p>&nbsp;<\/td>\n<td width=\"28\"><\/td>\n<td width=\"296\">Det rettslige grunnlaget for behandlingen er personvernforordningen artikkel 6, 1 bokstav b og f.<\/td>\n<td width=\"296\"><\/td>\n<\/tr>\n<tr>\n<td width=\"293\">\u00c5 sende deg nyhetsbrev og kampanjetilbud<\/td>\n<td width=\"28\"><\/td>\n<td width=\"296\">Det rettslige grunnlaget for behandlingen er personvernforordningen artikkel 6, 1 bokstav a (Samtykke).<\/p>\n<p>&nbsp;<\/td>\n<td width=\"296\"><\/td>\n<\/tr>\n<\/tbody>\n<\/table>\n<h2><a name=\"_Toc513531076\"><\/a>1.3 HVA SLAGS INFORMASJON ER DET VI SAMLER INN?<\/h2>\n<p>Avhengig av situasjonen kan vi muligens be om f\u00f8lgende personopplysninger:<\/p>\n<ul>\n<li>Navn, adresse, e-post, telefon<\/li>\n<li>F\u00f8dselsnummer- og personnummer eller D-nummer.<\/li>\n<li>Org. Nr.<\/li>\n<li>Hvilken virksomhet du jobber for<\/li>\n<li>Stilling eller ansvarsomr\u00e5de<\/li>\n<li>Betalingsinformasjon<\/li>\n<li>Opplysninger fra offentlig tilgjengelige kilder.<\/li>\n<li>Opplysninger om kj\u00f8pshistorikk<\/li>\n<li>Opplysninger om selve maskinen, slik som registreringsnummer og chassisnummer.<\/li>\n<li>Opplysninger om forsikring av maskinen.<\/li>\n<li>IP-adresse n\u00e5r du godtar informasjonskapsler<\/li>\n<\/ul>\n<h2>1.4 INNSAMLING AV PERSONOPPLYSNINGER<\/h2>\n<p>Nellemann Machinery samler inn personopplysninger direkte fra deg. Vi kan ogs\u00e5 motta opplysninger om deg fra andre for eksempel Det Sentrale Folkeregisteret, Det Sentrale Motorvognregisteret, Statens veivesen\/Autosys, og andre offentlig tilgjengelige kilder.<\/p>\n<h2><a name=\"_Toc513531080\"><\/a>1.5 DELING AV OPPLYSNINGER<\/h2>\n<p>Vi deler personopplysninger etter behov med partnere (import\u00f8r, fabrikk, forsikringsselskap, finansieringsselskaper og forhandlere) om ditt kundeforhold.<\/p>\n<p>Vi deler personopplysninger til selskaper som leverer tekniske og administrative tjenester til oss, slik som leverand\u00f8rer av IT-systemer o.l. Dersom vi utleverer personopplysninger, inng\u00e5r vi avtaler med de aktuelle tredjepartene som hindrer deres anledning til \u00e5 bruke opplysningene til andre form\u00e5l.<\/p>\n<p>Vi deler ikke personopplysninger med andre selskap enn de, med unntak av samarbeidspartnere som trenger opplysningene for \u00e5 kunne levere sine tjenester dersom du har gitt samtykke til slik deling.<\/p>\n<p>Vi vil ogs\u00e5 kunne m\u00e5tte utlevere opplysninger i enkelttilfeller, eksempelvis til offentlige myndigheter for eksempel Skatteetaten og politiet, dersom det er mistanke om lovbrudd.<\/p>\n<p>Vi inng\u00e5r databehandleravtaler med eksterne systemleverand\u00f8rer som regulerer deres anledning til \u00e5 bruke opplysningene.<\/p>\n<h2>1.6 OVERF\u00d8RING AV PERSONOPPLYSNINGER TIL UTLANDET<\/h2>\n<p>Personopplysningene dine kan overf\u00f8res til utlandet Innenfor EU\/ E\u00d8S. Overf\u00f8ring av personopplysninger innenfor EU\/E\u00d8S-omr\u00e5det kan fritt skje i henhold til gjeldende personvernlovgivning.<\/p>\n<p>Hvis vi overf\u00f8rer personopplysninger utenfor EU\/E\u00d8S-omr\u00e5det, vil vi forsikre oss om at overf\u00f8ringen skjer i samsvar med gjeldende lovgivning.<\/p>\n<h2><a name=\"_Toc513531081\"><\/a>1.8 HVOR LENGE LAGRES OPPLYSNINGENE?<\/h2>\n<p>Personopplysninger skal i henhold til personopplysningsloven slettes n\u00e5r oppbevaring ikke lenger er n\u00f8dvendig for \u00e5 oppfylle form\u00e5let med behandlingen. Det betyr at s\u00e5 lenge du er kunde, vil personopplysninger om deg v\u00e6re lagret for at vi skal kunne administrere avtalen.<\/p>\n<p>N\u00e5r v\u00e5r forretningsmessige forbindelse til deg er avsluttet vil vi lagre personopplysninger i henhold til v\u00e5re forpliktelser i henhold til blant annet bokf\u00f8ringsloven (fra 5 \u00e5r og opp til 10 \u00e5r).<\/p>\n<p>Vi vil enten permanent anonymisere eller p\u00e5 sikkert vis slette de av dine personopplysninger som vi ikke lenger har behov for.<\/p>\n<p>Dersom du ikke blir kunde eller vi ikke etablerer noen forretningsmessig forbindelse, vil personopplysningene normalt bli lagret i seks (6) m\u00e5neder.<\/p>\n<h2><a name=\"_Toc513531083\"><\/a>1.9 SAMTYKKE<a name=\"_Toc513531084\"><\/a><\/h2>\n<p>Der behandlingen er basert p\u00e5 samtykke, kan du n\u00e5r som helst trekke dette tilbake ved \u00e5 gi oss beskjed om det.<\/p>\n<h2>1.10 DINE RETTIGHETER<\/h2>\n<p>Kontakt oss dersom du har sp\u00f8rsm\u00e5l knyttet til behandlingen av dine personopplysninger. P\u00e5 visse vilk\u00e5r har du anledning til \u00e5 be oss om \u00e5:<\/p>\n<ol>\n<li>Gi deg n\u00e6rmere informasjon om hvordan vi behandler dine personopplysninger<\/li>\n<li>Gi deg en kopi av personopplysninger som du har gitt oss<\/li>\n<li>Oppdatere dine personopplysninger<\/li>\n<li>Slette opplysninger som vi ikke lengre har rettslig grunnlag for \u00e5 behandle<\/li>\n<li>Begrense eller stoppe behandlingen av dine opplysninger<\/li>\n<li>Stoppe behandling av som utelukkende er basert p\u00e5 en automatisk behandling av personopplysninger<\/li>\n<li>Gi deg opplysninger du har gitt til oss i en strukturert, alminnelig anvendt og maskinlesbart format eller overf\u00f8re dataene direkte til en annen leverand\u00f8r<\/li>\n<\/ol>\n<h1>2. INFORMASJONSKAPSLER<\/h1>\n<h2>2.1 INFORMASJONSKAPSLER\/COOKIES<\/h2>\n<p>Vi bruker informasjonskapsler (cookies) p\u00e5 nettsidene v\u00e5re. Informasjonskapsler brukes prim\u00e6rt for \u00e5 m\u00e5le trafikk og optimalisere tjenesten. Se mer om v\u00e5r bruk av informasjonskapsler her. (LINK TIL COOKIEPOLITIK)<\/p>\n<h2>2.2 SLETTE ELLER BLOKKERE COOKIES<\/h2>\n<p>Du kan trekke tilbake samtykket n\u00e5r som helst, ved \u00e5 velge \u00abadministrer cookies\u00bb nederst p\u00e5 v\u00e5re sider.<\/p>\n<p>Du kan ogs\u00e5 blokkere og tillate cookies gjennom innstillingene i nettleseren. Les mer om hvordan du kan gj\u00f8re dette p\u00e5\u00a0<a href=\"https:\/\/nettvett.no\/slik-administrer-du-informasjonskapsler\/\">Nettvett.no sine hjemmesider<\/a>.<\/p>\n<h1><a name=\"_Toc513531085\"><\/a>3. KLAGER<\/h1>\n<p>Dersom du mener at vi ikke har overholdt dine rettigheter i henhold til personopplysningsloven, har du rett til \u00e5 klage til den aktuelle tilsynsmyndigheten. Dette gj\u00f8res ved \u00e5 sende klage til Datatilsynet:<\/p>\n<p>Datatilsynet<\/p>\n<p>Postboks 458 Sentrum<\/p>\n<p>0105 Oslo<\/p>\n<p>Tlf. 22 39 69 00<\/p>\n<p>Mail: postkasse@datatilsynet.no<\/p>\n<h1><a name=\"_Toc513531087\"><\/a>4. ENDRINGER AV PERSONVERNERKL\u00c6RINGEN<\/h1>\n<p>Vi vil med jevne mellomrom kunne oppdatere eller endre personvernerkl\u00e6ringen.<\/p>\n<\/div>\n<footer class=\"footer\"><\/footer>\n","protected":false},"excerpt":{"rendered":"<p>Personvernerkl\u00e6ring Nellemann Machinery AS Nellemann Machinery AS (&#8220;Nellemann Machinery&#8221;, &#8220;Vi&#8221;, &#8220;Oss&#8221;) er opptatt av \u00e5 verne personopplysninger, og vi legger derfor stor vekt p\u00e5 \u00e5 beskytte ditt personvern. Disse retningslinjene for personvern forklarer og klargj\u00f8r hvordan vi, som behandlingsansvarlig, behandler bes\u00f8kendes og kunders personopplysninger i henhold til personvernforordningen, (EU) 2016\/679 (p\u00e5 engelsk forkortet GDPR). &nbsp; [&hellip;]<\/p>\n","protected":false},"author":1,"featured_media":0,"parent":0,"menu_order":0,"comment_status":"closed","ping_status":"closed","template":"","meta":{"_acf_changed":false,"inline_featured_image":false,"footnotes":""},"class_list":["post-424","page","type-page","status-publish","hentry"],"acf":[],"yoast_head":"<!-- This site is optimized with the Yoast SEO plugin v27.4 - https:\/\/yoast.com\/product\/yoast-seo-wordpress\/ -->\n<title>Personvernerkl\u00e6ring - Nellemann Machinery<\/title>\n<meta name=\"robots\" content=\"noindex, follow, max-snippet:-1, max-image-preview:large, max-video-preview:-1\" \/>\n<meta property=\"og:locale\" content=\"nb_NO\" \/>\n<meta property=\"og:type\" content=\"article\" \/>\n<meta property=\"og:title\" content=\"Personvernerkl\u00e6ring - Nellemann Machinery\" \/>\n<meta property=\"og:description\" content=\"Personvernerkl\u00e6ring Nellemann Machinery AS Nellemann Machinery AS (&#8220;Nellemann Machinery&#8221;, &#8220;Vi&#8221;, &#8220;Oss&#8221;) er opptatt av \u00e5 verne personopplysninger, og vi legger derfor stor vekt p\u00e5 \u00e5 beskytte ditt personvern. Disse retningslinjene for personvern forklarer og klargj\u00f8r hvordan vi, som behandlingsansvarlig, behandler bes\u00f8kendes og kunders personopplysninger i henhold til personvernforordningen, (EU) 2016\/679 (p\u00e5 engelsk forkortet GDPR). &nbsp; [&hellip;]\" \/>\n<meta property=\"og:url\" content=\"https:\/\/nellemannmachinery.no\/personvernerklaering\/\" \/>\n<meta property=\"og:site_name\" content=\"Nellemann Machinery\" \/>\n<meta property=\"article:publisher\" content=\"https:\/\/www.facebook.com\/Nellemann-Machinery-718705991612962\" \/>\n<meta property=\"article:modified_time\" content=\"2020-09-10T06:58:54+00:00\" \/>\n<meta name=\"twitter:card\" content=\"summary_large_image\" \/>\n<meta name=\"twitter:label1\" content=\"Ansl. lesetid\" \/>\n\t<meta name=\"twitter:data1\" content=\"5 minutter\" \/>\n<!-- \/ Yoast SEO plugin. -->","yoast_head_json":{"title":"Personvernerkl\u00e6ring - Nellemann Machinery","robots":{"index":"noindex","follow":"follow","max-snippet":"max-snippet:-1","max-image-preview":"max-image-preview:large","max-video-preview":"max-video-preview:-1"},"og_locale":"nb_NO","og_type":"article","og_title":"Personvernerkl\u00e6ring - Nellemann Machinery","og_description":"Personvernerkl\u00e6ring Nellemann Machinery AS Nellemann Machinery AS (&#8220;Nellemann Machinery&#8221;, &#8220;Vi&#8221;, &#8220;Oss&#8221;) er opptatt av \u00e5 verne personopplysninger, og vi legger derfor stor vekt p\u00e5 \u00e5 beskytte ditt personvern. Disse retningslinjene for personvern forklarer og klargj\u00f8r hvordan vi, som behandlingsansvarlig, behandler bes\u00f8kendes og kunders personopplysninger i henhold til personvernforordningen, (EU) 2016\/679 (p\u00e5 engelsk forkortet GDPR). &nbsp; [&hellip;]","og_url":"https:\/\/nellemannmachinery.no\/personvernerklaering\/","og_site_name":"Nellemann Machinery","article_publisher":"https:\/\/www.facebook.com\/Nellemann-Machinery-718705991612962","article_modified_time":"2020-09-10T06:58:54+00:00","twitter_card":"summary_large_image","twitter_misc":{"Ansl. lesetid":"5 minutter"},"schema":{"@context":"https:\/\/schema.org","@graph":[{"@type":"WebPage","@id":"https:\/\/nellemannmachinery.no\/personvernerklaering\/","url":"https:\/\/nellemannmachinery.no\/personvernerklaering\/","name":"Personvernerkl\u00e6ring - Nellemann Machinery","isPartOf":{"@id":"https:\/\/dev.nellemannmachinery.dk\/#website"},"datePublished":"2020-05-17T16:58:43+00:00","dateModified":"2020-09-10T06:58:54+00:00","breadcrumb":{"@id":"https:\/\/nellemannmachinery.no\/personvernerklaering\/#breadcrumb"},"inLanguage":"nb-NO","potentialAction":[{"@type":"ReadAction","target":["https:\/\/nellemannmachinery.no\/personvernerklaering\/"]}]},{"@type":"BreadcrumbList","@id":"https:\/\/nellemannmachinery.no\/personvernerklaering\/#breadcrumb","itemListElement":[{"@type":"ListItem","position":1,"name":"Home","item":"https:\/\/nellemannmachinery.no\/"},{"@type":"ListItem","position":2,"name":"Personvernerkl\u00e6ring"}]},{"@type":"WebSite","@id":"https:\/\/dev.nellemannmachinery.dk\/#website","url":"https:\/\/dev.nellemannmachinery.dk\/","name":"Nellemann Machinery","description":"","publisher":{"@id":"https:\/\/dev.nellemannmachinery.dk\/#organization"},"potentialAction":[{"@type":"SearchAction","target":{"@type":"EntryPoint","urlTemplate":"https:\/\/dev.nellemannmachinery.dk\/?s={search_term_string}"},"query-input":{"@type":"PropertyValueSpecification","valueRequired":true,"valueName":"search_term_string"}}],"inLanguage":"nb-NO"},{"@type":"Organization","@id":"https:\/\/dev.nellemannmachinery.dk\/#organization","name":"Nellemann Machinery","url":"https:\/\/dev.nellemannmachinery.dk\/","logo":{"@type":"ImageObject","inLanguage":"nb-NO","@id":"https:\/\/dev.nellemannmachinery.dk\/#\/schema\/logo\/image\/","url":"https:\/\/dev.nellemannmachinery.dk\/wp-content\/uploads\/2020\/09\/logo-1.png","contentUrl":"https:\/\/dev.nellemannmachinery.dk\/wp-content\/uploads\/2020\/09\/logo-1.png","width":398,"height":71,"caption":"Nellemann Machinery"},"image":{"@id":"https:\/\/dev.nellemannmachinery.dk\/#\/schema\/logo\/image\/"},"sameAs":["https:\/\/www.facebook.com\/Nellemann-Machinery-718705991612962","https:\/\/www.instagram.com\/nellemannmachinery\/?hl=da","https:\/\/www.linkedin.com\/company\/svenningsens-maskinforretning-as\/about\/"]}]}},"_links":{"self":[{"href":"https:\/\/dev.nellemannmachinery.dk\/no\/wp-json\/wp\/v2\/pages\/424","targetHints":{"allow":["GET"]}}],"collection":[{"href":"https:\/\/dev.nellemannmachinery.dk\/no\/wp-json\/wp\/v2\/pages"}],"about":[{"href":"https:\/\/dev.nellemannmachinery.dk\/no\/wp-json\/wp\/v2\/types\/page"}],"author":[{"embeddable":true,"href":"https:\/\/dev.nellemannmachinery.dk\/no\/wp-json\/wp\/v2\/users\/1"}],"replies":[{"embeddable":true,"href":"https:\/\/dev.nellemannmachinery.dk\/no\/wp-json\/wp\/v2\/comments?post=424"}],"version-history":[{"count":0,"href":"https:\/\/dev.nellemannmachinery.dk\/no\/wp-json\/wp\/v2\/pages\/424\/revisions"}],"wp:attachment":[{"href":"https:\/\/dev.nellemannmachinery.dk\/no\/wp-json\/wp\/v2\/media?parent=424"}],"curies":[{"name":"wp","href":"https:\/\/api.w.org\/{rel}","templated":true}]}}