{"id":864,"date":"2020-05-13T13:39:34","date_gmt":"2020-05-13T11:39:34","guid":{"rendered":"https:\/\/dev.nellemannmachinery.dk\/forhandlere\/"},"modified":"2021-05-11T13:19:34","modified_gmt":"2021-05-11T11:19:34","slug":"forhandlere","status":"publish","type":"page","link":"https:\/\/dev.nellemannmachinery.dk\/no\/forhandlere\/","title":{"rendered":"Forhandlere"},"content":{"rendered":"<div id=\"pl-864\"  class=\"panel-layout\" ><div id=\"pg-864-0\"  class=\"panel-grid panel-no-style\" ><div id=\"pgc-864-0-0\"  class=\"panel-grid-cell\" ><div id=\"panel-864-0-0-0\" class=\"so-panel widget widget_mtt-dealers panel-first-child panel-last-child\" data-index=\"0\" ><div\n\t\t\t\n\t\t\tclass=\"so-widget-mtt-dealers so-widget-mtt-dealers-base\"\n\t\t\t\n\t\t>\n<section class=\"mtt-dealers\">\n    <div class=\"mtt-dealers__loader loader\"><div class=\"loader__inner\"><\/div><\/div>\n    <div class=\"mtt-dealers__inner\">\n        <div class=\"mtt-dealers__map\">\n            <div id=\"dealer-map\"><\/div>\n        <\/div>\n        <div class=\"mtt-dealers__wrap\">\n            <div class=\"mtt-dealers__title-container\">\n                                    <h1 class=\"mtt-dealers__title\">Finn din n\u00e6rmeste forhandler<\/h1>\n                                                \n<div class=\"mtt-dealers-filter\">\n\n            <div class=\"mtt-dealers-filter__input\">\n            <select name=\"categories-filter\" id=\"categories-filter\">\n                <option value=\"0\">Alle kategorier<\/option>\n                                    <option value=\"673\">Landbruk<\/option>\n                                    <option value=\"672\">Entrepren\u00f8r<\/option>\n                                    <option value=\"365\">Redskaper<\/option>\n                                    <option value=\"134\">Landbrukstraktor<\/option>\n                                    <option value=\"276\">Redskapsb\u00e6rere<\/option>\n                                    <option value=\"200\">Kompakttraktor<\/option>\n                                    <option value=\"350\">Gress og L\u00f8v<\/option>\n                                    <option value=\"362\">Vinterutstyr<\/option>\n                                    <option value=\"140\">RTV<\/option>\n                            <\/select>\n        <\/div>\n    \n            <div class=\"mtt-dealers-filter__input\">\n            <select name=\"brands-filter\" id=\"brands-filter\">\n                <option value=\"0\">Alle merker<\/option>\n                                    <option value=\"146\">Billy Goat<\/option>\n                                    <option value=\"144\">Kubota<\/option>\n                                    <option value=\"145\">Spider<\/option>\n                                    <option value=\"462\">Drivex<\/option>\n                                    <option value=\"463\">Fj\u00e4r\u00e5s<\/option>\n                                    <option value=\"550\">K\u00e4rcher<\/option>\n                                    <option value=\"901\">GMR<\/option>\n                                    <option value=\"147\">Holder<\/option>\n                                    <option value=\"657\">Sch\u00e4ffer<\/option>\n                            <\/select>\n        <\/div>\n    \n<\/div>            <\/div>\n            <div class=\"mtt-dealers__dealers\">\n                \n<div class=\"dealer-card\"\n    data-lat=\"60.5326519\"\n    data-lng=\"12.0551237\"\n    data-element_id=\"0\"\n    data-categories=\"0\"\n    data-brands=\"0, 146, 144, 145\"\n>\n    <div class=\"dealer-card__image-container\">\n        <img decoding=\"async\" src=\"https:\/\/dev.nellemannmachinery.dk\/wp-content\/themes\/mtt-wordpress-theme\/public\/img\/dealer-icon.png\" alt=\"dealer-icon\">\n    <\/div>\n    <div class=\"dealer-card__description\">\n        <h3 class=\"dealer-card__title\">Agriteknikk as<\/h3>\n                    <p class=\"dealer-card__text dealer-card__text--address\">Sorknesgrenda 42, Namn\u00e5, Norge<\/p>\n                            <p class=\"dealer-card__text dealer-card__text--phone\"><a href=\"tel:+4746842610\">Tlf. +47 46 84 26 10<\/a><\/p>\n                            <p class=\"dealer-card__text dealer-card__text--email\"><a href=\"mailto:geir@agriteknikk.no\">geir@agriteknikk.no<\/a><\/p>\n            <\/div>\n<\/div>\n\n<div class=\"dealer-card\"\n    data-lat=\"58.2748449\"\n    data-lng=\"8.3273958\"\n    data-element_id=\"1\"\n    data-categories=\"0\"\n    data-brands=\"0, 146, 462, 463, 550, 144, 145\"\n>\n    <div class=\"dealer-card__image-container\">\n        <img decoding=\"async\" src=\"https:\/\/dev.nellemannmachinery.dk\/wp-content\/themes\/mtt-wordpress-theme\/public\/img\/dealer-icon.png\" alt=\"dealer-icon\">\n    <\/div>\n    <div class=\"dealer-card__description\">\n        <h3 class=\"dealer-card__title\">ATM Service Lillesand as<\/h3>\n                    <p class=\"dealer-card__text dealer-card__text--address\">Birkelandsveien 330, Lillesand, Norge<\/p>\n                            <p class=\"dealer-card__text dealer-card__text--phone\"><a href=\"tel:+4791717132\">Tlf. +47 91 71 71 32<\/a><\/p>\n                            <p class=\"dealer-card__text dealer-card__text--email\"><a href=\"mailto:tor.henrik@lmb.as\">tor.henrik@lmb.as<\/a><\/p>\n            <\/div>\n<\/div>\n\n<div class=\"dealer-card\"\n    data-lat=\"59.307353718963\"\n    data-lng=\"10.253929152372\"\n    data-element_id=\"2\"\n    data-categories=\"0, 365, 134, 200, 350\"\n    data-brands=\"0, 462, 144\"\n>\n    <div class=\"dealer-card__image-container\">\n        <img decoding=\"async\" src=\"https:\/\/dev.nellemannmachinery.dk\/wp-content\/themes\/mtt-wordpress-theme\/public\/img\/dealer-icon.png\" alt=\"dealer-icon\">\n    <\/div>\n    <div class=\"dealer-card__description\">\n        <h3 class=\"dealer-card__title\">Gjema as<\/h3>\n                    <p class=\"dealer-card__text dealer-card__text--address\">Hogsr\u00f8dveien 190, 3158 Andebu, Norge<\/p>\n                            <p class=\"dealer-card__text dealer-card__text--phone\"><a href=\"tel:92042450\">Tlf. 92 04 24 50<\/a><\/p>\n                            <p class=\"dealer-card__text dealer-card__text--email\"><a href=\"mailto:post@gjema.no\">post@gjema.no<\/a><\/p>\n            <\/div>\n<\/div>\n\n<div class=\"dealer-card\"\n    data-lat=\"58.7222894\"\n    data-lng=\"5.634367\"\n    data-element_id=\"3\"\n    data-categories=\"0, 673, 672, 365, 134, 276, 200, 350, 362, 140\"\n    data-brands=\"0, 146, 462, 463, 901, 147, 550, 144, 657, 145\"\n>\n    <div class=\"dealer-card__image-container\">\n        <img decoding=\"async\" src=\"https:\/\/dev.nellemannmachinery.dk\/wp-content\/themes\/mtt-wordpress-theme\/public\/img\/dealer-icon.png\" alt=\"dealer-icon\">\n    <\/div>\n    <div class=\"dealer-card__description\">\n        <h3 class=\"dealer-card__title\">Inovapro as<\/h3>\n                    <p class=\"dealer-card__text dealer-card__text--address\">Pauline Wiigs Veg 4, Bryne, Norge<\/p>\n                            <p class=\"dealer-card__text dealer-card__text--phone\"><a href=\"tel:91151144\">Tlf. 911 51 144<\/a><\/p>\n                            <p class=\"dealer-card__text dealer-card__text--email\"><a href=\"mailto:aadne@inovapro.no\">aadne@inovapro.no<\/a><\/p>\n            <\/div>\n<\/div>\n\n<div class=\"dealer-card\"\n    data-lat=\"60.3971886\"\n    data-lng=\"5.7632939\"\n    data-element_id=\"4\"\n    data-categories=\"0\"\n    data-brands=\"0, 146, 462, 463, 144, 145\"\n>\n    <div class=\"dealer-card__image-container\">\n        <img decoding=\"async\" src=\"https:\/\/dev.nellemannmachinery.dk\/wp-content\/themes\/mtt-wordpress-theme\/public\/img\/dealer-icon.png\" alt=\"dealer-icon\">\n    <\/div>\n    <div class=\"dealer-card__description\">\n        <h3 class=\"dealer-card__title\">K. Hauge Servicepartner AS<\/h3>\n                    <p class=\"dealer-card__text dealer-card__text--address\">L\u00f8nnebakken 14, 5650 Tysse, Norge<\/p>\n                            <p class=\"dealer-card__text dealer-card__text--phone\"><a href=\"tel:94864428\">Tlf. 94 86 44 28<\/a><\/p>\n                            <p class=\"dealer-card__text dealer-card__text--email\"><a href=\"mailto:hauge.kurt9@gmail.com\">hauge.kurt9@gmail.com<\/a><\/p>\n            <\/div>\n<\/div>\n\n<div class=\"dealer-card\"\n    data-lat=\"60.2549469\"\n    data-lng=\"6.5728379\"\n    data-element_id=\"5\"\n    data-categories=\"0\"\n    data-brands=\"0, 146, 550, 144, 145\"\n>\n    <div class=\"dealer-card__image-container\">\n        <img decoding=\"async\" src=\"https:\/\/dev.nellemannmachinery.dk\/wp-content\/themes\/mtt-wordpress-theme\/public\/img\/dealer-icon.png\" alt=\"dealer-icon\">\n    <\/div>\n    <div class=\"dealer-card__description\">\n        <h3 class=\"dealer-card__title\">M\u00e5kestad Landbrukservice as<\/h3>\n                    <p class=\"dealer-card__text dealer-card__text--address\">Fjordavegen 1945, N\u00e5, Norge<\/p>\n                            <p class=\"dealer-card__text dealer-card__text--phone\"><a href=\"tel:+4747407647\">Tlf. +47 47 40 76 47<\/a><\/p>\n                            <p class=\"dealer-card__text dealer-card__text--email\"><a href=\"mailto:post@makestadlandbruksservice.no\">post@makestadlandbruksservice.no<\/a><\/p>\n            <\/div>\n<\/div>\n\n<div class=\"dealer-card\"\n    data-lat=\"59.774196\"\n    data-lng=\"10.2517579\"\n    data-element_id=\"6\"\n    data-categories=\"0\"\n    data-brands=\"0, 146, 462, 463, 550, 144, 145\"\n>\n    <div class=\"dealer-card__image-container\">\n        <img decoding=\"async\" src=\"https:\/\/dev.nellemannmachinery.dk\/wp-content\/themes\/mtt-wordpress-theme\/public\/img\/dealer-icon.png\" alt=\"dealer-icon\">\n    <\/div>\n    <div class=\"dealer-card__description\">\n        <h3 class=\"dealer-card__title\">Nellemann Machinery Lier<\/h3>\n                    <p class=\"dealer-card__text dealer-card__text--address\">Ringeriksveien 100, Lier, Norge<\/p>\n                            <p class=\"dealer-card__text dealer-card__text--phone\"><a href=\"tel:+4795846838\">Tlf. +47 958 46 838<\/a><\/p>\n                            <p class=\"dealer-card__text dealer-card__text--email\"><a href=\"mailto:rct@nellemannmachinery.com\">rct@nellemannmachinery.com<\/a><\/p>\n            <\/div>\n<\/div>\n\n<div class=\"dealer-card\"\n    data-lat=\"59.9846069\"\n    data-lng=\"11.0071184\"\n    data-element_id=\"7\"\n    data-categories=\"0\"\n    data-brands=\"0, 146, 462, 463, 147, 550, 144, 145\"\n>\n    <div class=\"dealer-card__image-container\">\n        <img decoding=\"async\" src=\"https:\/\/dev.nellemannmachinery.dk\/wp-content\/themes\/mtt-wordpress-theme\/public\/img\/dealer-icon.png\" alt=\"dealer-icon\">\n    <\/div>\n    <div class=\"dealer-card__description\">\n        <h3 class=\"dealer-card__title\">Nellemann Machinery Oslo<\/h3>\n                    <p class=\"dealer-card__text dealer-card__text--address\">Kjeller Vest 6, Kjeller, Norge<\/p>\n                            <p class=\"dealer-card__text dealer-card__text--phone\"><a href=\"tel:64832500\">Tlf. 64 83 25 00<\/a><\/p>\n                            <p class=\"dealer-card__text dealer-card__text--email\"><a href=\"mailto:salgno@nellemannmachinery.com\">salgno@nellemannmachinery.com<\/a><\/p>\n            <\/div>\n<\/div>\n\n<div class=\"dealer-card\"\n    data-lat=\"65.4889691\"\n    data-lng=\"12.236977\"\n    data-element_id=\"8\"\n    data-categories=\"0\"\n    data-brands=\"0, 146, 144, 145\"\n>\n    <div class=\"dealer-card__image-container\">\n        <img decoding=\"async\" src=\"https:\/\/dev.nellemannmachinery.dk\/wp-content\/themes\/mtt-wordpress-theme\/public\/img\/dealer-icon.png\" alt=\"dealer-icon\">\n    <\/div>\n    <div class=\"dealer-card__description\">\n        <h3 class=\"dealer-card__title\">Nordland traktor as<\/h3>\n                    <p class=\"dealer-card__text dealer-card__text--address\">Industribakken 5, Br\u00f8nn\u00f8y, Norge<\/p>\n                            <p class=\"dealer-card__text dealer-card__text--phone\"><a href=\"tel:+4795914849\">Tlf. +47 95 91 48 49<\/a><\/p>\n                            <p class=\"dealer-card__text dealer-card__text--email\"><a href=\"mailto:jan@nordlandtraktor.no\">jan@nordlandtraktor.no<\/a><\/p>\n            <\/div>\n<\/div>\n\n<div class=\"dealer-card\"\n    data-lat=\"64.2504883\"\n    data-lng=\"12.3713594\"\n    data-element_id=\"9\"\n    data-categories=\"0\"\n    data-brands=\"0, 146, 144, 145\"\n>\n    <div class=\"dealer-card__image-container\">\n        <img decoding=\"async\" src=\"https:\/\/dev.nellemannmachinery.dk\/wp-content\/themes\/mtt-wordpress-theme\/public\/img\/dealer-icon.png\" alt=\"dealer-icon\">\n    <\/div>\n    <div class=\"dealer-card__description\">\n        <h3 class=\"dealer-card__title\">Omli Landbruksverksted as<\/h3>\n                    <p class=\"dealer-card__text dealer-card__text--address\">Sn\u00e5savegen 98, Sn\u00e5sa, Norge<\/p>\n                            <p class=\"dealer-card__text dealer-card__text--phone\"><a href=\"tel:+4774151169\">Tlf. +47 74 15 11 69<\/a><\/p>\n                            <p class=\"dealer-card__text dealer-card__text--email\"><a href=\"mailto:aomli@live.no\">aomli@live.no<\/a><\/p>\n            <\/div>\n<\/div>\n\n<div class=\"dealer-card\"\n    data-lat=\"61.2085451\"\n    data-lng=\"11.4917813\"\n    data-element_id=\"10\"\n    data-categories=\"0\"\n    data-brands=\"0, 146, 462, 463, 144, 145\"\n>\n    <div class=\"dealer-card__image-container\">\n        <img decoding=\"async\" src=\"https:\/\/dev.nellemannmachinery.dk\/wp-content\/themes\/mtt-wordpress-theme\/public\/img\/dealer-icon-dealer-service.png\" alt=\"dealer-icon\">\n    <\/div>\n    <div class=\"dealer-card__description\">\n        <h3 class=\"dealer-card__title\">Robust Maskinsenter<\/h3>\n                    <p class=\"dealer-card__text dealer-card__text--address\">Desetveien 86, 2450 Rena, Norge<\/p>\n                            <p class=\"dealer-card__text dealer-card__text--phone\"><a href=\"tel:+4791365391\">Tlf. +47 913 65 391<\/a><\/p>\n                            <p class=\"dealer-card__text dealer-card__text--email\"><a href=\"mailto:info@vanloon.no\">info@vanloon.no<\/a><\/p>\n            <\/div>\n<\/div>\n\n<div class=\"dealer-card\"\n    data-lat=\"61.5953122\"\n    data-lng=\"5.439776\"\n    data-element_id=\"11\"\n    data-categories=\"0\"\n    data-brands=\"0, 146, 144, 145\"\n>\n    <div class=\"dealer-card__image-container\">\n        <img decoding=\"async\" src=\"https:\/\/dev.nellemannmachinery.dk\/wp-content\/themes\/mtt-wordpress-theme\/public\/img\/dealer-icon.png\" alt=\"dealer-icon\">\n    <\/div>\n    <div class=\"dealer-card__description\">\n        <h3 class=\"dealer-card__title\">Traktormannen as<\/h3>\n                    <p class=\"dealer-card__text dealer-card__text--address\">Hovlandsvegen 49, Eikefjord, Norge<\/p>\n                            <p class=\"dealer-card__text dealer-card__text--phone\"><a href=\"tel:+4795202148\">Tlf. +47 952 02 148<\/a><\/p>\n                            <p class=\"dealer-card__text dealer-card__text--email\"><a href=\"mailto:eivind@traktormannen.no\">eivind@traktormannen.no<\/a><\/p>\n            <\/div>\n<\/div>\n                <div class=\"mtt-dealers__error-message styled-text-small\"><\/div>\n            <\/div>\n        <\/div>\n    <\/div>\n<\/section>\n\n<script>\n\n    var map;\n    var $ = jQuery;\n    var dealer_map_markers = [];\n\n    function initMap() {\n        map = new google.maps.Map(document.getElementById(\"dealer-map\"), {\n            center: { lat: 64.2963904, lng: 8.7831591 },\n            zoom: $(window).width() > 650 ? 5 : 5        });\n\n        var infoWindows = [];\n\n        $('.dealer-card').each(function (index) {\n            var street = $(this).find('.dealer-card__text--address');\n            var id = $(this).attr('data-element_id');\n\n            var lat = parseFloat($(this).attr('data-lat'));\n            var lng = parseFloat($(this).attr('data-lng'));\n\n            if (lat && lng) {\n                var contentString = '<p style = \"font-weight: 600; margin-bottom: 5px;\" > ' + $(this).find('.dealer-card__title').html() + '<\/p>';\n                contentString += '<p style=\"font-size: 14px;\">' + $(this).find('.dealer-card__text--address').html() + '<\/p>';\n                contentString += '<p style=\"font-size: 14px;\">' + $(this).find('.dealer-card__text--phone a').html() + '<\/p>';\n                \n                if ($(this).find('.dealer-card__text--email').length) {\n                    contentString += '<p style=\"font-size: 14px;\">' + $(this).find('.dealer-card__text--email a').html() + '<\/p>';\n                }\n\n                var infoWindow = new google.maps.InfoWindow({\n                    content: contentString\n                });\n\n                infoWindows.push(infoWindow);\n\n                var marker = new google.maps.Marker({\n                    position: {lat: lat, lng: lng},\n                    map: map,\n                    title: $(this).find('.dealer-card__title').text()\n                });\n\n                dealer_map_markers.push(marker);\n\n                marker.addListener('click', function () {\n                    for(var i = 0; i < infoWindows.length; i++){\n                        infoWindows[i].close();\n                    }\n                    infoWindow.open(map, marker)\n                });\n            }\n        });\n    }\n\n    window.dealer_map_markers = dealer_map_markers;\n\n<\/script>\n<!-- Google Maps API -->\n<script async defer src=\"https:\/\/maps.googleapis.com\/maps\/api\/js?key=AIzaSyALhW-Zr6NJCyWVrJcIxN75fpUzv3VT4Zw&callback=initMap\"><\/script><\/div><\/div><\/div><\/div><\/div>","protected":false},"excerpt":{"rendered":"<p>Finn din n\u00e6rmeste forhandler Alle kategorier Landbruk Entrepren\u00f8r Redskaper Landbrukstraktor Redskapsb\u00e6rere Kompakttraktor Gress og L\u00f8v Vinterutstyr RTV Alle merker Billy Goat Kubota Spider Drivex Fj\u00e4r\u00e5s K\u00e4rcher GMR Holder Sch\u00e4ffer Agriteknikk as Sorknesgrenda 42, Namn\u00e5, Norge Tlf. +47 46 84 26 10 geir@agriteknikk.no ATM Service Lillesand as Birkelandsveien 330, Lillesand, Norge Tlf. +47 91 71 71 [&hellip;]<\/p>\n","protected":false},"author":1,"featured_media":0,"parent":0,"menu_order":0,"comment_status":"closed","ping_status":"closed","template":"","meta":{"_acf_changed":false,"inline_featured_image":false,"footnotes":""},"class_list":["post-864","page","type-page","status-publish","hentry"],"acf":[],"yoast_head":"<!-- This site is optimized with the Yoast SEO plugin v27.4 - https:\/\/yoast.com\/product\/yoast-seo-wordpress\/ -->\n<title>Forhandlere - Nellemann Machinery<\/title>\n<meta name=\"robots\" content=\"noindex, follow, max-snippet:-1, max-image-preview:large, max-video-preview:-1\" \/>\n<meta property=\"og:locale\" content=\"nb_NO\" \/>\n<meta property=\"og:type\" content=\"article\" \/>\n<meta property=\"og:title\" content=\"Forhandlere - Nellemann Machinery\" \/>\n<meta property=\"og:description\" content=\"Finn din n\u00e6rmeste forhandler Alle kategorier Landbruk Entrepren\u00f8r Redskaper Landbrukstraktor Redskapsb\u00e6rere Kompakttraktor Gress og L\u00f8v Vinterutstyr RTV Alle merker Billy Goat Kubota Spider Drivex Fj\u00e4r\u00e5s K\u00e4rcher GMR Holder Sch\u00e4ffer Agriteknikk as Sorknesgrenda 42, Namn\u00e5, Norge Tlf. +47 46 84 26 10 geir@agriteknikk.no ATM Service Lillesand as Birkelandsveien 330, Lillesand, Norge Tlf. +47 91 71 71 [&hellip;]\" \/>\n<meta property=\"og:url\" content=\"https:\/\/nellemannmachinery.no\/forhandlere\/\" \/>\n<meta property=\"og:site_name\" content=\"Nellemann Machinery\" \/>\n<meta property=\"article:publisher\" content=\"https:\/\/www.facebook.com\/Nellemann-Machinery-718705991612962\" \/>\n<meta property=\"article:modified_time\" content=\"2021-05-11T11:19:34+00:00\" \/>\n<meta name=\"twitter:card\" content=\"summary_large_image\" \/>\n<!-- \/ Yoast SEO plugin. -->","yoast_head_json":{"title":"Forhandlere - Nellemann Machinery","robots":{"index":"noindex","follow":"follow","max-snippet":"max-snippet:-1","max-image-preview":"max-image-preview:large","max-video-preview":"max-video-preview:-1"},"og_locale":"nb_NO","og_type":"article","og_title":"Forhandlere - Nellemann Machinery","og_description":"Finn din n\u00e6rmeste forhandler Alle kategorier Landbruk Entrepren\u00f8r Redskaper Landbrukstraktor Redskapsb\u00e6rere Kompakttraktor Gress og L\u00f8v Vinterutstyr RTV Alle merker Billy Goat Kubota Spider Drivex Fj\u00e4r\u00e5s K\u00e4rcher GMR Holder Sch\u00e4ffer Agriteknikk as Sorknesgrenda 42, Namn\u00e5, Norge Tlf. +47 46 84 26 10 geir@agriteknikk.no ATM Service Lillesand as Birkelandsveien 330, Lillesand, Norge Tlf. +47 91 71 71 [&hellip;]","og_url":"https:\/\/nellemannmachinery.no\/forhandlere\/","og_site_name":"Nellemann Machinery","article_publisher":"https:\/\/www.facebook.com\/Nellemann-Machinery-718705991612962","article_modified_time":"2021-05-11T11:19:34+00:00","twitter_card":"summary_large_image","schema":{"@context":"https:\/\/schema.org","@graph":[{"@type":"WebPage","@id":"https:\/\/nellemannmachinery.no\/forhandlere\/","url":"https:\/\/nellemannmachinery.no\/forhandlere\/","name":"Forhandlere - Nellemann Machinery","isPartOf":{"@id":"https:\/\/dev.nellemannmachinery.dk\/#website"},"datePublished":"2020-05-13T11:39:34+00:00","dateModified":"2021-05-11T11:19:34+00:00","breadcrumb":{"@id":"https:\/\/nellemannmachinery.no\/forhandlere\/#breadcrumb"},"inLanguage":"nb-NO","potentialAction":[{"@type":"ReadAction","target":["https:\/\/nellemannmachinery.no\/forhandlere\/"]}]},{"@type":"BreadcrumbList","@id":"https:\/\/nellemannmachinery.no\/forhandlere\/#breadcrumb","itemListElement":[{"@type":"ListItem","position":1,"name":"Home","item":"https:\/\/nellemannmachinery.no\/"},{"@type":"ListItem","position":2,"name":"Forhandlere"}]},{"@type":"WebSite","@id":"https:\/\/dev.nellemannmachinery.dk\/#website","url":"https:\/\/dev.nellemannmachinery.dk\/","name":"Nellemann Machinery","description":"","publisher":{"@id":"https:\/\/dev.nellemannmachinery.dk\/#organization"},"potentialAction":[{"@type":"SearchAction","target":{"@type":"EntryPoint","urlTemplate":"https:\/\/dev.nellemannmachinery.dk\/?s={search_term_string}"},"query-input":{"@type":"PropertyValueSpecification","valueRequired":true,"valueName":"search_term_string"}}],"inLanguage":"nb-NO"},{"@type":"Organization","@id":"https:\/\/dev.nellemannmachinery.dk\/#organization","name":"Nellemann Machinery","url":"https:\/\/dev.nellemannmachinery.dk\/","logo":{"@type":"ImageObject","inLanguage":"nb-NO","@id":"https:\/\/dev.nellemannmachinery.dk\/#\/schema\/logo\/image\/","url":"https:\/\/dev.nellemannmachinery.dk\/wp-content\/uploads\/2020\/09\/logo-1.png","contentUrl":"https:\/\/dev.nellemannmachinery.dk\/wp-content\/uploads\/2020\/09\/logo-1.png","width":398,"height":71,"caption":"Nellemann Machinery"},"image":{"@id":"https:\/\/dev.nellemannmachinery.dk\/#\/schema\/logo\/image\/"},"sameAs":["https:\/\/www.facebook.com\/Nellemann-Machinery-718705991612962","https:\/\/www.instagram.com\/nellemannmachinery\/?hl=da","https:\/\/www.linkedin.com\/company\/svenningsens-maskinforretning-as\/about\/"]}]}},"_links":{"self":[{"href":"https:\/\/dev.nellemannmachinery.dk\/no\/wp-json\/wp\/v2\/pages\/864","targetHints":{"allow":["GET"]}}],"collection":[{"href":"https:\/\/dev.nellemannmachinery.dk\/no\/wp-json\/wp\/v2\/pages"}],"about":[{"href":"https:\/\/dev.nellemannmachinery.dk\/no\/wp-json\/wp\/v2\/types\/page"}],"author":[{"embeddable":true,"href":"https:\/\/dev.nellemannmachinery.dk\/no\/wp-json\/wp\/v2\/users\/1"}],"replies":[{"embeddable":true,"href":"https:\/\/dev.nellemannmachinery.dk\/no\/wp-json\/wp\/v2\/comments?post=864"}],"version-history":[{"count":0,"href":"https:\/\/dev.nellemannmachinery.dk\/no\/wp-json\/wp\/v2\/pages\/864\/revisions"}],"wp:attachment":[{"href":"https:\/\/dev.nellemannmachinery.dk\/no\/wp-json\/wp\/v2\/media?parent=864"}],"curies":[{"name":"wp","href":"https:\/\/api.w.org\/{rel}","templated":true}]}}