{"id":10685,"date":"2021-06-10T09:59:11","date_gmt":"2021-06-10T07:59:11","guid":{"rendered":"https:\/\/dev.nellemannmachinery.dk\/?post_type=product&#038;p=10685"},"modified":"2021-07-22T12:55:40","modified_gmt":"2021-07-22T10:55:40","slug":"schaffer-2028","status":"publish","type":"product","link":"https:\/\/dev.nellemannmachinery.dk\/no\/produkt\/schaffer-2028\/","title":{"rendered":"SCH\u00c4FFER 2028"},"excerpt":{"rendered":"<p>Det er neppe noen annen laster i denne klassen, som kan m\u00e5le seg med 2028 og 2030 i form av trekkraft og smidighet. Takket v\u00e6re den variable hydrostaten justerer dieselmotoren hastigheten automatisk til n\u00f8dvendig effekt. Motoren kan ikke overbelastes, da den alltid opererer innenfor det optimale hastighetsomr\u00e5det.<\/p>\n<p>Accelerator pedalens impulser overf\u00f8res momentant. Sch\u00e4ffer lasterne 2028 og 2030 kan h\u00e5ndtere langt mer enn man kan forestille seg.<\/p>\n","protected":false},"featured_media":10686,"template":"","meta":{"_acf_changed":false,"inline_featured_image":false},"product_brand":[],"product_cat":[700,673],"product_tag":[669,667,305,668,665],"class_list":{"0":"post-10685","1":"product","2":"type-product","3":"status-publish","4":"has-post-thumbnail","6":"product_cat-kompaktlastere","7":"product_cat-landbruk-no","8":"product_tag-669","9":"product_tag-kompaktlaster","10":"product_tag-laster","11":"product_tag-minilaster","12":"product_tag-schaffer","13":"brand-schaffer-no","15":"first","16":"instock","17":"shipping-taxable","18":"product-type-simple"},"acf":[],"yoast_head":"<!-- This site is optimized with the Yoast SEO plugin v27.4 - https:\/\/yoast.com\/product\/yoast-seo-wordpress\/ -->\n<title>SCH\u00c4FFER 2028 - Nellemann Machinery<\/title>\n<meta name=\"robots\" content=\"noindex, follow, max-snippet:-1, max-image-preview:large, max-video-preview:-1\" \/>\n<meta property=\"og:locale\" content=\"nb_NO\" \/>\n<meta property=\"og:type\" content=\"article\" \/>\n<meta property=\"og:title\" content=\"SCH\u00c4FFER 2028 - Nellemann Machinery\" \/>\n<meta property=\"og:description\" content=\"Det er neppe noen annen laster i denne klassen, som kan m\u00e5le seg med 2028 og 2030 i form av trekkraft og smidighet. Takket v\u00e6re den variable hydrostaten justerer dieselmotoren hastigheten automatisk til n\u00f8dvendig effekt. Motoren kan ikke overbelastes, da den alltid opererer innenfor det optimale hastighetsomr\u00e5det.  Accelerator pedalens impulser overf\u00f8res momentant. Sch\u00e4ffer lasterne 2028 og 2030 kan h\u00e5ndtere langt mer enn man kan forestille seg.\" \/>\n<meta property=\"og:url\" content=\"https:\/\/nellemannmachinery.no\/produkt\/schaffer-2028\/\" \/>\n<meta property=\"og:site_name\" content=\"Nellemann Machinery\" \/>\n<meta property=\"article:publisher\" content=\"https:\/\/www.facebook.com\/Nellemann-Machinery-718705991612962\" \/>\n<meta property=\"article:modified_time\" content=\"2021-07-22T10:55:40+00:00\" \/>\n<meta property=\"og:image\" content=\"https:\/\/nellemannmachinery.no\/wp-content\/uploads\/2021\/06\/crop_2028_03-scaled.jpg\" \/>\n\t<meta property=\"og:image:width\" content=\"2000\" \/>\n\t<meta property=\"og:image:height\" content=\"1334\" \/>\n\t<meta property=\"og:image:type\" content=\"image\/jpeg\" \/>\n<meta name=\"twitter:card\" content=\"summary_large_image\" \/>\n<!-- \/ Yoast SEO plugin. -->","yoast_head_json":{"title":"SCH\u00c4FFER 2028 - Nellemann Machinery","robots":{"index":"noindex","follow":"follow","max-snippet":"max-snippet:-1","max-image-preview":"max-image-preview:large","max-video-preview":"max-video-preview:-1"},"og_locale":"nb_NO","og_type":"article","og_title":"SCH\u00c4FFER 2028 - Nellemann Machinery","og_description":"Det er neppe noen annen laster i denne klassen, som kan m\u00e5le seg med 2028 og 2030 i form av trekkraft og smidighet. Takket v\u00e6re den variable hydrostaten justerer dieselmotoren hastigheten automatisk til n\u00f8dvendig effekt. Motoren kan ikke overbelastes, da den alltid opererer innenfor det optimale hastighetsomr\u00e5det.  Accelerator pedalens impulser overf\u00f8res momentant. Sch\u00e4ffer lasterne 2028 og 2030 kan h\u00e5ndtere langt mer enn man kan forestille seg.","og_url":"https:\/\/nellemannmachinery.no\/produkt\/schaffer-2028\/","og_site_name":"Nellemann Machinery","article_publisher":"https:\/\/www.facebook.com\/Nellemann-Machinery-718705991612962","article_modified_time":"2021-07-22T10:55:40+00:00","og_image":[{"width":2000,"height":1334,"url":"https:\/\/nellemannmachinery.no\/wp-content\/uploads\/2021\/06\/crop_2028_03-scaled.jpg","type":"image\/jpeg"}],"twitter_card":"summary_large_image","schema":{"@context":"https:\/\/schema.org","@graph":[{"@type":"WebPage","@id":"https:\/\/nellemannmachinery.no\/produkt\/schaffer-2028\/","url":"https:\/\/nellemannmachinery.no\/produkt\/schaffer-2028\/","name":"SCH\u00c4FFER 2028 - Nellemann Machinery","isPartOf":{"@id":"https:\/\/dev.nellemannmachinery.dk\/#website"},"primaryImageOfPage":{"@id":"https:\/\/nellemannmachinery.no\/produkt\/schaffer-2028\/#primaryimage"},"image":{"@id":"https:\/\/nellemannmachinery.no\/produkt\/schaffer-2028\/#primaryimage"},"thumbnailUrl":"https:\/\/dev.nellemannmachinery.dk\/wp-content\/uploads\/2021\/06\/crop_2028_03-scaled.jpg","datePublished":"2021-06-10T07:59:11+00:00","dateModified":"2021-07-22T10:55:40+00:00","breadcrumb":{"@id":"https:\/\/nellemannmachinery.no\/produkt\/schaffer-2028\/#breadcrumb"},"inLanguage":"nb-NO","potentialAction":[{"@type":"ReadAction","target":["https:\/\/nellemannmachinery.no\/produkt\/schaffer-2028\/"]}]},{"@type":"ImageObject","inLanguage":"nb-NO","@id":"https:\/\/nellemannmachinery.no\/produkt\/schaffer-2028\/#primaryimage","url":"https:\/\/dev.nellemannmachinery.dk\/wp-content\/uploads\/2021\/06\/crop_2028_03-scaled.jpg","contentUrl":"https:\/\/dev.nellemannmachinery.dk\/wp-content\/uploads\/2021\/06\/crop_2028_03-scaled.jpg","width":2000,"height":1334},{"@type":"BreadcrumbList","@id":"https:\/\/nellemannmachinery.no\/produkt\/schaffer-2028\/#breadcrumb","itemListElement":[{"@type":"ListItem","position":1,"name":"Home","item":"https:\/\/nellemannmachinery.no\/"},{"@type":"ListItem","position":2,"name":"Shop","item":"https:\/\/dev.nellemannmachinery.dk\/shop\/"},{"@type":"ListItem","position":3,"name":"SCH\u00c4FFER 2028"}]},{"@type":"WebSite","@id":"https:\/\/dev.nellemannmachinery.dk\/#website","url":"https:\/\/dev.nellemannmachinery.dk\/","name":"Nellemann Machinery","description":"","publisher":{"@id":"https:\/\/dev.nellemannmachinery.dk\/#organization"},"potentialAction":[{"@type":"SearchAction","target":{"@type":"EntryPoint","urlTemplate":"https:\/\/dev.nellemannmachinery.dk\/?s={search_term_string}"},"query-input":{"@type":"PropertyValueSpecification","valueRequired":true,"valueName":"search_term_string"}}],"inLanguage":"nb-NO"},{"@type":"Organization","@id":"https:\/\/dev.nellemannmachinery.dk\/#organization","name":"Nellemann Machinery","url":"https:\/\/dev.nellemannmachinery.dk\/","logo":{"@type":"ImageObject","inLanguage":"nb-NO","@id":"https:\/\/dev.nellemannmachinery.dk\/#\/schema\/logo\/image\/","url":"https:\/\/dev.nellemannmachinery.dk\/wp-content\/uploads\/2020\/09\/logo-1.png","contentUrl":"https:\/\/dev.nellemannmachinery.dk\/wp-content\/uploads\/2020\/09\/logo-1.png","width":398,"height":71,"caption":"Nellemann Machinery"},"image":{"@id":"https:\/\/dev.nellemannmachinery.dk\/#\/schema\/logo\/image\/"},"sameAs":["https:\/\/www.facebook.com\/Nellemann-Machinery-718705991612962","https:\/\/www.instagram.com\/nellemannmachinery\/?hl=da","https:\/\/www.linkedin.com\/company\/svenningsens-maskinforretning-as\/about\/"]}]}},"_links":{"self":[{"href":"https:\/\/dev.nellemannmachinery.dk\/no\/wp-json\/wp\/v2\/product\/10685","targetHints":{"allow":["GET"]}}],"collection":[{"href":"https:\/\/dev.nellemannmachinery.dk\/no\/wp-json\/wp\/v2\/product"}],"about":[{"href":"https:\/\/dev.nellemannmachinery.dk\/no\/wp-json\/wp\/v2\/types\/product"}],"wp:featuredmedia":[{"embeddable":true,"href":"https:\/\/dev.nellemannmachinery.dk\/no\/wp-json\/wp\/v2\/media\/10686"}],"wp:attachment":[{"href":"https:\/\/dev.nellemannmachinery.dk\/no\/wp-json\/wp\/v2\/media?parent=10685"}],"wp:term":[{"taxonomy":"product_brand","embeddable":true,"href":"https:\/\/dev.nellemannmachinery.dk\/no\/wp-json\/wp\/v2\/product_brand?post=10685"},{"taxonomy":"product_cat","embeddable":true,"href":"https:\/\/dev.nellemannmachinery.dk\/no\/wp-json\/wp\/v2\/product_cat?post=10685"},{"taxonomy":"product_tag","embeddable":true,"href":"https:\/\/dev.nellemannmachinery.dk\/no\/wp-json\/wp\/v2\/product_tag?post=10685"}],"curies":[{"name":"wp","href":"https:\/\/api.w.org\/{rel}","templated":true}]}}