{"id":10874,"date":"2021-06-22T10:59:13","date_gmt":"2021-06-22T08:59:13","guid":{"rendered":"https:\/\/dev.nellemannmachinery.dk\/?post_type=product&#038;p=10874"},"modified":"2021-07-22T12:56:38","modified_gmt":"2021-07-22T10:56:38","slug":"schaffer-nordic-30","status":"publish","type":"product","link":"https:\/\/dev.nellemannmachinery.dk\/no\/produkt\/schaffer-nordic-30\/","title":{"rendered":"SCH\u00c4FFER NORDIC 30+"},"excerpt":{"rendered":"<p>En modell for det nordiske markedet, som oppfyller utrolig mange behov og er kvikk og rask. P\u00e5 grunn av den h\u00f8yutviklede driftshydraulikken gj\u00f8r sl\u00e5r Nordic 30+ sine forgjengere i samme st\u00f8rrelse p\u00e5 alle punkter.<\/p>\n<p>Liten svingradius, store hjul, og kort akselavstand.<\/p>\n<p>Kraftig t\u00e5rn med god utsyn for f\u00f8rer<\/p>\n<p>Knekkleddet er fabrikksmurt fra fabrikk og vedlikeholdsfritt, med fabrikkgaranti p\u00e5 3 \u00e5r eller 3000 timer.<\/p>\n<p>Kubota motor p\u00e5 25 hk, uten DPF.<\/p>\n<p>Hydrostatisk drift<\/p>\n","protected":false},"featured_media":10875,"template":"","meta":{"_acf_changed":false,"inline_featured_image":false},"product_brand":[],"product_cat":[700,673],"product_tag":[679,225,667,677,665,678],"class_list":{"0":"post-10874","1":"product","2":"type-product","3":"status-publish","4":"has-post-thumbnail","6":"product_cat-kompaktlastere","7":"product_cat-landbruk-no","8":"product_tag-hydrostat","9":"product_tag-kompakt","10":"product_tag-kompaktlaster","11":"product_tag-nordic-30","12":"product_tag-schaffer","13":"product_tag-schaffer-nordic-30","14":"brand-schaffer-no","16":"first","17":"instock","18":"shipping-taxable","19":"product-type-simple"},"acf":[],"yoast_head":"<!-- This site is optimized with the Yoast SEO plugin v27.4 - https:\/\/yoast.com\/product\/yoast-seo-wordpress\/ -->\n<title>SCH\u00c4FFER NORDIC 30+ - Nellemann Machinery<\/title>\n<meta name=\"robots\" content=\"noindex, follow, max-snippet:-1, max-image-preview:large, max-video-preview:-1\" \/>\n<meta property=\"og:locale\" content=\"nb_NO\" \/>\n<meta property=\"og:type\" content=\"article\" \/>\n<meta property=\"og:title\" content=\"SCH\u00c4FFER NORDIC 30+ - Nellemann Machinery\" \/>\n<meta property=\"og:description\" content=\"En modell for det nordiske markedet, som oppfyller utrolig mange behov og er kvikk og rask. P\u00e5 grunn av den h\u00f8yutviklede driftshydraulikken gj\u00f8r sl\u00e5r Nordic 30+ sine forgjengere i samme st\u00f8rrelse p\u00e5 alle punkter.  Liten svingradius, store hjul, og kort akselavstand.  Kraftig t\u00e5rn med god utsyn for f\u00f8rer  Knekkleddet er fabrikksmurt fra fabrikk og vedlikeholdsfritt, med fabrikkgaranti p\u00e5 3 \u00e5r eller 3000 timer.  Kubota motor p\u00e5 25 hk, uten DPF.  Hydrostatisk drift\" \/>\n<meta property=\"og:url\" content=\"https:\/\/nellemannmachinery.no\/produkt\/schaffer-nordic-30\/\" \/>\n<meta property=\"og:site_name\" content=\"Nellemann Machinery\" \/>\n<meta property=\"article:publisher\" content=\"https:\/\/www.facebook.com\/Nellemann-Machinery-718705991612962\" \/>\n<meta property=\"article:modified_time\" content=\"2021-07-22T10:56:38+00:00\" \/>\n<meta property=\"og:image\" content=\"https:\/\/nellemannmachinery.no\/wp-content\/uploads\/2021\/06\/schaffer-nordic-30-5f2ac08bef955.jpeg\" \/>\n\t<meta property=\"og:image:width\" content=\"1570\" \/>\n\t<meta property=\"og:image:height\" content=\"1200\" \/>\n\t<meta property=\"og:image:type\" content=\"image\/jpeg\" \/>\n<meta name=\"twitter:card\" content=\"summary_large_image\" \/>\n<!-- \/ Yoast SEO plugin. -->","yoast_head_json":{"title":"SCH\u00c4FFER NORDIC 30+ - Nellemann Machinery","robots":{"index":"noindex","follow":"follow","max-snippet":"max-snippet:-1","max-image-preview":"max-image-preview:large","max-video-preview":"max-video-preview:-1"},"og_locale":"nb_NO","og_type":"article","og_title":"SCH\u00c4FFER NORDIC 30+ - Nellemann Machinery","og_description":"En modell for det nordiske markedet, som oppfyller utrolig mange behov og er kvikk og rask. P\u00e5 grunn av den h\u00f8yutviklede driftshydraulikken gj\u00f8r sl\u00e5r Nordic 30+ sine forgjengere i samme st\u00f8rrelse p\u00e5 alle punkter.  Liten svingradius, store hjul, og kort akselavstand.  Kraftig t\u00e5rn med god utsyn for f\u00f8rer  Knekkleddet er fabrikksmurt fra fabrikk og vedlikeholdsfritt, med fabrikkgaranti p\u00e5 3 \u00e5r eller 3000 timer.  Kubota motor p\u00e5 25 hk, uten DPF.  Hydrostatisk drift","og_url":"https:\/\/nellemannmachinery.no\/produkt\/schaffer-nordic-30\/","og_site_name":"Nellemann Machinery","article_publisher":"https:\/\/www.facebook.com\/Nellemann-Machinery-718705991612962","article_modified_time":"2021-07-22T10:56:38+00:00","og_image":[{"width":1570,"height":1200,"url":"https:\/\/nellemannmachinery.no\/wp-content\/uploads\/2021\/06\/schaffer-nordic-30-5f2ac08bef955.jpeg","type":"image\/jpeg"}],"twitter_card":"summary_large_image","schema":{"@context":"https:\/\/schema.org","@graph":[{"@type":"WebPage","@id":"https:\/\/nellemannmachinery.no\/produkt\/schaffer-nordic-30\/","url":"https:\/\/nellemannmachinery.no\/produkt\/schaffer-nordic-30\/","name":"SCH\u00c4FFER NORDIC 30+ - Nellemann Machinery","isPartOf":{"@id":"https:\/\/dev.nellemannmachinery.dk\/#website"},"primaryImageOfPage":{"@id":"https:\/\/nellemannmachinery.no\/produkt\/schaffer-nordic-30\/#primaryimage"},"image":{"@id":"https:\/\/nellemannmachinery.no\/produkt\/schaffer-nordic-30\/#primaryimage"},"thumbnailUrl":"https:\/\/dev.nellemannmachinery.dk\/wp-content\/uploads\/2021\/06\/schaffer-nordic-30-5f2ac08bef955.jpeg","datePublished":"2021-06-22T08:59:13+00:00","dateModified":"2021-07-22T10:56:38+00:00","breadcrumb":{"@id":"https:\/\/nellemannmachinery.no\/produkt\/schaffer-nordic-30\/#breadcrumb"},"inLanguage":"nb-NO","potentialAction":[{"@type":"ReadAction","target":["https:\/\/nellemannmachinery.no\/produkt\/schaffer-nordic-30\/"]}]},{"@type":"ImageObject","inLanguage":"nb-NO","@id":"https:\/\/nellemannmachinery.no\/produkt\/schaffer-nordic-30\/#primaryimage","url":"https:\/\/dev.nellemannmachinery.dk\/wp-content\/uploads\/2021\/06\/schaffer-nordic-30-5f2ac08bef955.jpeg","contentUrl":"https:\/\/dev.nellemannmachinery.dk\/wp-content\/uploads\/2021\/06\/schaffer-nordic-30-5f2ac08bef955.jpeg","width":1570,"height":1200},{"@type":"BreadcrumbList","@id":"https:\/\/nellemannmachinery.no\/produkt\/schaffer-nordic-30\/#breadcrumb","itemListElement":[{"@type":"ListItem","position":1,"name":"Home","item":"https:\/\/nellemannmachinery.no\/"},{"@type":"ListItem","position":2,"name":"Shop","item":"https:\/\/dev.nellemannmachinery.dk\/shop\/"},{"@type":"ListItem","position":3,"name":"SCH\u00c4FFER NORDIC 30+"}]},{"@type":"WebSite","@id":"https:\/\/dev.nellemannmachinery.dk\/#website","url":"https:\/\/dev.nellemannmachinery.dk\/","name":"Nellemann Machinery","description":"","publisher":{"@id":"https:\/\/dev.nellemannmachinery.dk\/#organization"},"potentialAction":[{"@type":"SearchAction","target":{"@type":"EntryPoint","urlTemplate":"https:\/\/dev.nellemannmachinery.dk\/?s={search_term_string}"},"query-input":{"@type":"PropertyValueSpecification","valueRequired":true,"valueName":"search_term_string"}}],"inLanguage":"nb-NO"},{"@type":"Organization","@id":"https:\/\/dev.nellemannmachinery.dk\/#organization","name":"Nellemann Machinery","url":"https:\/\/dev.nellemannmachinery.dk\/","logo":{"@type":"ImageObject","inLanguage":"nb-NO","@id":"https:\/\/dev.nellemannmachinery.dk\/#\/schema\/logo\/image\/","url":"https:\/\/dev.nellemannmachinery.dk\/wp-content\/uploads\/2020\/09\/logo-1.png","contentUrl":"https:\/\/dev.nellemannmachinery.dk\/wp-content\/uploads\/2020\/09\/logo-1.png","width":398,"height":71,"caption":"Nellemann Machinery"},"image":{"@id":"https:\/\/dev.nellemannmachinery.dk\/#\/schema\/logo\/image\/"},"sameAs":["https:\/\/www.facebook.com\/Nellemann-Machinery-718705991612962","https:\/\/www.instagram.com\/nellemannmachinery\/?hl=da","https:\/\/www.linkedin.com\/company\/svenningsens-maskinforretning-as\/about\/"]}]}},"_links":{"self":[{"href":"https:\/\/dev.nellemannmachinery.dk\/no\/wp-json\/wp\/v2\/product\/10874","targetHints":{"allow":["GET"]}}],"collection":[{"href":"https:\/\/dev.nellemannmachinery.dk\/no\/wp-json\/wp\/v2\/product"}],"about":[{"href":"https:\/\/dev.nellemannmachinery.dk\/no\/wp-json\/wp\/v2\/types\/product"}],"wp:featuredmedia":[{"embeddable":true,"href":"https:\/\/dev.nellemannmachinery.dk\/no\/wp-json\/wp\/v2\/media\/10875"}],"wp:attachment":[{"href":"https:\/\/dev.nellemannmachinery.dk\/no\/wp-json\/wp\/v2\/media?parent=10874"}],"wp:term":[{"taxonomy":"product_brand","embeddable":true,"href":"https:\/\/dev.nellemannmachinery.dk\/no\/wp-json\/wp\/v2\/product_brand?post=10874"},{"taxonomy":"product_cat","embeddable":true,"href":"https:\/\/dev.nellemannmachinery.dk\/no\/wp-json\/wp\/v2\/product_cat?post=10874"},{"taxonomy":"product_tag","embeddable":true,"href":"https:\/\/dev.nellemannmachinery.dk\/no\/wp-json\/wp\/v2\/product_tag?post=10874"}],"curies":[{"name":"wp","href":"https:\/\/api.w.org\/{rel}","templated":true}]}}