{"id":10892,"date":"2021-06-22T13:43:10","date_gmt":"2021-06-22T11:43:10","guid":{"rendered":"https:\/\/dev.nellemannmachinery.dk\/?post_type=product&#038;p=10892"},"modified":"2021-07-22T12:56:46","modified_gmt":"2021-07-22T10:56:46","slug":"schaffer-nordic-42","status":"publish","type":"product","link":"https:\/\/dev.nellemannmachinery.dk\/no\/produkt\/schaffer-nordic-42\/","title":{"rendered":"SCH\u00c4FFER NORDIC 42+"},"excerpt":{"rendered":"<p>Med st\u00f8rre l\u00f8ftekraft enn tidligere, i tillegg til en overlegen skyvekraft med den ny transmisjonen hvor man er sikret den nyeste teknikken. 2 gir som standard med HTF transmisjon, hvor maskinen selv girer ned n\u00e5r den m\u00f8ter belastning.<\/p>\n<p>Transmisjonen sikrer maksimal utnyttelse av motorkraften gjennom en moderne hydraulikk. Motoren innfrir ogs\u00e5 de siste steg 5 utslippskrav.<\/p>\n<p>38 hk Kubota motor<\/p>\n<p>&nbsp;<\/p>\n","protected":false},"featured_media":10893,"template":"","meta":{"_acf_changed":false,"inline_featured_image":false},"product_brand":[],"product_cat":[700,673],"product_tag":[684,665,683],"class_list":{"0":"post-10892","1":"product","2":"type-product","3":"status-publish","4":"has-post-thumbnail","6":"product_cat-kompaktlastere","7":"product_cat-landbruk-no","8":"product_tag-nordic-42-hs","9":"product_tag-schaffer","10":"product_tag-schaffer-laster","11":"brand-schaffer-no","13":"first","14":"instock","15":"shipping-taxable","16":"product-type-simple"},"acf":[],"yoast_head":"<!-- This site is optimized with the Yoast SEO plugin v27.4 - https:\/\/yoast.com\/product\/yoast-seo-wordpress\/ -->\n<title>SCH\u00c4FFER NORDIC 42+ - Nellemann Machinery<\/title>\n<meta name=\"robots\" content=\"noindex, follow, max-snippet:-1, max-image-preview:large, max-video-preview:-1\" \/>\n<meta property=\"og:locale\" content=\"nb_NO\" \/>\n<meta property=\"og:type\" content=\"article\" \/>\n<meta property=\"og:title\" content=\"SCH\u00c4FFER NORDIC 42+ - Nellemann Machinery\" \/>\n<meta property=\"og:description\" content=\"Med st\u00f8rre l\u00f8ftekraft enn tidligere, i tillegg til en overlegen skyvekraft med den ny transmisjonen hvor man er sikret den nyeste teknikken. 2 gir som standard med HTF transmisjon, hvor maskinen selv girer ned n\u00e5r den m\u00f8ter belastning.  Transmisjonen sikrer maksimal utnyttelse av motorkraften gjennom en moderne hydraulikk. Motoren innfrir ogs\u00e5 de siste steg 5 utslippskrav.  38 hk Kubota motor  &nbsp;\" \/>\n<meta property=\"og:url\" content=\"https:\/\/nellemannmachinery.no\/produkt\/schaffer-nordic-42\/\" \/>\n<meta property=\"og:site_name\" content=\"Nellemann Machinery\" \/>\n<meta property=\"article:publisher\" content=\"https:\/\/www.facebook.com\/Nellemann-Machinery-718705991612962\" \/>\n<meta property=\"article:modified_time\" content=\"2021-07-22T10:56:46+00:00\" \/>\n<meta property=\"og:image\" content=\"https:\/\/nellemannmachinery.no\/wp-content\/uploads\/2021\/06\/schaffer-nordic-42-5f22cb6638791.jpeg\" \/>\n\t<meta property=\"og:image:width\" content=\"1600\" \/>\n\t<meta property=\"og:image:height\" content=\"1200\" \/>\n\t<meta property=\"og:image:type\" content=\"image\/jpeg\" \/>\n<meta name=\"twitter:card\" content=\"summary_large_image\" \/>\n<!-- \/ Yoast SEO plugin. -->","yoast_head_json":{"title":"SCH\u00c4FFER NORDIC 42+ - Nellemann Machinery","robots":{"index":"noindex","follow":"follow","max-snippet":"max-snippet:-1","max-image-preview":"max-image-preview:large","max-video-preview":"max-video-preview:-1"},"og_locale":"nb_NO","og_type":"article","og_title":"SCH\u00c4FFER NORDIC 42+ - Nellemann Machinery","og_description":"Med st\u00f8rre l\u00f8ftekraft enn tidligere, i tillegg til en overlegen skyvekraft med den ny transmisjonen hvor man er sikret den nyeste teknikken. 2 gir som standard med HTF transmisjon, hvor maskinen selv girer ned n\u00e5r den m\u00f8ter belastning.  Transmisjonen sikrer maksimal utnyttelse av motorkraften gjennom en moderne hydraulikk. Motoren innfrir ogs\u00e5 de siste steg 5 utslippskrav.  38 hk Kubota motor  &nbsp;","og_url":"https:\/\/nellemannmachinery.no\/produkt\/schaffer-nordic-42\/","og_site_name":"Nellemann Machinery","article_publisher":"https:\/\/www.facebook.com\/Nellemann-Machinery-718705991612962","article_modified_time":"2021-07-22T10:56:46+00:00","og_image":[{"width":1600,"height":1200,"url":"https:\/\/nellemannmachinery.no\/wp-content\/uploads\/2021\/06\/schaffer-nordic-42-5f22cb6638791.jpeg","type":"image\/jpeg"}],"twitter_card":"summary_large_image","schema":{"@context":"https:\/\/schema.org","@graph":[{"@type":"WebPage","@id":"https:\/\/nellemannmachinery.no\/produkt\/schaffer-nordic-42\/","url":"https:\/\/nellemannmachinery.no\/produkt\/schaffer-nordic-42\/","name":"SCH\u00c4FFER NORDIC 42+ - Nellemann Machinery","isPartOf":{"@id":"https:\/\/dev.nellemannmachinery.dk\/#website"},"primaryImageOfPage":{"@id":"https:\/\/nellemannmachinery.no\/produkt\/schaffer-nordic-42\/#primaryimage"},"image":{"@id":"https:\/\/nellemannmachinery.no\/produkt\/schaffer-nordic-42\/#primaryimage"},"thumbnailUrl":"https:\/\/dev.nellemannmachinery.dk\/wp-content\/uploads\/2021\/06\/schaffer-nordic-42-5f22cb6638791.jpeg","datePublished":"2021-06-22T11:43:10+00:00","dateModified":"2021-07-22T10:56:46+00:00","breadcrumb":{"@id":"https:\/\/nellemannmachinery.no\/produkt\/schaffer-nordic-42\/#breadcrumb"},"inLanguage":"nb-NO","potentialAction":[{"@type":"ReadAction","target":["https:\/\/nellemannmachinery.no\/produkt\/schaffer-nordic-42\/"]}]},{"@type":"ImageObject","inLanguage":"nb-NO","@id":"https:\/\/nellemannmachinery.no\/produkt\/schaffer-nordic-42\/#primaryimage","url":"https:\/\/dev.nellemannmachinery.dk\/wp-content\/uploads\/2021\/06\/schaffer-nordic-42-5f22cb6638791.jpeg","contentUrl":"https:\/\/dev.nellemannmachinery.dk\/wp-content\/uploads\/2021\/06\/schaffer-nordic-42-5f22cb6638791.jpeg","width":1600,"height":1200},{"@type":"BreadcrumbList","@id":"https:\/\/nellemannmachinery.no\/produkt\/schaffer-nordic-42\/#breadcrumb","itemListElement":[{"@type":"ListItem","position":1,"name":"Home","item":"https:\/\/nellemannmachinery.no\/"},{"@type":"ListItem","position":2,"name":"Shop","item":"https:\/\/dev.nellemannmachinery.dk\/shop\/"},{"@type":"ListItem","position":3,"name":"SCH\u00c4FFER NORDIC 42+"}]},{"@type":"WebSite","@id":"https:\/\/dev.nellemannmachinery.dk\/#website","url":"https:\/\/dev.nellemannmachinery.dk\/","name":"Nellemann Machinery","description":"","publisher":{"@id":"https:\/\/dev.nellemannmachinery.dk\/#organization"},"potentialAction":[{"@type":"SearchAction","target":{"@type":"EntryPoint","urlTemplate":"https:\/\/dev.nellemannmachinery.dk\/?s={search_term_string}"},"query-input":{"@type":"PropertyValueSpecification","valueRequired":true,"valueName":"search_term_string"}}],"inLanguage":"nb-NO"},{"@type":"Organization","@id":"https:\/\/dev.nellemannmachinery.dk\/#organization","name":"Nellemann Machinery","url":"https:\/\/dev.nellemannmachinery.dk\/","logo":{"@type":"ImageObject","inLanguage":"nb-NO","@id":"https:\/\/dev.nellemannmachinery.dk\/#\/schema\/logo\/image\/","url":"https:\/\/dev.nellemannmachinery.dk\/wp-content\/uploads\/2020\/09\/logo-1.png","contentUrl":"https:\/\/dev.nellemannmachinery.dk\/wp-content\/uploads\/2020\/09\/logo-1.png","width":398,"height":71,"caption":"Nellemann Machinery"},"image":{"@id":"https:\/\/dev.nellemannmachinery.dk\/#\/schema\/logo\/image\/"},"sameAs":["https:\/\/www.facebook.com\/Nellemann-Machinery-718705991612962","https:\/\/www.instagram.com\/nellemannmachinery\/?hl=da","https:\/\/www.linkedin.com\/company\/svenningsens-maskinforretning-as\/about\/"]}]}},"_links":{"self":[{"href":"https:\/\/dev.nellemannmachinery.dk\/no\/wp-json\/wp\/v2\/product\/10892","targetHints":{"allow":["GET"]}}],"collection":[{"href":"https:\/\/dev.nellemannmachinery.dk\/no\/wp-json\/wp\/v2\/product"}],"about":[{"href":"https:\/\/dev.nellemannmachinery.dk\/no\/wp-json\/wp\/v2\/types\/product"}],"wp:featuredmedia":[{"embeddable":true,"href":"https:\/\/dev.nellemannmachinery.dk\/no\/wp-json\/wp\/v2\/media\/10893"}],"wp:attachment":[{"href":"https:\/\/dev.nellemannmachinery.dk\/no\/wp-json\/wp\/v2\/media?parent=10892"}],"wp:term":[{"taxonomy":"product_brand","embeddable":true,"href":"https:\/\/dev.nellemannmachinery.dk\/no\/wp-json\/wp\/v2\/product_brand?post=10892"},{"taxonomy":"product_cat","embeddable":true,"href":"https:\/\/dev.nellemannmachinery.dk\/no\/wp-json\/wp\/v2\/product_cat?post=10892"},{"taxonomy":"product_tag","embeddable":true,"href":"https:\/\/dev.nellemannmachinery.dk\/no\/wp-json\/wp\/v2\/product_tag?post=10892"}],"curies":[{"name":"wp","href":"https:\/\/api.w.org\/{rel}","templated":true}]}}