{"id":10947,"date":"2021-06-23T13:42:59","date_gmt":"2021-06-23T11:42:59","guid":{"rendered":"https:\/\/dev.nellemannmachinery.dk\/?post_type=product&#038;p=10947"},"modified":"2021-11-11T15:28:25","modified_gmt":"2021-11-11T13:28:25","slug":"schaffer-2430-nordic-hd","status":"publish","type":"product","link":"https:\/\/dev.nellemannmachinery.dk\/no\/produkt\/schaffer-2430-nordic-hd\/","title":{"rendered":"SCH\u00c4FFER 2430 NORDIC HD"},"excerpt":{"rendered":"<p>En helt nydefinert hydraulikk, kombinert med en ny type 25 hk motor med meget stort slagvolum. Dette sikrer en fremtidsrettet maskin til en konkurransedyktig pris n\u00e5r man sammenligner ytelse og kvalitet.<br \/>\nSamtidig gj\u00f8r dette at maskinen g\u00e5r rolig med lavt drivstofforbruk.<\/p>\n<p>Maskinen h\u00e5ndterer en pall med stein p\u00e5 1500 kg og kan lett flyttes p\u00e5 en tilhenger.<\/p>\n<p>&nbsp;<\/p>\n","protected":false},"featured_media":10948,"template":"","meta":{"_acf_changed":false,"inline_featured_image":false},"product_brand":[],"product_cat":[672,799],"product_tag":[665,687,681],"class_list":{"0":"post-10947","1":"product","2":"type-product","3":"status-publish","4":"has-post-thumbnail","6":"product_cat-entreprenor","7":"product_cat-kompaktlastere-no","8":"product_tag-schaffer","9":"product_tag-schaffer-2430","10":"product_tag-schaffer-kompaktlaster","11":"brand-schaffer-no","13":"first","14":"instock","15":"shipping-taxable","16":"product-type-simple"},"acf":[],"yoast_head":"<!-- This site is optimized with the Yoast SEO plugin v27.4 - https:\/\/yoast.com\/product\/yoast-seo-wordpress\/ -->\n<title>SCH\u00c4FFER 2430 NORDIC HD - Nellemann Machinery<\/title>\n<meta name=\"robots\" content=\"noindex, follow, max-snippet:-1, max-image-preview:large, max-video-preview:-1\" \/>\n<meta property=\"og:locale\" content=\"nb_NO\" \/>\n<meta property=\"og:type\" content=\"article\" \/>\n<meta property=\"og:title\" content=\"SCH\u00c4FFER 2430 NORDIC HD - Nellemann Machinery\" \/>\n<meta property=\"og:description\" content=\"En helt nydefinert hydraulikk, kombinert med en ny type 25 hk motor med meget stort slagvolum. Dette sikrer en fremtidsrettet maskin til en konkurransedyktig pris n\u00e5r man sammenligner ytelse og kvalitet. Samtidig gj\u00f8r dette at maskinen g\u00e5r rolig med lavt drivstofforbruk.  Maskinen h\u00e5ndterer en pall med stein p\u00e5 1500 kg og kan lett flyttes p\u00e5 en tilhenger.  &nbsp;\" \/>\n<meta property=\"og:url\" content=\"https:\/\/nellemannmachinery.no\/produkt\/schaffer-2430-nordic-hd\/\" \/>\n<meta property=\"og:site_name\" content=\"Nellemann Machinery\" \/>\n<meta property=\"article:publisher\" content=\"https:\/\/www.facebook.com\/Nellemann-Machinery-718705991612962\" \/>\n<meta property=\"article:modified_time\" content=\"2021-11-11T13:28:25+00:00\" \/>\n<meta property=\"og:image\" content=\"https:\/\/nellemannmachinery.no\/wp-content\/uploads\/2021\/06\/schaeffer-2430-5bbc6edf63a22.jpeg\" \/>\n\t<meta property=\"og:image:width\" content=\"1600\" \/>\n\t<meta property=\"og:image:height\" content=\"900\" \/>\n\t<meta property=\"og:image:type\" content=\"image\/jpeg\" \/>\n<meta name=\"twitter:card\" content=\"summary_large_image\" \/>\n<!-- \/ Yoast SEO plugin. -->","yoast_head_json":{"title":"SCH\u00c4FFER 2430 NORDIC HD - Nellemann Machinery","robots":{"index":"noindex","follow":"follow","max-snippet":"max-snippet:-1","max-image-preview":"max-image-preview:large","max-video-preview":"max-video-preview:-1"},"og_locale":"nb_NO","og_type":"article","og_title":"SCH\u00c4FFER 2430 NORDIC HD - Nellemann Machinery","og_description":"En helt nydefinert hydraulikk, kombinert med en ny type 25 hk motor med meget stort slagvolum. Dette sikrer en fremtidsrettet maskin til en konkurransedyktig pris n\u00e5r man sammenligner ytelse og kvalitet. Samtidig gj\u00f8r dette at maskinen g\u00e5r rolig med lavt drivstofforbruk.  Maskinen h\u00e5ndterer en pall med stein p\u00e5 1500 kg og kan lett flyttes p\u00e5 en tilhenger.  &nbsp;","og_url":"https:\/\/nellemannmachinery.no\/produkt\/schaffer-2430-nordic-hd\/","og_site_name":"Nellemann Machinery","article_publisher":"https:\/\/www.facebook.com\/Nellemann-Machinery-718705991612962","article_modified_time":"2021-11-11T13:28:25+00:00","og_image":[{"width":1600,"height":900,"url":"https:\/\/nellemannmachinery.no\/wp-content\/uploads\/2021\/06\/schaeffer-2430-5bbc6edf63a22.jpeg","type":"image\/jpeg"}],"twitter_card":"summary_large_image","schema":{"@context":"https:\/\/schema.org","@graph":[{"@type":"WebPage","@id":"https:\/\/nellemannmachinery.no\/produkt\/schaffer-2430-nordic-hd\/","url":"https:\/\/nellemannmachinery.no\/produkt\/schaffer-2430-nordic-hd\/","name":"SCH\u00c4FFER 2430 NORDIC HD - Nellemann Machinery","isPartOf":{"@id":"https:\/\/dev.nellemannmachinery.dk\/#website"},"primaryImageOfPage":{"@id":"https:\/\/nellemannmachinery.no\/produkt\/schaffer-2430-nordic-hd\/#primaryimage"},"image":{"@id":"https:\/\/nellemannmachinery.no\/produkt\/schaffer-2430-nordic-hd\/#primaryimage"},"thumbnailUrl":"https:\/\/dev.nellemannmachinery.dk\/wp-content\/uploads\/2021\/06\/schaeffer-2430-5bbc6edf63a22.jpeg","datePublished":"2021-06-23T11:42:59+00:00","dateModified":"2021-11-11T13:28:25+00:00","breadcrumb":{"@id":"https:\/\/nellemannmachinery.no\/produkt\/schaffer-2430-nordic-hd\/#breadcrumb"},"inLanguage":"nb-NO","potentialAction":[{"@type":"ReadAction","target":["https:\/\/nellemannmachinery.no\/produkt\/schaffer-2430-nordic-hd\/"]}]},{"@type":"ImageObject","inLanguage":"nb-NO","@id":"https:\/\/nellemannmachinery.no\/produkt\/schaffer-2430-nordic-hd\/#primaryimage","url":"https:\/\/dev.nellemannmachinery.dk\/wp-content\/uploads\/2021\/06\/schaeffer-2430-5bbc6edf63a22.jpeg","contentUrl":"https:\/\/dev.nellemannmachinery.dk\/wp-content\/uploads\/2021\/06\/schaeffer-2430-5bbc6edf63a22.jpeg","width":1600,"height":900},{"@type":"BreadcrumbList","@id":"https:\/\/nellemannmachinery.no\/produkt\/schaffer-2430-nordic-hd\/#breadcrumb","itemListElement":[{"@type":"ListItem","position":1,"name":"Home","item":"https:\/\/nellemannmachinery.no\/"},{"@type":"ListItem","position":2,"name":"Shop","item":"https:\/\/dev.nellemannmachinery.dk\/shop\/"},{"@type":"ListItem","position":3,"name":"SCH\u00c4FFER 2430 NORDIC HD"}]},{"@type":"WebSite","@id":"https:\/\/dev.nellemannmachinery.dk\/#website","url":"https:\/\/dev.nellemannmachinery.dk\/","name":"Nellemann Machinery","description":"","publisher":{"@id":"https:\/\/dev.nellemannmachinery.dk\/#organization"},"potentialAction":[{"@type":"SearchAction","target":{"@type":"EntryPoint","urlTemplate":"https:\/\/dev.nellemannmachinery.dk\/?s={search_term_string}"},"query-input":{"@type":"PropertyValueSpecification","valueRequired":true,"valueName":"search_term_string"}}],"inLanguage":"nb-NO"},{"@type":"Organization","@id":"https:\/\/dev.nellemannmachinery.dk\/#organization","name":"Nellemann Machinery","url":"https:\/\/dev.nellemannmachinery.dk\/","logo":{"@type":"ImageObject","inLanguage":"nb-NO","@id":"https:\/\/dev.nellemannmachinery.dk\/#\/schema\/logo\/image\/","url":"https:\/\/dev.nellemannmachinery.dk\/wp-content\/uploads\/2020\/09\/logo-1.png","contentUrl":"https:\/\/dev.nellemannmachinery.dk\/wp-content\/uploads\/2020\/09\/logo-1.png","width":398,"height":71,"caption":"Nellemann Machinery"},"image":{"@id":"https:\/\/dev.nellemannmachinery.dk\/#\/schema\/logo\/image\/"},"sameAs":["https:\/\/www.facebook.com\/Nellemann-Machinery-718705991612962","https:\/\/www.instagram.com\/nellemannmachinery\/?hl=da","https:\/\/www.linkedin.com\/company\/svenningsens-maskinforretning-as\/about\/"]}]}},"_links":{"self":[{"href":"https:\/\/dev.nellemannmachinery.dk\/no\/wp-json\/wp\/v2\/product\/10947","targetHints":{"allow":["GET"]}}],"collection":[{"href":"https:\/\/dev.nellemannmachinery.dk\/no\/wp-json\/wp\/v2\/product"}],"about":[{"href":"https:\/\/dev.nellemannmachinery.dk\/no\/wp-json\/wp\/v2\/types\/product"}],"wp:featuredmedia":[{"embeddable":true,"href":"https:\/\/dev.nellemannmachinery.dk\/no\/wp-json\/wp\/v2\/media\/10948"}],"wp:attachment":[{"href":"https:\/\/dev.nellemannmachinery.dk\/no\/wp-json\/wp\/v2\/media?parent=10947"}],"wp:term":[{"taxonomy":"product_brand","embeddable":true,"href":"https:\/\/dev.nellemannmachinery.dk\/no\/wp-json\/wp\/v2\/product_brand?post=10947"},{"taxonomy":"product_cat","embeddable":true,"href":"https:\/\/dev.nellemannmachinery.dk\/no\/wp-json\/wp\/v2\/product_cat?post=10947"},{"taxonomy":"product_tag","embeddable":true,"href":"https:\/\/dev.nellemannmachinery.dk\/no\/wp-json\/wp\/v2\/product_tag?post=10947"}],"curies":[{"name":"wp","href":"https:\/\/api.w.org\/{rel}","templated":true}]}}