{"id":11148,"date":"2021-07-21T09:43:09","date_gmt":"2021-07-21T07:43:09","guid":{"rendered":"https:\/\/dev.nellemannmachinery.dk\/?post_type=product&#038;p=11148"},"modified":"2023-07-04T10:49:07","modified_gmt":"2023-07-04T08:49:07","slug":"schaffer-24-e","status":"publish","type":"product","link":"https:\/\/dev.nellemannmachinery.dk\/no\/produkt\/schaffer-24-e\/","title":{"rendered":"SCH\u00c4FFER 24 E"},"excerpt":{"rendered":"<p>Elektrisk motor<\/p>\n<p>28 hk (21 kW)<\/p>\n<p>2300 kg<\/p>\n<p>L\u00f8fteh\u00f8yde &#8211; 288 cm eller 311 cm (h\u00f8y-l\u00f8ft versjon)<\/p>\n","protected":false},"featured_media":11170,"template":"","meta":{"_acf_changed":false,"inline_featured_image":false},"product_brand":[],"product_cat":[1009,672,799],"product_tag":[670,305,668,665],"class_list":{"0":"post-11148","1":"product","2":"type-product","3":"status-publish","4":"has-post-thumbnail","6":"product_cat-elektriske-maskiner-no","7":"product_cat-entreprenor","8":"product_cat-kompaktlastere-no","9":"product_tag-23e","10":"product_tag-laster","11":"product_tag-minilaster","12":"product_tag-schaffer","13":"brand-schaffer-no","15":"first","16":"instock","17":"shipping-taxable","18":"product-type-simple"},"acf":[],"yoast_head":"<!-- This site is optimized with the Yoast SEO plugin v27.4 - https:\/\/yoast.com\/product\/yoast-seo-wordpress\/ -->\n<title>SCH\u00c4FFER 24 E - Nellemann Machinery<\/title>\n<meta name=\"description\" content=\"Sch\u00e4ffer 24E elektrisk minilaster gj\u00f8r alt hva en dieselmaskin gj\u00f8r. Kan leveres med dobbel batteripakke for lengee driftstid. L\u00f8ftekapasitet 1900 kg.\" \/>\n<meta name=\"robots\" content=\"noindex, follow, max-snippet:-1, max-image-preview:large, max-video-preview:-1\" \/>\n<meta property=\"og:locale\" content=\"nb_NO\" \/>\n<meta property=\"og:type\" content=\"article\" \/>\n<meta property=\"og:title\" content=\"SCH\u00c4FFER 24 E - Nellemann Machinery\" \/>\n<meta property=\"og:description\" content=\"Sch\u00e4ffer 24E elektrisk minilaster gj\u00f8r alt hva en dieselmaskin gj\u00f8r. Kan leveres med dobbel batteripakke for lengee driftstid. L\u00f8ftekapasitet 1900 kg.\" \/>\n<meta property=\"og:url\" content=\"https:\/\/nellemannmachinery.no\/produkt\/schaffer-24-e\/\" \/>\n<meta property=\"og:site_name\" content=\"Nellemann Machinery\" \/>\n<meta property=\"article:publisher\" content=\"https:\/\/www.facebook.com\/Nellemann-Machinery-718705991612962\" \/>\n<meta property=\"article:modified_time\" content=\"2023-07-04T08:49:07+00:00\" \/>\n<meta property=\"og:image\" content=\"https:\/\/nellemannmachinery.no\/wp-content\/uploads\/2021\/07\/crop_24e_02.jpg\" \/>\n\t<meta property=\"og:image:width\" content=\"1024\" \/>\n\t<meta property=\"og:image:height\" content=\"576\" \/>\n\t<meta property=\"og:image:type\" content=\"image\/jpeg\" \/>\n<meta name=\"twitter:card\" content=\"summary_large_image\" \/>\n<!-- \/ Yoast SEO plugin. -->","yoast_head_json":{"title":"SCH\u00c4FFER 24 E - Nellemann Machinery","description":"Sch\u00e4ffer 24E elektrisk minilaster gj\u00f8r alt hva en dieselmaskin gj\u00f8r. Kan leveres med dobbel batteripakke for lengee driftstid. L\u00f8ftekapasitet 1900 kg.","robots":{"index":"noindex","follow":"follow","max-snippet":"max-snippet:-1","max-image-preview":"max-image-preview:large","max-video-preview":"max-video-preview:-1"},"og_locale":"nb_NO","og_type":"article","og_title":"SCH\u00c4FFER 24 E - Nellemann Machinery","og_description":"Sch\u00e4ffer 24E elektrisk minilaster gj\u00f8r alt hva en dieselmaskin gj\u00f8r. Kan leveres med dobbel batteripakke for lengee driftstid. L\u00f8ftekapasitet 1900 kg.","og_url":"https:\/\/nellemannmachinery.no\/produkt\/schaffer-24-e\/","og_site_name":"Nellemann Machinery","article_publisher":"https:\/\/www.facebook.com\/Nellemann-Machinery-718705991612962","article_modified_time":"2023-07-04T08:49:07+00:00","og_image":[{"width":1024,"height":576,"url":"https:\/\/nellemannmachinery.no\/wp-content\/uploads\/2021\/07\/crop_24e_02.jpg","type":"image\/jpeg"}],"twitter_card":"summary_large_image","schema":{"@context":"https:\/\/schema.org","@graph":[{"@type":"WebPage","@id":"https:\/\/nellemannmachinery.no\/produkt\/schaffer-24-e\/","url":"https:\/\/nellemannmachinery.no\/produkt\/schaffer-24-e\/","name":"SCH\u00c4FFER 24 E - Nellemann Machinery","isPartOf":{"@id":"https:\/\/dev.nellemannmachinery.dk\/#website"},"primaryImageOfPage":{"@id":"https:\/\/nellemannmachinery.no\/produkt\/schaffer-24-e\/#primaryimage"},"image":{"@id":"https:\/\/nellemannmachinery.no\/produkt\/schaffer-24-e\/#primaryimage"},"thumbnailUrl":"https:\/\/dev.nellemannmachinery.dk\/wp-content\/uploads\/2021\/07\/crop_24e_02.jpg","datePublished":"2021-07-21T07:43:09+00:00","dateModified":"2023-07-04T08:49:07+00:00","description":"Sch\u00e4ffer 24E elektrisk minilaster gj\u00f8r alt hva en dieselmaskin gj\u00f8r. Kan leveres med dobbel batteripakke for lengee driftstid. L\u00f8ftekapasitet 1900 kg.","breadcrumb":{"@id":"https:\/\/nellemannmachinery.no\/produkt\/schaffer-24-e\/#breadcrumb"},"inLanguage":"nb-NO","potentialAction":[{"@type":"ReadAction","target":["https:\/\/nellemannmachinery.no\/produkt\/schaffer-24-e\/"]}]},{"@type":"ImageObject","inLanguage":"nb-NO","@id":"https:\/\/nellemannmachinery.no\/produkt\/schaffer-24-e\/#primaryimage","url":"https:\/\/dev.nellemannmachinery.dk\/wp-content\/uploads\/2021\/07\/crop_24e_02.jpg","contentUrl":"https:\/\/dev.nellemannmachinery.dk\/wp-content\/uploads\/2021\/07\/crop_24e_02.jpg","width":1024,"height":576},{"@type":"BreadcrumbList","@id":"https:\/\/nellemannmachinery.no\/produkt\/schaffer-24-e\/#breadcrumb","itemListElement":[{"@type":"ListItem","position":1,"name":"Home","item":"https:\/\/nellemannmachinery.no\/"},{"@type":"ListItem","position":2,"name":"Shop","item":"https:\/\/dev.nellemannmachinery.dk\/shop\/"},{"@type":"ListItem","position":3,"name":"SCH\u00c4FFER 24 E"}]},{"@type":"WebSite","@id":"https:\/\/dev.nellemannmachinery.dk\/#website","url":"https:\/\/dev.nellemannmachinery.dk\/","name":"Nellemann Machinery","description":"","publisher":{"@id":"https:\/\/dev.nellemannmachinery.dk\/#organization"},"potentialAction":[{"@type":"SearchAction","target":{"@type":"EntryPoint","urlTemplate":"https:\/\/dev.nellemannmachinery.dk\/?s={search_term_string}"},"query-input":{"@type":"PropertyValueSpecification","valueRequired":true,"valueName":"search_term_string"}}],"inLanguage":"nb-NO"},{"@type":"Organization","@id":"https:\/\/dev.nellemannmachinery.dk\/#organization","name":"Nellemann Machinery","url":"https:\/\/dev.nellemannmachinery.dk\/","logo":{"@type":"ImageObject","inLanguage":"nb-NO","@id":"https:\/\/dev.nellemannmachinery.dk\/#\/schema\/logo\/image\/","url":"https:\/\/dev.nellemannmachinery.dk\/wp-content\/uploads\/2020\/09\/logo-1.png","contentUrl":"https:\/\/dev.nellemannmachinery.dk\/wp-content\/uploads\/2020\/09\/logo-1.png","width":398,"height":71,"caption":"Nellemann Machinery"},"image":{"@id":"https:\/\/dev.nellemannmachinery.dk\/#\/schema\/logo\/image\/"},"sameAs":["https:\/\/www.facebook.com\/Nellemann-Machinery-718705991612962","https:\/\/www.instagram.com\/nellemannmachinery\/?hl=da","https:\/\/www.linkedin.com\/company\/svenningsens-maskinforretning-as\/about\/"]}]}},"_links":{"self":[{"href":"https:\/\/dev.nellemannmachinery.dk\/no\/wp-json\/wp\/v2\/product\/11148","targetHints":{"allow":["GET"]}}],"collection":[{"href":"https:\/\/dev.nellemannmachinery.dk\/no\/wp-json\/wp\/v2\/product"}],"about":[{"href":"https:\/\/dev.nellemannmachinery.dk\/no\/wp-json\/wp\/v2\/types\/product"}],"wp:featuredmedia":[{"embeddable":true,"href":"https:\/\/dev.nellemannmachinery.dk\/no\/wp-json\/wp\/v2\/media\/11170"}],"wp:attachment":[{"href":"https:\/\/dev.nellemannmachinery.dk\/no\/wp-json\/wp\/v2\/media?parent=11148"}],"wp:term":[{"taxonomy":"product_brand","embeddable":true,"href":"https:\/\/dev.nellemannmachinery.dk\/no\/wp-json\/wp\/v2\/product_brand?post=11148"},{"taxonomy":"product_cat","embeddable":true,"href":"https:\/\/dev.nellemannmachinery.dk\/no\/wp-json\/wp\/v2\/product_cat?post=11148"},{"taxonomy":"product_tag","embeddable":true,"href":"https:\/\/dev.nellemannmachinery.dk\/no\/wp-json\/wp\/v2\/product_tag?post=11148"}],"curies":[{"name":"wp","href":"https:\/\/api.w.org\/{rel}","templated":true}]}}