{"id":11201,"date":"2021-07-22T12:53:49","date_gmt":"2021-07-22T10:53:49","guid":{"rendered":"https:\/\/dev.nellemannmachinery.dk\/?post_type=product&#038;p=11201"},"modified":"2021-07-22T12:56:32","modified_gmt":"2021-07-22T10:56:32","slug":"schaffer-3650","status":"publish","type":"product","link":"https:\/\/dev.nellemannmachinery.dk\/no\/produkt\/schaffer-3650\/","title":{"rendered":"SCH\u00c4FFER 3650"},"excerpt":{"rendered":"<ul>\n<li>3 sylindret Kubota dieselmotor &#8211; 50 hk<\/li>\n<li>DOC og DPF for \u00e5 m\u00f8te stage 5 utslippskravene<\/li>\n<li>Hydrostatisk firehjulsdrift med automotive control<\/li>\n<li>Dekk 10.0\/75-15.3<\/li>\n<li>HTF (high traction force)<\/li>\n<li>SPT (Sch\u00e4ffer power transmission)<\/li>\n<li>Hydraulisk hurtiggir 20 km\/t<\/li>\n<li>Original Sch\u00e4ffer aksel<\/li>\n<li>Kombinert oljekj\u00f8ler<\/li>\n<li>Flerdisk skivebrems, vedlikeholdsfri<\/li>\n<li>Vedlikeholdsfri leddpendel<\/li>\n<\/ul>\n","protected":false},"featured_media":11214,"template":"","meta":{"_acf_changed":false,"inline_featured_image":false},"product_brand":[],"product_cat":[698,673],"product_tag":[305,665,699,683],"class_list":{"0":"post-11201","1":"product","2":"type-product","3":"status-publish","4":"has-post-thumbnail","6":"product_cat-hjullastere","7":"product_cat-landbruk-no","8":"product_tag-laster","9":"product_tag-schaffer","10":"product_tag-schaffer-hjullaster","11":"product_tag-schaffer-laster","12":"brand-schaffer-no","14":"first","15":"instock","16":"shipping-taxable","17":"product-type-simple"},"acf":[],"yoast_head":"<!-- This site is optimized with the Yoast SEO plugin v27.4 - https:\/\/yoast.com\/product\/yoast-seo-wordpress\/ -->\n<title>SCH\u00c4FFER 3650 - Nellemann Machinery<\/title>\n<meta name=\"robots\" content=\"noindex, follow, max-snippet:-1, max-image-preview:large, max-video-preview:-1\" \/>\n<meta property=\"og:locale\" content=\"nb_NO\" \/>\n<meta property=\"og:type\" content=\"article\" \/>\n<meta property=\"og:title\" content=\"SCH\u00c4FFER 3650 - Nellemann Machinery\" \/>\n<meta property=\"og:description\" content=\"3 sylindret Kubota dieselmotor - 50 hk  DOC og DPF for \u00e5 m\u00f8te stage 5 utslippskravene  Hydrostatisk firehjulsdrift med automotive control  Dekk 10.0\/75-15.3  HTF (high traction force)  SPT (Sch\u00e4ffer power transmission)  Hydraulisk hurtiggir 20 km\/t  Original Sch\u00e4ffer aksel  Kombinert oljekj\u00f8ler  Flerdisk skivebrems, vedlikeholdsfri  Vedlikeholdsfri leddpendel\" \/>\n<meta property=\"og:url\" content=\"https:\/\/nellemannmachinery.no\/produkt\/schaffer-3650\/\" \/>\n<meta property=\"og:site_name\" content=\"Nellemann Machinery\" \/>\n<meta property=\"article:publisher\" content=\"https:\/\/www.facebook.com\/Nellemann-Machinery-718705991612962\" \/>\n<meta property=\"article:modified_time\" content=\"2021-07-22T10:56:32+00:00\" \/>\n<meta property=\"og:image\" content=\"https:\/\/nellemannmachinery.no\/wp-content\/uploads\/2021\/07\/schaffer-3650-5f2aa3d264193.jpeg\" \/>\n\t<meta property=\"og:image:width\" content=\"1600\" \/>\n\t<meta property=\"og:image:height\" content=\"1067\" \/>\n\t<meta property=\"og:image:type\" content=\"image\/jpeg\" \/>\n<meta name=\"twitter:card\" content=\"summary_large_image\" \/>\n<!-- \/ Yoast SEO plugin. -->","yoast_head_json":{"title":"SCH\u00c4FFER 3650 - Nellemann Machinery","robots":{"index":"noindex","follow":"follow","max-snippet":"max-snippet:-1","max-image-preview":"max-image-preview:large","max-video-preview":"max-video-preview:-1"},"og_locale":"nb_NO","og_type":"article","og_title":"SCH\u00c4FFER 3650 - Nellemann Machinery","og_description":"3 sylindret Kubota dieselmotor - 50 hk  DOC og DPF for \u00e5 m\u00f8te stage 5 utslippskravene  Hydrostatisk firehjulsdrift med automotive control  Dekk 10.0\/75-15.3  HTF (high traction force)  SPT (Sch\u00e4ffer power transmission)  Hydraulisk hurtiggir 20 km\/t  Original Sch\u00e4ffer aksel  Kombinert oljekj\u00f8ler  Flerdisk skivebrems, vedlikeholdsfri  Vedlikeholdsfri leddpendel","og_url":"https:\/\/nellemannmachinery.no\/produkt\/schaffer-3650\/","og_site_name":"Nellemann Machinery","article_publisher":"https:\/\/www.facebook.com\/Nellemann-Machinery-718705991612962","article_modified_time":"2021-07-22T10:56:32+00:00","og_image":[{"width":1600,"height":1067,"url":"https:\/\/nellemannmachinery.no\/wp-content\/uploads\/2021\/07\/schaffer-3650-5f2aa3d264193.jpeg","type":"image\/jpeg"}],"twitter_card":"summary_large_image","schema":{"@context":"https:\/\/schema.org","@graph":[{"@type":"WebPage","@id":"https:\/\/nellemannmachinery.no\/produkt\/schaffer-3650\/","url":"https:\/\/nellemannmachinery.no\/produkt\/schaffer-3650\/","name":"SCH\u00c4FFER 3650 - Nellemann Machinery","isPartOf":{"@id":"https:\/\/dev.nellemannmachinery.dk\/#website"},"primaryImageOfPage":{"@id":"https:\/\/nellemannmachinery.no\/produkt\/schaffer-3650\/#primaryimage"},"image":{"@id":"https:\/\/nellemannmachinery.no\/produkt\/schaffer-3650\/#primaryimage"},"thumbnailUrl":"https:\/\/dev.nellemannmachinery.dk\/wp-content\/uploads\/2021\/07\/schaffer-3650-5f2aa3d264193.jpeg","datePublished":"2021-07-22T10:53:49+00:00","dateModified":"2021-07-22T10:56:32+00:00","breadcrumb":{"@id":"https:\/\/nellemannmachinery.no\/produkt\/schaffer-3650\/#breadcrumb"},"inLanguage":"nb-NO","potentialAction":[{"@type":"ReadAction","target":["https:\/\/nellemannmachinery.no\/produkt\/schaffer-3650\/"]}]},{"@type":"ImageObject","inLanguage":"nb-NO","@id":"https:\/\/nellemannmachinery.no\/produkt\/schaffer-3650\/#primaryimage","url":"https:\/\/dev.nellemannmachinery.dk\/wp-content\/uploads\/2021\/07\/schaffer-3650-5f2aa3d264193.jpeg","contentUrl":"https:\/\/dev.nellemannmachinery.dk\/wp-content\/uploads\/2021\/07\/schaffer-3650-5f2aa3d264193.jpeg","width":1600,"height":1067},{"@type":"BreadcrumbList","@id":"https:\/\/nellemannmachinery.no\/produkt\/schaffer-3650\/#breadcrumb","itemListElement":[{"@type":"ListItem","position":1,"name":"Home","item":"https:\/\/nellemannmachinery.no\/"},{"@type":"ListItem","position":2,"name":"Shop","item":"https:\/\/dev.nellemannmachinery.dk\/shop\/"},{"@type":"ListItem","position":3,"name":"SCH\u00c4FFER 3650"}]},{"@type":"WebSite","@id":"https:\/\/dev.nellemannmachinery.dk\/#website","url":"https:\/\/dev.nellemannmachinery.dk\/","name":"Nellemann Machinery","description":"","publisher":{"@id":"https:\/\/dev.nellemannmachinery.dk\/#organization"},"potentialAction":[{"@type":"SearchAction","target":{"@type":"EntryPoint","urlTemplate":"https:\/\/dev.nellemannmachinery.dk\/?s={search_term_string}"},"query-input":{"@type":"PropertyValueSpecification","valueRequired":true,"valueName":"search_term_string"}}],"inLanguage":"nb-NO"},{"@type":"Organization","@id":"https:\/\/dev.nellemannmachinery.dk\/#organization","name":"Nellemann Machinery","url":"https:\/\/dev.nellemannmachinery.dk\/","logo":{"@type":"ImageObject","inLanguage":"nb-NO","@id":"https:\/\/dev.nellemannmachinery.dk\/#\/schema\/logo\/image\/","url":"https:\/\/dev.nellemannmachinery.dk\/wp-content\/uploads\/2020\/09\/logo-1.png","contentUrl":"https:\/\/dev.nellemannmachinery.dk\/wp-content\/uploads\/2020\/09\/logo-1.png","width":398,"height":71,"caption":"Nellemann Machinery"},"image":{"@id":"https:\/\/dev.nellemannmachinery.dk\/#\/schema\/logo\/image\/"},"sameAs":["https:\/\/www.facebook.com\/Nellemann-Machinery-718705991612962","https:\/\/www.instagram.com\/nellemannmachinery\/?hl=da","https:\/\/www.linkedin.com\/company\/svenningsens-maskinforretning-as\/about\/"]}]}},"_links":{"self":[{"href":"https:\/\/dev.nellemannmachinery.dk\/no\/wp-json\/wp\/v2\/product\/11201","targetHints":{"allow":["GET"]}}],"collection":[{"href":"https:\/\/dev.nellemannmachinery.dk\/no\/wp-json\/wp\/v2\/product"}],"about":[{"href":"https:\/\/dev.nellemannmachinery.dk\/no\/wp-json\/wp\/v2\/types\/product"}],"wp:featuredmedia":[{"embeddable":true,"href":"https:\/\/dev.nellemannmachinery.dk\/no\/wp-json\/wp\/v2\/media\/11214"}],"wp:attachment":[{"href":"https:\/\/dev.nellemannmachinery.dk\/no\/wp-json\/wp\/v2\/media?parent=11201"}],"wp:term":[{"taxonomy":"product_brand","embeddable":true,"href":"https:\/\/dev.nellemannmachinery.dk\/no\/wp-json\/wp\/v2\/product_brand?post=11201"},{"taxonomy":"product_cat","embeddable":true,"href":"https:\/\/dev.nellemannmachinery.dk\/no\/wp-json\/wp\/v2\/product_cat?post=11201"},{"taxonomy":"product_tag","embeddable":true,"href":"https:\/\/dev.nellemannmachinery.dk\/no\/wp-json\/wp\/v2\/product_tag?post=11201"}],"curies":[{"name":"wp","href":"https:\/\/api.w.org\/{rel}","templated":true}]}}