{"id":11247,"date":"2021-07-22T14:02:27","date_gmt":"2021-07-22T12:02:27","guid":{"rendered":"https:\/\/dev.nellemannmachinery.dk\/?post_type=product&#038;p=11247"},"modified":"2021-07-22T14:20:54","modified_gmt":"2021-07-22T12:20:54","slug":"schaffer-nordic-56","status":"publish","type":"product","link":"https:\/\/dev.nellemannmachinery.dk\/no\/produkt\/schaffer-nordic-56\/","title":{"rendered":"SCH\u00c4FFER NORDIC 56+"},"excerpt":{"rendered":"<ul>\n<li>Kubota motor p\u00e5 51 hk<\/li>\n<li>DOC og PDF &#8211; stage 5<\/li>\n<li>0-20 km\/t hastighet (mulig med 0-28 km\/t tilvalg)<\/li>\n<li>Bredde 122-173 cm<\/li>\n<li>H\u00f8yde 227 cm<\/li>\n<li>Lengde 453 cm (m skuffe)<\/li>\n<li>Arbeidshydraulikk: 52 l\/min<\/li>\n<li>Trykk &#8211; 200 bar<\/li>\n<li>L\u00f8fteevne: 2300 kg<\/li>\n<li>L\u00f8fteh\u00f8yde: 325 cm<\/li>\n<\/ul>\n","protected":false},"featured_media":11281,"template":"","meta":{"_acf_changed":false,"inline_featured_image":false},"product_brand":[],"product_cat":[698,673],"product_tag":[704,701,225,667,472,705,665],"class_list":{"0":"post-11247","1":"product","2":"type-product","3":"status-publish","4":"has-post-thumbnail","6":"product_cat-hjullastere","7":"product_cat-landbruk-no","8":"product_tag-704","9":"product_tag-hjullaster","10":"product_tag-kompakt","11":"product_tag-kompaktlaster","12":"product_tag-lantbruk","13":"product_tag-nordic","14":"product_tag-schaffer","15":"brand-schaffer-no","17":"first","18":"instock","19":"shipping-taxable","20":"product-type-simple"},"acf":[],"yoast_head":"<!-- This site is optimized with the Yoast SEO plugin v27.4 - https:\/\/yoast.com\/product\/yoast-seo-wordpress\/ -->\n<title>SCH\u00c4FFER NORDIC 56+ - Nellemann Machinery<\/title>\n<meta name=\"robots\" content=\"noindex, follow, max-snippet:-1, max-image-preview:large, max-video-preview:-1\" \/>\n<meta property=\"og:locale\" content=\"nb_NO\" \/>\n<meta property=\"og:type\" content=\"article\" \/>\n<meta property=\"og:title\" content=\"SCH\u00c4FFER NORDIC 56+ - Nellemann Machinery\" \/>\n<meta property=\"og:description\" content=\"Kubota motor p\u00e5 51 hk  DOC og PDF - stage 5  0-20 km\/t hastighet (mulig med 0-28 km\/t tilvalg)  Bredde 122-173 cm  H\u00f8yde 227 cm  Lengde 453 cm (m skuffe)  Arbeidshydraulikk: 52 l\/min  Trykk - 200 bar  L\u00f8fteevne: 2300 kg  L\u00f8fteh\u00f8yde: 325 cm\" \/>\n<meta property=\"og:url\" content=\"https:\/\/nellemannmachinery.no\/produkt\/schaffer-nordic-56\/\" \/>\n<meta property=\"og:site_name\" content=\"Nellemann Machinery\" \/>\n<meta property=\"article:publisher\" content=\"https:\/\/www.facebook.com\/Nellemann-Machinery-718705991612962\" \/>\n<meta property=\"article:modified_time\" content=\"2021-07-22T12:20:54+00:00\" \/>\n<meta property=\"og:image\" content=\"https:\/\/nellemannmachinery.no\/wp-content\/uploads\/2021\/07\/schaeffer-nordic-55-5a201f9e702d5.jpeg\" \/>\n\t<meta property=\"og:image:width\" content=\"1600\" \/>\n\t<meta property=\"og:image:height\" content=\"1067\" \/>\n\t<meta property=\"og:image:type\" content=\"image\/jpeg\" \/>\n<meta name=\"twitter:card\" content=\"summary_large_image\" \/>\n<!-- \/ Yoast SEO plugin. -->","yoast_head_json":{"title":"SCH\u00c4FFER NORDIC 56+ - Nellemann Machinery","robots":{"index":"noindex","follow":"follow","max-snippet":"max-snippet:-1","max-image-preview":"max-image-preview:large","max-video-preview":"max-video-preview:-1"},"og_locale":"nb_NO","og_type":"article","og_title":"SCH\u00c4FFER NORDIC 56+ - Nellemann Machinery","og_description":"Kubota motor p\u00e5 51 hk  DOC og PDF - stage 5  0-20 km\/t hastighet (mulig med 0-28 km\/t tilvalg)  Bredde 122-173 cm  H\u00f8yde 227 cm  Lengde 453 cm (m skuffe)  Arbeidshydraulikk: 52 l\/min  Trykk - 200 bar  L\u00f8fteevne: 2300 kg  L\u00f8fteh\u00f8yde: 325 cm","og_url":"https:\/\/nellemannmachinery.no\/produkt\/schaffer-nordic-56\/","og_site_name":"Nellemann Machinery","article_publisher":"https:\/\/www.facebook.com\/Nellemann-Machinery-718705991612962","article_modified_time":"2021-07-22T12:20:54+00:00","og_image":[{"width":1600,"height":1067,"url":"https:\/\/nellemannmachinery.no\/wp-content\/uploads\/2021\/07\/schaeffer-nordic-55-5a201f9e702d5.jpeg","type":"image\/jpeg"}],"twitter_card":"summary_large_image","schema":{"@context":"https:\/\/schema.org","@graph":[{"@type":"WebPage","@id":"https:\/\/nellemannmachinery.no\/produkt\/schaffer-nordic-56\/","url":"https:\/\/nellemannmachinery.no\/produkt\/schaffer-nordic-56\/","name":"SCH\u00c4FFER NORDIC 56+ - Nellemann Machinery","isPartOf":{"@id":"https:\/\/dev.nellemannmachinery.dk\/#website"},"primaryImageOfPage":{"@id":"https:\/\/nellemannmachinery.no\/produkt\/schaffer-nordic-56\/#primaryimage"},"image":{"@id":"https:\/\/nellemannmachinery.no\/produkt\/schaffer-nordic-56\/#primaryimage"},"thumbnailUrl":"https:\/\/dev.nellemannmachinery.dk\/wp-content\/uploads\/2021\/07\/schaeffer-nordic-55-5a201f9e702d5.jpeg","datePublished":"2021-07-22T12:02:27+00:00","dateModified":"2021-07-22T12:20:54+00:00","breadcrumb":{"@id":"https:\/\/nellemannmachinery.no\/produkt\/schaffer-nordic-56\/#breadcrumb"},"inLanguage":"nb-NO","potentialAction":[{"@type":"ReadAction","target":["https:\/\/nellemannmachinery.no\/produkt\/schaffer-nordic-56\/"]}]},{"@type":"ImageObject","inLanguage":"nb-NO","@id":"https:\/\/nellemannmachinery.no\/produkt\/schaffer-nordic-56\/#primaryimage","url":"https:\/\/dev.nellemannmachinery.dk\/wp-content\/uploads\/2021\/07\/schaeffer-nordic-55-5a201f9e702d5.jpeg","contentUrl":"https:\/\/dev.nellemannmachinery.dk\/wp-content\/uploads\/2021\/07\/schaeffer-nordic-55-5a201f9e702d5.jpeg","width":1600,"height":1067},{"@type":"BreadcrumbList","@id":"https:\/\/nellemannmachinery.no\/produkt\/schaffer-nordic-56\/#breadcrumb","itemListElement":[{"@type":"ListItem","position":1,"name":"Home","item":"https:\/\/nellemannmachinery.no\/"},{"@type":"ListItem","position":2,"name":"Shop","item":"https:\/\/dev.nellemannmachinery.dk\/shop\/"},{"@type":"ListItem","position":3,"name":"SCH\u00c4FFER NORDIC 56+"}]},{"@type":"WebSite","@id":"https:\/\/dev.nellemannmachinery.dk\/#website","url":"https:\/\/dev.nellemannmachinery.dk\/","name":"Nellemann Machinery","description":"","publisher":{"@id":"https:\/\/dev.nellemannmachinery.dk\/#organization"},"potentialAction":[{"@type":"SearchAction","target":{"@type":"EntryPoint","urlTemplate":"https:\/\/dev.nellemannmachinery.dk\/?s={search_term_string}"},"query-input":{"@type":"PropertyValueSpecification","valueRequired":true,"valueName":"search_term_string"}}],"inLanguage":"nb-NO"},{"@type":"Organization","@id":"https:\/\/dev.nellemannmachinery.dk\/#organization","name":"Nellemann Machinery","url":"https:\/\/dev.nellemannmachinery.dk\/","logo":{"@type":"ImageObject","inLanguage":"nb-NO","@id":"https:\/\/dev.nellemannmachinery.dk\/#\/schema\/logo\/image\/","url":"https:\/\/dev.nellemannmachinery.dk\/wp-content\/uploads\/2020\/09\/logo-1.png","contentUrl":"https:\/\/dev.nellemannmachinery.dk\/wp-content\/uploads\/2020\/09\/logo-1.png","width":398,"height":71,"caption":"Nellemann Machinery"},"image":{"@id":"https:\/\/dev.nellemannmachinery.dk\/#\/schema\/logo\/image\/"},"sameAs":["https:\/\/www.facebook.com\/Nellemann-Machinery-718705991612962","https:\/\/www.instagram.com\/nellemannmachinery\/?hl=da","https:\/\/www.linkedin.com\/company\/svenningsens-maskinforretning-as\/about\/"]}]}},"_links":{"self":[{"href":"https:\/\/dev.nellemannmachinery.dk\/no\/wp-json\/wp\/v2\/product\/11247","targetHints":{"allow":["GET"]}}],"collection":[{"href":"https:\/\/dev.nellemannmachinery.dk\/no\/wp-json\/wp\/v2\/product"}],"about":[{"href":"https:\/\/dev.nellemannmachinery.dk\/no\/wp-json\/wp\/v2\/types\/product"}],"wp:featuredmedia":[{"embeddable":true,"href":"https:\/\/dev.nellemannmachinery.dk\/no\/wp-json\/wp\/v2\/media\/11281"}],"wp:attachment":[{"href":"https:\/\/dev.nellemannmachinery.dk\/no\/wp-json\/wp\/v2\/media?parent=11247"}],"wp:term":[{"taxonomy":"product_brand","embeddable":true,"href":"https:\/\/dev.nellemannmachinery.dk\/no\/wp-json\/wp\/v2\/product_brand?post=11247"},{"taxonomy":"product_cat","embeddable":true,"href":"https:\/\/dev.nellemannmachinery.dk\/no\/wp-json\/wp\/v2\/product_cat?post=11247"},{"taxonomy":"product_tag","embeddable":true,"href":"https:\/\/dev.nellemannmachinery.dk\/no\/wp-json\/wp\/v2\/product_tag?post=11247"}],"curies":[{"name":"wp","href":"https:\/\/api.w.org\/{rel}","templated":true}]}}