{"id":11284,"date":"2021-09-21T09:09:44","date_gmt":"2021-09-21T07:09:44","guid":{"rendered":"https:\/\/dev.nellemannmachinery.dk\/?post_type=product&#038;p=11284"},"modified":"2021-09-21T11:41:17","modified_gmt":"2021-09-21T09:41:17","slug":"schaffer-nordic-75","status":"publish","type":"product","link":"https:\/\/dev.nellemannmachinery.dk\/no\/produkt\/schaffer-nordic-75\/","title":{"rendered":"SCH\u00c4FFER NORDIC 75+"},"excerpt":{"rendered":"<p><strong>Sch\u00e4ffer Nordic 75+<\/strong><\/p>\n<ul>\n<li>Deutz turbo dieselmotor<\/li>\n<li>75 hk<\/li>\n<li>0-20 km\/t (0-28 km\/t tilvalg)<\/li>\n<li>Bredde: 161-180 cm<\/li>\n<li>H\u00f8yde: 258 cm<\/li>\n<li>Lengde: 512 cm (med skuffe)<\/li>\n<li>Vekt: 4515 kg<\/li>\n<li>Arbeidshydraulikk: 74 l\/min<\/li>\n<li>L\u00f8fteevne: 2800 kg<\/li>\n<li>L\u00f8fteh\u00f8yde: 340 cm<\/li>\n<\/ul>\n","protected":false},"featured_media":11917,"template":"","meta":{"_acf_changed":false,"inline_featured_image":false},"product_brand":[],"product_cat":[698,673],"product_tag":[706,707,701,665,683],"class_list":{"0":"post-11284","1":"product","2":"type-product","3":"status-publish","4":"has-post-thumbnail","6":"product_cat-hjullastere","7":"product_cat-landbruk-no","8":"product_tag-706","9":"product_tag-hjul-laster","10":"product_tag-hjullaster","11":"product_tag-schaffer","12":"product_tag-schaffer-laster","13":"brand-schaffer-no","15":"first","16":"instock","17":"shipping-taxable","18":"product-type-simple"},"acf":[],"yoast_head":"<!-- This site is optimized with the Yoast SEO plugin v27.4 - https:\/\/yoast.com\/product\/yoast-seo-wordpress\/ -->\n<title>SCH\u00c4FFER NORDIC 75+ - Nellemann Machinery<\/title>\n<meta name=\"robots\" content=\"noindex, follow, max-snippet:-1, max-image-preview:large, max-video-preview:-1\" \/>\n<meta property=\"og:locale\" content=\"nb_NO\" \/>\n<meta property=\"og:type\" content=\"article\" \/>\n<meta property=\"og:title\" content=\"SCH\u00c4FFER NORDIC 75+ - Nellemann Machinery\" \/>\n<meta property=\"og:description\" content=\"Sch\u00e4ffer Nordic 75+   Deutz turbo dieselmotor  75 hk  0-20 km\/t (0-28 km\/t tilvalg)  Bredde: 161-180 cm  H\u00f8yde: 258 cm  Lengde: 512 cm (med skuffe)  Vekt: 4515 kg  Arbeidshydraulikk: 74 l\/min  L\u00f8fteevne: 2800 kg  L\u00f8fteh\u00f8yde: 340 cm\" \/>\n<meta property=\"og:url\" content=\"https:\/\/nellemannmachinery.no\/produkt\/schaffer-nordic-75\/\" \/>\n<meta property=\"og:site_name\" content=\"Nellemann Machinery\" \/>\n<meta property=\"article:publisher\" content=\"https:\/\/www.facebook.com\/Nellemann-Machinery-718705991612962\" \/>\n<meta property=\"article:modified_time\" content=\"2021-09-21T09:41:17+00:00\" \/>\n<meta property=\"og:image\" content=\"https:\/\/nellemannmachinery.no\/wp-content\/uploads\/2021\/07\/schaeffer-nordic-75-high-flow-5a201fc8579f8.jpeg\" \/>\n\t<meta property=\"og:image:width\" content=\"1600\" \/>\n\t<meta property=\"og:image:height\" content=\"1067\" \/>\n\t<meta property=\"og:image:type\" content=\"image\/jpeg\" \/>\n<meta name=\"twitter:card\" content=\"summary_large_image\" \/>\n<!-- \/ Yoast SEO plugin. -->","yoast_head_json":{"title":"SCH\u00c4FFER NORDIC 75+ - Nellemann Machinery","robots":{"index":"noindex","follow":"follow","max-snippet":"max-snippet:-1","max-image-preview":"max-image-preview:large","max-video-preview":"max-video-preview:-1"},"og_locale":"nb_NO","og_type":"article","og_title":"SCH\u00c4FFER NORDIC 75+ - Nellemann Machinery","og_description":"Sch\u00e4ffer Nordic 75+   Deutz turbo dieselmotor  75 hk  0-20 km\/t (0-28 km\/t tilvalg)  Bredde: 161-180 cm  H\u00f8yde: 258 cm  Lengde: 512 cm (med skuffe)  Vekt: 4515 kg  Arbeidshydraulikk: 74 l\/min  L\u00f8fteevne: 2800 kg  L\u00f8fteh\u00f8yde: 340 cm","og_url":"https:\/\/nellemannmachinery.no\/produkt\/schaffer-nordic-75\/","og_site_name":"Nellemann Machinery","article_publisher":"https:\/\/www.facebook.com\/Nellemann-Machinery-718705991612962","article_modified_time":"2021-09-21T09:41:17+00:00","og_image":[{"width":1600,"height":1067,"url":"https:\/\/nellemannmachinery.no\/wp-content\/uploads\/2021\/07\/schaeffer-nordic-75-high-flow-5a201fc8579f8.jpeg","type":"image\/jpeg"}],"twitter_card":"summary_large_image","schema":{"@context":"https:\/\/schema.org","@graph":[{"@type":"WebPage","@id":"https:\/\/nellemannmachinery.no\/produkt\/schaffer-nordic-75\/","url":"https:\/\/nellemannmachinery.no\/produkt\/schaffer-nordic-75\/","name":"SCH\u00c4FFER NORDIC 75+ - Nellemann Machinery","isPartOf":{"@id":"https:\/\/dev.nellemannmachinery.dk\/#website"},"primaryImageOfPage":{"@id":"https:\/\/nellemannmachinery.no\/produkt\/schaffer-nordic-75\/#primaryimage"},"image":{"@id":"https:\/\/nellemannmachinery.no\/produkt\/schaffer-nordic-75\/#primaryimage"},"thumbnailUrl":"https:\/\/dev.nellemannmachinery.dk\/wp-content\/uploads\/2021\/07\/schaeffer-nordic-75-high-flow-5a201fc8579f8.jpeg","datePublished":"2021-09-21T07:09:44+00:00","dateModified":"2021-09-21T09:41:17+00:00","breadcrumb":{"@id":"https:\/\/nellemannmachinery.no\/produkt\/schaffer-nordic-75\/#breadcrumb"},"inLanguage":"nb-NO","potentialAction":[{"@type":"ReadAction","target":["https:\/\/nellemannmachinery.no\/produkt\/schaffer-nordic-75\/"]}]},{"@type":"ImageObject","inLanguage":"nb-NO","@id":"https:\/\/nellemannmachinery.no\/produkt\/schaffer-nordic-75\/#primaryimage","url":"https:\/\/dev.nellemannmachinery.dk\/wp-content\/uploads\/2021\/07\/schaeffer-nordic-75-high-flow-5a201fc8579f8.jpeg","contentUrl":"https:\/\/dev.nellemannmachinery.dk\/wp-content\/uploads\/2021\/07\/schaeffer-nordic-75-high-flow-5a201fc8579f8.jpeg","width":1600,"height":1067},{"@type":"BreadcrumbList","@id":"https:\/\/nellemannmachinery.no\/produkt\/schaffer-nordic-75\/#breadcrumb","itemListElement":[{"@type":"ListItem","position":1,"name":"Home","item":"https:\/\/nellemannmachinery.no\/"},{"@type":"ListItem","position":2,"name":"Shop","item":"https:\/\/dev.nellemannmachinery.dk\/shop\/"},{"@type":"ListItem","position":3,"name":"SCH\u00c4FFER NORDIC 75+"}]},{"@type":"WebSite","@id":"https:\/\/dev.nellemannmachinery.dk\/#website","url":"https:\/\/dev.nellemannmachinery.dk\/","name":"Nellemann Machinery","description":"","publisher":{"@id":"https:\/\/dev.nellemannmachinery.dk\/#organization"},"potentialAction":[{"@type":"SearchAction","target":{"@type":"EntryPoint","urlTemplate":"https:\/\/dev.nellemannmachinery.dk\/?s={search_term_string}"},"query-input":{"@type":"PropertyValueSpecification","valueRequired":true,"valueName":"search_term_string"}}],"inLanguage":"nb-NO"},{"@type":"Organization","@id":"https:\/\/dev.nellemannmachinery.dk\/#organization","name":"Nellemann Machinery","url":"https:\/\/dev.nellemannmachinery.dk\/","logo":{"@type":"ImageObject","inLanguage":"nb-NO","@id":"https:\/\/dev.nellemannmachinery.dk\/#\/schema\/logo\/image\/","url":"https:\/\/dev.nellemannmachinery.dk\/wp-content\/uploads\/2020\/09\/logo-1.png","contentUrl":"https:\/\/dev.nellemannmachinery.dk\/wp-content\/uploads\/2020\/09\/logo-1.png","width":398,"height":71,"caption":"Nellemann Machinery"},"image":{"@id":"https:\/\/dev.nellemannmachinery.dk\/#\/schema\/logo\/image\/"},"sameAs":["https:\/\/www.facebook.com\/Nellemann-Machinery-718705991612962","https:\/\/www.instagram.com\/nellemannmachinery\/?hl=da","https:\/\/www.linkedin.com\/company\/svenningsens-maskinforretning-as\/about\/"]}]}},"_links":{"self":[{"href":"https:\/\/dev.nellemannmachinery.dk\/no\/wp-json\/wp\/v2\/product\/11284","targetHints":{"allow":["GET"]}}],"collection":[{"href":"https:\/\/dev.nellemannmachinery.dk\/no\/wp-json\/wp\/v2\/product"}],"about":[{"href":"https:\/\/dev.nellemannmachinery.dk\/no\/wp-json\/wp\/v2\/types\/product"}],"wp:featuredmedia":[{"embeddable":true,"href":"https:\/\/dev.nellemannmachinery.dk\/no\/wp-json\/wp\/v2\/media\/11917"}],"wp:attachment":[{"href":"https:\/\/dev.nellemannmachinery.dk\/no\/wp-json\/wp\/v2\/media?parent=11284"}],"wp:term":[{"taxonomy":"product_brand","embeddable":true,"href":"https:\/\/dev.nellemannmachinery.dk\/no\/wp-json\/wp\/v2\/product_brand?post=11284"},{"taxonomy":"product_cat","embeddable":true,"href":"https:\/\/dev.nellemannmachinery.dk\/no\/wp-json\/wp\/v2\/product_cat?post=11284"},{"taxonomy":"product_tag","embeddable":true,"href":"https:\/\/dev.nellemannmachinery.dk\/no\/wp-json\/wp\/v2\/product_tag?post=11284"}],"curies":[{"name":"wp","href":"https:\/\/api.w.org\/{rel}","templated":true}]}}