{"id":11654,"date":"2021-09-15T09:33:15","date_gmt":"2021-09-15T07:33:15","guid":{"rendered":"https:\/\/dev.nellemannmachinery.dk\/produkt\/kubota-l2-452-copy\/"},"modified":"2022-08-03T15:35:08","modified_gmt":"2022-08-03T13:35:08","slug":"kubota-l2-622","status":"publish","type":"product","link":"https:\/\/dev.nellemannmachinery.dk\/no\/produkt\/kubota-l2-622\/","title":{"rendered":"Kubota L2-622"},"excerpt":{"rendered":"<p>Den nye L2-serien fra Kubota kombinerer suverene funksjoner med et h\u00f8yt niv\u00e5 av komfort og effektivitet. Dette gj\u00f8r disse kompakttraktorene til en perfekt l\u00f8sning for dine spesifikke behov.<\/p>\n<p>Den nye L2 serien er utstyrt med to turtallsminner som standard, samt cruise-controll og en kodebeskyttet tyveribeskyttelse.<br \/>\nLed arbeidslys er stanndard som effektivt lyser opp arbeidsomr\u00e5det ditt.<br \/>\nUtvendig betjening av trepunktshydraulikk som gir lett fra og til-kobling av redskaper.<br \/>\nKraftuttakshastighet p\u00e5 540 og 540ECO<\/p>\n<p>L2 serien har en kraftig hydraulikkpumpe p\u00e5 37 l\/min og to eksterne hydraulikkventiler som standard.<br \/>\nForakselen med portaldrift og integrert servostyring gir utmerket man\u00f8vreringsevne og h\u00f8y bakke-klaring.<\/p>\n<p>Kubota 4 sylindret dieselmotor med common-rail, eksosresirkulering og dieselpartikkelfilter for \u00e5 oppfylle Steg 5 utslippstandard. Dieselpartikkelfilteret har langt intervall for rengj\u00f8ring p\u00e5 hver 6000. time. Det er klassens lengste rengj\u00f8ringsintervall.<\/p>\n<p>Hytte med AC, DAB-radio med bluetooth, stor regulerbar solskjerm, to USB ladekontakter og romslig plass er det komfortabelt \u00e5 kj\u00f8re L2 p\u00e5 lange arbeidsdager.<\/p>\n<p>Du kan velge mellom 2 ulike motoreffekter,\u00a0 p\u00e5 45 eller 62 hk.<br \/>\nDreiemoment p\u00e5 148,9 (45 hk) eller 198,5 nm (62 hk)<br \/>\n51 liter drivstofftank<br \/>\n1750 kg l\u00f8ftekapasitet p\u00e5 trepunkt<\/p>\n<p>&nbsp;<\/p>\n<p>&nbsp;<\/p>\n<p>&nbsp;<\/p>\n<p>&nbsp;<\/p>\n","protected":false},"featured_media":11535,"template":"","meta":{"_acf_changed":false,"inline_featured_image":false},"product_brand":[],"product_cat":[200],"product_tag":[546,150,713,712,711,715,714],"class_list":{"0":"post-11654","1":"product","2":"type-product","3":"status-publish","4":"has-post-thumbnail","6":"product_cat-kompakttraktorer-no","7":"product_tag-kompaktraktor","8":"product_tag-kubota","9":"product_tag-kubota-kompakt","10":"product_tag-kubota-l2","11":"product_tag-l2","12":"product_tag-l2-452","13":"product_tag-l2-622","14":"brand-kubota-no","16":"first","17":"instock","18":"shipping-taxable","19":"product-type-simple"},"acf":[],"yoast_head":"<!-- This site is optimized with the Yoast SEO plugin v27.4 - https:\/\/yoast.com\/product\/yoast-seo-wordpress\/ -->\n<title>Kubota L2-622 - Nellemann Machinery<\/title>\n<meta name=\"robots\" content=\"noindex, follow, max-snippet:-1, max-image-preview:large, max-video-preview:-1\" \/>\n<meta property=\"og:locale\" content=\"nb_NO\" \/>\n<meta property=\"og:type\" content=\"article\" \/>\n<meta property=\"og:title\" content=\"Kubota L2-622 - Nellemann Machinery\" \/>\n<meta property=\"og:description\" content=\"Den nye L2-serien fra Kubota kombinerer suverene funksjoner med et h\u00f8yt niv\u00e5 av komfort og effektivitet. Dette gj\u00f8r disse kompakttraktorene til en perfekt l\u00f8sning for dine spesifikke behov.  Den nye L2 serien er utstyrt med to turtallsminner som standard, samt cruise-controll og en kodebeskyttet tyveribeskyttelse. Led arbeidslys er stanndard som effektivt lyser opp arbeidsomr\u00e5det ditt. Utvendig betjening av trepunktshydraulikk som gir lett fra og til-kobling av redskaper. Kraftuttakshastighet p\u00e5 540 og 540ECO  L2 serien har en kraftig hydraulikkpumpe p\u00e5 37 l\/min og to eksterne hydraulikkventiler som standard. Forakselen med portaldrift og integrert servostyring gir utmerket man\u00f8vreringsevne og h\u00f8y bakke-klaring.  Kubota 4 sylindret dieselmotor med common-rail, eksosresirkulering og dieselpartikkelfilter for \u00e5 oppfylle Steg 5 utslippstandard. Dieselpartikkelfilteret har langt intervall for rengj\u00f8ring p\u00e5 hver 6000. time. Det er klassens lengste rengj\u00f8ringsintervall.  Hytte med AC, DAB-radio med bluetooth, stor regulerbar solskjerm, to USB ladekontakter og romslig plass er det komfortabelt \u00e5 kj\u00f8re L2 p\u00e5 lange arbeidsdager.  Du kan velge mellom 2 ulike motoreffekter,\u00a0 p\u00e5 45 eller 62 hk. Dreiemoment p\u00e5 148,9 (45 hk) eller 198,5 nm (62 hk) 51 liter drivstofftank 1750 kg l\u00f8ftekapasitet p\u00e5 trepunkt  &nbsp;  &nbsp;  &nbsp;  &nbsp;\" \/>\n<meta property=\"og:url\" content=\"https:\/\/nellemannmachinery.no\/produkt\/kubota-l2-622\/\" \/>\n<meta property=\"og:site_name\" content=\"Nellemann Machinery\" \/>\n<meta property=\"article:publisher\" content=\"https:\/\/www.facebook.com\/Nellemann-Machinery-718705991612962\" \/>\n<meta property=\"article:modified_time\" content=\"2022-08-03T13:35:08+00:00\" \/>\n<meta property=\"og:image\" content=\"https:\/\/nellemannmachinery.no\/wp-content\/uploads\/2021\/08\/L2_Studio_side24.jpg\" \/>\n\t<meta property=\"og:image:width\" content=\"2000\" \/>\n\t<meta property=\"og:image:height\" content=\"1333\" \/>\n\t<meta property=\"og:image:type\" content=\"image\/jpeg\" \/>\n<meta name=\"twitter:card\" content=\"summary_large_image\" \/>\n<!-- \/ Yoast SEO plugin. -->","yoast_head_json":{"title":"Kubota L2-622 - Nellemann Machinery","robots":{"index":"noindex","follow":"follow","max-snippet":"max-snippet:-1","max-image-preview":"max-image-preview:large","max-video-preview":"max-video-preview:-1"},"og_locale":"nb_NO","og_type":"article","og_title":"Kubota L2-622 - Nellemann Machinery","og_description":"Den nye L2-serien fra Kubota kombinerer suverene funksjoner med et h\u00f8yt niv\u00e5 av komfort og effektivitet. Dette gj\u00f8r disse kompakttraktorene til en perfekt l\u00f8sning for dine spesifikke behov.  Den nye L2 serien er utstyrt med to turtallsminner som standard, samt cruise-controll og en kodebeskyttet tyveribeskyttelse. Led arbeidslys er stanndard som effektivt lyser opp arbeidsomr\u00e5det ditt. Utvendig betjening av trepunktshydraulikk som gir lett fra og til-kobling av redskaper. Kraftuttakshastighet p\u00e5 540 og 540ECO  L2 serien har en kraftig hydraulikkpumpe p\u00e5 37 l\/min og to eksterne hydraulikkventiler som standard. Forakselen med portaldrift og integrert servostyring gir utmerket man\u00f8vreringsevne og h\u00f8y bakke-klaring.  Kubota 4 sylindret dieselmotor med common-rail, eksosresirkulering og dieselpartikkelfilter for \u00e5 oppfylle Steg 5 utslippstandard. Dieselpartikkelfilteret har langt intervall for rengj\u00f8ring p\u00e5 hver 6000. time. Det er klassens lengste rengj\u00f8ringsintervall.  Hytte med AC, DAB-radio med bluetooth, stor regulerbar solskjerm, to USB ladekontakter og romslig plass er det komfortabelt \u00e5 kj\u00f8re L2 p\u00e5 lange arbeidsdager.  Du kan velge mellom 2 ulike motoreffekter,\u00a0 p\u00e5 45 eller 62 hk. Dreiemoment p\u00e5 148,9 (45 hk) eller 198,5 nm (62 hk) 51 liter drivstofftank 1750 kg l\u00f8ftekapasitet p\u00e5 trepunkt  &nbsp;  &nbsp;  &nbsp;  &nbsp;","og_url":"https:\/\/nellemannmachinery.no\/produkt\/kubota-l2-622\/","og_site_name":"Nellemann Machinery","article_publisher":"https:\/\/www.facebook.com\/Nellemann-Machinery-718705991612962","article_modified_time":"2022-08-03T13:35:08+00:00","og_image":[{"width":2000,"height":1333,"url":"https:\/\/nellemannmachinery.no\/wp-content\/uploads\/2021\/08\/L2_Studio_side24.jpg","type":"image\/jpeg"}],"twitter_card":"summary_large_image","schema":{"@context":"https:\/\/schema.org","@graph":[{"@type":"WebPage","@id":"https:\/\/nellemannmachinery.no\/produkt\/kubota-l2-622\/","url":"https:\/\/nellemannmachinery.no\/produkt\/kubota-l2-622\/","name":"Kubota L2-622 - Nellemann Machinery","isPartOf":{"@id":"https:\/\/dev.nellemannmachinery.dk\/#website"},"primaryImageOfPage":{"@id":"https:\/\/nellemannmachinery.no\/produkt\/kubota-l2-622\/#primaryimage"},"image":{"@id":"https:\/\/nellemannmachinery.no\/produkt\/kubota-l2-622\/#primaryimage"},"thumbnailUrl":"https:\/\/dev.nellemannmachinery.dk\/wp-content\/uploads\/2021\/08\/L2_Studio_side24.jpg","datePublished":"2021-09-15T07:33:15+00:00","dateModified":"2022-08-03T13:35:08+00:00","breadcrumb":{"@id":"https:\/\/nellemannmachinery.no\/produkt\/kubota-l2-622\/#breadcrumb"},"inLanguage":"nb-NO","potentialAction":[{"@type":"ReadAction","target":["https:\/\/nellemannmachinery.no\/produkt\/kubota-l2-622\/"]}]},{"@type":"ImageObject","inLanguage":"nb-NO","@id":"https:\/\/nellemannmachinery.no\/produkt\/kubota-l2-622\/#primaryimage","url":"https:\/\/dev.nellemannmachinery.dk\/wp-content\/uploads\/2021\/08\/L2_Studio_side24.jpg","contentUrl":"https:\/\/dev.nellemannmachinery.dk\/wp-content\/uploads\/2021\/08\/L2_Studio_side24.jpg","width":2000,"height":1333},{"@type":"BreadcrumbList","@id":"https:\/\/nellemannmachinery.no\/produkt\/kubota-l2-622\/#breadcrumb","itemListElement":[{"@type":"ListItem","position":1,"name":"Home","item":"https:\/\/nellemannmachinery.no\/"},{"@type":"ListItem","position":2,"name":"Shop","item":"https:\/\/dev.nellemannmachinery.dk\/shop\/"},{"@type":"ListItem","position":3,"name":"Kubota L2-622"}]},{"@type":"WebSite","@id":"https:\/\/dev.nellemannmachinery.dk\/#website","url":"https:\/\/dev.nellemannmachinery.dk\/","name":"Nellemann Machinery","description":"","publisher":{"@id":"https:\/\/dev.nellemannmachinery.dk\/#organization"},"potentialAction":[{"@type":"SearchAction","target":{"@type":"EntryPoint","urlTemplate":"https:\/\/dev.nellemannmachinery.dk\/?s={search_term_string}"},"query-input":{"@type":"PropertyValueSpecification","valueRequired":true,"valueName":"search_term_string"}}],"inLanguage":"nb-NO"},{"@type":"Organization","@id":"https:\/\/dev.nellemannmachinery.dk\/#organization","name":"Nellemann Machinery","url":"https:\/\/dev.nellemannmachinery.dk\/","logo":{"@type":"ImageObject","inLanguage":"nb-NO","@id":"https:\/\/dev.nellemannmachinery.dk\/#\/schema\/logo\/image\/","url":"https:\/\/dev.nellemannmachinery.dk\/wp-content\/uploads\/2020\/09\/logo-1.png","contentUrl":"https:\/\/dev.nellemannmachinery.dk\/wp-content\/uploads\/2020\/09\/logo-1.png","width":398,"height":71,"caption":"Nellemann Machinery"},"image":{"@id":"https:\/\/dev.nellemannmachinery.dk\/#\/schema\/logo\/image\/"},"sameAs":["https:\/\/www.facebook.com\/Nellemann-Machinery-718705991612962","https:\/\/www.instagram.com\/nellemannmachinery\/?hl=da","https:\/\/www.linkedin.com\/company\/svenningsens-maskinforretning-as\/about\/"]}]}},"_links":{"self":[{"href":"https:\/\/dev.nellemannmachinery.dk\/no\/wp-json\/wp\/v2\/product\/11654","targetHints":{"allow":["GET"]}}],"collection":[{"href":"https:\/\/dev.nellemannmachinery.dk\/no\/wp-json\/wp\/v2\/product"}],"about":[{"href":"https:\/\/dev.nellemannmachinery.dk\/no\/wp-json\/wp\/v2\/types\/product"}],"wp:featuredmedia":[{"embeddable":true,"href":"https:\/\/dev.nellemannmachinery.dk\/no\/wp-json\/wp\/v2\/media\/11535"}],"wp:attachment":[{"href":"https:\/\/dev.nellemannmachinery.dk\/no\/wp-json\/wp\/v2\/media?parent=11654"}],"wp:term":[{"taxonomy":"product_brand","embeddable":true,"href":"https:\/\/dev.nellemannmachinery.dk\/no\/wp-json\/wp\/v2\/product_brand?post=11654"},{"taxonomy":"product_cat","embeddable":true,"href":"https:\/\/dev.nellemannmachinery.dk\/no\/wp-json\/wp\/v2\/product_cat?post=11654"},{"taxonomy":"product_tag","embeddable":true,"href":"https:\/\/dev.nellemannmachinery.dk\/no\/wp-json\/wp\/v2\/product_tag?post=11654"}],"curies":[{"name":"wp","href":"https:\/\/api.w.org\/{rel}","templated":true}]}}