{"id":11891,"date":"2021-09-20T15:23:01","date_gmt":"2021-09-20T13:23:01","guid":{"rendered":"https:\/\/dev.nellemannmachinery.dk\/?post_type=product&#038;p=11891"},"modified":"2021-11-11T15:28:59","modified_gmt":"2021-11-11T13:28:59","slug":"schaffer-2445-s","status":"publish","type":"product","link":"https:\/\/dev.nellemannmachinery.dk\/no\/produkt\/schaffer-2445-s\/","title":{"rendered":"SCH\u00c4FFER 2445 S"},"excerpt":{"rendered":"<p>Sch\u00e4ffer 2445 S er utstyrt med Kubota stage 5 motor.<br \/>\nDermed sikres den minste milj\u00f8belastningen. En super kompaktmaskin med maksimal l\u00f8ftekraft og perfekt sikt.<\/p>\n<ul>\n<li>Kubota steg 5, 3 sylindret dieselmotor p\u00e5 50 hk.<\/li>\n<li>Bredde 1100 &#8211; 1520 mm<\/li>\n<li>Vekt 2550 kg<\/li>\n<li>L\u00f8fteevne 1900 kg<\/li>\n<li>Hastighet 0-20 km\/t (mulighet for 0-28 km\/t)<\/li>\n<li>Kan f\u00e5s med eller uten hytte<\/li>\n<\/ul>\n","protected":false},"featured_media":11910,"template":"","meta":{"_acf_changed":false,"inline_featured_image":false},"product_brand":[],"product_cat":[672,799],"product_tag":[667,665,756,681],"class_list":{"0":"post-11891","1":"product","2":"type-product","3":"status-publish","4":"has-post-thumbnail","6":"product_cat-entreprenor","7":"product_cat-kompaktlastere-no","8":"product_tag-kompaktlaster","9":"product_tag-schaffer","10":"product_tag-schaffer-kompakt-laster","11":"product_tag-schaffer-kompaktlaster","12":"brand-schaffer-no","14":"first","15":"instock","16":"shipping-taxable","17":"product-type-simple"},"acf":[],"yoast_head":"<!-- This site is optimized with the Yoast SEO plugin v27.4 - https:\/\/yoast.com\/product\/yoast-seo-wordpress\/ -->\n<title>SCH\u00c4FFER 2445 S - Nellemann Machinery<\/title>\n<meta name=\"robots\" content=\"noindex, follow, max-snippet:-1, max-image-preview:large, max-video-preview:-1\" \/>\n<meta property=\"og:locale\" content=\"nb_NO\" \/>\n<meta property=\"og:type\" content=\"article\" \/>\n<meta property=\"og:title\" content=\"SCH\u00c4FFER 2445 S - Nellemann Machinery\" \/>\n<meta property=\"og:description\" content=\"Sch\u00e4ffer 2445 S er utstyrt med Kubota stage 5 motor. Dermed sikres den minste milj\u00f8belastningen. En super kompaktmaskin med maksimal l\u00f8ftekraft og perfekt sikt.   Kubota steg 5, 3 sylindret dieselmotor p\u00e5 50 hk.  Bredde 1100 - 1520 mm  Vekt 2550 kg  L\u00f8fteevne 1900 kg  Hastighet 0-20 km\/t (mulighet for 0-28 km\/t)  Kan f\u00e5s med eller uten hytte\" \/>\n<meta property=\"og:url\" content=\"https:\/\/nellemannmachinery.no\/produkt\/schaffer-2445-s\/\" \/>\n<meta property=\"og:site_name\" content=\"Nellemann Machinery\" \/>\n<meta property=\"article:publisher\" content=\"https:\/\/www.facebook.com\/Nellemann-Machinery-718705991612962\" \/>\n<meta property=\"article:modified_time\" content=\"2021-11-11T13:28:59+00:00\" \/>\n<meta property=\"og:image\" content=\"https:\/\/nellemannmachinery.no\/wp-content\/uploads\/2021\/09\/schaffer-2445-s-5fe20eccd3c31.jpeg\" \/>\n\t<meta property=\"og:image:width\" content=\"1600\" \/>\n\t<meta property=\"og:image:height\" content=\"900\" \/>\n\t<meta property=\"og:image:type\" content=\"image\/jpeg\" \/>\n<meta name=\"twitter:card\" content=\"summary_large_image\" \/>\n<!-- \/ Yoast SEO plugin. -->","yoast_head_json":{"title":"SCH\u00c4FFER 2445 S - Nellemann Machinery","robots":{"index":"noindex","follow":"follow","max-snippet":"max-snippet:-1","max-image-preview":"max-image-preview:large","max-video-preview":"max-video-preview:-1"},"og_locale":"nb_NO","og_type":"article","og_title":"SCH\u00c4FFER 2445 S - Nellemann Machinery","og_description":"Sch\u00e4ffer 2445 S er utstyrt med Kubota stage 5 motor. Dermed sikres den minste milj\u00f8belastningen. En super kompaktmaskin med maksimal l\u00f8ftekraft og perfekt sikt.   Kubota steg 5, 3 sylindret dieselmotor p\u00e5 50 hk.  Bredde 1100 - 1520 mm  Vekt 2550 kg  L\u00f8fteevne 1900 kg  Hastighet 0-20 km\/t (mulighet for 0-28 km\/t)  Kan f\u00e5s med eller uten hytte","og_url":"https:\/\/nellemannmachinery.no\/produkt\/schaffer-2445-s\/","og_site_name":"Nellemann Machinery","article_publisher":"https:\/\/www.facebook.com\/Nellemann-Machinery-718705991612962","article_modified_time":"2021-11-11T13:28:59+00:00","og_image":[{"width":1600,"height":900,"url":"https:\/\/nellemannmachinery.no\/wp-content\/uploads\/2021\/09\/schaffer-2445-s-5fe20eccd3c31.jpeg","type":"image\/jpeg"}],"twitter_card":"summary_large_image","schema":{"@context":"https:\/\/schema.org","@graph":[{"@type":"WebPage","@id":"https:\/\/nellemannmachinery.no\/produkt\/schaffer-2445-s\/","url":"https:\/\/nellemannmachinery.no\/produkt\/schaffer-2445-s\/","name":"SCH\u00c4FFER 2445 S - Nellemann Machinery","isPartOf":{"@id":"https:\/\/dev.nellemannmachinery.dk\/#website"},"primaryImageOfPage":{"@id":"https:\/\/nellemannmachinery.no\/produkt\/schaffer-2445-s\/#primaryimage"},"image":{"@id":"https:\/\/nellemannmachinery.no\/produkt\/schaffer-2445-s\/#primaryimage"},"thumbnailUrl":"https:\/\/dev.nellemannmachinery.dk\/wp-content\/uploads\/2021\/09\/schaffer-2445-s-5fe20eccd3c31.jpeg","datePublished":"2021-09-20T13:23:01+00:00","dateModified":"2021-11-11T13:28:59+00:00","breadcrumb":{"@id":"https:\/\/nellemannmachinery.no\/produkt\/schaffer-2445-s\/#breadcrumb"},"inLanguage":"nb-NO","potentialAction":[{"@type":"ReadAction","target":["https:\/\/nellemannmachinery.no\/produkt\/schaffer-2445-s\/"]}]},{"@type":"ImageObject","inLanguage":"nb-NO","@id":"https:\/\/nellemannmachinery.no\/produkt\/schaffer-2445-s\/#primaryimage","url":"https:\/\/dev.nellemannmachinery.dk\/wp-content\/uploads\/2021\/09\/schaffer-2445-s-5fe20eccd3c31.jpeg","contentUrl":"https:\/\/dev.nellemannmachinery.dk\/wp-content\/uploads\/2021\/09\/schaffer-2445-s-5fe20eccd3c31.jpeg","width":1600,"height":900},{"@type":"BreadcrumbList","@id":"https:\/\/nellemannmachinery.no\/produkt\/schaffer-2445-s\/#breadcrumb","itemListElement":[{"@type":"ListItem","position":1,"name":"Home","item":"https:\/\/nellemannmachinery.no\/"},{"@type":"ListItem","position":2,"name":"Shop","item":"https:\/\/dev.nellemannmachinery.dk\/shop\/"},{"@type":"ListItem","position":3,"name":"SCH\u00c4FFER 2445 S"}]},{"@type":"WebSite","@id":"https:\/\/dev.nellemannmachinery.dk\/#website","url":"https:\/\/dev.nellemannmachinery.dk\/","name":"Nellemann Machinery","description":"","publisher":{"@id":"https:\/\/dev.nellemannmachinery.dk\/#organization"},"potentialAction":[{"@type":"SearchAction","target":{"@type":"EntryPoint","urlTemplate":"https:\/\/dev.nellemannmachinery.dk\/?s={search_term_string}"},"query-input":{"@type":"PropertyValueSpecification","valueRequired":true,"valueName":"search_term_string"}}],"inLanguage":"nb-NO"},{"@type":"Organization","@id":"https:\/\/dev.nellemannmachinery.dk\/#organization","name":"Nellemann Machinery","url":"https:\/\/dev.nellemannmachinery.dk\/","logo":{"@type":"ImageObject","inLanguage":"nb-NO","@id":"https:\/\/dev.nellemannmachinery.dk\/#\/schema\/logo\/image\/","url":"https:\/\/dev.nellemannmachinery.dk\/wp-content\/uploads\/2020\/09\/logo-1.png","contentUrl":"https:\/\/dev.nellemannmachinery.dk\/wp-content\/uploads\/2020\/09\/logo-1.png","width":398,"height":71,"caption":"Nellemann Machinery"},"image":{"@id":"https:\/\/dev.nellemannmachinery.dk\/#\/schema\/logo\/image\/"},"sameAs":["https:\/\/www.facebook.com\/Nellemann-Machinery-718705991612962","https:\/\/www.instagram.com\/nellemannmachinery\/?hl=da","https:\/\/www.linkedin.com\/company\/svenningsens-maskinforretning-as\/about\/"]}]}},"_links":{"self":[{"href":"https:\/\/dev.nellemannmachinery.dk\/no\/wp-json\/wp\/v2\/product\/11891","targetHints":{"allow":["GET"]}}],"collection":[{"href":"https:\/\/dev.nellemannmachinery.dk\/no\/wp-json\/wp\/v2\/product"}],"about":[{"href":"https:\/\/dev.nellemannmachinery.dk\/no\/wp-json\/wp\/v2\/types\/product"}],"wp:featuredmedia":[{"embeddable":true,"href":"https:\/\/dev.nellemannmachinery.dk\/no\/wp-json\/wp\/v2\/media\/11910"}],"wp:attachment":[{"href":"https:\/\/dev.nellemannmachinery.dk\/no\/wp-json\/wp\/v2\/media?parent=11891"}],"wp:term":[{"taxonomy":"product_brand","embeddable":true,"href":"https:\/\/dev.nellemannmachinery.dk\/no\/wp-json\/wp\/v2\/product_brand?post=11891"},{"taxonomy":"product_cat","embeddable":true,"href":"https:\/\/dev.nellemannmachinery.dk\/no\/wp-json\/wp\/v2\/product_cat?post=11891"},{"taxonomy":"product_tag","embeddable":true,"href":"https:\/\/dev.nellemannmachinery.dk\/no\/wp-json\/wp\/v2\/product_tag?post=11891"}],"curies":[{"name":"wp","href":"https:\/\/api.w.org\/{rel}","templated":true}]}}