{"id":11915,"date":"2021-09-21T14:12:43","date_gmt":"2021-09-21T12:12:43","guid":{"rendered":"https:\/\/dev.nellemannmachinery.dk\/?post_type=product&#038;p=11915"},"modified":"2021-09-21T14:47:47","modified_gmt":"2021-09-21T12:47:47","slug":"schaffer-3650-t","status":"publish","type":"product","link":"https:\/\/dev.nellemannmachinery.dk\/no\/produkt\/schaffer-3650-t\/","title":{"rendered":"SCH\u00c4FFER 3650 T"},"excerpt":{"rendered":"<p><strong>SCH\u00c4FFER 3650 T<\/strong><\/p>\n<ul>\n<li>Kubota 3 syl &#8211; diesel 50 hk<\/li>\n<li>Steg 5 med DOC og DPF.<\/li>\n<li>Lavtbyggende design<\/li>\n<li>Lengde med skuffe: 4735 mm<\/li>\n<li>Bredde: 142 &#8211; 173 cm<\/li>\n<li>H\u00f8yde: 2100 mm<\/li>\n<li>L\u00f8ftekapasitet: 1950 kg<\/li>\n<li>HTF (High Traction Force) og SPT (Sch\u00e4ffer power transmission)<\/li>\n<\/ul>\n","protected":false},"featured_media":11949,"template":"","meta":{"_acf_changed":false,"inline_featured_image":false},"product_brand":[],"product_cat":[673,757],"product_tag":[305,665,761],"class_list":{"0":"post-11915","1":"product","2":"type-product","3":"status-publish","4":"has-post-thumbnail","6":"product_cat-landbruk-no","7":"product_cat-teleskoplastere","8":"product_tag-laster","9":"product_tag-schaffer","10":"product_tag-teleskoplaster","11":"brand-schaffer-no","13":"first","14":"instock","15":"shipping-taxable","16":"product-type-simple"},"acf":[],"yoast_head":"<!-- This site is optimized with the Yoast SEO plugin v27.4 - https:\/\/yoast.com\/product\/yoast-seo-wordpress\/ -->\n<title>SCH\u00c4FFER 3650 T - Nellemann Machinery<\/title>\n<meta name=\"robots\" content=\"noindex, follow, max-snippet:-1, max-image-preview:large, max-video-preview:-1\" \/>\n<meta property=\"og:locale\" content=\"nb_NO\" \/>\n<meta property=\"og:type\" content=\"article\" \/>\n<meta property=\"og:title\" content=\"SCH\u00c4FFER 3650 T - Nellemann Machinery\" \/>\n<meta property=\"og:description\" content=\"SCH\u00c4FFER 3650 T   Kubota 3 syl - diesel 50 hk  Steg 5 med DOC og DPF.  Lavtbyggende design  Lengde med skuffe: 4735 mm  Bredde: 142 - 173 cm  H\u00f8yde: 2100 mm  L\u00f8ftekapasitet: 1950 kg  HTF (High Traction Force) og SPT (Sch\u00e4ffer power transmission)\" \/>\n<meta property=\"og:url\" content=\"https:\/\/nellemannmachinery.no\/produkt\/schaffer-3650-t\/\" \/>\n<meta property=\"og:site_name\" content=\"Nellemann Machinery\" \/>\n<meta property=\"article:publisher\" content=\"https:\/\/www.facebook.com\/Nellemann-Machinery-718705991612962\" \/>\n<meta property=\"article:modified_time\" content=\"2021-09-21T12:47:47+00:00\" \/>\n<meta property=\"og:image\" content=\"https:\/\/nellemannmachinery.no\/wp-content\/uploads\/2021\/09\/crop_3650_T_SLT_01_R.jpg\" \/>\n\t<meta property=\"og:image:width\" content=\"1024\" \/>\n\t<meta property=\"og:image:height\" content=\"576\" \/>\n\t<meta property=\"og:image:type\" content=\"image\/jpeg\" \/>\n<meta name=\"twitter:card\" content=\"summary_large_image\" \/>\n<!-- \/ Yoast SEO plugin. -->","yoast_head_json":{"title":"SCH\u00c4FFER 3650 T - Nellemann Machinery","robots":{"index":"noindex","follow":"follow","max-snippet":"max-snippet:-1","max-image-preview":"max-image-preview:large","max-video-preview":"max-video-preview:-1"},"og_locale":"nb_NO","og_type":"article","og_title":"SCH\u00c4FFER 3650 T - Nellemann Machinery","og_description":"SCH\u00c4FFER 3650 T   Kubota 3 syl - diesel 50 hk  Steg 5 med DOC og DPF.  Lavtbyggende design  Lengde med skuffe: 4735 mm  Bredde: 142 - 173 cm  H\u00f8yde: 2100 mm  L\u00f8ftekapasitet: 1950 kg  HTF (High Traction Force) og SPT (Sch\u00e4ffer power transmission)","og_url":"https:\/\/nellemannmachinery.no\/produkt\/schaffer-3650-t\/","og_site_name":"Nellemann Machinery","article_publisher":"https:\/\/www.facebook.com\/Nellemann-Machinery-718705991612962","article_modified_time":"2021-09-21T12:47:47+00:00","og_image":[{"width":1024,"height":576,"url":"https:\/\/nellemannmachinery.no\/wp-content\/uploads\/2021\/09\/crop_3650_T_SLT_01_R.jpg","type":"image\/jpeg"}],"twitter_card":"summary_large_image","schema":{"@context":"https:\/\/schema.org","@graph":[{"@type":"WebPage","@id":"https:\/\/nellemannmachinery.no\/produkt\/schaffer-3650-t\/","url":"https:\/\/nellemannmachinery.no\/produkt\/schaffer-3650-t\/","name":"SCH\u00c4FFER 3650 T - Nellemann Machinery","isPartOf":{"@id":"https:\/\/dev.nellemannmachinery.dk\/#website"},"primaryImageOfPage":{"@id":"https:\/\/nellemannmachinery.no\/produkt\/schaffer-3650-t\/#primaryimage"},"image":{"@id":"https:\/\/nellemannmachinery.no\/produkt\/schaffer-3650-t\/#primaryimage"},"thumbnailUrl":"https:\/\/dev.nellemannmachinery.dk\/wp-content\/uploads\/2021\/09\/crop_3650_T_SLT_01_R.jpg","datePublished":"2021-09-21T12:12:43+00:00","dateModified":"2021-09-21T12:47:47+00:00","breadcrumb":{"@id":"https:\/\/nellemannmachinery.no\/produkt\/schaffer-3650-t\/#breadcrumb"},"inLanguage":"nb-NO","potentialAction":[{"@type":"ReadAction","target":["https:\/\/nellemannmachinery.no\/produkt\/schaffer-3650-t\/"]}]},{"@type":"ImageObject","inLanguage":"nb-NO","@id":"https:\/\/nellemannmachinery.no\/produkt\/schaffer-3650-t\/#primaryimage","url":"https:\/\/dev.nellemannmachinery.dk\/wp-content\/uploads\/2021\/09\/crop_3650_T_SLT_01_R.jpg","contentUrl":"https:\/\/dev.nellemannmachinery.dk\/wp-content\/uploads\/2021\/09\/crop_3650_T_SLT_01_R.jpg","width":1024,"height":576},{"@type":"BreadcrumbList","@id":"https:\/\/nellemannmachinery.no\/produkt\/schaffer-3650-t\/#breadcrumb","itemListElement":[{"@type":"ListItem","position":1,"name":"Home","item":"https:\/\/nellemannmachinery.no\/"},{"@type":"ListItem","position":2,"name":"Shop","item":"https:\/\/dev.nellemannmachinery.dk\/shop\/"},{"@type":"ListItem","position":3,"name":"SCH\u00c4FFER 3650 T"}]},{"@type":"WebSite","@id":"https:\/\/dev.nellemannmachinery.dk\/#website","url":"https:\/\/dev.nellemannmachinery.dk\/","name":"Nellemann Machinery","description":"","publisher":{"@id":"https:\/\/dev.nellemannmachinery.dk\/#organization"},"potentialAction":[{"@type":"SearchAction","target":{"@type":"EntryPoint","urlTemplate":"https:\/\/dev.nellemannmachinery.dk\/?s={search_term_string}"},"query-input":{"@type":"PropertyValueSpecification","valueRequired":true,"valueName":"search_term_string"}}],"inLanguage":"nb-NO"},{"@type":"Organization","@id":"https:\/\/dev.nellemannmachinery.dk\/#organization","name":"Nellemann Machinery","url":"https:\/\/dev.nellemannmachinery.dk\/","logo":{"@type":"ImageObject","inLanguage":"nb-NO","@id":"https:\/\/dev.nellemannmachinery.dk\/#\/schema\/logo\/image\/","url":"https:\/\/dev.nellemannmachinery.dk\/wp-content\/uploads\/2020\/09\/logo-1.png","contentUrl":"https:\/\/dev.nellemannmachinery.dk\/wp-content\/uploads\/2020\/09\/logo-1.png","width":398,"height":71,"caption":"Nellemann Machinery"},"image":{"@id":"https:\/\/dev.nellemannmachinery.dk\/#\/schema\/logo\/image\/"},"sameAs":["https:\/\/www.facebook.com\/Nellemann-Machinery-718705991612962","https:\/\/www.instagram.com\/nellemannmachinery\/?hl=da","https:\/\/www.linkedin.com\/company\/svenningsens-maskinforretning-as\/about\/"]}]}},"_links":{"self":[{"href":"https:\/\/dev.nellemannmachinery.dk\/no\/wp-json\/wp\/v2\/product\/11915","targetHints":{"allow":["GET"]}}],"collection":[{"href":"https:\/\/dev.nellemannmachinery.dk\/no\/wp-json\/wp\/v2\/product"}],"about":[{"href":"https:\/\/dev.nellemannmachinery.dk\/no\/wp-json\/wp\/v2\/types\/product"}],"wp:featuredmedia":[{"embeddable":true,"href":"https:\/\/dev.nellemannmachinery.dk\/no\/wp-json\/wp\/v2\/media\/11949"}],"wp:attachment":[{"href":"https:\/\/dev.nellemannmachinery.dk\/no\/wp-json\/wp\/v2\/media?parent=11915"}],"wp:term":[{"taxonomy":"product_brand","embeddable":true,"href":"https:\/\/dev.nellemannmachinery.dk\/no\/wp-json\/wp\/v2\/product_brand?post=11915"},{"taxonomy":"product_cat","embeddable":true,"href":"https:\/\/dev.nellemannmachinery.dk\/no\/wp-json\/wp\/v2\/product_cat?post=11915"},{"taxonomy":"product_tag","embeddable":true,"href":"https:\/\/dev.nellemannmachinery.dk\/no\/wp-json\/wp\/v2\/product_tag?post=11915"}],"curies":[{"name":"wp","href":"https:\/\/api.w.org\/{rel}","templated":true}]}}