{"id":11924,"date":"2021-09-21T13:05:27","date_gmt":"2021-09-21T11:05:27","guid":{"rendered":"https:\/\/dev.nellemannmachinery.dk\/?post_type=product&#038;p=11924"},"modified":"2021-09-21T13:06:27","modified_gmt":"2021-09-21T11:06:27","slug":"schaffer-2630t","status":"publish","type":"product","link":"https:\/\/dev.nellemannmachinery.dk\/no\/produkt\/schaffer-2630t\/","title":{"rendered":"SCH\u00c4FFER 2630 T SLT"},"excerpt":{"rendered":"<p><strong>SCH\u00c4FFER 2630 T<\/strong><\/p>\n<ul>\n<li>Lavtbyggende teleskop laster<\/li>\n<li>Kubota 3 syl dieselmotor p\u00e5 25 hk (steg 5)<\/li>\n<li>Lengde med skuffe: 4600 mm<\/li>\n<li>Bredde: 1410 &#8211; 1590 mm<\/li>\n<li>Vekt: 2815 kg<\/li>\n<li>L\u00f8ftekapasitet: 1600 kg<\/li>\n<li>0-20 km\/t<\/li>\n<li>HTF (high traction force) og SPT (Sch\u00e4ffer Power Transmisson)<\/li>\n<li>Arbeidshydraulikk: 38 l\/min<\/li>\n<\/ul>\n","protected":false},"featured_media":11943,"template":"","meta":{"_acf_changed":false,"inline_featured_image":false},"product_brand":[],"product_cat":[757],"product_tag":[760,759,665,758],"class_list":{"0":"post-11924","1":"product","2":"type-product","3":"status-publish","4":"has-post-thumbnail","6":"product_cat-teleskoplastere","7":"product_tag-760","8":"product_tag-2630-t","9":"product_tag-schaffer","10":"product_tag-schaffer-2630-t","11":"brand-schaffer-no","13":"first","14":"instock","15":"shipping-taxable","16":"product-type-simple"},"acf":[],"yoast_head":"<!-- This site is optimized with the Yoast SEO plugin v27.4 - https:\/\/yoast.com\/product\/yoast-seo-wordpress\/ -->\n<title>SCH\u00c4FFER 2630 T SLT - Nellemann Machinery<\/title>\n<meta name=\"robots\" content=\"noindex, follow, max-snippet:-1, max-image-preview:large, max-video-preview:-1\" \/>\n<meta property=\"og:locale\" content=\"nb_NO\" \/>\n<meta property=\"og:type\" content=\"article\" \/>\n<meta property=\"og:title\" content=\"SCH\u00c4FFER 2630 T SLT - Nellemann Machinery\" \/>\n<meta property=\"og:description\" content=\"SCH\u00c4FFER 2630 T   Lavtbyggende teleskop laster  Kubota 3 syl dieselmotor p\u00e5 25 hk (steg 5)  Lengde med skuffe: 4600 mm  Bredde: 1410 - 1590 mm  Vekt: 2815 kg  L\u00f8ftekapasitet: 1600 kg  0-20 km\/t  HTF (high traction force) og SPT (Sch\u00e4ffer Power Transmisson)  Arbeidshydraulikk: 38 l\/min\" \/>\n<meta property=\"og:url\" content=\"https:\/\/nellemannmachinery.no\/produkt\/schaffer-2630t\/\" \/>\n<meta property=\"og:site_name\" content=\"Nellemann Machinery\" \/>\n<meta property=\"article:publisher\" content=\"https:\/\/www.facebook.com\/Nellemann-Machinery-718705991612962\" \/>\n<meta property=\"article:modified_time\" content=\"2021-09-21T11:06:27+00:00\" \/>\n<meta property=\"og:image\" content=\"https:\/\/nellemannmachinery.no\/wp-content\/uploads\/2021\/09\/schaffer-2630t-slt-611c075537d0a.jpeg\" \/>\n\t<meta property=\"og:image:width\" content=\"1600\" \/>\n\t<meta property=\"og:image:height\" content=\"862\" \/>\n\t<meta property=\"og:image:type\" content=\"image\/jpeg\" \/>\n<meta name=\"twitter:card\" content=\"summary_large_image\" \/>\n<!-- \/ Yoast SEO plugin. -->","yoast_head_json":{"title":"SCH\u00c4FFER 2630 T SLT - Nellemann Machinery","robots":{"index":"noindex","follow":"follow","max-snippet":"max-snippet:-1","max-image-preview":"max-image-preview:large","max-video-preview":"max-video-preview:-1"},"og_locale":"nb_NO","og_type":"article","og_title":"SCH\u00c4FFER 2630 T SLT - Nellemann Machinery","og_description":"SCH\u00c4FFER 2630 T   Lavtbyggende teleskop laster  Kubota 3 syl dieselmotor p\u00e5 25 hk (steg 5)  Lengde med skuffe: 4600 mm  Bredde: 1410 - 1590 mm  Vekt: 2815 kg  L\u00f8ftekapasitet: 1600 kg  0-20 km\/t  HTF (high traction force) og SPT (Sch\u00e4ffer Power Transmisson)  Arbeidshydraulikk: 38 l\/min","og_url":"https:\/\/nellemannmachinery.no\/produkt\/schaffer-2630t\/","og_site_name":"Nellemann Machinery","article_publisher":"https:\/\/www.facebook.com\/Nellemann-Machinery-718705991612962","article_modified_time":"2021-09-21T11:06:27+00:00","og_image":[{"width":1600,"height":862,"url":"https:\/\/nellemannmachinery.no\/wp-content\/uploads\/2021\/09\/schaffer-2630t-slt-611c075537d0a.jpeg","type":"image\/jpeg"}],"twitter_card":"summary_large_image","schema":{"@context":"https:\/\/schema.org","@graph":[{"@type":"WebPage","@id":"https:\/\/nellemannmachinery.no\/produkt\/schaffer-2630t\/","url":"https:\/\/nellemannmachinery.no\/produkt\/schaffer-2630t\/","name":"SCH\u00c4FFER 2630 T SLT - Nellemann Machinery","isPartOf":{"@id":"https:\/\/dev.nellemannmachinery.dk\/#website"},"primaryImageOfPage":{"@id":"https:\/\/nellemannmachinery.no\/produkt\/schaffer-2630t\/#primaryimage"},"image":{"@id":"https:\/\/nellemannmachinery.no\/produkt\/schaffer-2630t\/#primaryimage"},"thumbnailUrl":"https:\/\/dev.nellemannmachinery.dk\/wp-content\/uploads\/2021\/09\/schaffer-2630t-slt-611c075537d0a.jpeg","datePublished":"2021-09-21T11:05:27+00:00","dateModified":"2021-09-21T11:06:27+00:00","breadcrumb":{"@id":"https:\/\/nellemannmachinery.no\/produkt\/schaffer-2630t\/#breadcrumb"},"inLanguage":"nb-NO","potentialAction":[{"@type":"ReadAction","target":["https:\/\/nellemannmachinery.no\/produkt\/schaffer-2630t\/"]}]},{"@type":"ImageObject","inLanguage":"nb-NO","@id":"https:\/\/nellemannmachinery.no\/produkt\/schaffer-2630t\/#primaryimage","url":"https:\/\/dev.nellemannmachinery.dk\/wp-content\/uploads\/2021\/09\/schaffer-2630t-slt-611c075537d0a.jpeg","contentUrl":"https:\/\/dev.nellemannmachinery.dk\/wp-content\/uploads\/2021\/09\/schaffer-2630t-slt-611c075537d0a.jpeg","width":1600,"height":862},{"@type":"BreadcrumbList","@id":"https:\/\/nellemannmachinery.no\/produkt\/schaffer-2630t\/#breadcrumb","itemListElement":[{"@type":"ListItem","position":1,"name":"Home","item":"https:\/\/nellemannmachinery.no\/"},{"@type":"ListItem","position":2,"name":"Shop","item":"https:\/\/dev.nellemannmachinery.dk\/shop\/"},{"@type":"ListItem","position":3,"name":"SCH\u00c4FFER 2630 T SLT"}]},{"@type":"WebSite","@id":"https:\/\/dev.nellemannmachinery.dk\/#website","url":"https:\/\/dev.nellemannmachinery.dk\/","name":"Nellemann Machinery","description":"","publisher":{"@id":"https:\/\/dev.nellemannmachinery.dk\/#organization"},"potentialAction":[{"@type":"SearchAction","target":{"@type":"EntryPoint","urlTemplate":"https:\/\/dev.nellemannmachinery.dk\/?s={search_term_string}"},"query-input":{"@type":"PropertyValueSpecification","valueRequired":true,"valueName":"search_term_string"}}],"inLanguage":"nb-NO"},{"@type":"Organization","@id":"https:\/\/dev.nellemannmachinery.dk\/#organization","name":"Nellemann Machinery","url":"https:\/\/dev.nellemannmachinery.dk\/","logo":{"@type":"ImageObject","inLanguage":"nb-NO","@id":"https:\/\/dev.nellemannmachinery.dk\/#\/schema\/logo\/image\/","url":"https:\/\/dev.nellemannmachinery.dk\/wp-content\/uploads\/2020\/09\/logo-1.png","contentUrl":"https:\/\/dev.nellemannmachinery.dk\/wp-content\/uploads\/2020\/09\/logo-1.png","width":398,"height":71,"caption":"Nellemann Machinery"},"image":{"@id":"https:\/\/dev.nellemannmachinery.dk\/#\/schema\/logo\/image\/"},"sameAs":["https:\/\/www.facebook.com\/Nellemann-Machinery-718705991612962","https:\/\/www.instagram.com\/nellemannmachinery\/?hl=da","https:\/\/www.linkedin.com\/company\/svenningsens-maskinforretning-as\/about\/"]}]}},"_links":{"self":[{"href":"https:\/\/dev.nellemannmachinery.dk\/no\/wp-json\/wp\/v2\/product\/11924","targetHints":{"allow":["GET"]}}],"collection":[{"href":"https:\/\/dev.nellemannmachinery.dk\/no\/wp-json\/wp\/v2\/product"}],"about":[{"href":"https:\/\/dev.nellemannmachinery.dk\/no\/wp-json\/wp\/v2\/types\/product"}],"wp:featuredmedia":[{"embeddable":true,"href":"https:\/\/dev.nellemannmachinery.dk\/no\/wp-json\/wp\/v2\/media\/11943"}],"wp:attachment":[{"href":"https:\/\/dev.nellemannmachinery.dk\/no\/wp-json\/wp\/v2\/media?parent=11924"}],"wp:term":[{"taxonomy":"product_brand","embeddable":true,"href":"https:\/\/dev.nellemannmachinery.dk\/no\/wp-json\/wp\/v2\/product_brand?post=11924"},{"taxonomy":"product_cat","embeddable":true,"href":"https:\/\/dev.nellemannmachinery.dk\/no\/wp-json\/wp\/v2\/product_cat?post=11924"},{"taxonomy":"product_tag","embeddable":true,"href":"https:\/\/dev.nellemannmachinery.dk\/no\/wp-json\/wp\/v2\/product_tag?post=11924"}],"curies":[{"name":"wp","href":"https:\/\/api.w.org\/{rel}","templated":true}]}}