{"id":11987,"date":"2021-09-21T15:46:51","date_gmt":"2021-09-21T13:46:51","guid":{"rendered":"https:\/\/dev.nellemannmachinery.dk\/?post_type=product&#038;p=11987"},"modified":"2021-09-21T15:46:52","modified_gmt":"2021-09-21T13:46:52","slug":"schaffer-4670-z","status":"publish","type":"product","link":"https:\/\/dev.nellemannmachinery.dk\/no\/produkt\/schaffer-4670-z\/","title":{"rendered":"SCH\u00c4FFER 4670 Z"},"excerpt":{"rendered":"<p><strong>SCH\u00c4FFER 4670 Z<\/strong><\/p>\n<ul>\n<li>Kubota 4 syl dieselmotor p\u00e5 51 hk<\/li>\n<li>Stage 5 motor med DOC og DPF<\/li>\n<li>Lengde: 476 cm med skuffe<\/li>\n<li>Bredde: 142 &#8211; 173 cm<\/li>\n<li>H\u00f8yde: 227 cm<\/li>\n<li>Vekt: 3520 kg (hytte)<\/li>\n<li>Arbeidshydraulikk: 68 l\/min<\/li>\n<li>L\u00f8fteevne: 2400 kg<\/li>\n<li>L\u00f8fteh\u00f8yde: 326 cm<\/li>\n<li><\/li>\n<\/ul>\n","protected":false},"featured_media":11997,"template":"","meta":{"_acf_changed":false,"inline_featured_image":false},"product_brand":[],"product_cat":[672,764],"product_tag":[702,765,766,701,665],"class_list":{"0":"post-11987","1":"product","2":"type-product","3":"status-publish","4":"has-post-thumbnail","6":"product_cat-entreprenor","7":"product_cat-hjullastere-no","8":"product_tag-702","9":"product_tag-4670-z","10":"product_tag-4670z","11":"product_tag-hjullaster","12":"product_tag-schaffer","13":"brand-schaffer-no","15":"first","16":"instock","17":"shipping-taxable","18":"product-type-simple"},"acf":[],"yoast_head":"<!-- This site is optimized with the Yoast SEO plugin v27.4 - https:\/\/yoast.com\/product\/yoast-seo-wordpress\/ -->\n<title>SCH\u00c4FFER 4670 Z - Nellemann Machinery<\/title>\n<meta name=\"robots\" content=\"noindex, follow, max-snippet:-1, max-image-preview:large, max-video-preview:-1\" \/>\n<meta property=\"og:locale\" content=\"nb_NO\" \/>\n<meta property=\"og:type\" content=\"article\" \/>\n<meta property=\"og:title\" content=\"SCH\u00c4FFER 4670 Z - Nellemann Machinery\" \/>\n<meta property=\"og:description\" content=\"SCH\u00c4FFER 4670 Z   Kubota 4 syl dieselmotor p\u00e5 51 hk  Stage 5 motor med DOC og DPF  Lengde: 476 cm med skuffe  Bredde: 142 - 173 cm  H\u00f8yde: 227 cm  Vekt: 3520 kg (hytte)  Arbeidshydraulikk: 68 l\/min  L\u00f8fteevne: 2400 kg  L\u00f8fteh\u00f8yde: 326 cm\" \/>\n<meta property=\"og:url\" content=\"https:\/\/nellemannmachinery.no\/produkt\/schaffer-4670-z\/\" \/>\n<meta property=\"og:site_name\" content=\"Nellemann Machinery\" \/>\n<meta property=\"article:publisher\" content=\"https:\/\/www.facebook.com\/Nellemann-Machinery-718705991612962\" \/>\n<meta property=\"article:modified_time\" content=\"2021-09-21T13:46:52+00:00\" \/>\n<meta property=\"og:image\" content=\"https:\/\/nellemannmachinery.no\/wp-content\/uploads\/2021\/09\/crop_4670_Z_02.jpg\" \/>\n\t<meta property=\"og:image:width\" content=\"1024\" \/>\n\t<meta property=\"og:image:height\" content=\"576\" \/>\n\t<meta property=\"og:image:type\" content=\"image\/jpeg\" \/>\n<meta name=\"twitter:card\" content=\"summary_large_image\" \/>\n<!-- \/ Yoast SEO plugin. -->","yoast_head_json":{"title":"SCH\u00c4FFER 4670 Z - Nellemann Machinery","robots":{"index":"noindex","follow":"follow","max-snippet":"max-snippet:-1","max-image-preview":"max-image-preview:large","max-video-preview":"max-video-preview:-1"},"og_locale":"nb_NO","og_type":"article","og_title":"SCH\u00c4FFER 4670 Z - Nellemann Machinery","og_description":"SCH\u00c4FFER 4670 Z   Kubota 4 syl dieselmotor p\u00e5 51 hk  Stage 5 motor med DOC og DPF  Lengde: 476 cm med skuffe  Bredde: 142 - 173 cm  H\u00f8yde: 227 cm  Vekt: 3520 kg (hytte)  Arbeidshydraulikk: 68 l\/min  L\u00f8fteevne: 2400 kg  L\u00f8fteh\u00f8yde: 326 cm","og_url":"https:\/\/nellemannmachinery.no\/produkt\/schaffer-4670-z\/","og_site_name":"Nellemann Machinery","article_publisher":"https:\/\/www.facebook.com\/Nellemann-Machinery-718705991612962","article_modified_time":"2021-09-21T13:46:52+00:00","og_image":[{"width":1024,"height":576,"url":"https:\/\/nellemannmachinery.no\/wp-content\/uploads\/2021\/09\/crop_4670_Z_02.jpg","type":"image\/jpeg"}],"twitter_card":"summary_large_image","schema":{"@context":"https:\/\/schema.org","@graph":[{"@type":"WebPage","@id":"https:\/\/nellemannmachinery.no\/produkt\/schaffer-4670-z\/","url":"https:\/\/nellemannmachinery.no\/produkt\/schaffer-4670-z\/","name":"SCH\u00c4FFER 4670 Z - Nellemann Machinery","isPartOf":{"@id":"https:\/\/dev.nellemannmachinery.dk\/#website"},"primaryImageOfPage":{"@id":"https:\/\/nellemannmachinery.no\/produkt\/schaffer-4670-z\/#primaryimage"},"image":{"@id":"https:\/\/nellemannmachinery.no\/produkt\/schaffer-4670-z\/#primaryimage"},"thumbnailUrl":"https:\/\/dev.nellemannmachinery.dk\/wp-content\/uploads\/2021\/09\/crop_4670_Z_02.jpg","datePublished":"2021-09-21T13:46:51+00:00","dateModified":"2021-09-21T13:46:52+00:00","breadcrumb":{"@id":"https:\/\/nellemannmachinery.no\/produkt\/schaffer-4670-z\/#breadcrumb"},"inLanguage":"nb-NO","potentialAction":[{"@type":"ReadAction","target":["https:\/\/nellemannmachinery.no\/produkt\/schaffer-4670-z\/"]}]},{"@type":"ImageObject","inLanguage":"nb-NO","@id":"https:\/\/nellemannmachinery.no\/produkt\/schaffer-4670-z\/#primaryimage","url":"https:\/\/dev.nellemannmachinery.dk\/wp-content\/uploads\/2021\/09\/crop_4670_Z_02.jpg","contentUrl":"https:\/\/dev.nellemannmachinery.dk\/wp-content\/uploads\/2021\/09\/crop_4670_Z_02.jpg","width":1024,"height":576},{"@type":"BreadcrumbList","@id":"https:\/\/nellemannmachinery.no\/produkt\/schaffer-4670-z\/#breadcrumb","itemListElement":[{"@type":"ListItem","position":1,"name":"Home","item":"https:\/\/nellemannmachinery.no\/"},{"@type":"ListItem","position":2,"name":"Shop","item":"https:\/\/dev.nellemannmachinery.dk\/shop\/"},{"@type":"ListItem","position":3,"name":"SCH\u00c4FFER 4670 Z"}]},{"@type":"WebSite","@id":"https:\/\/dev.nellemannmachinery.dk\/#website","url":"https:\/\/dev.nellemannmachinery.dk\/","name":"Nellemann Machinery","description":"","publisher":{"@id":"https:\/\/dev.nellemannmachinery.dk\/#organization"},"potentialAction":[{"@type":"SearchAction","target":{"@type":"EntryPoint","urlTemplate":"https:\/\/dev.nellemannmachinery.dk\/?s={search_term_string}"},"query-input":{"@type":"PropertyValueSpecification","valueRequired":true,"valueName":"search_term_string"}}],"inLanguage":"nb-NO"},{"@type":"Organization","@id":"https:\/\/dev.nellemannmachinery.dk\/#organization","name":"Nellemann Machinery","url":"https:\/\/dev.nellemannmachinery.dk\/","logo":{"@type":"ImageObject","inLanguage":"nb-NO","@id":"https:\/\/dev.nellemannmachinery.dk\/#\/schema\/logo\/image\/","url":"https:\/\/dev.nellemannmachinery.dk\/wp-content\/uploads\/2020\/09\/logo-1.png","contentUrl":"https:\/\/dev.nellemannmachinery.dk\/wp-content\/uploads\/2020\/09\/logo-1.png","width":398,"height":71,"caption":"Nellemann Machinery"},"image":{"@id":"https:\/\/dev.nellemannmachinery.dk\/#\/schema\/logo\/image\/"},"sameAs":["https:\/\/www.facebook.com\/Nellemann-Machinery-718705991612962","https:\/\/www.instagram.com\/nellemannmachinery\/?hl=da","https:\/\/www.linkedin.com\/company\/svenningsens-maskinforretning-as\/about\/"]}]}},"_links":{"self":[{"href":"https:\/\/dev.nellemannmachinery.dk\/no\/wp-json\/wp\/v2\/product\/11987","targetHints":{"allow":["GET"]}}],"collection":[{"href":"https:\/\/dev.nellemannmachinery.dk\/no\/wp-json\/wp\/v2\/product"}],"about":[{"href":"https:\/\/dev.nellemannmachinery.dk\/no\/wp-json\/wp\/v2\/types\/product"}],"wp:featuredmedia":[{"embeddable":true,"href":"https:\/\/dev.nellemannmachinery.dk\/no\/wp-json\/wp\/v2\/media\/11997"}],"wp:attachment":[{"href":"https:\/\/dev.nellemannmachinery.dk\/no\/wp-json\/wp\/v2\/media?parent=11987"}],"wp:term":[{"taxonomy":"product_brand","embeddable":true,"href":"https:\/\/dev.nellemannmachinery.dk\/no\/wp-json\/wp\/v2\/product_brand?post=11987"},{"taxonomy":"product_cat","embeddable":true,"href":"https:\/\/dev.nellemannmachinery.dk\/no\/wp-json\/wp\/v2\/product_cat?post=11987"},{"taxonomy":"product_tag","embeddable":true,"href":"https:\/\/dev.nellemannmachinery.dk\/no\/wp-json\/wp\/v2\/product_tag?post=11987"}],"curies":[{"name":"wp","href":"https:\/\/api.w.org\/{rel}","templated":true}]}}