{"id":12270,"date":"2021-11-12T12:37:44","date_gmt":"2021-11-12T10:37:44","guid":{"rendered":"https:\/\/dev.nellemannmachinery.dk\/?post_type=product&#038;p=12270"},"modified":"2022-01-24T11:55:26","modified_gmt":"2022-01-24T09:55:26","slug":"kubota-f-391","status":"publish","type":"product","link":"https:\/\/dev.nellemannmachinery.dk\/no\/produkt\/kubota-f-391\/","title":{"rendered":"KUBOTA F-391"},"excerpt":{"rendered":"<ul>\n<li>Kubota 4 sylindret V1505 dieselmotor (stage 5) p\u00e5 1500 ccm.<\/li>\n<li>Effekt: 37 hk \/ 27,5 kW<\/li>\n<li>Hydrostatisk drift med dual range operert med en pedal (frem\/bak)<\/li>\n<li>Utmerket man\u00f8vrerbarhet med servostyring<\/li>\n<li>Hydraulisk hev og senk av klipperbordet med justerbar klippeh\u00f8yde fra 25 til 129 mm<\/li>\n<li>152 eller 182 cm klipperbredde (bioklipp, side eller bak-utkast)<\/li>\n<li>Velg mellom automatisk eller konstant 4WD(med differensial l\u00e5s)<\/li>\n<li>Akseldrift via kraftuttak &#8211; gir enorme muligheter. (feiekost, sn\u00f8fres, klipperbord, slagklipper, l\u00f8vbl\u00e5ser etc)<\/li>\n<li>Velg mellom 152 og 183 cm klipperbredde (bio, bak eller sideutkast)<\/li>\n<li>2583 o\/min p\u00e5 PTO<\/li>\n<li>Hastighet: 0-20 km\/t<\/li>\n<\/ul>\n","protected":false},"featured_media":12283,"template":"","meta":{"_acf_changed":false,"inline_featured_image":false},"product_brand":[],"product_cat":[350,139],"product_tag":[784,786,242,785,618,241,150,800],"class_list":{"0":"post-12270","1":"product","2":"type-product","3":"status-publish","4":"has-post-thumbnail","6":"product_cat-gress-og-lov-no","7":"product_cat-klippere","8":"product_tag-f-serie","9":"product_tag-f389","10":"product_tag-f3890","11":"product_tag-f391","12":"product_tag-f90","13":"product_tag-fserie","14":"product_tag-kubota","15":"product_tag-kubota-f391","16":"brand-kubota-no","18":"first","19":"instock","20":"shipping-taxable","21":"product-type-simple"},"acf":[],"yoast_head":"<!-- This site is optimized with the Yoast SEO plugin v27.4 - https:\/\/yoast.com\/product\/yoast-seo-wordpress\/ -->\n<title>KUBOTA F-391 - Nellemann Machinery<\/title>\n<meta name=\"robots\" content=\"noindex, follow, max-snippet:-1, max-image-preview:large, max-video-preview:-1\" \/>\n<meta property=\"og:locale\" content=\"nb_NO\" \/>\n<meta property=\"og:type\" content=\"article\" \/>\n<meta property=\"og:title\" content=\"KUBOTA F-391 - Nellemann Machinery\" \/>\n<meta property=\"og:description\" content=\"Kubota 4 sylindret V1505 dieselmotor (stage 5) p\u00e5 1500 ccm.  Effekt: 37 hk \/ 27,5 kW  Hydrostatisk drift med dual range operert med en pedal (frem\/bak)  Utmerket man\u00f8vrerbarhet med servostyring  Hydraulisk hev og senk av klipperbordet med justerbar klippeh\u00f8yde fra 25 til 129 mm  152 eller 182 cm klipperbredde (bioklipp, side eller bak-utkast)  Velg mellom automatisk eller konstant 4WD(med differensial l\u00e5s)  Akseldrift via kraftuttak - gir enorme muligheter. (feiekost, sn\u00f8fres, klipperbord, slagklipper, l\u00f8vbl\u00e5ser etc)  Velg mellom 152 og 183 cm klipperbredde (bio, bak eller sideutkast)  2583 o\/min p\u00e5 PTO  Hastighet: 0-20 km\/t\" \/>\n<meta property=\"og:url\" content=\"https:\/\/nellemannmachinery.no\/produkt\/kubota-f-391\/\" \/>\n<meta property=\"og:site_name\" content=\"Nellemann Machinery\" \/>\n<meta property=\"article:publisher\" content=\"https:\/\/www.facebook.com\/Nellemann-Machinery-718705991612962\" \/>\n<meta property=\"article:modified_time\" content=\"2022-01-24T09:55:26+00:00\" \/>\n<meta property=\"og:image\" content=\"https:\/\/nellemannmachinery.no\/wp-content\/uploads\/2021\/10\/F-391_Studio_side7.jpg\" \/>\n\t<meta property=\"og:image:width\" content=\"2000\" \/>\n\t<meta property=\"og:image:height\" content=\"1333\" \/>\n\t<meta property=\"og:image:type\" content=\"image\/jpeg\" \/>\n<meta name=\"twitter:card\" content=\"summary_large_image\" \/>\n<!-- \/ Yoast SEO plugin. -->","yoast_head_json":{"title":"KUBOTA F-391 - Nellemann Machinery","robots":{"index":"noindex","follow":"follow","max-snippet":"max-snippet:-1","max-image-preview":"max-image-preview:large","max-video-preview":"max-video-preview:-1"},"og_locale":"nb_NO","og_type":"article","og_title":"KUBOTA F-391 - Nellemann Machinery","og_description":"Kubota 4 sylindret V1505 dieselmotor (stage 5) p\u00e5 1500 ccm.  Effekt: 37 hk \/ 27,5 kW  Hydrostatisk drift med dual range operert med en pedal (frem\/bak)  Utmerket man\u00f8vrerbarhet med servostyring  Hydraulisk hev og senk av klipperbordet med justerbar klippeh\u00f8yde fra 25 til 129 mm  152 eller 182 cm klipperbredde (bioklipp, side eller bak-utkast)  Velg mellom automatisk eller konstant 4WD(med differensial l\u00e5s)  Akseldrift via kraftuttak - gir enorme muligheter. (feiekost, sn\u00f8fres, klipperbord, slagklipper, l\u00f8vbl\u00e5ser etc)  Velg mellom 152 og 183 cm klipperbredde (bio, bak eller sideutkast)  2583 o\/min p\u00e5 PTO  Hastighet: 0-20 km\/t","og_url":"https:\/\/nellemannmachinery.no\/produkt\/kubota-f-391\/","og_site_name":"Nellemann Machinery","article_publisher":"https:\/\/www.facebook.com\/Nellemann-Machinery-718705991612962","article_modified_time":"2022-01-24T09:55:26+00:00","og_image":[{"width":2000,"height":1333,"url":"https:\/\/nellemannmachinery.no\/wp-content\/uploads\/2021\/10\/F-391_Studio_side7.jpg","type":"image\/jpeg"}],"twitter_card":"summary_large_image","schema":{"@context":"https:\/\/schema.org","@graph":[{"@type":"WebPage","@id":"https:\/\/nellemannmachinery.no\/produkt\/kubota-f-391\/","url":"https:\/\/nellemannmachinery.no\/produkt\/kubota-f-391\/","name":"KUBOTA F-391 - Nellemann Machinery","isPartOf":{"@id":"https:\/\/dev.nellemannmachinery.dk\/#website"},"primaryImageOfPage":{"@id":"https:\/\/nellemannmachinery.no\/produkt\/kubota-f-391\/#primaryimage"},"image":{"@id":"https:\/\/nellemannmachinery.no\/produkt\/kubota-f-391\/#primaryimage"},"thumbnailUrl":"https:\/\/dev.nellemannmachinery.dk\/wp-content\/uploads\/2021\/10\/F-391_Studio_side7.jpg","datePublished":"2021-11-12T10:37:44+00:00","dateModified":"2022-01-24T09:55:26+00:00","breadcrumb":{"@id":"https:\/\/nellemannmachinery.no\/produkt\/kubota-f-391\/#breadcrumb"},"inLanguage":"nb-NO","potentialAction":[{"@type":"ReadAction","target":["https:\/\/nellemannmachinery.no\/produkt\/kubota-f-391\/"]}]},{"@type":"ImageObject","inLanguage":"nb-NO","@id":"https:\/\/nellemannmachinery.no\/produkt\/kubota-f-391\/#primaryimage","url":"https:\/\/dev.nellemannmachinery.dk\/wp-content\/uploads\/2021\/10\/F-391_Studio_side7.jpg","contentUrl":"https:\/\/dev.nellemannmachinery.dk\/wp-content\/uploads\/2021\/10\/F-391_Studio_side7.jpg","width":2000,"height":1333},{"@type":"BreadcrumbList","@id":"https:\/\/nellemannmachinery.no\/produkt\/kubota-f-391\/#breadcrumb","itemListElement":[{"@type":"ListItem","position":1,"name":"Home","item":"https:\/\/nellemannmachinery.no\/"},{"@type":"ListItem","position":2,"name":"Shop","item":"https:\/\/dev.nellemannmachinery.dk\/shop\/"},{"@type":"ListItem","position":3,"name":"KUBOTA F-391"}]},{"@type":"WebSite","@id":"https:\/\/dev.nellemannmachinery.dk\/#website","url":"https:\/\/dev.nellemannmachinery.dk\/","name":"Nellemann Machinery","description":"","publisher":{"@id":"https:\/\/dev.nellemannmachinery.dk\/#organization"},"potentialAction":[{"@type":"SearchAction","target":{"@type":"EntryPoint","urlTemplate":"https:\/\/dev.nellemannmachinery.dk\/?s={search_term_string}"},"query-input":{"@type":"PropertyValueSpecification","valueRequired":true,"valueName":"search_term_string"}}],"inLanguage":"nb-NO"},{"@type":"Organization","@id":"https:\/\/dev.nellemannmachinery.dk\/#organization","name":"Nellemann Machinery","url":"https:\/\/dev.nellemannmachinery.dk\/","logo":{"@type":"ImageObject","inLanguage":"nb-NO","@id":"https:\/\/dev.nellemannmachinery.dk\/#\/schema\/logo\/image\/","url":"https:\/\/dev.nellemannmachinery.dk\/wp-content\/uploads\/2020\/09\/logo-1.png","contentUrl":"https:\/\/dev.nellemannmachinery.dk\/wp-content\/uploads\/2020\/09\/logo-1.png","width":398,"height":71,"caption":"Nellemann Machinery"},"image":{"@id":"https:\/\/dev.nellemannmachinery.dk\/#\/schema\/logo\/image\/"},"sameAs":["https:\/\/www.facebook.com\/Nellemann-Machinery-718705991612962","https:\/\/www.instagram.com\/nellemannmachinery\/?hl=da","https:\/\/www.linkedin.com\/company\/svenningsens-maskinforretning-as\/about\/"]}]}},"_links":{"self":[{"href":"https:\/\/dev.nellemannmachinery.dk\/no\/wp-json\/wp\/v2\/product\/12270","targetHints":{"allow":["GET"]}}],"collection":[{"href":"https:\/\/dev.nellemannmachinery.dk\/no\/wp-json\/wp\/v2\/product"}],"about":[{"href":"https:\/\/dev.nellemannmachinery.dk\/no\/wp-json\/wp\/v2\/types\/product"}],"wp:featuredmedia":[{"embeddable":true,"href":"https:\/\/dev.nellemannmachinery.dk\/no\/wp-json\/wp\/v2\/media\/12283"}],"wp:attachment":[{"href":"https:\/\/dev.nellemannmachinery.dk\/no\/wp-json\/wp\/v2\/media?parent=12270"}],"wp:term":[{"taxonomy":"product_brand","embeddable":true,"href":"https:\/\/dev.nellemannmachinery.dk\/no\/wp-json\/wp\/v2\/product_brand?post=12270"},{"taxonomy":"product_cat","embeddable":true,"href":"https:\/\/dev.nellemannmachinery.dk\/no\/wp-json\/wp\/v2\/product_cat?post=12270"},{"taxonomy":"product_tag","embeddable":true,"href":"https:\/\/dev.nellemannmachinery.dk\/no\/wp-json\/wp\/v2\/product_tag?post=12270"}],"curies":[{"name":"wp","href":"https:\/\/api.w.org\/{rel}","templated":true}]}}