{"id":1294,"date":"2020-06-11T13:35:38","date_gmt":"2020-06-11T13:35:38","guid":{"rendered":"https:\/\/dev.nellemannmachinery.dk\/?post_type=product&#038;p=1294"},"modified":"2022-01-24T12:07:49","modified_gmt":"2022-01-24T10:07:49","slug":"m4073","status":"publish","type":"product","link":"https:\/\/dev.nellemannmachinery.dk\/no\/produkt\/m4073\/","title":{"rendered":"KUBOTA M4-073"},"excerpt":{"rendered":"<p><strong>Kubota M4-073<\/strong><\/p>\n<ul>\n<li>Kubota 4 sylindret motor p\u00e5 74 hestekrefter, som oppfyller de seneste kravene til Steg 5 &#8211; og dette uten bruk av AdBlue (!)<\/li>\n<li>3040 kg egenvekt<\/li>\n<li>Perfekt allroundtraktor, godt egnet til frontlasterjobb, mindre g\u00e5rdsbruk eller p\u00e5 trange steder.<\/li>\n<li>H\u00f8y bakkeklaring og best svingradius i sin klasse &#8211; grunnet portalframakselen<\/li>\n<li>36\/36 girkasse<\/li>\n<li>Stor komfortabel hytte med flatt gulv og mulighet for passasjersete<\/li>\n<\/ul>\n","protected":false},"featured_media":10038,"template":"","meta":{"_acf_changed":false,"inline_featured_image":false},"product_brand":[],"product_cat":[134],"product_tag":[634,635,150,633,533,149,282,558,489],"class_list":{"0":"post-1294","1":"product","2":"type-product","3":"status-publish","4":"has-post-thumbnail","6":"product_cat-landbruk","7":"product_tag-japan","8":"product_tag-japansk-traktor","9":"product_tag-kubota","10":"product_tag-kubota-m4","11":"product_tag-kubota-traktor","12":"product_tag-m4","13":"product_tag-m4072","14":"product_tag-m4073","15":"product_tag-traktor","16":"brand-kubota-no","18":"first","19":"instock","20":"shipping-taxable","21":"product-type-simple"},"acf":[],"yoast_head":"<!-- This site is optimized with the Yoast SEO plugin v27.4 - https:\/\/yoast.com\/product\/yoast-seo-wordpress\/ -->\n<title>KUBOTA M4-073 - Nellemann Machinery<\/title>\n<meta name=\"description\" content=\"Med Kubotas dieselmotor p\u00e5 74 hestekrefter, firehjulstrekk, h\u00f8y bakkeklaring og lav vekt. Gj\u00f8r dette M4-072 til en allrounder p\u00e5 g\u00e5rden og p\u00e5 skj\u00f8r mark.\" \/>\n<meta name=\"robots\" content=\"noindex, follow, max-snippet:-1, max-image-preview:large, max-video-preview:-1\" \/>\n<meta property=\"og:locale\" content=\"nb_NO\" \/>\n<meta property=\"og:type\" content=\"article\" \/>\n<meta property=\"og:title\" content=\"KUBOTA M4-073 - Nellemann Machinery\" \/>\n<meta property=\"og:description\" content=\"Med Kubotas dieselmotor p\u00e5 74 hestekrefter, firehjulstrekk, h\u00f8y bakkeklaring og lav vekt. Gj\u00f8r dette M4-072 til en allrounder p\u00e5 g\u00e5rden og p\u00e5 skj\u00f8r mark.\" \/>\n<meta property=\"og:url\" content=\"https:\/\/nellemannmachinery.no\/produkt\/m4073\/\" \/>\n<meta property=\"og:site_name\" content=\"Nellemann Machinery\" \/>\n<meta property=\"article:publisher\" content=\"https:\/\/www.facebook.com\/Nellemann-Machinery-718705991612962\" \/>\n<meta property=\"article:modified_time\" content=\"2022-01-24T10:07:49+00:00\" \/>\n<meta property=\"og:image\" content=\"https:\/\/nellemannmachinery.no\/wp-content\/uploads\/2020\/06\/M4003_Side_Studio2.jpg\" \/>\n\t<meta property=\"og:image:width\" content=\"2000\" \/>\n\t<meta property=\"og:image:height\" content=\"1333\" \/>\n\t<meta property=\"og:image:type\" content=\"image\/jpeg\" \/>\n<meta name=\"twitter:card\" content=\"summary_large_image\" \/>\n<!-- \/ Yoast SEO plugin. -->","yoast_head_json":{"title":"KUBOTA M4-073 - Nellemann Machinery","description":"Med Kubotas dieselmotor p\u00e5 74 hestekrefter, firehjulstrekk, h\u00f8y bakkeklaring og lav vekt. Gj\u00f8r dette M4-072 til en allrounder p\u00e5 g\u00e5rden og p\u00e5 skj\u00f8r mark.","robots":{"index":"noindex","follow":"follow","max-snippet":"max-snippet:-1","max-image-preview":"max-image-preview:large","max-video-preview":"max-video-preview:-1"},"og_locale":"nb_NO","og_type":"article","og_title":"KUBOTA M4-073 - Nellemann Machinery","og_description":"Med Kubotas dieselmotor p\u00e5 74 hestekrefter, firehjulstrekk, h\u00f8y bakkeklaring og lav vekt. Gj\u00f8r dette M4-072 til en allrounder p\u00e5 g\u00e5rden og p\u00e5 skj\u00f8r mark.","og_url":"https:\/\/nellemannmachinery.no\/produkt\/m4073\/","og_site_name":"Nellemann Machinery","article_publisher":"https:\/\/www.facebook.com\/Nellemann-Machinery-718705991612962","article_modified_time":"2022-01-24T10:07:49+00:00","og_image":[{"width":2000,"height":1333,"url":"https:\/\/nellemannmachinery.no\/wp-content\/uploads\/2020\/06\/M4003_Side_Studio2.jpg","type":"image\/jpeg"}],"twitter_card":"summary_large_image","schema":{"@context":"https:\/\/schema.org","@graph":[{"@type":"WebPage","@id":"https:\/\/nellemannmachinery.no\/produkt\/m4073\/","url":"https:\/\/nellemannmachinery.no\/produkt\/m4073\/","name":"KUBOTA M4-073 - Nellemann Machinery","isPartOf":{"@id":"https:\/\/dev.nellemannmachinery.dk\/#website"},"primaryImageOfPage":{"@id":"https:\/\/nellemannmachinery.no\/produkt\/m4073\/#primaryimage"},"image":{"@id":"https:\/\/nellemannmachinery.no\/produkt\/m4073\/#primaryimage"},"thumbnailUrl":"https:\/\/dev.nellemannmachinery.dk\/wp-content\/uploads\/2020\/06\/M4003_Side_Studio2.jpg","datePublished":"2020-06-11T13:35:38+00:00","dateModified":"2022-01-24T10:07:49+00:00","description":"Med Kubotas dieselmotor p\u00e5 74 hestekrefter, firehjulstrekk, h\u00f8y bakkeklaring og lav vekt. Gj\u00f8r dette M4-072 til en allrounder p\u00e5 g\u00e5rden og p\u00e5 skj\u00f8r mark.","breadcrumb":{"@id":"https:\/\/nellemannmachinery.no\/produkt\/m4073\/#breadcrumb"},"inLanguage":"nb-NO","potentialAction":[{"@type":"ReadAction","target":["https:\/\/nellemannmachinery.no\/produkt\/m4073\/"]}]},{"@type":"ImageObject","inLanguage":"nb-NO","@id":"https:\/\/nellemannmachinery.no\/produkt\/m4073\/#primaryimage","url":"https:\/\/dev.nellemannmachinery.dk\/wp-content\/uploads\/2020\/06\/M4003_Side_Studio2.jpg","contentUrl":"https:\/\/dev.nellemannmachinery.dk\/wp-content\/uploads\/2020\/06\/M4003_Side_Studio2.jpg","width":2000,"height":1333},{"@type":"BreadcrumbList","@id":"https:\/\/nellemannmachinery.no\/produkt\/m4073\/#breadcrumb","itemListElement":[{"@type":"ListItem","position":1,"name":"Home","item":"https:\/\/nellemannmachinery.no\/"},{"@type":"ListItem","position":2,"name":"Shop","item":"https:\/\/dev.nellemannmachinery.dk\/shop\/"},{"@type":"ListItem","position":3,"name":"KUBOTA M4-073"}]},{"@type":"WebSite","@id":"https:\/\/dev.nellemannmachinery.dk\/#website","url":"https:\/\/dev.nellemannmachinery.dk\/","name":"Nellemann Machinery","description":"","publisher":{"@id":"https:\/\/dev.nellemannmachinery.dk\/#organization"},"potentialAction":[{"@type":"SearchAction","target":{"@type":"EntryPoint","urlTemplate":"https:\/\/dev.nellemannmachinery.dk\/?s={search_term_string}"},"query-input":{"@type":"PropertyValueSpecification","valueRequired":true,"valueName":"search_term_string"}}],"inLanguage":"nb-NO"},{"@type":"Organization","@id":"https:\/\/dev.nellemannmachinery.dk\/#organization","name":"Nellemann Machinery","url":"https:\/\/dev.nellemannmachinery.dk\/","logo":{"@type":"ImageObject","inLanguage":"nb-NO","@id":"https:\/\/dev.nellemannmachinery.dk\/#\/schema\/logo\/image\/","url":"https:\/\/dev.nellemannmachinery.dk\/wp-content\/uploads\/2020\/09\/logo-1.png","contentUrl":"https:\/\/dev.nellemannmachinery.dk\/wp-content\/uploads\/2020\/09\/logo-1.png","width":398,"height":71,"caption":"Nellemann Machinery"},"image":{"@id":"https:\/\/dev.nellemannmachinery.dk\/#\/schema\/logo\/image\/"},"sameAs":["https:\/\/www.facebook.com\/Nellemann-Machinery-718705991612962","https:\/\/www.instagram.com\/nellemannmachinery\/?hl=da","https:\/\/www.linkedin.com\/company\/svenningsens-maskinforretning-as\/about\/"]}]}},"_links":{"self":[{"href":"https:\/\/dev.nellemannmachinery.dk\/no\/wp-json\/wp\/v2\/product\/1294","targetHints":{"allow":["GET"]}}],"collection":[{"href":"https:\/\/dev.nellemannmachinery.dk\/no\/wp-json\/wp\/v2\/product"}],"about":[{"href":"https:\/\/dev.nellemannmachinery.dk\/no\/wp-json\/wp\/v2\/types\/product"}],"wp:featuredmedia":[{"embeddable":true,"href":"https:\/\/dev.nellemannmachinery.dk\/no\/wp-json\/wp\/v2\/media\/10038"}],"wp:attachment":[{"href":"https:\/\/dev.nellemannmachinery.dk\/no\/wp-json\/wp\/v2\/media?parent=1294"}],"wp:term":[{"taxonomy":"product_brand","embeddable":true,"href":"https:\/\/dev.nellemannmachinery.dk\/no\/wp-json\/wp\/v2\/product_brand?post=1294"},{"taxonomy":"product_cat","embeddable":true,"href":"https:\/\/dev.nellemannmachinery.dk\/no\/wp-json\/wp\/v2\/product_cat?post=1294"},{"taxonomy":"product_tag","embeddable":true,"href":"https:\/\/dev.nellemannmachinery.dk\/no\/wp-json\/wp\/v2\/product_tag?post=1294"}],"curies":[{"name":"wp","href":"https:\/\/api.w.org\/{rel}","templated":true}]}}