{"id":13292,"date":"2022-01-18T10:49:48","date_gmt":"2022-01-18T08:49:48","guid":{"rendered":"https:\/\/dev.nellemannmachinery.dk\/?post_type=product&#038;p=13292"},"modified":"2022-01-24T11:48:02","modified_gmt":"2022-01-24T09:48:02","slug":"kubota-l1-522","status":"publish","type":"product","link":"https:\/\/dev.nellemannmachinery.dk\/no\/produkt\/kubota-l1-522\/","title":{"rendered":"Kubota L1-522"},"excerpt":{"rendered":"<p>Kubota L1-522 er arvtageren etter L1-501 og bygger videre p\u00e5 denne modellens egenskaper.<\/p>\n<p>L1-serien er allsidige maskiner og kan kombineres med frontlaster, frontl\u00f8ft og det store utvalget av tilleggsutstyr. Dette gj\u00f8r det lett \u00e5 optimalisere traktoren til mange bruksomr\u00e5der og redskaper.<\/p>\n<p>Forakselen med portaldrift gir utmerket smidighet, sammen med integrert servostyring.<\/p>\n<ul>\n<li>Mer milj\u00f8vennlig motor som oppfyller stage 5 utstlippskrav med DPF<\/li>\n<li>Kubota V2403 common-rail diesel motor p\u00e5 50 hk &#8211; 4 sylindre.<\/li>\n<li>Kan f\u00e5s i HST eller Gir versjon (8\/8)<\/li>\n<li>Bakl\u00f8ft tar 1750 kg og 37 l\/min kapasitet<\/li>\n<li>Vekt 1820 kg<\/li>\n<\/ul>\n<p>Med kraftig motor, robust drivlinje og imponerende kapasitet gj\u00f8r dette\u00a0 L1-serien til en ideell medhjelper n\u00e5r det gjelder\u00a0 praktisk bruk og allsidighet.<\/p>\n<p>&nbsp;<\/p>\n<p>&nbsp;<\/p>\n","protected":false},"featured_media":13315,"template":"","meta":{"_acf_changed":false,"inline_featured_image":false},"product_brand":[],"product_cat":[200,134],"product_tag":[225,546,150,815,818,817,816],"class_list":{"0":"post-13292","1":"product","2":"type-product","3":"status-publish","4":"has-post-thumbnail","6":"product_cat-kompakttraktorer-no","7":"product_cat-landbruk","8":"product_tag-kompakt","9":"product_tag-kompaktraktor","10":"product_tag-kubota","11":"product_tag-kubota-l1","12":"product_tag-kubota-l1-522","13":"product_tag-kubota-l1522","14":"product_tag-l1-522","15":"brand-kubota-no","17":"first","18":"instock","19":"shipping-taxable","20":"product-type-simple"},"acf":[],"yoast_head":"<!-- This site is optimized with the Yoast SEO plugin v27.4 - https:\/\/yoast.com\/product\/yoast-seo-wordpress\/ -->\n<title>Kubota L1-522 - Nellemann Machinery<\/title>\n<meta name=\"robots\" content=\"noindex, follow, max-snippet:-1, max-image-preview:large, max-video-preview:-1\" \/>\n<meta property=\"og:locale\" content=\"nb_NO\" \/>\n<meta property=\"og:type\" content=\"article\" \/>\n<meta property=\"og:title\" content=\"Kubota L1-522 - Nellemann Machinery\" \/>\n<meta property=\"og:description\" content=\"Kubota L1-522 er arvtageren etter L1-501 og bygger videre p\u00e5 denne modellens egenskaper.  L1-serien er allsidige maskiner og kan kombineres med frontlaster, frontl\u00f8ft og det store utvalget av tilleggsutstyr. Dette gj\u00f8r det lett \u00e5 optimalisere traktoren til mange bruksomr\u00e5der og redskaper.  Forakselen med portaldrift gir utmerket smidighet, sammen med integrert servostyring.   Mer milj\u00f8vennlig motor som oppfyller stage 5 utstlippskrav med DPF  Kubota V2403 common-rail diesel motor p\u00e5 50 hk - 4 sylindre.  Kan f\u00e5s i HST eller Gir versjon (8\/8)  Bakl\u00f8ft tar 1750 kg og 37 l\/min kapasitet  Vekt 1820 kg  Med kraftig motor, robust drivlinje og imponerende kapasitet gj\u00f8r dette\u00a0 L1-serien til en ideell medhjelper n\u00e5r det gjelder\u00a0 praktisk bruk og allsidighet.  &nbsp;  &nbsp;\" \/>\n<meta property=\"og:url\" content=\"https:\/\/nellemannmachinery.no\/produkt\/kubota-l1-522\/\" \/>\n<meta property=\"og:site_name\" content=\"Nellemann Machinery\" \/>\n<meta property=\"article:publisher\" content=\"https:\/\/www.facebook.com\/Nellemann-Machinery-718705991612962\" \/>\n<meta property=\"article:modified_time\" content=\"2022-01-24T09:48:02+00:00\" \/>\n<meta property=\"og:image\" content=\"https:\/\/nellemannmachinery.no\/wp-content\/uploads\/2022\/01\/L1_Studio_Side1.jpg\" \/>\n\t<meta property=\"og:image:width\" content=\"2000\" \/>\n\t<meta property=\"og:image:height\" content=\"1500\" \/>\n\t<meta property=\"og:image:type\" content=\"image\/jpeg\" \/>\n<meta name=\"twitter:card\" content=\"summary_large_image\" \/>\n<!-- \/ Yoast SEO plugin. -->","yoast_head_json":{"title":"Kubota L1-522 - Nellemann Machinery","robots":{"index":"noindex","follow":"follow","max-snippet":"max-snippet:-1","max-image-preview":"max-image-preview:large","max-video-preview":"max-video-preview:-1"},"og_locale":"nb_NO","og_type":"article","og_title":"Kubota L1-522 - Nellemann Machinery","og_description":"Kubota L1-522 er arvtageren etter L1-501 og bygger videre p\u00e5 denne modellens egenskaper.  L1-serien er allsidige maskiner og kan kombineres med frontlaster, frontl\u00f8ft og det store utvalget av tilleggsutstyr. Dette gj\u00f8r det lett \u00e5 optimalisere traktoren til mange bruksomr\u00e5der og redskaper.  Forakselen med portaldrift gir utmerket smidighet, sammen med integrert servostyring.   Mer milj\u00f8vennlig motor som oppfyller stage 5 utstlippskrav med DPF  Kubota V2403 common-rail diesel motor p\u00e5 50 hk - 4 sylindre.  Kan f\u00e5s i HST eller Gir versjon (8\/8)  Bakl\u00f8ft tar 1750 kg og 37 l\/min kapasitet  Vekt 1820 kg  Med kraftig motor, robust drivlinje og imponerende kapasitet gj\u00f8r dette\u00a0 L1-serien til en ideell medhjelper n\u00e5r det gjelder\u00a0 praktisk bruk og allsidighet.  &nbsp;  &nbsp;","og_url":"https:\/\/nellemannmachinery.no\/produkt\/kubota-l1-522\/","og_site_name":"Nellemann Machinery","article_publisher":"https:\/\/www.facebook.com\/Nellemann-Machinery-718705991612962","article_modified_time":"2022-01-24T09:48:02+00:00","og_image":[{"width":2000,"height":1500,"url":"https:\/\/nellemannmachinery.no\/wp-content\/uploads\/2022\/01\/L1_Studio_Side1.jpg","type":"image\/jpeg"}],"twitter_card":"summary_large_image","schema":{"@context":"https:\/\/schema.org","@graph":[{"@type":"WebPage","@id":"https:\/\/nellemannmachinery.no\/produkt\/kubota-l1-522\/","url":"https:\/\/nellemannmachinery.no\/produkt\/kubota-l1-522\/","name":"Kubota L1-522 - Nellemann Machinery","isPartOf":{"@id":"https:\/\/dev.nellemannmachinery.dk\/#website"},"primaryImageOfPage":{"@id":"https:\/\/nellemannmachinery.no\/produkt\/kubota-l1-522\/#primaryimage"},"image":{"@id":"https:\/\/nellemannmachinery.no\/produkt\/kubota-l1-522\/#primaryimage"},"thumbnailUrl":"https:\/\/dev.nellemannmachinery.dk\/wp-content\/uploads\/2022\/01\/L1_Studio_Side1.jpg","datePublished":"2022-01-18T08:49:48+00:00","dateModified":"2022-01-24T09:48:02+00:00","breadcrumb":{"@id":"https:\/\/nellemannmachinery.no\/produkt\/kubota-l1-522\/#breadcrumb"},"inLanguage":"nb-NO","potentialAction":[{"@type":"ReadAction","target":["https:\/\/nellemannmachinery.no\/produkt\/kubota-l1-522\/"]}]},{"@type":"ImageObject","inLanguage":"nb-NO","@id":"https:\/\/nellemannmachinery.no\/produkt\/kubota-l1-522\/#primaryimage","url":"https:\/\/dev.nellemannmachinery.dk\/wp-content\/uploads\/2022\/01\/L1_Studio_Side1.jpg","contentUrl":"https:\/\/dev.nellemannmachinery.dk\/wp-content\/uploads\/2022\/01\/L1_Studio_Side1.jpg","width":2000,"height":1500},{"@type":"BreadcrumbList","@id":"https:\/\/nellemannmachinery.no\/produkt\/kubota-l1-522\/#breadcrumb","itemListElement":[{"@type":"ListItem","position":1,"name":"Home","item":"https:\/\/nellemannmachinery.no\/"},{"@type":"ListItem","position":2,"name":"Shop","item":"https:\/\/dev.nellemannmachinery.dk\/shop\/"},{"@type":"ListItem","position":3,"name":"Kubota L1-522"}]},{"@type":"WebSite","@id":"https:\/\/dev.nellemannmachinery.dk\/#website","url":"https:\/\/dev.nellemannmachinery.dk\/","name":"Nellemann Machinery","description":"","publisher":{"@id":"https:\/\/dev.nellemannmachinery.dk\/#organization"},"potentialAction":[{"@type":"SearchAction","target":{"@type":"EntryPoint","urlTemplate":"https:\/\/dev.nellemannmachinery.dk\/?s={search_term_string}"},"query-input":{"@type":"PropertyValueSpecification","valueRequired":true,"valueName":"search_term_string"}}],"inLanguage":"nb-NO"},{"@type":"Organization","@id":"https:\/\/dev.nellemannmachinery.dk\/#organization","name":"Nellemann Machinery","url":"https:\/\/dev.nellemannmachinery.dk\/","logo":{"@type":"ImageObject","inLanguage":"nb-NO","@id":"https:\/\/dev.nellemannmachinery.dk\/#\/schema\/logo\/image\/","url":"https:\/\/dev.nellemannmachinery.dk\/wp-content\/uploads\/2020\/09\/logo-1.png","contentUrl":"https:\/\/dev.nellemannmachinery.dk\/wp-content\/uploads\/2020\/09\/logo-1.png","width":398,"height":71,"caption":"Nellemann Machinery"},"image":{"@id":"https:\/\/dev.nellemannmachinery.dk\/#\/schema\/logo\/image\/"},"sameAs":["https:\/\/www.facebook.com\/Nellemann-Machinery-718705991612962","https:\/\/www.instagram.com\/nellemannmachinery\/?hl=da","https:\/\/www.linkedin.com\/company\/svenningsens-maskinforretning-as\/about\/"]}]}},"_links":{"self":[{"href":"https:\/\/dev.nellemannmachinery.dk\/no\/wp-json\/wp\/v2\/product\/13292","targetHints":{"allow":["GET"]}}],"collection":[{"href":"https:\/\/dev.nellemannmachinery.dk\/no\/wp-json\/wp\/v2\/product"}],"about":[{"href":"https:\/\/dev.nellemannmachinery.dk\/no\/wp-json\/wp\/v2\/types\/product"}],"wp:featuredmedia":[{"embeddable":true,"href":"https:\/\/dev.nellemannmachinery.dk\/no\/wp-json\/wp\/v2\/media\/13315"}],"wp:attachment":[{"href":"https:\/\/dev.nellemannmachinery.dk\/no\/wp-json\/wp\/v2\/media?parent=13292"}],"wp:term":[{"taxonomy":"product_brand","embeddable":true,"href":"https:\/\/dev.nellemannmachinery.dk\/no\/wp-json\/wp\/v2\/product_brand?post=13292"},{"taxonomy":"product_cat","embeddable":true,"href":"https:\/\/dev.nellemannmachinery.dk\/no\/wp-json\/wp\/v2\/product_cat?post=13292"},{"taxonomy":"product_tag","embeddable":true,"href":"https:\/\/dev.nellemannmachinery.dk\/no\/wp-json\/wp\/v2\/product_tag?post=13292"}],"curies":[{"name":"wp","href":"https:\/\/api.w.org\/{rel}","templated":true}]}}