{"id":13493,"date":"2022-01-19T16:41:22","date_gmt":"2022-01-19T14:41:22","guid":{"rendered":"https:\/\/dev.nellemannmachinery.dk\/?post_type=product&#038;p=13493"},"modified":"2022-01-19T16:41:23","modified_gmt":"2022-01-19T14:41:23","slug":"karcher-mic-42","status":"publish","type":"product","link":"https:\/\/dev.nellemannmachinery.dk\/no\/produkt\/karcher-mic-42\/","title":{"rendered":"K\u00e4rcher MIC 42"},"excerpt":{"rendered":"<p>&#8211; Komfortabel stor hytte med 360 graders utsyn<br \/>\n&#8211; Kompakte m\u00e5l<br \/>\n&#8211; Innovativ leddstyring<br \/>\n&#8211; Stor nyttelast og l\u00f8ftekapasitet<br \/>\n&#8211; Mange redskapsmuligheter og effektivt hurtigskifte system<br \/>\n&#8211; Hydrostatisk firehjulstrekk med antispin<br \/>\n&#8211; Oppfyller Stage 5 utslippskrav (97\/98 EF) <\/p>\n","protected":false},"featured_media":13546,"template":"","meta":{"_acf_changed":false,"inline_featured_image":false},"product_brand":[],"product_cat":[276],"product_tag":[825,675,826,828,695,829,827,824],"class_list":{"0":"post-13493","1":"product","2":"type-product","3":"status-publish","4":"has-post-thumbnail","6":"product_cat-redskapsbaerere-no","7":"product_tag-feiemaskin","8":"product_tag-karcher","9":"product_tag-maskin","10":"product_tag-mic","11":"product_tag-mic-35","12":"product_tag-mic-42","13":"product_tag-multimaskin","14":"product_tag-redkskapsbaerer","15":"brand-karcher-no","17":"first","18":"instock","19":"shipping-taxable","20":"product-type-simple"},"acf":[],"yoast_head":"<!-- This site is optimized with the Yoast SEO plugin v27.4 - https:\/\/yoast.com\/product\/yoast-seo-wordpress\/ -->\n<title>K\u00e4rcher MIC 42 - Nellemann Machinery<\/title>\n<meta name=\"robots\" content=\"noindex, follow, max-snippet:-1, max-image-preview:large, max-video-preview:-1\" \/>\n<meta property=\"og:locale\" content=\"nb_NO\" \/>\n<meta property=\"og:type\" content=\"article\" \/>\n<meta property=\"og:title\" content=\"K\u00e4rcher MIC 42 - Nellemann Machinery\" \/>\n<meta property=\"og:description\" content=\"- Komfortabel stor hytte med 360 graders utsyn - Kompakte m\u00e5l - Innovativ leddstyring - Stor nyttelast og l\u00f8ftekapasitet - Mange redskapsmuligheter og effektivt hurtigskifte system - Hydrostatisk firehjulstrekk med antispin - Oppfyller Stage 5 utslippskrav (97\/98 EF)\" \/>\n<meta property=\"og:url\" content=\"https:\/\/nellemannmachinery.no\/produkt\/karcher-mic-42\/\" \/>\n<meta property=\"og:site_name\" content=\"Nellemann Machinery\" \/>\n<meta property=\"article:publisher\" content=\"https:\/\/www.facebook.com\/Nellemann-Machinery-718705991612962\" \/>\n<meta property=\"article:modified_time\" content=\"2022-01-19T14:41:23+00:00\" \/>\n<meta property=\"og:image\" content=\"https:\/\/nellemannmachinery.no\/wp-content\/uploads\/2022\/01\/1442250_std_20_96-dpi-jpg.jpg\" \/>\n\t<meta property=\"og:image:width\" content=\"1200\" \/>\n\t<meta property=\"og:image:height\" content=\"1200\" \/>\n\t<meta property=\"og:image:type\" content=\"image\/jpeg\" \/>\n<meta name=\"twitter:card\" content=\"summary_large_image\" \/>\n<!-- \/ Yoast SEO plugin. -->","yoast_head_json":{"title":"K\u00e4rcher MIC 42 - Nellemann Machinery","robots":{"index":"noindex","follow":"follow","max-snippet":"max-snippet:-1","max-image-preview":"max-image-preview:large","max-video-preview":"max-video-preview:-1"},"og_locale":"nb_NO","og_type":"article","og_title":"K\u00e4rcher MIC 42 - Nellemann Machinery","og_description":"- Komfortabel stor hytte med 360 graders utsyn - Kompakte m\u00e5l - Innovativ leddstyring - Stor nyttelast og l\u00f8ftekapasitet - Mange redskapsmuligheter og effektivt hurtigskifte system - Hydrostatisk firehjulstrekk med antispin - Oppfyller Stage 5 utslippskrav (97\/98 EF)","og_url":"https:\/\/nellemannmachinery.no\/produkt\/karcher-mic-42\/","og_site_name":"Nellemann Machinery","article_publisher":"https:\/\/www.facebook.com\/Nellemann-Machinery-718705991612962","article_modified_time":"2022-01-19T14:41:23+00:00","og_image":[{"width":1200,"height":1200,"url":"https:\/\/nellemannmachinery.no\/wp-content\/uploads\/2022\/01\/1442250_std_20_96-dpi-jpg.jpg","type":"image\/jpeg"}],"twitter_card":"summary_large_image","schema":{"@context":"https:\/\/schema.org","@graph":[{"@type":"WebPage","@id":"https:\/\/nellemannmachinery.no\/produkt\/karcher-mic-42\/","url":"https:\/\/nellemannmachinery.no\/produkt\/karcher-mic-42\/","name":"K\u00e4rcher MIC 42 - Nellemann Machinery","isPartOf":{"@id":"https:\/\/dev.nellemannmachinery.dk\/#website"},"primaryImageOfPage":{"@id":"https:\/\/nellemannmachinery.no\/produkt\/karcher-mic-42\/#primaryimage"},"image":{"@id":"https:\/\/nellemannmachinery.no\/produkt\/karcher-mic-42\/#primaryimage"},"thumbnailUrl":"https:\/\/dev.nellemannmachinery.dk\/wp-content\/uploads\/2022\/01\/1442250_std_20_96-dpi-jpg.jpg","datePublished":"2022-01-19T14:41:22+00:00","dateModified":"2022-01-19T14:41:23+00:00","breadcrumb":{"@id":"https:\/\/nellemannmachinery.no\/produkt\/karcher-mic-42\/#breadcrumb"},"inLanguage":"nb-NO","potentialAction":[{"@type":"ReadAction","target":["https:\/\/nellemannmachinery.no\/produkt\/karcher-mic-42\/"]}]},{"@type":"ImageObject","inLanguage":"nb-NO","@id":"https:\/\/nellemannmachinery.no\/produkt\/karcher-mic-42\/#primaryimage","url":"https:\/\/dev.nellemannmachinery.dk\/wp-content\/uploads\/2022\/01\/1442250_std_20_96-dpi-jpg.jpg","contentUrl":"https:\/\/dev.nellemannmachinery.dk\/wp-content\/uploads\/2022\/01\/1442250_std_20_96-dpi-jpg.jpg","width":1200,"height":1200},{"@type":"BreadcrumbList","@id":"https:\/\/nellemannmachinery.no\/produkt\/karcher-mic-42\/#breadcrumb","itemListElement":[{"@type":"ListItem","position":1,"name":"Home","item":"https:\/\/nellemannmachinery.no\/"},{"@type":"ListItem","position":2,"name":"Shop","item":"https:\/\/dev.nellemannmachinery.dk\/shop\/"},{"@type":"ListItem","position":3,"name":"K\u00e4rcher MIC 42"}]},{"@type":"WebSite","@id":"https:\/\/dev.nellemannmachinery.dk\/#website","url":"https:\/\/dev.nellemannmachinery.dk\/","name":"Nellemann Machinery","description":"","publisher":{"@id":"https:\/\/dev.nellemannmachinery.dk\/#organization"},"potentialAction":[{"@type":"SearchAction","target":{"@type":"EntryPoint","urlTemplate":"https:\/\/dev.nellemannmachinery.dk\/?s={search_term_string}"},"query-input":{"@type":"PropertyValueSpecification","valueRequired":true,"valueName":"search_term_string"}}],"inLanguage":"nb-NO"},{"@type":"Organization","@id":"https:\/\/dev.nellemannmachinery.dk\/#organization","name":"Nellemann Machinery","url":"https:\/\/dev.nellemannmachinery.dk\/","logo":{"@type":"ImageObject","inLanguage":"nb-NO","@id":"https:\/\/dev.nellemannmachinery.dk\/#\/schema\/logo\/image\/","url":"https:\/\/dev.nellemannmachinery.dk\/wp-content\/uploads\/2020\/09\/logo-1.png","contentUrl":"https:\/\/dev.nellemannmachinery.dk\/wp-content\/uploads\/2020\/09\/logo-1.png","width":398,"height":71,"caption":"Nellemann Machinery"},"image":{"@id":"https:\/\/dev.nellemannmachinery.dk\/#\/schema\/logo\/image\/"},"sameAs":["https:\/\/www.facebook.com\/Nellemann-Machinery-718705991612962","https:\/\/www.instagram.com\/nellemannmachinery\/?hl=da","https:\/\/www.linkedin.com\/company\/svenningsens-maskinforretning-as\/about\/"]}]}},"_links":{"self":[{"href":"https:\/\/dev.nellemannmachinery.dk\/no\/wp-json\/wp\/v2\/product\/13493","targetHints":{"allow":["GET"]}}],"collection":[{"href":"https:\/\/dev.nellemannmachinery.dk\/no\/wp-json\/wp\/v2\/product"}],"about":[{"href":"https:\/\/dev.nellemannmachinery.dk\/no\/wp-json\/wp\/v2\/types\/product"}],"wp:featuredmedia":[{"embeddable":true,"href":"https:\/\/dev.nellemannmachinery.dk\/no\/wp-json\/wp\/v2\/media\/13546"}],"wp:attachment":[{"href":"https:\/\/dev.nellemannmachinery.dk\/no\/wp-json\/wp\/v2\/media?parent=13493"}],"wp:term":[{"taxonomy":"product_brand","embeddable":true,"href":"https:\/\/dev.nellemannmachinery.dk\/no\/wp-json\/wp\/v2\/product_brand?post=13493"},{"taxonomy":"product_cat","embeddable":true,"href":"https:\/\/dev.nellemannmachinery.dk\/no\/wp-json\/wp\/v2\/product_cat?post=13493"},{"taxonomy":"product_tag","embeddable":true,"href":"https:\/\/dev.nellemannmachinery.dk\/no\/wp-json\/wp\/v2\/product_tag?post=13493"}],"curies":[{"name":"wp","href":"https:\/\/api.w.org\/{rel}","templated":true}]}}