{"id":15038,"date":"2022-06-14T13:45:25","date_gmt":"2022-06-14T11:45:25","guid":{"rendered":"https:\/\/dev.nellemannmachinery.dk\/?post_type=product&#038;p=15038"},"modified":"2022-06-14T13:45:26","modified_gmt":"2022-06-14T11:45:26","slug":"karcher-mc130","status":"publish","type":"product","link":"https:\/\/dev.nellemannmachinery.dk\/no\/produkt\/karcher-mc130\/","title":{"rendered":"K\u00e4rcher MC130"},"excerpt":{"rendered":"<ul>\n<li>Komfortabelt f\u00f8rerhus for 2 personer<\/li>\n<li>Oppvarmet frontrute<\/li>\n<li>Individuell b\u00f8rstekontroll<\/li>\n<li>Ferskvanns- og resirkulerings-tanker<\/li>\n<li>Sugeturbin med 1300 liter oppsamlingstank<\/li>\n<li>2 eller 3-b\u00f8rstesystem<\/li>\n<li>Lavt tyngdepunkt<\/li>\n<li>Lav innstegningsh\u00f8yde<\/li>\n<li>Firehjulstrekk med antispinn<\/li>\n<li>Fj\u00e6rbelastet parkeringsbrems som virker p\u00e5 alle fire hjul<\/li>\n<\/ul>\n","protected":false},"featured_media":15081,"template":"","meta":{"_acf_changed":false,"inline_featured_image":false},"product_brand":[],"product_cat":[276],"product_tag":[675,874,876,877,875],"class_list":{"0":"post-15038","1":"product","2":"type-product","3":"status-publish","4":"has-post-thumbnail","6":"product_cat-redskapsbaerere-no","7":"product_tag-karcher","8":"product_tag-karcher-feiebil","9":"product_tag-karcher-mc","10":"product_tag-karcher-mc130","11":"product_tag-mc130","12":"brand-karcher-no","14":"first","15":"instock","16":"shipping-taxable","17":"product-type-simple"},"acf":[],"yoast_head":"<!-- This site is optimized with the Yoast SEO plugin v27.4 - https:\/\/yoast.com\/product\/yoast-seo-wordpress\/ -->\n<title>K\u00e4rcher MC130 - Nellemann Machinery<\/title>\n<meta name=\"robots\" content=\"noindex, follow, max-snippet:-1, max-image-preview:large, max-video-preview:-1\" \/>\n<meta property=\"og:locale\" content=\"nb_NO\" \/>\n<meta property=\"og:type\" content=\"article\" \/>\n<meta property=\"og:title\" content=\"K\u00e4rcher MC130 - Nellemann Machinery\" \/>\n<meta property=\"og:description\" content=\"Komfortabelt f\u00f8rerhus for 2 personer  Oppvarmet frontrute  Individuell b\u00f8rstekontroll  Ferskvanns- og resirkulerings-tanker  Sugeturbin med 1300 liter oppsamlingstank  2 eller 3-b\u00f8rstesystem  Lavt tyngdepunkt  Lav innstegningsh\u00f8yde  Firehjulstrekk med antispinn  Fj\u00e6rbelastet parkeringsbrems som virker p\u00e5 alle fire hjul\" \/>\n<meta property=\"og:url\" content=\"https:\/\/nellemannmachinery.no\/?post_type=product&amp;p=15038\" \/>\n<meta property=\"og:site_name\" content=\"Nellemann Machinery\" \/>\n<meta property=\"article:publisher\" content=\"https:\/\/www.facebook.com\/Nellemann-Machinery-718705991612962\" \/>\n<meta property=\"article:modified_time\" content=\"2022-06-14T11:45:26+00:00\" \/>\n<meta property=\"og:image\" content=\"https:\/\/nellemannmachinery.no\/wp-content\/uploads\/2022\/06\/1442234_std_03_96-dpi-jpg.jpg\" \/>\n\t<meta property=\"og:image:width\" content=\"1200\" \/>\n\t<meta property=\"og:image:height\" content=\"1200\" \/>\n\t<meta property=\"og:image:type\" content=\"image\/jpeg\" \/>\n<meta name=\"twitter:card\" content=\"summary_large_image\" \/>\n<!-- \/ Yoast SEO plugin. -->","yoast_head_json":{"title":"K\u00e4rcher MC130 - Nellemann Machinery","robots":{"index":"noindex","follow":"follow","max-snippet":"max-snippet:-1","max-image-preview":"max-image-preview:large","max-video-preview":"max-video-preview:-1"},"og_locale":"nb_NO","og_type":"article","og_title":"K\u00e4rcher MC130 - Nellemann Machinery","og_description":"Komfortabelt f\u00f8rerhus for 2 personer  Oppvarmet frontrute  Individuell b\u00f8rstekontroll  Ferskvanns- og resirkulerings-tanker  Sugeturbin med 1300 liter oppsamlingstank  2 eller 3-b\u00f8rstesystem  Lavt tyngdepunkt  Lav innstegningsh\u00f8yde  Firehjulstrekk med antispinn  Fj\u00e6rbelastet parkeringsbrems som virker p\u00e5 alle fire hjul","og_url":"https:\/\/nellemannmachinery.no\/?post_type=product&p=15038","og_site_name":"Nellemann Machinery","article_publisher":"https:\/\/www.facebook.com\/Nellemann-Machinery-718705991612962","article_modified_time":"2022-06-14T11:45:26+00:00","og_image":[{"width":1200,"height":1200,"url":"https:\/\/nellemannmachinery.no\/wp-content\/uploads\/2022\/06\/1442234_std_03_96-dpi-jpg.jpg","type":"image\/jpeg"}],"twitter_card":"summary_large_image","schema":{"@context":"https:\/\/schema.org","@graph":[{"@type":"WebPage","@id":"https:\/\/nellemannmachinery.no\/?post_type=product&p=15038","url":"https:\/\/nellemannmachinery.no\/?post_type=product&p=15038","name":"K\u00e4rcher MC130 - Nellemann Machinery","isPartOf":{"@id":"https:\/\/dev.nellemannmachinery.dk\/#website"},"primaryImageOfPage":{"@id":"https:\/\/nellemannmachinery.no\/?post_type=product&p=15038#primaryimage"},"image":{"@id":"https:\/\/nellemannmachinery.no\/?post_type=product&p=15038#primaryimage"},"thumbnailUrl":"https:\/\/dev.nellemannmachinery.dk\/wp-content\/uploads\/2022\/06\/1442234_std_03_96-dpi-jpg.jpg","datePublished":"2022-06-14T11:45:25+00:00","dateModified":"2022-06-14T11:45:26+00:00","breadcrumb":{"@id":"https:\/\/nellemannmachinery.no\/?post_type=product&p=15038#breadcrumb"},"inLanguage":"nb-NO","potentialAction":[{"@type":"ReadAction","target":["https:\/\/nellemannmachinery.no\/?post_type=product&p=15038"]}]},{"@type":"ImageObject","inLanguage":"nb-NO","@id":"https:\/\/nellemannmachinery.no\/?post_type=product&p=15038#primaryimage","url":"https:\/\/dev.nellemannmachinery.dk\/wp-content\/uploads\/2022\/06\/1442234_std_03_96-dpi-jpg.jpg","contentUrl":"https:\/\/dev.nellemannmachinery.dk\/wp-content\/uploads\/2022\/06\/1442234_std_03_96-dpi-jpg.jpg","width":1200,"height":1200},{"@type":"BreadcrumbList","@id":"https:\/\/nellemannmachinery.no\/?post_type=product&p=15038#breadcrumb","itemListElement":[{"@type":"ListItem","position":1,"name":"Home","item":"https:\/\/nellemannmachinery.no\/"},{"@type":"ListItem","position":2,"name":"Shop","item":"https:\/\/dev.nellemannmachinery.dk\/shop\/"},{"@type":"ListItem","position":3,"name":"K\u00e4rcher MC130"}]},{"@type":"WebSite","@id":"https:\/\/dev.nellemannmachinery.dk\/#website","url":"https:\/\/dev.nellemannmachinery.dk\/","name":"Nellemann Machinery","description":"","publisher":{"@id":"https:\/\/dev.nellemannmachinery.dk\/#organization"},"potentialAction":[{"@type":"SearchAction","target":{"@type":"EntryPoint","urlTemplate":"https:\/\/dev.nellemannmachinery.dk\/?s={search_term_string}"},"query-input":{"@type":"PropertyValueSpecification","valueRequired":true,"valueName":"search_term_string"}}],"inLanguage":"nb-NO"},{"@type":"Organization","@id":"https:\/\/dev.nellemannmachinery.dk\/#organization","name":"Nellemann Machinery","url":"https:\/\/dev.nellemannmachinery.dk\/","logo":{"@type":"ImageObject","inLanguage":"nb-NO","@id":"https:\/\/dev.nellemannmachinery.dk\/#\/schema\/logo\/image\/","url":"https:\/\/dev.nellemannmachinery.dk\/wp-content\/uploads\/2020\/09\/logo-1.png","contentUrl":"https:\/\/dev.nellemannmachinery.dk\/wp-content\/uploads\/2020\/09\/logo-1.png","width":398,"height":71,"caption":"Nellemann Machinery"},"image":{"@id":"https:\/\/dev.nellemannmachinery.dk\/#\/schema\/logo\/image\/"},"sameAs":["https:\/\/www.facebook.com\/Nellemann-Machinery-718705991612962","https:\/\/www.instagram.com\/nellemannmachinery\/?hl=da","https:\/\/www.linkedin.com\/company\/svenningsens-maskinforretning-as\/about\/"]}]}},"_links":{"self":[{"href":"https:\/\/dev.nellemannmachinery.dk\/no\/wp-json\/wp\/v2\/product\/15038","targetHints":{"allow":["GET"]}}],"collection":[{"href":"https:\/\/dev.nellemannmachinery.dk\/no\/wp-json\/wp\/v2\/product"}],"about":[{"href":"https:\/\/dev.nellemannmachinery.dk\/no\/wp-json\/wp\/v2\/types\/product"}],"wp:featuredmedia":[{"embeddable":true,"href":"https:\/\/dev.nellemannmachinery.dk\/no\/wp-json\/wp\/v2\/media\/15081"}],"wp:attachment":[{"href":"https:\/\/dev.nellemannmachinery.dk\/no\/wp-json\/wp\/v2\/media?parent=15038"}],"wp:term":[{"taxonomy":"product_brand","embeddable":true,"href":"https:\/\/dev.nellemannmachinery.dk\/no\/wp-json\/wp\/v2\/product_brand?post=15038"},{"taxonomy":"product_cat","embeddable":true,"href":"https:\/\/dev.nellemannmachinery.dk\/no\/wp-json\/wp\/v2\/product_cat?post=15038"},{"taxonomy":"product_tag","embeddable":true,"href":"https:\/\/dev.nellemannmachinery.dk\/no\/wp-json\/wp\/v2\/product_tag?post=15038"}],"curies":[{"name":"wp","href":"https:\/\/api.w.org\/{rel}","templated":true}]}}