{"id":15166,"date":"2022-08-04T08:46:07","date_gmt":"2022-08-04T06:46:07","guid":{"rendered":"https:\/\/dev.nellemannmachinery.dk\/?post_type=product&#038;p=15166"},"modified":"2023-04-12T15:29:31","modified_gmt":"2023-04-12T13:29:31","slug":"billy-goat-z3000ce","status":"publish","type":"product","link":"https:\/\/dev.nellemannmachinery.dk\/no\/produkt\/billy-goat-z3000ce\/","title":{"rendered":"Billy Goat Z3000CE"},"excerpt":{"rendered":"","protected":false},"featured_media":15197,"template":"","meta":{"_acf_changed":false,"inline_featured_image":false},"product_brand":[],"product_cat":[350,363],"product_tag":[290,884,883,882,303,879,880,881],"class_list":{"0":"post-15166","1":"product","2":"type-product","3":"status-publish","4":"has-post-thumbnail","6":"product_cat-gress-og-lov-no","7":"product_cat-lovutstyr","8":"product_tag-billy-goat","9":"product_tag-billy-goat-z3000","10":"product_tag-kraftig-blaser","11":"product_tag-kraftig-lovblaser","12":"product_tag-lovblaser","13":"product_tag-stablaser","14":"product_tag-staende-blaser","15":"product_tag-stapa-blaser","16":"brand-billy-goat","18":"first","19":"instock","20":"shipping-taxable","21":"purchasable","22":"product-type-simple"},"acf":[],"yoast_head":"<!-- This site is optimized with the Yoast SEO plugin v27.4 - https:\/\/yoast.com\/product\/yoast-seo-wordpress\/ -->\n<title>Billy Goat Z3000CE - Nellemann Machinery<\/title>\n<meta name=\"description\" content=\"Billy Goat Z3000CE stand-on zero-turn l\u00f8vbl\u00e5ser tar l\u00f8vbl\u00e5sing til et helt nytt niv\u00e5. Zero-turn man\u00f8vrerbarhet, du kommer deg raskt av\/p\u00e5 maskinen, intuitive betjeningskontroller og h\u00f8y bl\u00e5sekraft.\" \/>\n<meta name=\"robots\" content=\"noindex, follow, max-snippet:-1, max-image-preview:large, max-video-preview:-1\" \/>\n<meta property=\"og:locale\" content=\"nb_NO\" \/>\n<meta property=\"og:type\" content=\"article\" \/>\n<meta property=\"og:title\" content=\"Billy Goat Z3000CE - Nellemann Machinery\" \/>\n<meta property=\"og:description\" content=\"Billy Goat Z3000CE stand-on zero-turn l\u00f8vbl\u00e5ser tar l\u00f8vbl\u00e5sing til et helt nytt niv\u00e5. Zero-turn man\u00f8vrerbarhet, du kommer deg raskt av\/p\u00e5 maskinen, intuitive betjeningskontroller og h\u00f8y bl\u00e5sekraft.\" \/>\n<meta property=\"og:url\" content=\"https:\/\/nellemannmachinery.no\/produkt\/billy-goat-z3000ce\/\" \/>\n<meta property=\"og:site_name\" content=\"Nellemann Machinery\" \/>\n<meta property=\"article:publisher\" content=\"https:\/\/www.facebook.com\/Nellemann-Machinery-718705991612962\" \/>\n<meta property=\"article:modified_time\" content=\"2023-04-12T13:29:31+00:00\" \/>\n<meta property=\"og:image\" content=\"https:\/\/nellemannmachinery.no\/wp-content\/uploads\/2022\/08\/X3000-Blower-2020_MG_0118.png\" \/>\n\t<meta property=\"og:image:width\" content=\"480\" \/>\n\t<meta property=\"og:image:height\" content=\"320\" \/>\n\t<meta property=\"og:image:type\" content=\"image\/png\" \/>\n<meta name=\"twitter:card\" content=\"summary_large_image\" \/>\n<!-- \/ Yoast SEO plugin. -->","yoast_head_json":{"title":"Billy Goat Z3000CE - Nellemann Machinery","description":"Billy Goat Z3000CE stand-on zero-turn l\u00f8vbl\u00e5ser tar l\u00f8vbl\u00e5sing til et helt nytt niv\u00e5. Zero-turn man\u00f8vrerbarhet, du kommer deg raskt av\/p\u00e5 maskinen, intuitive betjeningskontroller og h\u00f8y bl\u00e5sekraft.","robots":{"index":"noindex","follow":"follow","max-snippet":"max-snippet:-1","max-image-preview":"max-image-preview:large","max-video-preview":"max-video-preview:-1"},"og_locale":"nb_NO","og_type":"article","og_title":"Billy Goat Z3000CE - Nellemann Machinery","og_description":"Billy Goat Z3000CE stand-on zero-turn l\u00f8vbl\u00e5ser tar l\u00f8vbl\u00e5sing til et helt nytt niv\u00e5. Zero-turn man\u00f8vrerbarhet, du kommer deg raskt av\/p\u00e5 maskinen, intuitive betjeningskontroller og h\u00f8y bl\u00e5sekraft.","og_url":"https:\/\/nellemannmachinery.no\/produkt\/billy-goat-z3000ce\/","og_site_name":"Nellemann Machinery","article_publisher":"https:\/\/www.facebook.com\/Nellemann-Machinery-718705991612962","article_modified_time":"2023-04-12T13:29:31+00:00","og_image":[{"width":480,"height":320,"url":"https:\/\/nellemannmachinery.no\/wp-content\/uploads\/2022\/08\/X3000-Blower-2020_MG_0118.png","type":"image\/png"}],"twitter_card":"summary_large_image","schema":{"@context":"https:\/\/schema.org","@graph":[{"@type":"WebPage","@id":"https:\/\/nellemannmachinery.no\/produkt\/billy-goat-z3000ce\/","url":"https:\/\/nellemannmachinery.no\/produkt\/billy-goat-z3000ce\/","name":"Billy Goat Z3000CE - Nellemann Machinery","isPartOf":{"@id":"https:\/\/dev.nellemannmachinery.dk\/#website"},"primaryImageOfPage":{"@id":"https:\/\/nellemannmachinery.no\/produkt\/billy-goat-z3000ce\/#primaryimage"},"image":{"@id":"https:\/\/nellemannmachinery.no\/produkt\/billy-goat-z3000ce\/#primaryimage"},"thumbnailUrl":"https:\/\/dev.nellemannmachinery.dk\/wp-content\/uploads\/2022\/08\/X3000-Blower-2020_MG_0118.png","datePublished":"2022-08-04T06:46:07+00:00","dateModified":"2023-04-12T13:29:31+00:00","description":"Billy Goat Z3000CE stand-on zero-turn l\u00f8vbl\u00e5ser tar l\u00f8vbl\u00e5sing til et helt nytt niv\u00e5. Zero-turn man\u00f8vrerbarhet, du kommer deg raskt av\/p\u00e5 maskinen, intuitive betjeningskontroller og h\u00f8y bl\u00e5sekraft.","breadcrumb":{"@id":"https:\/\/nellemannmachinery.no\/produkt\/billy-goat-z3000ce\/#breadcrumb"},"inLanguage":"nb-NO","potentialAction":[{"@type":"ReadAction","target":["https:\/\/nellemannmachinery.no\/produkt\/billy-goat-z3000ce\/"]}]},{"@type":"ImageObject","inLanguage":"nb-NO","@id":"https:\/\/nellemannmachinery.no\/produkt\/billy-goat-z3000ce\/#primaryimage","url":"https:\/\/dev.nellemannmachinery.dk\/wp-content\/uploads\/2022\/08\/X3000-Blower-2020_MG_0118.png","contentUrl":"https:\/\/dev.nellemannmachinery.dk\/wp-content\/uploads\/2022\/08\/X3000-Blower-2020_MG_0118.png","width":480,"height":320},{"@type":"BreadcrumbList","@id":"https:\/\/nellemannmachinery.no\/produkt\/billy-goat-z3000ce\/#breadcrumb","itemListElement":[{"@type":"ListItem","position":1,"name":"Home","item":"https:\/\/nellemannmachinery.no\/"},{"@type":"ListItem","position":2,"name":"Shop","item":"https:\/\/dev.nellemannmachinery.dk\/shop\/"},{"@type":"ListItem","position":3,"name":"Billy Goat Z3000CE"}]},{"@type":"WebSite","@id":"https:\/\/dev.nellemannmachinery.dk\/#website","url":"https:\/\/dev.nellemannmachinery.dk\/","name":"Nellemann Machinery","description":"","publisher":{"@id":"https:\/\/dev.nellemannmachinery.dk\/#organization"},"potentialAction":[{"@type":"SearchAction","target":{"@type":"EntryPoint","urlTemplate":"https:\/\/dev.nellemannmachinery.dk\/?s={search_term_string}"},"query-input":{"@type":"PropertyValueSpecification","valueRequired":true,"valueName":"search_term_string"}}],"inLanguage":"nb-NO"},{"@type":"Organization","@id":"https:\/\/dev.nellemannmachinery.dk\/#organization","name":"Nellemann Machinery","url":"https:\/\/dev.nellemannmachinery.dk\/","logo":{"@type":"ImageObject","inLanguage":"nb-NO","@id":"https:\/\/dev.nellemannmachinery.dk\/#\/schema\/logo\/image\/","url":"https:\/\/dev.nellemannmachinery.dk\/wp-content\/uploads\/2020\/09\/logo-1.png","contentUrl":"https:\/\/dev.nellemannmachinery.dk\/wp-content\/uploads\/2020\/09\/logo-1.png","width":398,"height":71,"caption":"Nellemann Machinery"},"image":{"@id":"https:\/\/dev.nellemannmachinery.dk\/#\/schema\/logo\/image\/"},"sameAs":["https:\/\/www.facebook.com\/Nellemann-Machinery-718705991612962","https:\/\/www.instagram.com\/nellemannmachinery\/?hl=da","https:\/\/www.linkedin.com\/company\/svenningsens-maskinforretning-as\/about\/"]}]}},"_links":{"self":[{"href":"https:\/\/dev.nellemannmachinery.dk\/no\/wp-json\/wp\/v2\/product\/15166","targetHints":{"allow":["GET"]}}],"collection":[{"href":"https:\/\/dev.nellemannmachinery.dk\/no\/wp-json\/wp\/v2\/product"}],"about":[{"href":"https:\/\/dev.nellemannmachinery.dk\/no\/wp-json\/wp\/v2\/types\/product"}],"wp:featuredmedia":[{"embeddable":true,"href":"https:\/\/dev.nellemannmachinery.dk\/no\/wp-json\/wp\/v2\/media\/15197"}],"wp:attachment":[{"href":"https:\/\/dev.nellemannmachinery.dk\/no\/wp-json\/wp\/v2\/media?parent=15166"}],"wp:term":[{"taxonomy":"product_brand","embeddable":true,"href":"https:\/\/dev.nellemannmachinery.dk\/no\/wp-json\/wp\/v2\/product_brand?post=15166"},{"taxonomy":"product_cat","embeddable":true,"href":"https:\/\/dev.nellemannmachinery.dk\/no\/wp-json\/wp\/v2\/product_cat?post=15166"},{"taxonomy":"product_tag","embeddable":true,"href":"https:\/\/dev.nellemannmachinery.dk\/no\/wp-json\/wp\/v2\/product_tag?post=15166"}],"curies":[{"name":"wp","href":"https:\/\/api.w.org\/{rel}","templated":true}]}}