{"id":17769,"date":"2023-04-12T12:43:21","date_gmt":"2023-04-12T10:43:21","guid":{"rendered":"https:\/\/dev.nellemannmachinery.dk\/?post_type=product&#038;p=17769"},"modified":"2023-04-12T12:46:23","modified_gmt":"2023-04-12T10:46:23","slug":"billy-goat-f1802-spv-lovblaser","status":"publish","type":"product","link":"https:\/\/dev.nellemannmachinery.dk\/no\/produkt\/billy-goat-f1802-spv-lovblaser\/","title":{"rendered":"Billy Goat F1802 SPV L\u00f8vbl\u00e5ser"},"excerpt":{"rendered":"<p><strong>Selvg\u00e5ende<\/strong><\/p>\n<p><strong>Vanguard 570 cc<\/strong><\/p>\n<p><strong>Kraftig bl\u00e5sekraft (320 km\/t)\u00a0<\/strong><\/p>\n","protected":false},"featured_media":17773,"template":"","meta":{"_acf_changed":false,"inline_featured_image":false},"product_brand":[],"product_cat":[155],"product_tag":[961,960,955,957,956,958,303,959],"class_list":{"0":"post-17769","1":"product","2":"type-product","3":"status-publish","4":"has-post-thumbnail","6":"product_cat-kompakte","7":"product_tag-bg-f18","8":"product_tag-bg-f1802","9":"product_tag-billy-goat-1802","10":"product_tag-f18","11":"product_tag-f1802","12":"product_tag-f1802-vanguard","13":"product_tag-lovblaser","14":"product_tag-vanguard","15":"brand-billy-goat","17":"first","18":"instock","19":"shipping-taxable","20":"purchasable","21":"product-type-simple"},"acf":[],"yoast_head":"<!-- This site is optimized with the Yoast SEO plugin v27.4 - https:\/\/yoast.com\/product\/yoast-seo-wordpress\/ -->\n<title>Billy Goat F1802 SPV L\u00f8vbl\u00e5ser - Nellemann Machinery<\/title>\n<meta name=\"description\" content=\"F18 serien er den ultimate maskinen for b\u00e5de kraft og volum. 15,2 cm utkaster med 320 km\/t lufttrykk vil bl\u00e5se l\u00f8v og avfall lengre slik at du kan rydde opp st\u00f8rre omr\u00e5der fortere.\" \/>\n<meta name=\"robots\" content=\"noindex, follow, max-snippet:-1, max-image-preview:large, max-video-preview:-1\" \/>\n<meta property=\"og:locale\" content=\"nb_NO\" \/>\n<meta property=\"og:type\" content=\"article\" \/>\n<meta property=\"og:title\" content=\"Billy Goat F1802 SPV L\u00f8vbl\u00e5ser - Nellemann Machinery\" \/>\n<meta property=\"og:description\" content=\"F18 serien er den ultimate maskinen for b\u00e5de kraft og volum. 15,2 cm utkaster med 320 km\/t lufttrykk vil bl\u00e5se l\u00f8v og avfall lengre slik at du kan rydde opp st\u00f8rre omr\u00e5der fortere.\" \/>\n<meta property=\"og:url\" content=\"https:\/\/nellemannmachinery.no\/produkt\/billy-goat-f1802-spv-lovblaser\/\" \/>\n<meta property=\"og:site_name\" content=\"Nellemann Machinery\" \/>\n<meta property=\"article:publisher\" content=\"https:\/\/www.facebook.com\/Nellemann-Machinery-718705991612962\" \/>\n<meta property=\"article:modified_time\" content=\"2023-04-12T10:46:23+00:00\" \/>\n<meta property=\"og:image\" content=\"https:\/\/nellemannmachinery.no\/wp-content\/uploads\/2023\/04\/original-2.jpg\" \/>\n\t<meta property=\"og:image:width\" content=\"1024\" \/>\n\t<meta property=\"og:image:height\" content=\"1024\" \/>\n\t<meta property=\"og:image:type\" content=\"image\/jpeg\" \/>\n<meta name=\"twitter:card\" content=\"summary_large_image\" \/>\n<!-- \/ Yoast SEO plugin. -->","yoast_head_json":{"title":"Billy Goat F1802 SPV L\u00f8vbl\u00e5ser - Nellemann Machinery","description":"F18 serien er den ultimate maskinen for b\u00e5de kraft og volum. 15,2 cm utkaster med 320 km\/t lufttrykk vil bl\u00e5se l\u00f8v og avfall lengre slik at du kan rydde opp st\u00f8rre omr\u00e5der fortere.","robots":{"index":"noindex","follow":"follow","max-snippet":"max-snippet:-1","max-image-preview":"max-image-preview:large","max-video-preview":"max-video-preview:-1"},"og_locale":"nb_NO","og_type":"article","og_title":"Billy Goat F1802 SPV L\u00f8vbl\u00e5ser - Nellemann Machinery","og_description":"F18 serien er den ultimate maskinen for b\u00e5de kraft og volum. 15,2 cm utkaster med 320 km\/t lufttrykk vil bl\u00e5se l\u00f8v og avfall lengre slik at du kan rydde opp st\u00f8rre omr\u00e5der fortere.","og_url":"https:\/\/nellemannmachinery.no\/produkt\/billy-goat-f1802-spv-lovblaser\/","og_site_name":"Nellemann Machinery","article_publisher":"https:\/\/www.facebook.com\/Nellemann-Machinery-718705991612962","article_modified_time":"2023-04-12T10:46:23+00:00","og_image":[{"width":1024,"height":1024,"url":"https:\/\/nellemannmachinery.no\/wp-content\/uploads\/2023\/04\/original-2.jpg","type":"image\/jpeg"}],"twitter_card":"summary_large_image","schema":{"@context":"https:\/\/schema.org","@graph":[{"@type":"WebPage","@id":"https:\/\/nellemannmachinery.no\/produkt\/billy-goat-f1802-spv-lovblaser\/","url":"https:\/\/nellemannmachinery.no\/produkt\/billy-goat-f1802-spv-lovblaser\/","name":"Billy Goat F1802 SPV L\u00f8vbl\u00e5ser - Nellemann Machinery","isPartOf":{"@id":"https:\/\/dev.nellemannmachinery.dk\/#website"},"primaryImageOfPage":{"@id":"https:\/\/nellemannmachinery.no\/produkt\/billy-goat-f1802-spv-lovblaser\/#primaryimage"},"image":{"@id":"https:\/\/nellemannmachinery.no\/produkt\/billy-goat-f1802-spv-lovblaser\/#primaryimage"},"thumbnailUrl":"https:\/\/dev.nellemannmachinery.dk\/wp-content\/uploads\/2023\/04\/original-2.jpg","datePublished":"2023-04-12T10:43:21+00:00","dateModified":"2023-04-12T10:46:23+00:00","description":"F18 serien er den ultimate maskinen for b\u00e5de kraft og volum. 15,2 cm utkaster med 320 km\/t lufttrykk vil bl\u00e5se l\u00f8v og avfall lengre slik at du kan rydde opp st\u00f8rre omr\u00e5der fortere.","breadcrumb":{"@id":"https:\/\/nellemannmachinery.no\/produkt\/billy-goat-f1802-spv-lovblaser\/#breadcrumb"},"inLanguage":"nb-NO","potentialAction":[{"@type":"ReadAction","target":["https:\/\/nellemannmachinery.no\/produkt\/billy-goat-f1802-spv-lovblaser\/"]}]},{"@type":"ImageObject","inLanguage":"nb-NO","@id":"https:\/\/nellemannmachinery.no\/produkt\/billy-goat-f1802-spv-lovblaser\/#primaryimage","url":"https:\/\/dev.nellemannmachinery.dk\/wp-content\/uploads\/2023\/04\/original-2.jpg","contentUrl":"https:\/\/dev.nellemannmachinery.dk\/wp-content\/uploads\/2023\/04\/original-2.jpg","width":1024,"height":1024},{"@type":"BreadcrumbList","@id":"https:\/\/nellemannmachinery.no\/produkt\/billy-goat-f1802-spv-lovblaser\/#breadcrumb","itemListElement":[{"@type":"ListItem","position":1,"name":"Home","item":"https:\/\/nellemannmachinery.no\/"},{"@type":"ListItem","position":2,"name":"Shop","item":"https:\/\/dev.nellemannmachinery.dk\/shop\/"},{"@type":"ListItem","position":3,"name":"Billy Goat F1802 SPV L\u00f8vbl\u00e5ser"}]},{"@type":"WebSite","@id":"https:\/\/dev.nellemannmachinery.dk\/#website","url":"https:\/\/dev.nellemannmachinery.dk\/","name":"Nellemann Machinery","description":"","publisher":{"@id":"https:\/\/dev.nellemannmachinery.dk\/#organization"},"potentialAction":[{"@type":"SearchAction","target":{"@type":"EntryPoint","urlTemplate":"https:\/\/dev.nellemannmachinery.dk\/?s={search_term_string}"},"query-input":{"@type":"PropertyValueSpecification","valueRequired":true,"valueName":"search_term_string"}}],"inLanguage":"nb-NO"},{"@type":"Organization","@id":"https:\/\/dev.nellemannmachinery.dk\/#organization","name":"Nellemann Machinery","url":"https:\/\/dev.nellemannmachinery.dk\/","logo":{"@type":"ImageObject","inLanguage":"nb-NO","@id":"https:\/\/dev.nellemannmachinery.dk\/#\/schema\/logo\/image\/","url":"https:\/\/dev.nellemannmachinery.dk\/wp-content\/uploads\/2020\/09\/logo-1.png","contentUrl":"https:\/\/dev.nellemannmachinery.dk\/wp-content\/uploads\/2020\/09\/logo-1.png","width":398,"height":71,"caption":"Nellemann Machinery"},"image":{"@id":"https:\/\/dev.nellemannmachinery.dk\/#\/schema\/logo\/image\/"},"sameAs":["https:\/\/www.facebook.com\/Nellemann-Machinery-718705991612962","https:\/\/www.instagram.com\/nellemannmachinery\/?hl=da","https:\/\/www.linkedin.com\/company\/svenningsens-maskinforretning-as\/about\/"]}]}},"_links":{"self":[{"href":"https:\/\/dev.nellemannmachinery.dk\/no\/wp-json\/wp\/v2\/product\/17769","targetHints":{"allow":["GET"]}}],"collection":[{"href":"https:\/\/dev.nellemannmachinery.dk\/no\/wp-json\/wp\/v2\/product"}],"about":[{"href":"https:\/\/dev.nellemannmachinery.dk\/no\/wp-json\/wp\/v2\/types\/product"}],"wp:featuredmedia":[{"embeddable":true,"href":"https:\/\/dev.nellemannmachinery.dk\/no\/wp-json\/wp\/v2\/media\/17773"}],"wp:attachment":[{"href":"https:\/\/dev.nellemannmachinery.dk\/no\/wp-json\/wp\/v2\/media?parent=17769"}],"wp:term":[{"taxonomy":"product_brand","embeddable":true,"href":"https:\/\/dev.nellemannmachinery.dk\/no\/wp-json\/wp\/v2\/product_brand?post=17769"},{"taxonomy":"product_cat","embeddable":true,"href":"https:\/\/dev.nellemannmachinery.dk\/no\/wp-json\/wp\/v2\/product_cat?post=17769"},{"taxonomy":"product_tag","embeddable":true,"href":"https:\/\/dev.nellemannmachinery.dk\/no\/wp-json\/wp\/v2\/product_tag?post=17769"}],"curies":[{"name":"wp","href":"https:\/\/api.w.org\/{rel}","templated":true}]}}