{"id":18231,"date":"2023-05-04T08:58:18","date_gmt":"2023-05-04T06:58:18","guid":{"rendered":"https:\/\/dev.nellemannmachinery.dk\/?post_type=product&#038;p=18231"},"modified":"2023-09-27T10:56:21","modified_gmt":"2023-09-27T08:56:21","slug":"cerruti-intermedio-snofres","status":"publish","type":"product","link":"https:\/\/dev.nellemannmachinery.dk\/no\/produkt\/cerruti-intermedio-snofres\/","title":{"rendered":"Cerruti Intermedio Sn\u00f8fres"},"excerpt":{"rendered":"<p><strong>INTERMEDIO<\/strong><\/p>\n<p>To-trinnsfreser<br \/>\nArbeidsh\u00f8yde 70 cm<br \/>\n3 punkt eller justerbar A-ramme<br \/>\nGirkasse i st\u00f8pejern<br \/>\n\u00d8 40 cm utkastervifte<br \/>\n\u00d8 40 cm innmaterskrue<\/p>\n<p>Utkastertut p\u00e5 kulelager<br \/>\nHydraulisk sving p\u00e5 utkastertut<br \/>\nHydraulisk justering av nedbrekk<br \/>\nUtskiftbar slitest\u00e5l<\/p>\n<p>Arbeidsbredde fra 90 til 140 cm<br \/>\nEffektbehov fra 25 til 40 hk<\/p>\n","protected":false},"featured_media":19198,"template":"","meta":{"_acf_changed":false,"inline_featured_image":false},"product_brand":[],"product_cat":[365,362],"product_tag":[987,974,989,988,979,600],"class_list":{"0":"post-18231","1":"product","2":"type-product","3":"status-publish","4":"has-post-thumbnail","6":"product_cat-redskaper-landbruk","7":"product_cat-vinterutstyr","8":"product_tag-cerruti-snofres","9":"product_tag-cerrutti","10":"product_tag-freser-sno","11":"product_tag-kompaktfreser","12":"product_tag-sno-freser","13":"product_tag-snofreser","14":"brand-cerruti","16":"first","17":"instock","18":"shipping-taxable","19":"product-type-simple"},"acf":[],"yoast_head":"<!-- This site is optimized with the Yoast SEO plugin v27.4 - https:\/\/yoast.com\/product\/yoast-seo-wordpress\/ -->\n<title>Cerruti Intermedio Sn\u00f8fres - Nellemann Machinery<\/title>\n<meta name=\"robots\" content=\"noindex, follow, max-snippet:-1, max-image-preview:large, max-video-preview:-1\" \/>\n<meta property=\"og:locale\" content=\"nb_NO\" \/>\n<meta property=\"og:type\" content=\"article\" \/>\n<meta property=\"og:title\" content=\"Cerruti Intermedio Sn\u00f8fres - Nellemann Machinery\" \/>\n<meta property=\"og:description\" content=\"INTERMEDIO  To-trinnsfreser Arbeidsh\u00f8yde 70 cm 3 punkt eller justerbar A-ramme Girkasse i st\u00f8pejern \u00d8 40 cm utkastervifte \u00d8 40 cm innmaterskrue  Utkastertut p\u00e5 kulelager Hydraulisk sving p\u00e5 utkastertut Hydraulisk justering av nedbrekk Utskiftbar slitest\u00e5l  Arbeidsbredde fra 90 til 140 cm Effektbehov fra 25 til 40 hk\" \/>\n<meta property=\"og:url\" content=\"https:\/\/nellemannmachinery.no\/produkt\/cerruti-intermedio-snofres\/\" \/>\n<meta property=\"og:site_name\" content=\"Nellemann Machinery\" \/>\n<meta property=\"article:publisher\" content=\"https:\/\/www.facebook.com\/Nellemann-Machinery-718705991612962\" \/>\n<meta property=\"article:modified_time\" content=\"2023-09-27T08:56:21+00:00\" \/>\n<meta property=\"og:image\" content=\"https:\/\/nellemannmachinery.no\/wp-content\/uploads\/2023\/05\/download-compresskaru.com_.png\" \/>\n\t<meta property=\"og:image:width\" content=\"800\" \/>\n\t<meta property=\"og:image:height\" content=\"800\" \/>\n\t<meta property=\"og:image:type\" content=\"image\/png\" \/>\n<meta name=\"twitter:card\" content=\"summary_large_image\" \/>\n<!-- \/ Yoast SEO plugin. -->","yoast_head_json":{"title":"Cerruti Intermedio Sn\u00f8fres - Nellemann Machinery","robots":{"index":"noindex","follow":"follow","max-snippet":"max-snippet:-1","max-image-preview":"max-image-preview:large","max-video-preview":"max-video-preview:-1"},"og_locale":"nb_NO","og_type":"article","og_title":"Cerruti Intermedio Sn\u00f8fres - Nellemann Machinery","og_description":"INTERMEDIO  To-trinnsfreser Arbeidsh\u00f8yde 70 cm 3 punkt eller justerbar A-ramme Girkasse i st\u00f8pejern \u00d8 40 cm utkastervifte \u00d8 40 cm innmaterskrue  Utkastertut p\u00e5 kulelager Hydraulisk sving p\u00e5 utkastertut Hydraulisk justering av nedbrekk Utskiftbar slitest\u00e5l  Arbeidsbredde fra 90 til 140 cm Effektbehov fra 25 til 40 hk","og_url":"https:\/\/nellemannmachinery.no\/produkt\/cerruti-intermedio-snofres\/","og_site_name":"Nellemann Machinery","article_publisher":"https:\/\/www.facebook.com\/Nellemann-Machinery-718705991612962","article_modified_time":"2023-09-27T08:56:21+00:00","og_image":[{"width":800,"height":800,"url":"https:\/\/nellemannmachinery.no\/wp-content\/uploads\/2023\/05\/download-compresskaru.com_.png","type":"image\/png"}],"twitter_card":"summary_large_image","schema":{"@context":"https:\/\/schema.org","@graph":[{"@type":"WebPage","@id":"https:\/\/nellemannmachinery.no\/produkt\/cerruti-intermedio-snofres\/","url":"https:\/\/nellemannmachinery.no\/produkt\/cerruti-intermedio-snofres\/","name":"Cerruti Intermedio Sn\u00f8fres - Nellemann Machinery","isPartOf":{"@id":"https:\/\/dev.nellemannmachinery.dk\/#website"},"primaryImageOfPage":{"@id":"https:\/\/nellemannmachinery.no\/produkt\/cerruti-intermedio-snofres\/#primaryimage"},"image":{"@id":"https:\/\/nellemannmachinery.no\/produkt\/cerruti-intermedio-snofres\/#primaryimage"},"thumbnailUrl":"https:\/\/dev.nellemannmachinery.dk\/wp-content\/uploads\/2023\/05\/download-compresskaru.com_.png","datePublished":"2023-05-04T06:58:18+00:00","dateModified":"2023-09-27T08:56:21+00:00","breadcrumb":{"@id":"https:\/\/nellemannmachinery.no\/produkt\/cerruti-intermedio-snofres\/#breadcrumb"},"inLanguage":"nb-NO","potentialAction":[{"@type":"ReadAction","target":["https:\/\/nellemannmachinery.no\/produkt\/cerruti-intermedio-snofres\/"]}]},{"@type":"ImageObject","inLanguage":"nb-NO","@id":"https:\/\/nellemannmachinery.no\/produkt\/cerruti-intermedio-snofres\/#primaryimage","url":"https:\/\/dev.nellemannmachinery.dk\/wp-content\/uploads\/2023\/05\/download-compresskaru.com_.png","contentUrl":"https:\/\/dev.nellemannmachinery.dk\/wp-content\/uploads\/2023\/05\/download-compresskaru.com_.png","width":800,"height":800},{"@type":"BreadcrumbList","@id":"https:\/\/nellemannmachinery.no\/produkt\/cerruti-intermedio-snofres\/#breadcrumb","itemListElement":[{"@type":"ListItem","position":1,"name":"Home","item":"https:\/\/nellemannmachinery.no\/"},{"@type":"ListItem","position":2,"name":"Shop","item":"https:\/\/dev.nellemannmachinery.dk\/shop\/"},{"@type":"ListItem","position":3,"name":"Cerruti Intermedio Sn\u00f8fres"}]},{"@type":"WebSite","@id":"https:\/\/dev.nellemannmachinery.dk\/#website","url":"https:\/\/dev.nellemannmachinery.dk\/","name":"Nellemann Machinery","description":"","publisher":{"@id":"https:\/\/dev.nellemannmachinery.dk\/#organization"},"potentialAction":[{"@type":"SearchAction","target":{"@type":"EntryPoint","urlTemplate":"https:\/\/dev.nellemannmachinery.dk\/?s={search_term_string}"},"query-input":{"@type":"PropertyValueSpecification","valueRequired":true,"valueName":"search_term_string"}}],"inLanguage":"nb-NO"},{"@type":"Organization","@id":"https:\/\/dev.nellemannmachinery.dk\/#organization","name":"Nellemann Machinery","url":"https:\/\/dev.nellemannmachinery.dk\/","logo":{"@type":"ImageObject","inLanguage":"nb-NO","@id":"https:\/\/dev.nellemannmachinery.dk\/#\/schema\/logo\/image\/","url":"https:\/\/dev.nellemannmachinery.dk\/wp-content\/uploads\/2020\/09\/logo-1.png","contentUrl":"https:\/\/dev.nellemannmachinery.dk\/wp-content\/uploads\/2020\/09\/logo-1.png","width":398,"height":71,"caption":"Nellemann Machinery"},"image":{"@id":"https:\/\/dev.nellemannmachinery.dk\/#\/schema\/logo\/image\/"},"sameAs":["https:\/\/www.facebook.com\/Nellemann-Machinery-718705991612962","https:\/\/www.instagram.com\/nellemannmachinery\/?hl=da","https:\/\/www.linkedin.com\/company\/svenningsens-maskinforretning-as\/about\/"]}]}},"_links":{"self":[{"href":"https:\/\/dev.nellemannmachinery.dk\/no\/wp-json\/wp\/v2\/product\/18231","targetHints":{"allow":["GET"]}}],"collection":[{"href":"https:\/\/dev.nellemannmachinery.dk\/no\/wp-json\/wp\/v2\/product"}],"about":[{"href":"https:\/\/dev.nellemannmachinery.dk\/no\/wp-json\/wp\/v2\/types\/product"}],"wp:featuredmedia":[{"embeddable":true,"href":"https:\/\/dev.nellemannmachinery.dk\/no\/wp-json\/wp\/v2\/media\/19198"}],"wp:attachment":[{"href":"https:\/\/dev.nellemannmachinery.dk\/no\/wp-json\/wp\/v2\/media?parent=18231"}],"wp:term":[{"taxonomy":"product_brand","embeddable":true,"href":"https:\/\/dev.nellemannmachinery.dk\/no\/wp-json\/wp\/v2\/product_brand?post=18231"},{"taxonomy":"product_cat","embeddable":true,"href":"https:\/\/dev.nellemannmachinery.dk\/no\/wp-json\/wp\/v2\/product_cat?post=18231"},{"taxonomy":"product_tag","embeddable":true,"href":"https:\/\/dev.nellemannmachinery.dk\/no\/wp-json\/wp\/v2\/product_tag?post=18231"}],"curies":[{"name":"wp","href":"https:\/\/api.w.org\/{rel}","templated":true}]}}