{"id":19073,"date":"2023-09-20T10:51:30","date_gmt":"2023-09-20T08:51:30","guid":{"rendered":"https:\/\/dev.nellemannmachinery.dk\/?post_type=product&#038;p=19073"},"modified":"2023-09-26T15:10:26","modified_gmt":"2023-09-26T13:10:26","slug":"kubota-bv5200-plus","status":"publish","type":"product","link":"https:\/\/dev.nellemannmachinery.dk\/no\/produkt\/kubota-bv5200-plus\/","title":{"rendered":"KUBOTA BV5200 PLUS"},"excerpt":{"rendered":"<p><strong>Kubota BV5200 PLUS<\/strong><\/p>\n<p>Perfekt ballest\u00f8rrelse under alle forhold og avlingstyper.<\/p>\n<p>Nett p\u00e5f\u00f8ring til kanten p\u00e5 ballen<\/p>\n<p>Hydraulisk proporsjonal tetthetsjustering fra f\u00f8rerhytten som gj\u00f8r det mulig \u00e5 f\u00e5 en myk senterkjerne med hardt ytre lag om \u00f8nskelig.<br \/>\nKontroll p\u00e5 hele ballens tetthet fordelt p\u00e5 3 ulike &#8220;ballesoner&#8221;<\/p>\n<p>Enkelt justerbart elektronisk via skjerm.<\/p>\n<p>Enkelt sett opp egen justering, 3 minner for ulike type avling.<\/p>\n","protected":false},"featured_media":19077,"template":"","meta":{"_acf_changed":false,"inline_featured_image":false},"product_brand":[],"product_cat":[1029,365],"product_tag":[150,1035,1025,1033,1034,1031,1032],"class_list":{"0":"post-19073","1":"product","2":"type-product","3":"status-publish","4":"has-post-thumbnail","6":"product_cat-presser-og-pakkere","7":"product_cat-redskaper-landbruk","8":"product_tag-kubota","9":"product_tag-kubota-bv5200","10":"product_tag-kubota-presse","11":"product_tag-kubota-variabelp","12":"product_tag-kubota-variabelpresse","13":"product_tag-variabel","14":"product_tag-variabelpresse","15":"brand-kubota-no","17":"first","18":"instock","19":"shipping-taxable","20":"product-type-simple"},"acf":[],"yoast_head":"<!-- This site is optimized with the Yoast SEO plugin v27.4 - https:\/\/yoast.com\/product\/yoast-seo-wordpress\/ -->\n<title>KUBOTA BV5200 PLUS - Nellemann Machinery<\/title>\n<meta name=\"description\" content=\"Kubota BV5200 PLUS variabelpresse gir mulighet for \u00e5 justere ballens tetthet i 3 ulike niv\u00e5er. Fra innerst til ytterst. Perfekt for bruk p\u00e5 ulike avlinger.\" \/>\n<meta name=\"robots\" content=\"noindex, follow, max-snippet:-1, max-image-preview:large, max-video-preview:-1\" \/>\n<meta property=\"og:locale\" content=\"nb_NO\" \/>\n<meta property=\"og:type\" content=\"article\" \/>\n<meta property=\"og:title\" content=\"KUBOTA BV5200 PLUS - Nellemann Machinery\" \/>\n<meta property=\"og:description\" content=\"Kubota BV5200 PLUS variabelpresse gir mulighet for \u00e5 justere ballens tetthet i 3 ulike niv\u00e5er. Fra innerst til ytterst. Perfekt for bruk p\u00e5 ulike avlinger.\" \/>\n<meta property=\"og:url\" content=\"https:\/\/nellemannmachinery.no\/produkt\/kubota-bv5200-plus\/\" \/>\n<meta property=\"og:site_name\" content=\"Nellemann Machinery\" \/>\n<meta property=\"article:publisher\" content=\"https:\/\/www.facebook.com\/Nellemann-Machinery-718705991612962\" \/>\n<meta property=\"article:modified_time\" content=\"2023-09-26T13:10:26+00:00\" \/>\n<meta property=\"og:image\" content=\"https:\/\/nellemannmachinery.no\/wp-content\/uploads\/2023\/09\/BV5200-Plus-001.jpg\" \/>\n\t<meta property=\"og:image:width\" content=\"1024\" \/>\n\t<meta property=\"og:image:height\" content=\"683\" \/>\n\t<meta property=\"og:image:type\" content=\"image\/jpeg\" \/>\n<meta name=\"twitter:card\" content=\"summary_large_image\" \/>\n<!-- \/ Yoast SEO plugin. -->","yoast_head_json":{"title":"KUBOTA BV5200 PLUS - Nellemann Machinery","description":"Kubota BV5200 PLUS variabelpresse gir mulighet for \u00e5 justere ballens tetthet i 3 ulike niv\u00e5er. Fra innerst til ytterst. Perfekt for bruk p\u00e5 ulike avlinger.","robots":{"index":"noindex","follow":"follow","max-snippet":"max-snippet:-1","max-image-preview":"max-image-preview:large","max-video-preview":"max-video-preview:-1"},"og_locale":"nb_NO","og_type":"article","og_title":"KUBOTA BV5200 PLUS - Nellemann Machinery","og_description":"Kubota BV5200 PLUS variabelpresse gir mulighet for \u00e5 justere ballens tetthet i 3 ulike niv\u00e5er. Fra innerst til ytterst. Perfekt for bruk p\u00e5 ulike avlinger.","og_url":"https:\/\/nellemannmachinery.no\/produkt\/kubota-bv5200-plus\/","og_site_name":"Nellemann Machinery","article_publisher":"https:\/\/www.facebook.com\/Nellemann-Machinery-718705991612962","article_modified_time":"2023-09-26T13:10:26+00:00","og_image":[{"width":1024,"height":683,"url":"https:\/\/nellemannmachinery.no\/wp-content\/uploads\/2023\/09\/BV5200-Plus-001.jpg","type":"image\/jpeg"}],"twitter_card":"summary_large_image","schema":{"@context":"https:\/\/schema.org","@graph":[{"@type":"WebPage","@id":"https:\/\/nellemannmachinery.no\/produkt\/kubota-bv5200-plus\/","url":"https:\/\/nellemannmachinery.no\/produkt\/kubota-bv5200-plus\/","name":"KUBOTA BV5200 PLUS - Nellemann Machinery","isPartOf":{"@id":"https:\/\/dev.nellemannmachinery.dk\/#website"},"primaryImageOfPage":{"@id":"https:\/\/nellemannmachinery.no\/produkt\/kubota-bv5200-plus\/#primaryimage"},"image":{"@id":"https:\/\/nellemannmachinery.no\/produkt\/kubota-bv5200-plus\/#primaryimage"},"thumbnailUrl":"https:\/\/dev.nellemannmachinery.dk\/wp-content\/uploads\/2023\/09\/BV5200-Plus-001.jpg","datePublished":"2023-09-20T08:51:30+00:00","dateModified":"2023-09-26T13:10:26+00:00","description":"Kubota BV5200 PLUS variabelpresse gir mulighet for \u00e5 justere ballens tetthet i 3 ulike niv\u00e5er. Fra innerst til ytterst. Perfekt for bruk p\u00e5 ulike avlinger.","breadcrumb":{"@id":"https:\/\/nellemannmachinery.no\/produkt\/kubota-bv5200-plus\/#breadcrumb"},"inLanguage":"nb-NO","potentialAction":[{"@type":"ReadAction","target":["https:\/\/nellemannmachinery.no\/produkt\/kubota-bv5200-plus\/"]}]},{"@type":"ImageObject","inLanguage":"nb-NO","@id":"https:\/\/nellemannmachinery.no\/produkt\/kubota-bv5200-plus\/#primaryimage","url":"https:\/\/dev.nellemannmachinery.dk\/wp-content\/uploads\/2023\/09\/BV5200-Plus-001.jpg","contentUrl":"https:\/\/dev.nellemannmachinery.dk\/wp-content\/uploads\/2023\/09\/BV5200-Plus-001.jpg","width":1024,"height":683},{"@type":"BreadcrumbList","@id":"https:\/\/nellemannmachinery.no\/produkt\/kubota-bv5200-plus\/#breadcrumb","itemListElement":[{"@type":"ListItem","position":1,"name":"Home","item":"https:\/\/nellemannmachinery.no\/"},{"@type":"ListItem","position":2,"name":"Shop","item":"https:\/\/dev.nellemannmachinery.dk\/shop\/"},{"@type":"ListItem","position":3,"name":"KUBOTA BV5200 PLUS"}]},{"@type":"WebSite","@id":"https:\/\/dev.nellemannmachinery.dk\/#website","url":"https:\/\/dev.nellemannmachinery.dk\/","name":"Nellemann Machinery","description":"","publisher":{"@id":"https:\/\/dev.nellemannmachinery.dk\/#organization"},"potentialAction":[{"@type":"SearchAction","target":{"@type":"EntryPoint","urlTemplate":"https:\/\/dev.nellemannmachinery.dk\/?s={search_term_string}"},"query-input":{"@type":"PropertyValueSpecification","valueRequired":true,"valueName":"search_term_string"}}],"inLanguage":"nb-NO"},{"@type":"Organization","@id":"https:\/\/dev.nellemannmachinery.dk\/#organization","name":"Nellemann Machinery","url":"https:\/\/dev.nellemannmachinery.dk\/","logo":{"@type":"ImageObject","inLanguage":"nb-NO","@id":"https:\/\/dev.nellemannmachinery.dk\/#\/schema\/logo\/image\/","url":"https:\/\/dev.nellemannmachinery.dk\/wp-content\/uploads\/2020\/09\/logo-1.png","contentUrl":"https:\/\/dev.nellemannmachinery.dk\/wp-content\/uploads\/2020\/09\/logo-1.png","width":398,"height":71,"caption":"Nellemann Machinery"},"image":{"@id":"https:\/\/dev.nellemannmachinery.dk\/#\/schema\/logo\/image\/"},"sameAs":["https:\/\/www.facebook.com\/Nellemann-Machinery-718705991612962","https:\/\/www.instagram.com\/nellemannmachinery\/?hl=da","https:\/\/www.linkedin.com\/company\/svenningsens-maskinforretning-as\/about\/"]}]}},"_links":{"self":[{"href":"https:\/\/dev.nellemannmachinery.dk\/no\/wp-json\/wp\/v2\/product\/19073","targetHints":{"allow":["GET"]}}],"collection":[{"href":"https:\/\/dev.nellemannmachinery.dk\/no\/wp-json\/wp\/v2\/product"}],"about":[{"href":"https:\/\/dev.nellemannmachinery.dk\/no\/wp-json\/wp\/v2\/types\/product"}],"wp:featuredmedia":[{"embeddable":true,"href":"https:\/\/dev.nellemannmachinery.dk\/no\/wp-json\/wp\/v2\/media\/19077"}],"wp:attachment":[{"href":"https:\/\/dev.nellemannmachinery.dk\/no\/wp-json\/wp\/v2\/media?parent=19073"}],"wp:term":[{"taxonomy":"product_brand","embeddable":true,"href":"https:\/\/dev.nellemannmachinery.dk\/no\/wp-json\/wp\/v2\/product_brand?post=19073"},{"taxonomy":"product_cat","embeddable":true,"href":"https:\/\/dev.nellemannmachinery.dk\/no\/wp-json\/wp\/v2\/product_cat?post=19073"},{"taxonomy":"product_tag","embeddable":true,"href":"https:\/\/dev.nellemannmachinery.dk\/no\/wp-json\/wp\/v2\/product_tag?post=19073"}],"curies":[{"name":"wp","href":"https:\/\/api.w.org\/{rel}","templated":true}]}}