{"id":19181,"date":"2023-09-26T15:11:29","date_gmt":"2023-09-26T13:11:29","guid":{"rendered":"https:\/\/dev.nellemannmachinery.dk\/?post_type=product&#038;p=19181"},"modified":"2023-09-26T15:39:19","modified_gmt":"2023-09-26T13:39:19","slug":"kubota-wr-1100","status":"publish","type":"product","link":"https:\/\/dev.nellemannmachinery.dk\/no\/produkt\/kubota-wr-1100\/","title":{"rendered":"KUBOTA WR 1100"},"excerpt":{"rendered":"<p><strong>Kubota WR 1100<\/strong><\/p>\n<ul>\n<li>Monteres p\u00e5 3-punkt<\/li>\n<li>Tar baller opp mot 1200 kg<\/li>\n<li>Ideell ogs\u00e5 for pakking p\u00e5 lagringstedet<\/li>\n<li>Kan monteres p\u00e5 de fleste traktorer, b\u00e5de foran og bak<\/li>\n<li>To ruller, to sideruller og fire belter gir god stabilitet.<\/li>\n<\/ul>\n","protected":false},"featured_media":19182,"template":"","meta":{"_acf_changed":false,"inline_featured_image":false},"product_brand":[],"product_cat":[1029,365],"product_tag":[1036,1039,1038,1028,1037,1040],"class_list":{"0":"post-19181","1":"product","2":"type-product","3":"status-publish","4":"has-post-thumbnail","6":"product_cat-presser-og-pakkere","7":"product_cat-redskaper-landbruk","8":"product_tag-kubota-pakker","9":"product_tag-kubota-wr1100","10":"product_tag-rundball","11":"product_tag-rundballe","12":"product_tag-rundballepakker","13":"product_tag-wr1100-pakker","14":"brand-kubota-no","16":"first","17":"instock","18":"shipping-taxable","19":"product-type-simple"},"acf":[],"yoast_head":"<!-- This site is optimized with the Yoast SEO plugin v27.4 - https:\/\/yoast.com\/product\/yoast-seo-wordpress\/ -->\n<title>KUBOTA WR 1100 - Nellemann Machinery<\/title>\n<meta name=\"robots\" content=\"noindex, follow, max-snippet:-1, max-image-preview:large, max-video-preview:-1\" \/>\n<meta property=\"og:locale\" content=\"nb_NO\" \/>\n<meta property=\"og:type\" content=\"article\" \/>\n<meta property=\"og:title\" content=\"KUBOTA WR 1100 - Nellemann Machinery\" \/>\n<meta property=\"og:description\" content=\"Kubota WR 1100   Monteres p\u00e5 3-punkt  Tar baller opp mot 1200 kg  Ideell ogs\u00e5 for pakking p\u00e5 lagringstedet  Kan monteres p\u00e5 de fleste traktorer, b\u00e5de foran og bak  To ruller, to sideruller og fire belter gir god stabilitet.\" \/>\n<meta property=\"og:url\" content=\"https:\/\/nellemannmachinery.no\/produkt\/kubota-wr-1100\/\" \/>\n<meta property=\"og:site_name\" content=\"Nellemann Machinery\" \/>\n<meta property=\"article:publisher\" content=\"https:\/\/www.facebook.com\/Nellemann-Machinery-718705991612962\" \/>\n<meta property=\"article:modified_time\" content=\"2023-09-26T13:39:19+00:00\" \/>\n<meta property=\"og:image\" content=\"https:\/\/nellemannmachinery.no\/wp-content\/uploads\/2023\/09\/WR1100-001-scaled.jpg\" \/>\n\t<meta property=\"og:image:width\" content=\"2560\" \/>\n\t<meta property=\"og:image:height\" content=\"1877\" \/>\n\t<meta property=\"og:image:type\" content=\"image\/jpeg\" \/>\n<meta name=\"twitter:card\" content=\"summary_large_image\" \/>\n<!-- \/ Yoast SEO plugin. -->","yoast_head_json":{"title":"KUBOTA WR 1100 - Nellemann Machinery","robots":{"index":"noindex","follow":"follow","max-snippet":"max-snippet:-1","max-image-preview":"max-image-preview:large","max-video-preview":"max-video-preview:-1"},"og_locale":"nb_NO","og_type":"article","og_title":"KUBOTA WR 1100 - Nellemann Machinery","og_description":"Kubota WR 1100   Monteres p\u00e5 3-punkt  Tar baller opp mot 1200 kg  Ideell ogs\u00e5 for pakking p\u00e5 lagringstedet  Kan monteres p\u00e5 de fleste traktorer, b\u00e5de foran og bak  To ruller, to sideruller og fire belter gir god stabilitet.","og_url":"https:\/\/nellemannmachinery.no\/produkt\/kubota-wr-1100\/","og_site_name":"Nellemann Machinery","article_publisher":"https:\/\/www.facebook.com\/Nellemann-Machinery-718705991612962","article_modified_time":"2023-09-26T13:39:19+00:00","og_image":[{"width":2560,"height":1877,"url":"https:\/\/nellemannmachinery.no\/wp-content\/uploads\/2023\/09\/WR1100-001-scaled.jpg","type":"image\/jpeg"}],"twitter_card":"summary_large_image","schema":{"@context":"https:\/\/schema.org","@graph":[{"@type":"WebPage","@id":"https:\/\/nellemannmachinery.no\/produkt\/kubota-wr-1100\/","url":"https:\/\/nellemannmachinery.no\/produkt\/kubota-wr-1100\/","name":"KUBOTA WR 1100 - Nellemann Machinery","isPartOf":{"@id":"https:\/\/dev.nellemannmachinery.dk\/#website"},"primaryImageOfPage":{"@id":"https:\/\/nellemannmachinery.no\/produkt\/kubota-wr-1100\/#primaryimage"},"image":{"@id":"https:\/\/nellemannmachinery.no\/produkt\/kubota-wr-1100\/#primaryimage"},"thumbnailUrl":"https:\/\/dev.nellemannmachinery.dk\/wp-content\/uploads\/2023\/09\/WR1100-001-scaled.jpg","datePublished":"2023-09-26T13:11:29+00:00","dateModified":"2023-09-26T13:39:19+00:00","breadcrumb":{"@id":"https:\/\/nellemannmachinery.no\/produkt\/kubota-wr-1100\/#breadcrumb"},"inLanguage":"nb-NO","potentialAction":[{"@type":"ReadAction","target":["https:\/\/nellemannmachinery.no\/produkt\/kubota-wr-1100\/"]}]},{"@type":"ImageObject","inLanguage":"nb-NO","@id":"https:\/\/nellemannmachinery.no\/produkt\/kubota-wr-1100\/#primaryimage","url":"https:\/\/dev.nellemannmachinery.dk\/wp-content\/uploads\/2023\/09\/WR1100-001-scaled.jpg","contentUrl":"https:\/\/dev.nellemannmachinery.dk\/wp-content\/uploads\/2023\/09\/WR1100-001-scaled.jpg","width":2560,"height":1877},{"@type":"BreadcrumbList","@id":"https:\/\/nellemannmachinery.no\/produkt\/kubota-wr-1100\/#breadcrumb","itemListElement":[{"@type":"ListItem","position":1,"name":"Home","item":"https:\/\/nellemannmachinery.no\/"},{"@type":"ListItem","position":2,"name":"Shop","item":"https:\/\/dev.nellemannmachinery.dk\/shop\/"},{"@type":"ListItem","position":3,"name":"KUBOTA WR 1100"}]},{"@type":"WebSite","@id":"https:\/\/dev.nellemannmachinery.dk\/#website","url":"https:\/\/dev.nellemannmachinery.dk\/","name":"Nellemann Machinery","description":"","publisher":{"@id":"https:\/\/dev.nellemannmachinery.dk\/#organization"},"potentialAction":[{"@type":"SearchAction","target":{"@type":"EntryPoint","urlTemplate":"https:\/\/dev.nellemannmachinery.dk\/?s={search_term_string}"},"query-input":{"@type":"PropertyValueSpecification","valueRequired":true,"valueName":"search_term_string"}}],"inLanguage":"nb-NO"},{"@type":"Organization","@id":"https:\/\/dev.nellemannmachinery.dk\/#organization","name":"Nellemann Machinery","url":"https:\/\/dev.nellemannmachinery.dk\/","logo":{"@type":"ImageObject","inLanguage":"nb-NO","@id":"https:\/\/dev.nellemannmachinery.dk\/#\/schema\/logo\/image\/","url":"https:\/\/dev.nellemannmachinery.dk\/wp-content\/uploads\/2020\/09\/logo-1.png","contentUrl":"https:\/\/dev.nellemannmachinery.dk\/wp-content\/uploads\/2020\/09\/logo-1.png","width":398,"height":71,"caption":"Nellemann Machinery"},"image":{"@id":"https:\/\/dev.nellemannmachinery.dk\/#\/schema\/logo\/image\/"},"sameAs":["https:\/\/www.facebook.com\/Nellemann-Machinery-718705991612962","https:\/\/www.instagram.com\/nellemannmachinery\/?hl=da","https:\/\/www.linkedin.com\/company\/svenningsens-maskinforretning-as\/about\/"]}]}},"_links":{"self":[{"href":"https:\/\/dev.nellemannmachinery.dk\/no\/wp-json\/wp\/v2\/product\/19181","targetHints":{"allow":["GET"]}}],"collection":[{"href":"https:\/\/dev.nellemannmachinery.dk\/no\/wp-json\/wp\/v2\/product"}],"about":[{"href":"https:\/\/dev.nellemannmachinery.dk\/no\/wp-json\/wp\/v2\/types\/product"}],"wp:featuredmedia":[{"embeddable":true,"href":"https:\/\/dev.nellemannmachinery.dk\/no\/wp-json\/wp\/v2\/media\/19182"}],"wp:attachment":[{"href":"https:\/\/dev.nellemannmachinery.dk\/no\/wp-json\/wp\/v2\/media?parent=19181"}],"wp:term":[{"taxonomy":"product_brand","embeddable":true,"href":"https:\/\/dev.nellemannmachinery.dk\/no\/wp-json\/wp\/v2\/product_brand?post=19181"},{"taxonomy":"product_cat","embeddable":true,"href":"https:\/\/dev.nellemannmachinery.dk\/no\/wp-json\/wp\/v2\/product_cat?post=19181"},{"taxonomy":"product_tag","embeddable":true,"href":"https:\/\/dev.nellemannmachinery.dk\/no\/wp-json\/wp\/v2\/product_tag?post=19181"}],"curies":[{"name":"wp","href":"https:\/\/api.w.org\/{rel}","templated":true}]}}