{"id":5386,"date":"2020-07-01T09:34:36","date_gmt":"2020-07-01T07:34:36","guid":{"rendered":"https:\/\/dev.nellemannmachinery.dk\/produkt\/holder-x45i\/"},"modified":"2021-05-14T08:44:43","modified_gmt":"2021-05-14T06:44:43","slug":"holder-x45i","status":"publish","type":"product","link":"https:\/\/dev.nellemannmachinery.dk\/no\/produkt\/holder-x45i\/","title":{"rendered":"Holder X 45"},"excerpt":{"rendered":"<div class=\"contactAndContent\">\n<div class=\"row\">\n<div class=\"product-info col-md-6\">\n<div class=\"product-description\">\n<p>Holder X45I\u00b4s sm\u00e5 dimensjoner gj\u00f8r den til en meget smidig redskapsb\u00e6rer som kan brukes hele \u00e5ret rundt.<\/p>\n<p>F\u00f8rerkabinen rommer det hele: komfortabelt sete, ergonomiske kontrollpaneler og et fremragende utsikt, som forenkler arbeidet.<\/p>\n<\/div>\n<\/div>\n<\/div>\n<\/div>\n","protected":false},"featured_media":10335,"template":"","meta":{"_acf_changed":false,"inline_featured_image":false},"product_brand":[],"product_cat":[276],"product_tag":[278,280,279],"class_list":{"0":"post-5386","1":"product","2":"type-product","3":"status-publish","4":"has-post-thumbnail","6":"product_cat-redskapsbaerere-no","7":"product_tag-holder","8":"product_tag-redskapsbaerer","9":"product_tag-x45","10":"brand-holder-no","12":"first","13":"instock","14":"shipping-taxable","15":"product-type-simple"},"acf":[],"yoast_head":"<!-- This site is optimized with the Yoast SEO plugin v27.4 - https:\/\/yoast.com\/product\/yoast-seo-wordpress\/ -->\n<title>Holder X 45 - Nellemann Machinery<\/title>\n<meta name=\"robots\" content=\"noindex, follow, max-snippet:-1, max-image-preview:large, max-video-preview:-1\" \/>\n<meta property=\"og:locale\" content=\"nb_NO\" \/>\n<meta property=\"og:type\" content=\"article\" \/>\n<meta property=\"og:title\" content=\"Holder X 45 - Nellemann Machinery\" \/>\n<meta property=\"og:description\" content=\"Holder X45I\u00b4s sm\u00e5 dimensjoner gj\u00f8r den til en meget smidig redskapsb\u00e6rer som kan brukes hele \u00e5ret rundt.  F\u00f8rerkabinen rommer det hele: komfortabelt sete, ergonomiske kontrollpaneler og et fremragende utsikt, som forenkler arbeidet.\" \/>\n<meta property=\"og:url\" content=\"https:\/\/nellemannmachinery.no\/produkt\/holder-x45i\/\" \/>\n<meta property=\"og:site_name\" content=\"Nellemann Machinery\" \/>\n<meta property=\"article:publisher\" content=\"https:\/\/www.facebook.com\/Nellemann-Machinery-718705991612962\" \/>\n<meta property=\"article:modified_time\" content=\"2021-05-14T06:44:43+00:00\" \/>\n<meta property=\"og:image\" content=\"https:\/\/nellemannmachinery.no\/wp-content\/uploads\/2020\/07\/X45-Sweeping-02KSK-TG-\u2013-Kopi-\u2013-Kopi-\u2013-Kopi.jpg\" \/>\n\t<meta property=\"og:image:width\" content=\"1500\" \/>\n\t<meta property=\"og:image:height\" content=\"1000\" \/>\n\t<meta property=\"og:image:type\" content=\"image\/jpeg\" \/>\n<meta name=\"twitter:card\" content=\"summary_large_image\" \/>\n<!-- \/ Yoast SEO plugin. -->","yoast_head_json":{"title":"Holder X 45 - Nellemann Machinery","robots":{"index":"noindex","follow":"follow","max-snippet":"max-snippet:-1","max-image-preview":"max-image-preview:large","max-video-preview":"max-video-preview:-1"},"og_locale":"nb_NO","og_type":"article","og_title":"Holder X 45 - Nellemann Machinery","og_description":"Holder X45I\u00b4s sm\u00e5 dimensjoner gj\u00f8r den til en meget smidig redskapsb\u00e6rer som kan brukes hele \u00e5ret rundt.  F\u00f8rerkabinen rommer det hele: komfortabelt sete, ergonomiske kontrollpaneler og et fremragende utsikt, som forenkler arbeidet.","og_url":"https:\/\/nellemannmachinery.no\/produkt\/holder-x45i\/","og_site_name":"Nellemann Machinery","article_publisher":"https:\/\/www.facebook.com\/Nellemann-Machinery-718705991612962","article_modified_time":"2021-05-14T06:44:43+00:00","og_image":[{"width":1500,"height":1000,"url":"https:\/\/nellemannmachinery.no\/wp-content\/uploads\/2020\/07\/X45-Sweeping-02KSK-TG-\u2013-Kopi-\u2013-Kopi-\u2013-Kopi.jpg","type":"image\/jpeg"}],"twitter_card":"summary_large_image","schema":{"@context":"https:\/\/schema.org","@graph":[{"@type":"WebPage","@id":"https:\/\/nellemannmachinery.no\/produkt\/holder-x45i\/","url":"https:\/\/nellemannmachinery.no\/produkt\/holder-x45i\/","name":"Holder X 45 - Nellemann Machinery","isPartOf":{"@id":"https:\/\/dev.nellemannmachinery.dk\/#website"},"primaryImageOfPage":{"@id":"https:\/\/nellemannmachinery.no\/produkt\/holder-x45i\/#primaryimage"},"image":{"@id":"https:\/\/nellemannmachinery.no\/produkt\/holder-x45i\/#primaryimage"},"thumbnailUrl":"https:\/\/dev.nellemannmachinery.dk\/wp-content\/uploads\/2020\/07\/X45-Sweeping-02KSK-TG-\u2013-Kopi-\u2013-Kopi-\u2013-Kopi.jpg","datePublished":"2020-07-01T07:34:36+00:00","dateModified":"2021-05-14T06:44:43+00:00","breadcrumb":{"@id":"https:\/\/nellemannmachinery.no\/produkt\/holder-x45i\/#breadcrumb"},"inLanguage":"nb-NO","potentialAction":[{"@type":"ReadAction","target":["https:\/\/nellemannmachinery.no\/produkt\/holder-x45i\/"]}]},{"@type":"ImageObject","inLanguage":"nb-NO","@id":"https:\/\/nellemannmachinery.no\/produkt\/holder-x45i\/#primaryimage","url":"https:\/\/dev.nellemannmachinery.dk\/wp-content\/uploads\/2020\/07\/X45-Sweeping-02KSK-TG-\u2013-Kopi-\u2013-Kopi-\u2013-Kopi.jpg","contentUrl":"https:\/\/dev.nellemannmachinery.dk\/wp-content\/uploads\/2020\/07\/X45-Sweeping-02KSK-TG-\u2013-Kopi-\u2013-Kopi-\u2013-Kopi.jpg","width":1500,"height":1000},{"@type":"BreadcrumbList","@id":"https:\/\/nellemannmachinery.no\/produkt\/holder-x45i\/#breadcrumb","itemListElement":[{"@type":"ListItem","position":1,"name":"Home","item":"https:\/\/nellemannmachinery.no\/"},{"@type":"ListItem","position":2,"name":"Shop","item":"https:\/\/dev.nellemannmachinery.dk\/shop\/"},{"@type":"ListItem","position":3,"name":"Holder X 45"}]},{"@type":"WebSite","@id":"https:\/\/dev.nellemannmachinery.dk\/#website","url":"https:\/\/dev.nellemannmachinery.dk\/","name":"Nellemann Machinery","description":"","publisher":{"@id":"https:\/\/dev.nellemannmachinery.dk\/#organization"},"potentialAction":[{"@type":"SearchAction","target":{"@type":"EntryPoint","urlTemplate":"https:\/\/dev.nellemannmachinery.dk\/?s={search_term_string}"},"query-input":{"@type":"PropertyValueSpecification","valueRequired":true,"valueName":"search_term_string"}}],"inLanguage":"nb-NO"},{"@type":"Organization","@id":"https:\/\/dev.nellemannmachinery.dk\/#organization","name":"Nellemann Machinery","url":"https:\/\/dev.nellemannmachinery.dk\/","logo":{"@type":"ImageObject","inLanguage":"nb-NO","@id":"https:\/\/dev.nellemannmachinery.dk\/#\/schema\/logo\/image\/","url":"https:\/\/dev.nellemannmachinery.dk\/wp-content\/uploads\/2020\/09\/logo-1.png","contentUrl":"https:\/\/dev.nellemannmachinery.dk\/wp-content\/uploads\/2020\/09\/logo-1.png","width":398,"height":71,"caption":"Nellemann Machinery"},"image":{"@id":"https:\/\/dev.nellemannmachinery.dk\/#\/schema\/logo\/image\/"},"sameAs":["https:\/\/www.facebook.com\/Nellemann-Machinery-718705991612962","https:\/\/www.instagram.com\/nellemannmachinery\/?hl=da","https:\/\/www.linkedin.com\/company\/svenningsens-maskinforretning-as\/about\/"]}]}},"_links":{"self":[{"href":"https:\/\/dev.nellemannmachinery.dk\/no\/wp-json\/wp\/v2\/product\/5386","targetHints":{"allow":["GET"]}}],"collection":[{"href":"https:\/\/dev.nellemannmachinery.dk\/no\/wp-json\/wp\/v2\/product"}],"about":[{"href":"https:\/\/dev.nellemannmachinery.dk\/no\/wp-json\/wp\/v2\/types\/product"}],"wp:featuredmedia":[{"embeddable":true,"href":"https:\/\/dev.nellemannmachinery.dk\/no\/wp-json\/wp\/v2\/media\/10335"}],"wp:attachment":[{"href":"https:\/\/dev.nellemannmachinery.dk\/no\/wp-json\/wp\/v2\/media?parent=5386"}],"wp:term":[{"taxonomy":"product_brand","embeddable":true,"href":"https:\/\/dev.nellemannmachinery.dk\/no\/wp-json\/wp\/v2\/product_brand?post=5386"},{"taxonomy":"product_cat","embeddable":true,"href":"https:\/\/dev.nellemannmachinery.dk\/no\/wp-json\/wp\/v2\/product_cat?post=5386"},{"taxonomy":"product_tag","embeddable":true,"href":"https:\/\/dev.nellemannmachinery.dk\/no\/wp-json\/wp\/v2\/product_tag?post=5386"}],"curies":[{"name":"wp","href":"https:\/\/api.w.org\/{rel}","templated":true}]}}