{"id":5388,"date":"2020-07-01T09:35:42","date_gmt":"2020-07-01T07:35:42","guid":{"rendered":"https:\/\/dev.nellemannmachinery.dk\/produkt\/holder-b55-sc\/"},"modified":"2021-03-24T11:24:29","modified_gmt":"2021-03-24T09:24:29","slug":"holder-b55-sc","status":"publish","type":"product","link":"https:\/\/dev.nellemannmachinery.dk\/no\/produkt\/holder-b55-sc\/","title":{"rendered":"Holder B 55"},"excerpt":{"rendered":"<div class=\"contactAndContent\">\n<div class=\"row\">\n<div class=\"product-info col-md-6\">\n<div class=\"product-description\">\n<p>Kompakt redskapsb\u00e6rer fra HOLDER, med en totalh\u00f8yde fra 198 cm.<\/p>\n<p>Utviklet til og sammen med v\u00e5res skandinaviske brukere.<\/p>\n<p>B55 lever opp til brukernes forventninger om en redskapsb\u00e6rer med lav h\u00f8yde, god frih\u00f8yde og smal transportbredde &#8211; alt dette uten \u00e5 ofre de fordelene, som markedet forventer av Holder.<\/p>\n<p>57 HK Kubota diesel motor &#8211; Euro stage V, senterstyring, permanent 4 WD, hydraulisk PTO, hydraulisk hjulbalansering, som gj\u00f8r at traktoren alltid har kontakt til underlaget med alle 4 hjul, 40 km\/t (alt etter dekkvalg), mulighet for aircondition, luft-sete, stor hydraulikkpakke m.m.<\/p>\n<\/div>\n<\/div>\n<\/div>\n<\/div>\n","protected":false},"featured_media":2955,"template":"","meta":{"_acf_changed":false,"inline_featured_image":false},"product_brand":[],"product_cat":[276],"product_tag":[281,278,280],"class_list":{"0":"post-5388","1":"product","2":"type-product","3":"status-publish","4":"has-post-thumbnail","6":"product_cat-redskapsbaerere-no","7":"product_tag-b55","8":"product_tag-holder","9":"product_tag-redskapsbaerer","10":"brand-holder-no","12":"first","13":"instock","14":"shipping-taxable","15":"product-type-simple"},"acf":[],"yoast_head":"<!-- This site is optimized with the Yoast SEO plugin v27.4 - https:\/\/yoast.com\/product\/yoast-seo-wordpress\/ -->\n<title>Holder B 55 - Nellemann Machinery<\/title>\n<meta name=\"robots\" content=\"noindex, follow, max-snippet:-1, max-image-preview:large, max-video-preview:-1\" \/>\n<meta property=\"og:locale\" content=\"nb_NO\" \/>\n<meta property=\"og:type\" content=\"article\" \/>\n<meta property=\"og:title\" content=\"Holder B 55 - Nellemann Machinery\" \/>\n<meta property=\"og:description\" content=\"Kompakt redskapsb\u00e6rer fra HOLDER, med en totalh\u00f8yde fra 198 cm.  Utviklet til og sammen med v\u00e5res skandinaviske brukere.  B55 lever opp til brukernes forventninger om en redskapsb\u00e6rer med lav h\u00f8yde, god frih\u00f8yde og smal transportbredde - alt dette uten \u00e5 ofre de fordelene, som markedet forventer av Holder.  57 HK Kubota diesel motor - Euro stage V, senterstyring, permanent 4 WD, hydraulisk PTO, hydraulisk hjulbalansering, som gj\u00f8r at traktoren alltid har kontakt til underlaget med alle 4 hjul, 40 km\/t (alt etter dekkvalg), mulighet for aircondition, luft-sete, stor hydraulikkpakke m.m.\" \/>\n<meta property=\"og:url\" content=\"https:\/\/nellemannmachinery.no\/produkt\/holder-b55-sc\/\" \/>\n<meta property=\"og:site_name\" content=\"Nellemann Machinery\" \/>\n<meta property=\"article:publisher\" content=\"https:\/\/www.facebook.com\/Nellemann-Machinery-718705991612962\" \/>\n<meta property=\"article:modified_time\" content=\"2021-03-24T09:24:29+00:00\" \/>\n<meta property=\"og:image\" content=\"https:\/\/nellemannmachinery.no\/wp-content\/uploads\/2020\/07\/startbild_produktseite_c-65-sc_710x445_01.jpg\" \/>\n\t<meta property=\"og:image:width\" content=\"800\" \/>\n\t<meta property=\"og:image:height\" content=\"600\" \/>\n\t<meta property=\"og:image:type\" content=\"image\/jpeg\" \/>\n<meta name=\"twitter:card\" content=\"summary_large_image\" \/>\n<!-- \/ Yoast SEO plugin. -->","yoast_head_json":{"title":"Holder B 55 - Nellemann Machinery","robots":{"index":"noindex","follow":"follow","max-snippet":"max-snippet:-1","max-image-preview":"max-image-preview:large","max-video-preview":"max-video-preview:-1"},"og_locale":"nb_NO","og_type":"article","og_title":"Holder B 55 - Nellemann Machinery","og_description":"Kompakt redskapsb\u00e6rer fra HOLDER, med en totalh\u00f8yde fra 198 cm.  Utviklet til og sammen med v\u00e5res skandinaviske brukere.  B55 lever opp til brukernes forventninger om en redskapsb\u00e6rer med lav h\u00f8yde, god frih\u00f8yde og smal transportbredde - alt dette uten \u00e5 ofre de fordelene, som markedet forventer av Holder.  57 HK Kubota diesel motor - Euro stage V, senterstyring, permanent 4 WD, hydraulisk PTO, hydraulisk hjulbalansering, som gj\u00f8r at traktoren alltid har kontakt til underlaget med alle 4 hjul, 40 km\/t (alt etter dekkvalg), mulighet for aircondition, luft-sete, stor hydraulikkpakke m.m.","og_url":"https:\/\/nellemannmachinery.no\/produkt\/holder-b55-sc\/","og_site_name":"Nellemann Machinery","article_publisher":"https:\/\/www.facebook.com\/Nellemann-Machinery-718705991612962","article_modified_time":"2021-03-24T09:24:29+00:00","og_image":[{"width":800,"height":600,"url":"https:\/\/nellemannmachinery.no\/wp-content\/uploads\/2020\/07\/startbild_produktseite_c-65-sc_710x445_01.jpg","type":"image\/jpeg"}],"twitter_card":"summary_large_image","schema":{"@context":"https:\/\/schema.org","@graph":[{"@type":"WebPage","@id":"https:\/\/nellemannmachinery.no\/produkt\/holder-b55-sc\/","url":"https:\/\/nellemannmachinery.no\/produkt\/holder-b55-sc\/","name":"Holder B 55 - Nellemann Machinery","isPartOf":{"@id":"https:\/\/dev.nellemannmachinery.dk\/#website"},"primaryImageOfPage":{"@id":"https:\/\/nellemannmachinery.no\/produkt\/holder-b55-sc\/#primaryimage"},"image":{"@id":"https:\/\/nellemannmachinery.no\/produkt\/holder-b55-sc\/#primaryimage"},"thumbnailUrl":"https:\/\/dev.nellemannmachinery.dk\/wp-content\/uploads\/2020\/07\/startbild_produktseite_c-65-sc_710x445_01.jpg","datePublished":"2020-07-01T07:35:42+00:00","dateModified":"2021-03-24T09:24:29+00:00","breadcrumb":{"@id":"https:\/\/nellemannmachinery.no\/produkt\/holder-b55-sc\/#breadcrumb"},"inLanguage":"nb-NO","potentialAction":[{"@type":"ReadAction","target":["https:\/\/nellemannmachinery.no\/produkt\/holder-b55-sc\/"]}]},{"@type":"ImageObject","inLanguage":"nb-NO","@id":"https:\/\/nellemannmachinery.no\/produkt\/holder-b55-sc\/#primaryimage","url":"https:\/\/dev.nellemannmachinery.dk\/wp-content\/uploads\/2020\/07\/startbild_produktseite_c-65-sc_710x445_01.jpg","contentUrl":"https:\/\/dev.nellemannmachinery.dk\/wp-content\/uploads\/2020\/07\/startbild_produktseite_c-65-sc_710x445_01.jpg","width":800,"height":600},{"@type":"BreadcrumbList","@id":"https:\/\/nellemannmachinery.no\/produkt\/holder-b55-sc\/#breadcrumb","itemListElement":[{"@type":"ListItem","position":1,"name":"Home","item":"https:\/\/nellemannmachinery.no\/"},{"@type":"ListItem","position":2,"name":"Shop","item":"https:\/\/dev.nellemannmachinery.dk\/shop\/"},{"@type":"ListItem","position":3,"name":"Holder B 55"}]},{"@type":"WebSite","@id":"https:\/\/dev.nellemannmachinery.dk\/#website","url":"https:\/\/dev.nellemannmachinery.dk\/","name":"Nellemann Machinery","description":"","publisher":{"@id":"https:\/\/dev.nellemannmachinery.dk\/#organization"},"potentialAction":[{"@type":"SearchAction","target":{"@type":"EntryPoint","urlTemplate":"https:\/\/dev.nellemannmachinery.dk\/?s={search_term_string}"},"query-input":{"@type":"PropertyValueSpecification","valueRequired":true,"valueName":"search_term_string"}}],"inLanguage":"nb-NO"},{"@type":"Organization","@id":"https:\/\/dev.nellemannmachinery.dk\/#organization","name":"Nellemann Machinery","url":"https:\/\/dev.nellemannmachinery.dk\/","logo":{"@type":"ImageObject","inLanguage":"nb-NO","@id":"https:\/\/dev.nellemannmachinery.dk\/#\/schema\/logo\/image\/","url":"https:\/\/dev.nellemannmachinery.dk\/wp-content\/uploads\/2020\/09\/logo-1.png","contentUrl":"https:\/\/dev.nellemannmachinery.dk\/wp-content\/uploads\/2020\/09\/logo-1.png","width":398,"height":71,"caption":"Nellemann Machinery"},"image":{"@id":"https:\/\/dev.nellemannmachinery.dk\/#\/schema\/logo\/image\/"},"sameAs":["https:\/\/www.facebook.com\/Nellemann-Machinery-718705991612962","https:\/\/www.instagram.com\/nellemannmachinery\/?hl=da","https:\/\/www.linkedin.com\/company\/svenningsens-maskinforretning-as\/about\/"]}]}},"_links":{"self":[{"href":"https:\/\/dev.nellemannmachinery.dk\/no\/wp-json\/wp\/v2\/product\/5388","targetHints":{"allow":["GET"]}}],"collection":[{"href":"https:\/\/dev.nellemannmachinery.dk\/no\/wp-json\/wp\/v2\/product"}],"about":[{"href":"https:\/\/dev.nellemannmachinery.dk\/no\/wp-json\/wp\/v2\/types\/product"}],"wp:featuredmedia":[{"embeddable":true,"href":"https:\/\/dev.nellemannmachinery.dk\/no\/wp-json\/wp\/v2\/media\/2955"}],"wp:attachment":[{"href":"https:\/\/dev.nellemannmachinery.dk\/no\/wp-json\/wp\/v2\/media?parent=5388"}],"wp:term":[{"taxonomy":"product_brand","embeddable":true,"href":"https:\/\/dev.nellemannmachinery.dk\/no\/wp-json\/wp\/v2\/product_brand?post=5388"},{"taxonomy":"product_cat","embeddable":true,"href":"https:\/\/dev.nellemannmachinery.dk\/no\/wp-json\/wp\/v2\/product_cat?post=5388"},{"taxonomy":"product_tag","embeddable":true,"href":"https:\/\/dev.nellemannmachinery.dk\/no\/wp-json\/wp\/v2\/product_tag?post=5388"}],"curies":[{"name":"wp","href":"https:\/\/api.w.org\/{rel}","templated":true}]}}