{"id":5884,"date":"2020-08-28T09:52:20","date_gmt":"2020-08-28T07:52:20","guid":{"rendered":"https:\/\/dev.nellemannmachinery.dk\/?post_type=product&#038;p=5884"},"modified":"2022-05-16T10:45:41","modified_gmt":"2022-05-16T08:45:41","slug":"spider-ild-01","status":"publish","type":"product","link":"https:\/\/dev.nellemannmachinery.dk\/no\/produkt\/spider-ild-01\/","title":{"rendered":"Spider ILD 01"},"excerpt":{"rendered":"<p>Spider ILD01 er den grunnleggende modellen som ble introdusert i 2004 og har blitt verdens f\u00f8rste profesjonelle fjernstyrte klipper.<\/p>\n<p>Denne Red Dot Design Award vinnende gressklipperen er fullt designet for profesjonelle akt\u00f8rer p\u00e5 alle typer medium st\u00f8rrelse terreng, inkludert ekstreme og ustabile bakker.<\/p>\n<p>Les mer om Spider p\u00e5 https:\/\/no.spiderscandinavia.com\/<\/p>\n","protected":false},"featured_media":13475,"template":"","meta":{"_acf_changed":false,"inline_featured_image":false},"product_brand":[],"product_cat":[350,139],"product_tag":[288,299,823,286],"class_list":{"0":"post-5884","1":"product","2":"type-product","3":"status-publish","4":"has-post-thumbnail","6":"product_cat-gress-og-lov-no","7":"product_cat-klippere","8":"product_tag-ild01","9":"product_tag-ild02","10":"product_tag-skraningsklipper","11":"product_tag-spider","12":"brand-spider-no","14":"first","15":"instock","16":"shipping-taxable","17":"product-type-simple"},"acf":[],"yoast_head":"<!-- This site is optimized with the Yoast SEO plugin v27.4 - https:\/\/yoast.com\/product\/yoast-seo-wordpress\/ -->\n<title>Spider ILD 01 - Nellemann Machinery<\/title>\n<meta name=\"robots\" content=\"noindex, follow, max-snippet:-1, max-image-preview:large, max-video-preview:-1\" \/>\n<meta property=\"og:locale\" content=\"nb_NO\" \/>\n<meta property=\"og:type\" content=\"article\" \/>\n<meta property=\"og:title\" content=\"Spider ILD 01 - Nellemann Machinery\" \/>\n<meta property=\"og:description\" content=\"Spider ILD01 er den grunnleggende modellen som ble introdusert i 2004 og har blitt verdens f\u00f8rste profesjonelle fjernstyrte klipper.  Denne Red Dot Design Award vinnende gressklipperen er fullt designet for profesjonelle akt\u00f8rer p\u00e5 alle typer medium st\u00f8rrelse terreng, inkludert ekstreme og ustabile bakker.  Les mer om Spider p\u00e5 https:\/\/no.spiderscandinavia.com\/\" \/>\n<meta property=\"og:url\" content=\"https:\/\/nellemannmachinery.no\/produkt\/spider-ild-01\/\" \/>\n<meta property=\"og:site_name\" content=\"Nellemann Machinery\" \/>\n<meta property=\"article:publisher\" content=\"https:\/\/www.facebook.com\/Nellemann-Machinery-718705991612962\" \/>\n<meta property=\"article:modified_time\" content=\"2022-05-16T08:45:41+00:00\" \/>\n<meta property=\"og:image\" content=\"https:\/\/nellemannmachinery.no\/wp-content\/uploads\/2020\/08\/sekacka_detaily-1.jpg\" \/>\n\t<meta property=\"og:image:width\" content=\"2000\" \/>\n\t<meta property=\"og:image:height\" content=\"1563\" \/>\n\t<meta property=\"og:image:type\" content=\"image\/jpeg\" \/>\n<meta name=\"twitter:card\" content=\"summary_large_image\" \/>\n<!-- \/ Yoast SEO plugin. -->","yoast_head_json":{"title":"Spider ILD 01 - Nellemann Machinery","robots":{"index":"noindex","follow":"follow","max-snippet":"max-snippet:-1","max-image-preview":"max-image-preview:large","max-video-preview":"max-video-preview:-1"},"og_locale":"nb_NO","og_type":"article","og_title":"Spider ILD 01 - Nellemann Machinery","og_description":"Spider ILD01 er den grunnleggende modellen som ble introdusert i 2004 og har blitt verdens f\u00f8rste profesjonelle fjernstyrte klipper.  Denne Red Dot Design Award vinnende gressklipperen er fullt designet for profesjonelle akt\u00f8rer p\u00e5 alle typer medium st\u00f8rrelse terreng, inkludert ekstreme og ustabile bakker.  Les mer om Spider p\u00e5 https:\/\/no.spiderscandinavia.com\/","og_url":"https:\/\/nellemannmachinery.no\/produkt\/spider-ild-01\/","og_site_name":"Nellemann Machinery","article_publisher":"https:\/\/www.facebook.com\/Nellemann-Machinery-718705991612962","article_modified_time":"2022-05-16T08:45:41+00:00","og_image":[{"width":2000,"height":1563,"url":"https:\/\/nellemannmachinery.no\/wp-content\/uploads\/2020\/08\/sekacka_detaily-1.jpg","type":"image\/jpeg"}],"twitter_card":"summary_large_image","schema":{"@context":"https:\/\/schema.org","@graph":[{"@type":"WebPage","@id":"https:\/\/nellemannmachinery.no\/produkt\/spider-ild-01\/","url":"https:\/\/nellemannmachinery.no\/produkt\/spider-ild-01\/","name":"Spider ILD 01 - Nellemann Machinery","isPartOf":{"@id":"https:\/\/dev.nellemannmachinery.dk\/#website"},"primaryImageOfPage":{"@id":"https:\/\/nellemannmachinery.no\/produkt\/spider-ild-01\/#primaryimage"},"image":{"@id":"https:\/\/nellemannmachinery.no\/produkt\/spider-ild-01\/#primaryimage"},"thumbnailUrl":"https:\/\/dev.nellemannmachinery.dk\/wp-content\/uploads\/2020\/08\/sekacka_detaily-1.jpg","datePublished":"2020-08-28T07:52:20+00:00","dateModified":"2022-05-16T08:45:41+00:00","breadcrumb":{"@id":"https:\/\/nellemannmachinery.no\/produkt\/spider-ild-01\/#breadcrumb"},"inLanguage":"nb-NO","potentialAction":[{"@type":"ReadAction","target":["https:\/\/nellemannmachinery.no\/produkt\/spider-ild-01\/"]}]},{"@type":"ImageObject","inLanguage":"nb-NO","@id":"https:\/\/nellemannmachinery.no\/produkt\/spider-ild-01\/#primaryimage","url":"https:\/\/dev.nellemannmachinery.dk\/wp-content\/uploads\/2020\/08\/sekacka_detaily-1.jpg","contentUrl":"https:\/\/dev.nellemannmachinery.dk\/wp-content\/uploads\/2020\/08\/sekacka_detaily-1.jpg","width":2000,"height":1563},{"@type":"BreadcrumbList","@id":"https:\/\/nellemannmachinery.no\/produkt\/spider-ild-01\/#breadcrumb","itemListElement":[{"@type":"ListItem","position":1,"name":"Home","item":"https:\/\/nellemannmachinery.no\/"},{"@type":"ListItem","position":2,"name":"Shop","item":"https:\/\/dev.nellemannmachinery.dk\/shop\/"},{"@type":"ListItem","position":3,"name":"Spider ILD 01"}]},{"@type":"WebSite","@id":"https:\/\/dev.nellemannmachinery.dk\/#website","url":"https:\/\/dev.nellemannmachinery.dk\/","name":"Nellemann Machinery","description":"","publisher":{"@id":"https:\/\/dev.nellemannmachinery.dk\/#organization"},"potentialAction":[{"@type":"SearchAction","target":{"@type":"EntryPoint","urlTemplate":"https:\/\/dev.nellemannmachinery.dk\/?s={search_term_string}"},"query-input":{"@type":"PropertyValueSpecification","valueRequired":true,"valueName":"search_term_string"}}],"inLanguage":"nb-NO"},{"@type":"Organization","@id":"https:\/\/dev.nellemannmachinery.dk\/#organization","name":"Nellemann Machinery","url":"https:\/\/dev.nellemannmachinery.dk\/","logo":{"@type":"ImageObject","inLanguage":"nb-NO","@id":"https:\/\/dev.nellemannmachinery.dk\/#\/schema\/logo\/image\/","url":"https:\/\/dev.nellemannmachinery.dk\/wp-content\/uploads\/2020\/09\/logo-1.png","contentUrl":"https:\/\/dev.nellemannmachinery.dk\/wp-content\/uploads\/2020\/09\/logo-1.png","width":398,"height":71,"caption":"Nellemann Machinery"},"image":{"@id":"https:\/\/dev.nellemannmachinery.dk\/#\/schema\/logo\/image\/"},"sameAs":["https:\/\/www.facebook.com\/Nellemann-Machinery-718705991612962","https:\/\/www.instagram.com\/nellemannmachinery\/?hl=da","https:\/\/www.linkedin.com\/company\/svenningsens-maskinforretning-as\/about\/"]}]}},"_links":{"self":[{"href":"https:\/\/dev.nellemannmachinery.dk\/no\/wp-json\/wp\/v2\/product\/5884","targetHints":{"allow":["GET"]}}],"collection":[{"href":"https:\/\/dev.nellemannmachinery.dk\/no\/wp-json\/wp\/v2\/product"}],"about":[{"href":"https:\/\/dev.nellemannmachinery.dk\/no\/wp-json\/wp\/v2\/types\/product"}],"wp:featuredmedia":[{"embeddable":true,"href":"https:\/\/dev.nellemannmachinery.dk\/no\/wp-json\/wp\/v2\/media\/13475"}],"wp:attachment":[{"href":"https:\/\/dev.nellemannmachinery.dk\/no\/wp-json\/wp\/v2\/media?parent=5884"}],"wp:term":[{"taxonomy":"product_brand","embeddable":true,"href":"https:\/\/dev.nellemannmachinery.dk\/no\/wp-json\/wp\/v2\/product_brand?post=5884"},{"taxonomy":"product_cat","embeddable":true,"href":"https:\/\/dev.nellemannmachinery.dk\/no\/wp-json\/wp\/v2\/product_cat?post=5884"},{"taxonomy":"product_tag","embeddable":true,"href":"https:\/\/dev.nellemannmachinery.dk\/no\/wp-json\/wp\/v2\/product_tag?post=5884"}],"curies":[{"name":"wp","href":"https:\/\/api.w.org\/{rel}","templated":true}]}}