{"id":6017,"date":"2020-09-01T10:22:31","date_gmt":"2020-09-01T08:22:31","guid":{"rendered":"https:\/\/dev.nellemannmachinery.dk\/?post_type=product&#038;p=6017"},"modified":"2023-04-12T15:34:09","modified_gmt":"2023-04-12T13:34:09","slug":"billy-goat-lovblasere","status":"publish","type":"product","link":"https:\/\/dev.nellemannmachinery.dk\/no\/produkt\/billy-goat-lovblasere\/","title":{"rendered":"Billy Goat F1302 SPH l\u00f8vbl\u00e5ser"},"excerpt":{"rendered":"<p><strong>Selvg\u00e5ende<\/strong><\/p>\n<p><strong>Honda GX390 motor<\/strong><\/p>\n<p><strong>Kraftig bl\u00e5sekraft (320 kmm\/t)\u00a0<\/strong><\/p>\n","protected":false},"featured_media":5027,"template":"","meta":{"_acf_changed":false,"inline_featured_image":false},"product_brand":[],"product_cat":[350,363],"product_tag":[290,304,952,951,303,954,953],"class_list":{"0":"post-6017","1":"product","2":"type-product","3":"status-publish","4":"has-post-thumbnail","6":"product_cat-gress-og-lov-no","7":"product_cat-lovutstyr","8":"product_tag-billy-goat","9":"product_tag-blaser","10":"product_tag-f-series-lovblaser","11":"product_tag-f1302-sph","12":"product_tag-lovblaser","13":"product_tag-lovblaser-pa-hjul","14":"product_tag-ryggblaser","15":"brand-billy-goat","17":"first","18":"instock","19":"shipping-taxable","20":"purchasable","21":"product-type-simple"},"acf":[],"yoast_head":"<!-- This site is optimized with the Yoast SEO plugin v27.4 - https:\/\/yoast.com\/product\/yoast-seo-wordpress\/ -->\n<title>Billy Goat F1302 SPH l\u00f8vbl\u00e5ser - Nellemann Machinery<\/title>\n<meta name=\"description\" content=\"F13 serien kombinerer styrke og produktivitet, disse kraftbl\u00e5serne er en favoritt for skoler, parker, gravlunder, golfbaner og st\u00f8rre eiendommer.\" \/>\n<meta name=\"robots\" content=\"noindex, follow, max-snippet:-1, max-image-preview:large, max-video-preview:-1\" \/>\n<meta property=\"og:locale\" content=\"nb_NO\" \/>\n<meta property=\"og:type\" content=\"article\" \/>\n<meta property=\"og:title\" content=\"Billy Goat F1302 SPH l\u00f8vbl\u00e5ser - Nellemann Machinery\" \/>\n<meta property=\"og:description\" content=\"F13 serien kombinerer styrke og produktivitet, disse kraftbl\u00e5serne er en favoritt for skoler, parker, gravlunder, golfbaner og st\u00f8rre eiendommer.\" \/>\n<meta property=\"og:url\" content=\"https:\/\/nellemannmachinery.no\/produkt\/billy-goat-lovblasere\/\" \/>\n<meta property=\"og:site_name\" content=\"Nellemann Machinery\" \/>\n<meta property=\"article:publisher\" content=\"https:\/\/www.facebook.com\/Nellemann-Machinery-718705991612962\" \/>\n<meta property=\"article:modified_time\" content=\"2023-04-12T13:34:09+00:00\" \/>\n<meta property=\"og:image\" content=\"https:\/\/nellemannmachinery.no\/wp-content\/uploads\/2020\/08\/2014_f902h.jpg\" \/>\n\t<meta property=\"og:image:width\" content=\"800\" \/>\n\t<meta property=\"og:image:height\" content=\"600\" \/>\n\t<meta property=\"og:image:type\" content=\"image\/jpeg\" \/>\n<meta name=\"twitter:card\" content=\"summary_large_image\" \/>\n<!-- \/ Yoast SEO plugin. -->","yoast_head_json":{"title":"Billy Goat F1302 SPH l\u00f8vbl\u00e5ser - Nellemann Machinery","description":"F13 serien kombinerer styrke og produktivitet, disse kraftbl\u00e5serne er en favoritt for skoler, parker, gravlunder, golfbaner og st\u00f8rre eiendommer.","robots":{"index":"noindex","follow":"follow","max-snippet":"max-snippet:-1","max-image-preview":"max-image-preview:large","max-video-preview":"max-video-preview:-1"},"og_locale":"nb_NO","og_type":"article","og_title":"Billy Goat F1302 SPH l\u00f8vbl\u00e5ser - Nellemann Machinery","og_description":"F13 serien kombinerer styrke og produktivitet, disse kraftbl\u00e5serne er en favoritt for skoler, parker, gravlunder, golfbaner og st\u00f8rre eiendommer.","og_url":"https:\/\/nellemannmachinery.no\/produkt\/billy-goat-lovblasere\/","og_site_name":"Nellemann Machinery","article_publisher":"https:\/\/www.facebook.com\/Nellemann-Machinery-718705991612962","article_modified_time":"2023-04-12T13:34:09+00:00","og_image":[{"width":800,"height":600,"url":"https:\/\/nellemannmachinery.no\/wp-content\/uploads\/2020\/08\/2014_f902h.jpg","type":"image\/jpeg"}],"twitter_card":"summary_large_image","schema":{"@context":"https:\/\/schema.org","@graph":[{"@type":"WebPage","@id":"https:\/\/nellemannmachinery.no\/produkt\/billy-goat-lovblasere\/","url":"https:\/\/nellemannmachinery.no\/produkt\/billy-goat-lovblasere\/","name":"Billy Goat F1302 SPH l\u00f8vbl\u00e5ser - Nellemann Machinery","isPartOf":{"@id":"https:\/\/dev.nellemannmachinery.dk\/#website"},"primaryImageOfPage":{"@id":"https:\/\/nellemannmachinery.no\/produkt\/billy-goat-lovblasere\/#primaryimage"},"image":{"@id":"https:\/\/nellemannmachinery.no\/produkt\/billy-goat-lovblasere\/#primaryimage"},"thumbnailUrl":"https:\/\/dev.nellemannmachinery.dk\/wp-content\/uploads\/2020\/08\/2014_f902h.jpg","datePublished":"2020-09-01T08:22:31+00:00","dateModified":"2023-04-12T13:34:09+00:00","description":"F13 serien kombinerer styrke og produktivitet, disse kraftbl\u00e5serne er en favoritt for skoler, parker, gravlunder, golfbaner og st\u00f8rre eiendommer.","breadcrumb":{"@id":"https:\/\/nellemannmachinery.no\/produkt\/billy-goat-lovblasere\/#breadcrumb"},"inLanguage":"nb-NO","potentialAction":[{"@type":"ReadAction","target":["https:\/\/nellemannmachinery.no\/produkt\/billy-goat-lovblasere\/"]}]},{"@type":"ImageObject","inLanguage":"nb-NO","@id":"https:\/\/nellemannmachinery.no\/produkt\/billy-goat-lovblasere\/#primaryimage","url":"https:\/\/dev.nellemannmachinery.dk\/wp-content\/uploads\/2020\/08\/2014_f902h.jpg","contentUrl":"https:\/\/dev.nellemannmachinery.dk\/wp-content\/uploads\/2020\/08\/2014_f902h.jpg","width":800,"height":600},{"@type":"BreadcrumbList","@id":"https:\/\/nellemannmachinery.no\/produkt\/billy-goat-lovblasere\/#breadcrumb","itemListElement":[{"@type":"ListItem","position":1,"name":"Home","item":"https:\/\/nellemannmachinery.no\/"},{"@type":"ListItem","position":2,"name":"Shop","item":"https:\/\/dev.nellemannmachinery.dk\/shop\/"},{"@type":"ListItem","position":3,"name":"Billy Goat F1302 SPH l\u00f8vbl\u00e5ser"}]},{"@type":"WebSite","@id":"https:\/\/dev.nellemannmachinery.dk\/#website","url":"https:\/\/dev.nellemannmachinery.dk\/","name":"Nellemann Machinery","description":"","publisher":{"@id":"https:\/\/dev.nellemannmachinery.dk\/#organization"},"potentialAction":[{"@type":"SearchAction","target":{"@type":"EntryPoint","urlTemplate":"https:\/\/dev.nellemannmachinery.dk\/?s={search_term_string}"},"query-input":{"@type":"PropertyValueSpecification","valueRequired":true,"valueName":"search_term_string"}}],"inLanguage":"nb-NO"},{"@type":"Organization","@id":"https:\/\/dev.nellemannmachinery.dk\/#organization","name":"Nellemann Machinery","url":"https:\/\/dev.nellemannmachinery.dk\/","logo":{"@type":"ImageObject","inLanguage":"nb-NO","@id":"https:\/\/dev.nellemannmachinery.dk\/#\/schema\/logo\/image\/","url":"https:\/\/dev.nellemannmachinery.dk\/wp-content\/uploads\/2020\/09\/logo-1.png","contentUrl":"https:\/\/dev.nellemannmachinery.dk\/wp-content\/uploads\/2020\/09\/logo-1.png","width":398,"height":71,"caption":"Nellemann Machinery"},"image":{"@id":"https:\/\/dev.nellemannmachinery.dk\/#\/schema\/logo\/image\/"},"sameAs":["https:\/\/www.facebook.com\/Nellemann-Machinery-718705991612962","https:\/\/www.instagram.com\/nellemannmachinery\/?hl=da","https:\/\/www.linkedin.com\/company\/svenningsens-maskinforretning-as\/about\/"]}]}},"_links":{"self":[{"href":"https:\/\/dev.nellemannmachinery.dk\/no\/wp-json\/wp\/v2\/product\/6017","targetHints":{"allow":["GET"]}}],"collection":[{"href":"https:\/\/dev.nellemannmachinery.dk\/no\/wp-json\/wp\/v2\/product"}],"about":[{"href":"https:\/\/dev.nellemannmachinery.dk\/no\/wp-json\/wp\/v2\/types\/product"}],"wp:featuredmedia":[{"embeddable":true,"href":"https:\/\/dev.nellemannmachinery.dk\/no\/wp-json\/wp\/v2\/media\/5027"}],"wp:attachment":[{"href":"https:\/\/dev.nellemannmachinery.dk\/no\/wp-json\/wp\/v2\/media?parent=6017"}],"wp:term":[{"taxonomy":"product_brand","embeddable":true,"href":"https:\/\/dev.nellemannmachinery.dk\/no\/wp-json\/wp\/v2\/product_brand?post=6017"},{"taxonomy":"product_cat","embeddable":true,"href":"https:\/\/dev.nellemannmachinery.dk\/no\/wp-json\/wp\/v2\/product_cat?post=6017"},{"taxonomy":"product_tag","embeddable":true,"href":"https:\/\/dev.nellemannmachinery.dk\/no\/wp-json\/wp\/v2\/product_tag?post=6017"}],"curies":[{"name":"wp","href":"https:\/\/api.w.org\/{rel}","templated":true}]}}