{"id":8249,"date":"2021-07-15T15:08:47","date_gmt":"2021-07-15T13:08:47","guid":{"rendered":"https:\/\/dev.nellemannmachinery.dk\/?post_type=product&#038;p=8249"},"modified":"2022-01-24T12:00:22","modified_gmt":"2022-01-24T10:00:22","slug":"kubota-g-261","status":"publish","type":"product","link":"https:\/\/dev.nellemannmachinery.dk\/no\/produkt\/kubota-g-261\/","title":{"rendered":"Kubota G-261"},"excerpt":{"rendered":"<p>Kubota sin G-261 \u00a0sitteklipper tilbyr kraftig klippeytelse, god brukervennlighet og h\u00f8y produktivitet.<br \/>\nDisse profesjonelle maskinene er like imponerende n\u00e5r de jobber under krevende forhold i bratt terreng.<\/p>\n<p>\u00c5pne og l\u00f8ftehastigheten p\u00e5 gressoppsamleren er den h\u00f8yeste i denne klassen. Med transporthastighet p\u00e5 opp til 19 km\/t, klipperen er ogs\u00e5 best i klassen i form av arbeidshastighet.<\/p>\n<p>Kross Control joysticken gir deg muligheten til \u00e5 betjene b\u00e5de klipper og oppsamlerkassen. Du bruker den til \u00e5 heve og senke klipperbordet og for \u00e5 heve og \u00e5pne oppsamlerkassen. Du kan ogs\u00e5 bruke joysticken til \u00e5 lukke og senke kassen igjen.<\/p>\n<p>Den nye G-serien klippere kan takle nesten alle skr\u00e5ninger. Den nye hydrostatiske transmisjonen (HST) gj\u00f8r maskinene til ekte klatrere, og klipper uanstrengt selv i bratt terreng.<\/p>\n<p>Disse klipperne tilbyr n\u00e5 en enda bedre prestasjon n\u00e5r det gjelder klipp og oppsamling av gress. Designede egenskapene sikrer at gresset ikke pakker seg sammen slik at det er mindre sjangse for at utkasterkanalen tetter seg. Maskinene har ogs\u00e5 en h\u00f8yere kraftreserve.<\/p>\n<p>Komforten i den nye G-serien lar deg jobbe atskillig lettere. Dette begynner med operat\u00f8rplattformen som<br \/>\nhar blitt optimalisert for topp ytelse og enkel betjening.<\/p>\n<p>Det nye instrumentpanelet gir deg all informasjonen du trenger. Takket v\u00e6re joystick kontrollen har du alle hovedfunksjoner bokstavelig talt i fingerspissene.<br \/>\nKraftuttaket kan enkelt startes og stoppes med et tastetrykk.<\/p>\n<p>Det komfortable setet lar deg jobbe behagelig og uten stivhet i mange timer. Kubota har redusert h\u00f8yden med 120 mm.<br \/>\nN\u00e5r du jobber i bratt terreng gir dette deg bedre tyngdepunkt og stabilitet. Du kan ogs\u00e5 justere tilt p\u00e5 rattet til \u00e5 v\u00e6re tilpasset din preferanse.<\/p>\n<p>Den fj\u00e6rbelastede platen \u00e5pner seg n\u00e5r du bruker joystick spaken, dette fjerner gress i kanalen og forhindrer gress i \u00e5 samle seg i utkasterkanalen mellom klipperbord og oppsamlerkassen.<\/p>\n<p>Klipperens hydrostatiske servostyring reduserer tretthet under arbeid. Den gj\u00f8r det ogs\u00e5 enklere for deg \u00e5 klippe<br \/>\nrundt tr\u00e6r og andre hindringer.<\/p>\n","protected":false},"featured_media":11131,"template":"","meta":{"_acf_changed":false,"inline_featured_image":false},"product_brand":[],"product_cat":[350,139],"product_tag":[696],"class_list":{"0":"post-8249","1":"product","2":"type-product","3":"status-publish","4":"has-post-thumbnail","6":"product_cat-gress-og-lov-no","7":"product_cat-klippere","8":"product_tag-g26","9":"brand-kubota-no","11":"first","12":"instock","13":"shipping-taxable","14":"product-type-simple"},"acf":[],"yoast_head":"<!-- This site is optimized with the Yoast SEO plugin v27.4 - https:\/\/yoast.com\/product\/yoast-seo-wordpress\/ -->\n<title>Kubota G-261 - Nellemann Machinery<\/title>\n<meta name=\"robots\" content=\"noindex, follow, max-snippet:-1, max-image-preview:large, max-video-preview:-1\" \/>\n<meta property=\"og:locale\" content=\"nb_NO\" \/>\n<meta property=\"og:type\" content=\"article\" \/>\n<meta property=\"og:title\" content=\"Kubota G-261 - Nellemann Machinery\" \/>\n<meta property=\"og:description\" content=\"Kubota sin G-261 \u00a0sitteklipper tilbyr kraftig klippeytelse, god brukervennlighet og h\u00f8y produktivitet. Disse profesjonelle maskinene er like imponerende n\u00e5r de jobber under krevende forhold i bratt terreng.  \u00c5pne og l\u00f8ftehastigheten p\u00e5 gressoppsamleren er den h\u00f8yeste i denne klassen. Med transporthastighet p\u00e5 opp til 19 km\/t, klipperen er ogs\u00e5 best i klassen i form av arbeidshastighet.  Kross Control joysticken gir deg muligheten til \u00e5 betjene b\u00e5de klipper og oppsamlerkassen. Du bruker den til \u00e5 heve og senke klipperbordet og for \u00e5 heve og \u00e5pne oppsamlerkassen. Du kan ogs\u00e5 bruke joysticken til \u00e5 lukke og senke kassen igjen.  Den nye G-serien klippere kan takle nesten alle skr\u00e5ninger. Den nye hydrostatiske transmisjonen (HST) gj\u00f8r maskinene til ekte klatrere, og klipper uanstrengt selv i bratt terreng.  Disse klipperne tilbyr n\u00e5 en enda bedre prestasjon n\u00e5r det gjelder klipp og oppsamling av gress. Designede egenskapene sikrer at gresset ikke pakker seg sammen slik at det er mindre sjangse for at utkasterkanalen tetter seg. Maskinene har ogs\u00e5 en h\u00f8yere kraftreserve.  Komforten i den nye G-serien lar deg jobbe atskillig lettere. Dette begynner med operat\u00f8rplattformen som har blitt optimalisert for topp ytelse og enkel betjening.  Det nye instrumentpanelet gir deg all informasjonen du trenger. Takket v\u00e6re joystick kontrollen har du alle hovedfunksjoner bokstavelig talt i fingerspissene. Kraftuttaket kan enkelt startes og stoppes med et tastetrykk.  Det komfortable setet lar deg jobbe behagelig og uten stivhet i mange timer. Kubota har redusert h\u00f8yden med 120 mm. N\u00e5r du jobber i bratt terreng gir dette deg bedre tyngdepunkt og stabilitet. Du kan ogs\u00e5 justere tilt p\u00e5 rattet til \u00e5 v\u00e6re tilpasset din preferanse.  Den fj\u00e6rbelastede platen \u00e5pner seg n\u00e5r du bruker joystick spaken, dette fjerner gress i kanalen og forhindrer gress i \u00e5 samle seg i utkasterkanalen mellom klipperbord og oppsamlerkassen.  Klipperens hydrostatiske servostyring reduserer tretthet under arbeid. Den gj\u00f8r det ogs\u00e5 enklere for deg \u00e5 klippe rundt tr\u00e6r og andre hindringer.\" \/>\n<meta property=\"og:url\" content=\"https:\/\/nellemannmachinery.no\/produkt\/kubota-g-261\/\" \/>\n<meta property=\"og:site_name\" content=\"Nellemann Machinery\" \/>\n<meta property=\"article:publisher\" content=\"https:\/\/www.facebook.com\/Nellemann-Machinery-718705991612962\" \/>\n<meta property=\"article:modified_time\" content=\"2022-01-24T10:00:22+00:00\" \/>\n<meta property=\"og:image\" content=\"https:\/\/nellemannmachinery.no\/wp-content\/uploads\/2021\/05\/G261_Studio_Side4.jpg\" \/>\n\t<meta property=\"og:image:width\" content=\"2000\" \/>\n\t<meta property=\"og:image:height\" content=\"1333\" \/>\n\t<meta property=\"og:image:type\" content=\"image\/jpeg\" \/>\n<meta name=\"twitter:card\" content=\"summary_large_image\" \/>\n<!-- \/ Yoast SEO plugin. -->","yoast_head_json":{"title":"Kubota G-261 - Nellemann Machinery","robots":{"index":"noindex","follow":"follow","max-snippet":"max-snippet:-1","max-image-preview":"max-image-preview:large","max-video-preview":"max-video-preview:-1"},"og_locale":"nb_NO","og_type":"article","og_title":"Kubota G-261 - Nellemann Machinery","og_description":"Kubota sin G-261 \u00a0sitteklipper tilbyr kraftig klippeytelse, god brukervennlighet og h\u00f8y produktivitet. Disse profesjonelle maskinene er like imponerende n\u00e5r de jobber under krevende forhold i bratt terreng.  \u00c5pne og l\u00f8ftehastigheten p\u00e5 gressoppsamleren er den h\u00f8yeste i denne klassen. Med transporthastighet p\u00e5 opp til 19 km\/t, klipperen er ogs\u00e5 best i klassen i form av arbeidshastighet.  Kross Control joysticken gir deg muligheten til \u00e5 betjene b\u00e5de klipper og oppsamlerkassen. Du bruker den til \u00e5 heve og senke klipperbordet og for \u00e5 heve og \u00e5pne oppsamlerkassen. Du kan ogs\u00e5 bruke joysticken til \u00e5 lukke og senke kassen igjen.  Den nye G-serien klippere kan takle nesten alle skr\u00e5ninger. Den nye hydrostatiske transmisjonen (HST) gj\u00f8r maskinene til ekte klatrere, og klipper uanstrengt selv i bratt terreng.  Disse klipperne tilbyr n\u00e5 en enda bedre prestasjon n\u00e5r det gjelder klipp og oppsamling av gress. Designede egenskapene sikrer at gresset ikke pakker seg sammen slik at det er mindre sjangse for at utkasterkanalen tetter seg. Maskinene har ogs\u00e5 en h\u00f8yere kraftreserve.  Komforten i den nye G-serien lar deg jobbe atskillig lettere. Dette begynner med operat\u00f8rplattformen som har blitt optimalisert for topp ytelse og enkel betjening.  Det nye instrumentpanelet gir deg all informasjonen du trenger. Takket v\u00e6re joystick kontrollen har du alle hovedfunksjoner bokstavelig talt i fingerspissene. Kraftuttaket kan enkelt startes og stoppes med et tastetrykk.  Det komfortable setet lar deg jobbe behagelig og uten stivhet i mange timer. Kubota har redusert h\u00f8yden med 120 mm. N\u00e5r du jobber i bratt terreng gir dette deg bedre tyngdepunkt og stabilitet. Du kan ogs\u00e5 justere tilt p\u00e5 rattet til \u00e5 v\u00e6re tilpasset din preferanse.  Den fj\u00e6rbelastede platen \u00e5pner seg n\u00e5r du bruker joystick spaken, dette fjerner gress i kanalen og forhindrer gress i \u00e5 samle seg i utkasterkanalen mellom klipperbord og oppsamlerkassen.  Klipperens hydrostatiske servostyring reduserer tretthet under arbeid. Den gj\u00f8r det ogs\u00e5 enklere for deg \u00e5 klippe rundt tr\u00e6r og andre hindringer.","og_url":"https:\/\/nellemannmachinery.no\/produkt\/kubota-g-261\/","og_site_name":"Nellemann Machinery","article_publisher":"https:\/\/www.facebook.com\/Nellemann-Machinery-718705991612962","article_modified_time":"2022-01-24T10:00:22+00:00","og_image":[{"width":2000,"height":1333,"url":"https:\/\/nellemannmachinery.no\/wp-content\/uploads\/2021\/05\/G261_Studio_Side4.jpg","type":"image\/jpeg"}],"twitter_card":"summary_large_image","schema":{"@context":"https:\/\/schema.org","@graph":[{"@type":"WebPage","@id":"https:\/\/nellemannmachinery.no\/produkt\/kubota-g-261\/","url":"https:\/\/nellemannmachinery.no\/produkt\/kubota-g-261\/","name":"Kubota G-261 - Nellemann Machinery","isPartOf":{"@id":"https:\/\/dev.nellemannmachinery.dk\/#website"},"primaryImageOfPage":{"@id":"https:\/\/nellemannmachinery.no\/produkt\/kubota-g-261\/#primaryimage"},"image":{"@id":"https:\/\/nellemannmachinery.no\/produkt\/kubota-g-261\/#primaryimage"},"thumbnailUrl":"https:\/\/dev.nellemannmachinery.dk\/wp-content\/uploads\/2021\/05\/G261_Studio_Side4.jpg","datePublished":"2021-07-15T13:08:47+00:00","dateModified":"2022-01-24T10:00:22+00:00","breadcrumb":{"@id":"https:\/\/nellemannmachinery.no\/produkt\/kubota-g-261\/#breadcrumb"},"inLanguage":"nb-NO","potentialAction":[{"@type":"ReadAction","target":["https:\/\/nellemannmachinery.no\/produkt\/kubota-g-261\/"]}]},{"@type":"ImageObject","inLanguage":"nb-NO","@id":"https:\/\/nellemannmachinery.no\/produkt\/kubota-g-261\/#primaryimage","url":"https:\/\/dev.nellemannmachinery.dk\/wp-content\/uploads\/2021\/05\/G261_Studio_Side4.jpg","contentUrl":"https:\/\/dev.nellemannmachinery.dk\/wp-content\/uploads\/2021\/05\/G261_Studio_Side4.jpg","width":2000,"height":1333},{"@type":"BreadcrumbList","@id":"https:\/\/nellemannmachinery.no\/produkt\/kubota-g-261\/#breadcrumb","itemListElement":[{"@type":"ListItem","position":1,"name":"Home","item":"https:\/\/nellemannmachinery.no\/"},{"@type":"ListItem","position":2,"name":"Shop","item":"https:\/\/dev.nellemannmachinery.dk\/shop\/"},{"@type":"ListItem","position":3,"name":"Kubota G-261"}]},{"@type":"WebSite","@id":"https:\/\/dev.nellemannmachinery.dk\/#website","url":"https:\/\/dev.nellemannmachinery.dk\/","name":"Nellemann Machinery","description":"","publisher":{"@id":"https:\/\/dev.nellemannmachinery.dk\/#organization"},"potentialAction":[{"@type":"SearchAction","target":{"@type":"EntryPoint","urlTemplate":"https:\/\/dev.nellemannmachinery.dk\/?s={search_term_string}"},"query-input":{"@type":"PropertyValueSpecification","valueRequired":true,"valueName":"search_term_string"}}],"inLanguage":"nb-NO"},{"@type":"Organization","@id":"https:\/\/dev.nellemannmachinery.dk\/#organization","name":"Nellemann Machinery","url":"https:\/\/dev.nellemannmachinery.dk\/","logo":{"@type":"ImageObject","inLanguage":"nb-NO","@id":"https:\/\/dev.nellemannmachinery.dk\/#\/schema\/logo\/image\/","url":"https:\/\/dev.nellemannmachinery.dk\/wp-content\/uploads\/2020\/09\/logo-1.png","contentUrl":"https:\/\/dev.nellemannmachinery.dk\/wp-content\/uploads\/2020\/09\/logo-1.png","width":398,"height":71,"caption":"Nellemann Machinery"},"image":{"@id":"https:\/\/dev.nellemannmachinery.dk\/#\/schema\/logo\/image\/"},"sameAs":["https:\/\/www.facebook.com\/Nellemann-Machinery-718705991612962","https:\/\/www.instagram.com\/nellemannmachinery\/?hl=da","https:\/\/www.linkedin.com\/company\/svenningsens-maskinforretning-as\/about\/"]}]}},"_links":{"self":[{"href":"https:\/\/dev.nellemannmachinery.dk\/no\/wp-json\/wp\/v2\/product\/8249","targetHints":{"allow":["GET"]}}],"collection":[{"href":"https:\/\/dev.nellemannmachinery.dk\/no\/wp-json\/wp\/v2\/product"}],"about":[{"href":"https:\/\/dev.nellemannmachinery.dk\/no\/wp-json\/wp\/v2\/types\/product"}],"wp:featuredmedia":[{"embeddable":true,"href":"https:\/\/dev.nellemannmachinery.dk\/no\/wp-json\/wp\/v2\/media\/11131"}],"wp:attachment":[{"href":"https:\/\/dev.nellemannmachinery.dk\/no\/wp-json\/wp\/v2\/media?parent=8249"}],"wp:term":[{"taxonomy":"product_brand","embeddable":true,"href":"https:\/\/dev.nellemannmachinery.dk\/no\/wp-json\/wp\/v2\/product_brand?post=8249"},{"taxonomy":"product_cat","embeddable":true,"href":"https:\/\/dev.nellemannmachinery.dk\/no\/wp-json\/wp\/v2\/product_cat?post=8249"},{"taxonomy":"product_tag","embeddable":true,"href":"https:\/\/dev.nellemannmachinery.dk\/no\/wp-json\/wp\/v2\/product_tag?post=8249"}],"curies":[{"name":"wp","href":"https:\/\/api.w.org\/{rel}","templated":true}]}}