{"id":8387,"date":"2021-03-24T14:14:59","date_gmt":"2021-03-24T12:14:59","guid":{"rendered":"https:\/\/dev.nellemannmachinery.dk\/?post_type=product&#038;p=8387"},"modified":"2021-03-24T14:26:57","modified_gmt":"2021-03-24T12:26:57","slug":"fjaras-snoplog-kunstgress","status":"publish","type":"product","link":"https:\/\/dev.nellemannmachinery.dk\/no\/produkt\/fjaras-snoplog-kunstgress\/","title":{"rendered":"Fj\u00e4r\u00e5s kunstgress ploger"},"excerpt":{"rendered":"<p>H\u00f8yt volum for store arealer, sk\u00e5nsom mot underlaget<\/p>\n<p>Sterke Arvids \/ Fj\u00e4r\u00e5s kungstressploger har en robust konstruksjon og et fint design. For \u00e5 minske slitasjen p\u00e5 underlaget som ploges er kunstgressplogene utstyrt med justerbare ski. P\u00e5 undersiden sitter en justerbar gummi for \u00e5 minske risikoen for \u00e5 rive opp dekket.<\/p>\n","protected":false},"featured_media":9687,"template":"","meta":{"_acf_changed":false,"inline_featured_image":false},"product_brand":[],"product_cat":[362],"product_tag":[602,603,590],"class_list":{"0":"post-8387","1":"product","2":"type-product","3":"status-publish","4":"has-post-thumbnail","6":"product_cat-vinterutstyr","7":"product_tag-kunstgressbane","8":"product_tag-kunstgressplog","9":"product_tag-plog","10":"brand-fjaras-no","12":"first","13":"instock","14":"shipping-taxable","15":"product-type-simple"},"acf":[],"yoast_head":"<!-- This site is optimized with the Yoast SEO plugin v27.4 - https:\/\/yoast.com\/product\/yoast-seo-wordpress\/ -->\n<title>Fj\u00e4r\u00e5s kunstgress ploger - Nellemann Machinery<\/title>\n<meta name=\"robots\" content=\"noindex, follow, max-snippet:-1, max-image-preview:large, max-video-preview:-1\" \/>\n<meta property=\"og:locale\" content=\"nb_NO\" \/>\n<meta property=\"og:type\" content=\"article\" \/>\n<meta property=\"og:title\" content=\"Fj\u00e4r\u00e5s kunstgress ploger - Nellemann Machinery\" \/>\n<meta property=\"og:description\" content=\"H\u00f8yt volum for store arealer, sk\u00e5nsom mot underlaget  Sterke Arvids \/ Fj\u00e4r\u00e5s kungstressploger har en robust konstruksjon og et fint design. For \u00e5 minske slitasjen p\u00e5 underlaget som ploges er kunstgressplogene utstyrt med justerbare ski. P\u00e5 undersiden sitter en justerbar gummi for \u00e5 minske risikoen for \u00e5 rive opp dekket.\" \/>\n<meta property=\"og:url\" content=\"https:\/\/nellemannmachinery.no\/produkt\/fjaras-snoplog-kunstgress\/\" \/>\n<meta property=\"og:site_name\" content=\"Nellemann Machinery\" \/>\n<meta property=\"article:publisher\" content=\"https:\/\/www.facebook.com\/Nellemann-Machinery-718705991612962\" \/>\n<meta property=\"article:modified_time\" content=\"2021-03-24T12:26:57+00:00\" \/>\n<meta property=\"og:image\" content=\"https:\/\/nellemannmachinery.no\/wp-content\/uploads\/2020\/11\/Starke-Arvid-Produktbild-Konstgrasplog-832x440-600x320-1.png\" \/>\n\t<meta property=\"og:image:width\" content=\"600\" \/>\n\t<meta property=\"og:image:height\" content=\"320\" \/>\n\t<meta property=\"og:image:type\" content=\"image\/png\" \/>\n<meta name=\"twitter:card\" content=\"summary_large_image\" \/>\n<!-- \/ Yoast SEO plugin. -->","yoast_head_json":{"title":"Fj\u00e4r\u00e5s kunstgress ploger - Nellemann Machinery","robots":{"index":"noindex","follow":"follow","max-snippet":"max-snippet:-1","max-image-preview":"max-image-preview:large","max-video-preview":"max-video-preview:-1"},"og_locale":"nb_NO","og_type":"article","og_title":"Fj\u00e4r\u00e5s kunstgress ploger - Nellemann Machinery","og_description":"H\u00f8yt volum for store arealer, sk\u00e5nsom mot underlaget  Sterke Arvids \/ Fj\u00e4r\u00e5s kungstressploger har en robust konstruksjon og et fint design. For \u00e5 minske slitasjen p\u00e5 underlaget som ploges er kunstgressplogene utstyrt med justerbare ski. P\u00e5 undersiden sitter en justerbar gummi for \u00e5 minske risikoen for \u00e5 rive opp dekket.","og_url":"https:\/\/nellemannmachinery.no\/produkt\/fjaras-snoplog-kunstgress\/","og_site_name":"Nellemann Machinery","article_publisher":"https:\/\/www.facebook.com\/Nellemann-Machinery-718705991612962","article_modified_time":"2021-03-24T12:26:57+00:00","og_image":[{"width":600,"height":320,"url":"https:\/\/nellemannmachinery.no\/wp-content\/uploads\/2020\/11\/Starke-Arvid-Produktbild-Konstgrasplog-832x440-600x320-1.png","type":"image\/png"}],"twitter_card":"summary_large_image","schema":{"@context":"https:\/\/schema.org","@graph":[{"@type":"WebPage","@id":"https:\/\/nellemannmachinery.no\/produkt\/fjaras-snoplog-kunstgress\/","url":"https:\/\/nellemannmachinery.no\/produkt\/fjaras-snoplog-kunstgress\/","name":"Fj\u00e4r\u00e5s kunstgress ploger - Nellemann Machinery","isPartOf":{"@id":"https:\/\/dev.nellemannmachinery.dk\/#website"},"primaryImageOfPage":{"@id":"https:\/\/nellemannmachinery.no\/produkt\/fjaras-snoplog-kunstgress\/#primaryimage"},"image":{"@id":"https:\/\/nellemannmachinery.no\/produkt\/fjaras-snoplog-kunstgress\/#primaryimage"},"thumbnailUrl":"https:\/\/dev.nellemannmachinery.dk\/wp-content\/uploads\/2020\/11\/Starke-Arvid-Produktbild-Konstgrasplog-832x440-600x320-1.png","datePublished":"2021-03-24T12:14:59+00:00","dateModified":"2021-03-24T12:26:57+00:00","breadcrumb":{"@id":"https:\/\/nellemannmachinery.no\/produkt\/fjaras-snoplog-kunstgress\/#breadcrumb"},"inLanguage":"nb-NO","potentialAction":[{"@type":"ReadAction","target":["https:\/\/nellemannmachinery.no\/produkt\/fjaras-snoplog-kunstgress\/"]}]},{"@type":"ImageObject","inLanguage":"nb-NO","@id":"https:\/\/nellemannmachinery.no\/produkt\/fjaras-snoplog-kunstgress\/#primaryimage","url":"https:\/\/dev.nellemannmachinery.dk\/wp-content\/uploads\/2020\/11\/Starke-Arvid-Produktbild-Konstgrasplog-832x440-600x320-1.png","contentUrl":"https:\/\/dev.nellemannmachinery.dk\/wp-content\/uploads\/2020\/11\/Starke-Arvid-Produktbild-Konstgrasplog-832x440-600x320-1.png","width":600,"height":320},{"@type":"BreadcrumbList","@id":"https:\/\/nellemannmachinery.no\/produkt\/fjaras-snoplog-kunstgress\/#breadcrumb","itemListElement":[{"@type":"ListItem","position":1,"name":"Home","item":"https:\/\/nellemannmachinery.no\/"},{"@type":"ListItem","position":2,"name":"Shop","item":"https:\/\/dev.nellemannmachinery.dk\/shop\/"},{"@type":"ListItem","position":3,"name":"Fj\u00e4r\u00e5s kunstgress ploger"}]},{"@type":"WebSite","@id":"https:\/\/dev.nellemannmachinery.dk\/#website","url":"https:\/\/dev.nellemannmachinery.dk\/","name":"Nellemann Machinery","description":"","publisher":{"@id":"https:\/\/dev.nellemannmachinery.dk\/#organization"},"potentialAction":[{"@type":"SearchAction","target":{"@type":"EntryPoint","urlTemplate":"https:\/\/dev.nellemannmachinery.dk\/?s={search_term_string}"},"query-input":{"@type":"PropertyValueSpecification","valueRequired":true,"valueName":"search_term_string"}}],"inLanguage":"nb-NO"},{"@type":"Organization","@id":"https:\/\/dev.nellemannmachinery.dk\/#organization","name":"Nellemann Machinery","url":"https:\/\/dev.nellemannmachinery.dk\/","logo":{"@type":"ImageObject","inLanguage":"nb-NO","@id":"https:\/\/dev.nellemannmachinery.dk\/#\/schema\/logo\/image\/","url":"https:\/\/dev.nellemannmachinery.dk\/wp-content\/uploads\/2020\/09\/logo-1.png","contentUrl":"https:\/\/dev.nellemannmachinery.dk\/wp-content\/uploads\/2020\/09\/logo-1.png","width":398,"height":71,"caption":"Nellemann Machinery"},"image":{"@id":"https:\/\/dev.nellemannmachinery.dk\/#\/schema\/logo\/image\/"},"sameAs":["https:\/\/www.facebook.com\/Nellemann-Machinery-718705991612962","https:\/\/www.instagram.com\/nellemannmachinery\/?hl=da","https:\/\/www.linkedin.com\/company\/svenningsens-maskinforretning-as\/about\/"]}]}},"_links":{"self":[{"href":"https:\/\/dev.nellemannmachinery.dk\/no\/wp-json\/wp\/v2\/product\/8387","targetHints":{"allow":["GET"]}}],"collection":[{"href":"https:\/\/dev.nellemannmachinery.dk\/no\/wp-json\/wp\/v2\/product"}],"about":[{"href":"https:\/\/dev.nellemannmachinery.dk\/no\/wp-json\/wp\/v2\/types\/product"}],"wp:featuredmedia":[{"embeddable":true,"href":"https:\/\/dev.nellemannmachinery.dk\/no\/wp-json\/wp\/v2\/media\/9687"}],"wp:attachment":[{"href":"https:\/\/dev.nellemannmachinery.dk\/no\/wp-json\/wp\/v2\/media?parent=8387"}],"wp:term":[{"taxonomy":"product_brand","embeddable":true,"href":"https:\/\/dev.nellemannmachinery.dk\/no\/wp-json\/wp\/v2\/product_brand?post=8387"},{"taxonomy":"product_cat","embeddable":true,"href":"https:\/\/dev.nellemannmachinery.dk\/no\/wp-json\/wp\/v2\/product_cat?post=8387"},{"taxonomy":"product_tag","embeddable":true,"href":"https:\/\/dev.nellemannmachinery.dk\/no\/wp-json\/wp\/v2\/product_tag?post=8387"}],"curies":[{"name":"wp","href":"https:\/\/api.w.org\/{rel}","templated":true}]}}