{"id":8988,"date":"2021-02-12T14:25:42","date_gmt":"2021-02-12T12:25:42","guid":{"rendered":"https:\/\/dev.nellemannmachinery.dk\/?post_type=product&#038;p=8988"},"modified":"2022-10-12T14:51:19","modified_gmt":"2022-10-12T12:51:19","slug":"kubota-rtv-x1110","status":"publish","type":"product","link":"https:\/\/dev.nellemannmachinery.dk\/no\/produkt\/kubota-rtv-x1110\/","title":{"rendered":"Kubota RTV-X1110"},"excerpt":{"rendered":"<p>Kubota RTV X-1110<\/p>\n<ul>\n<li>Renspikket arbeidskj\u00f8ret\u00f8y. RTV X-1110 setter standarden for robusthet og allsidighet.<\/li>\n<li>Hydrostatisk drift<\/li>\n<li>H\u00f8y\/lav gir, n\u00f8ytral og revers<\/li>\n<li>Uavhengig understell p\u00e5 alle fire hjul sikrer komfort og fremkommelighet.<\/li>\n<li>H\u00f8y bakkeklaring<\/li>\n<li>Dynamisk bremsing p\u00e5 motoren gir deg bedre trygghet og kontroll i bratte nedoverbakker eller terreng.<\/li>\n<li>Forsterket bunn gj\u00f8r at kritiske enheter som motor og girkasse er godt beskyttet.<\/li>\n<li>Hydrostatisk powerstyring<\/li>\n<li>Hastighet 40 km\/t (traktorregistrert)<\/li>\n<\/ul>\n<p>&nbsp;<\/p>\n","protected":false},"featured_media":4639,"template":"","meta":{"_acf_changed":false,"inline_featured_image":false},"product_brand":[],"product_cat":[140],"product_tag":[],"class_list":{"0":"post-8988","1":"product","2":"type-product","3":"status-publish","4":"has-post-thumbnail","6":"product_cat-rtv","7":"brand-kubota-no","9":"first","10":"instock","11":"shipping-taxable","12":"product-type-simple"},"acf":[],"yoast_head":"<!-- This site is optimized with the Yoast SEO plugin v27.4 - https:\/\/yoast.com\/product\/yoast-seo-wordpress\/ -->\n<title>Kubota RTV-X1110 - Nellemann Machinery<\/title>\n<meta name=\"robots\" content=\"noindex, follow, max-snippet:-1, max-image-preview:large, max-video-preview:-1\" \/>\n<meta property=\"og:locale\" content=\"nb_NO\" \/>\n<meta property=\"og:type\" content=\"article\" \/>\n<meta property=\"og:title\" content=\"Kubota RTV-X1110 - Nellemann Machinery\" \/>\n<meta property=\"og:description\" content=\"Kubota RTV X-1110   Renspikket arbeidskj\u00f8ret\u00f8y. RTV X-1110 setter standarden for robusthet og allsidighet.  Hydrostatisk drift  H\u00f8y\/lav gir, n\u00f8ytral og revers  Uavhengig understell p\u00e5 alle fire hjul sikrer komfort og fremkommelighet.  H\u00f8y bakkeklaring  Dynamisk bremsing p\u00e5 motoren gir deg bedre trygghet og kontroll i bratte nedoverbakker eller terreng.  Forsterket bunn gj\u00f8r at kritiske enheter som motor og girkasse er godt beskyttet.  Hydrostatisk powerstyring  Hastighet 40 km\/t (traktorregistrert)  &nbsp;\" \/>\n<meta property=\"og:url\" content=\"https:\/\/nellemannmachinery.no\/produkt\/kubota-rtv-x1110\/\" \/>\n<meta property=\"og:site_name\" content=\"Nellemann Machinery\" \/>\n<meta property=\"article:publisher\" content=\"https:\/\/www.facebook.com\/Nellemann-Machinery-718705991612962\" \/>\n<meta property=\"article:modified_time\" content=\"2022-10-12T12:51:19+00:00\" \/>\n<meta property=\"og:image\" content=\"https:\/\/nellemannmachinery.no\/wp-content\/uploads\/2020\/07\/RTV-X1110_Studio_Side.jpg\" \/>\n\t<meta property=\"og:image:width\" content=\"2000\" \/>\n\t<meta property=\"og:image:height\" content=\"1500\" \/>\n\t<meta property=\"og:image:type\" content=\"image\/jpeg\" \/>\n<meta name=\"twitter:card\" content=\"summary_large_image\" \/>\n<!-- \/ Yoast SEO plugin. -->","yoast_head_json":{"title":"Kubota RTV-X1110 - Nellemann Machinery","robots":{"index":"noindex","follow":"follow","max-snippet":"max-snippet:-1","max-image-preview":"max-image-preview:large","max-video-preview":"max-video-preview:-1"},"og_locale":"nb_NO","og_type":"article","og_title":"Kubota RTV-X1110 - Nellemann Machinery","og_description":"Kubota RTV X-1110   Renspikket arbeidskj\u00f8ret\u00f8y. RTV X-1110 setter standarden for robusthet og allsidighet.  Hydrostatisk drift  H\u00f8y\/lav gir, n\u00f8ytral og revers  Uavhengig understell p\u00e5 alle fire hjul sikrer komfort og fremkommelighet.  H\u00f8y bakkeklaring  Dynamisk bremsing p\u00e5 motoren gir deg bedre trygghet og kontroll i bratte nedoverbakker eller terreng.  Forsterket bunn gj\u00f8r at kritiske enheter som motor og girkasse er godt beskyttet.  Hydrostatisk powerstyring  Hastighet 40 km\/t (traktorregistrert)  &nbsp;","og_url":"https:\/\/nellemannmachinery.no\/produkt\/kubota-rtv-x1110\/","og_site_name":"Nellemann Machinery","article_publisher":"https:\/\/www.facebook.com\/Nellemann-Machinery-718705991612962","article_modified_time":"2022-10-12T12:51:19+00:00","og_image":[{"width":2000,"height":1500,"url":"https:\/\/nellemannmachinery.no\/wp-content\/uploads\/2020\/07\/RTV-X1110_Studio_Side.jpg","type":"image\/jpeg"}],"twitter_card":"summary_large_image","schema":{"@context":"https:\/\/schema.org","@graph":[{"@type":"WebPage","@id":"https:\/\/nellemannmachinery.no\/produkt\/kubota-rtv-x1110\/","url":"https:\/\/nellemannmachinery.no\/produkt\/kubota-rtv-x1110\/","name":"Kubota RTV-X1110 - Nellemann Machinery","isPartOf":{"@id":"https:\/\/dev.nellemannmachinery.dk\/#website"},"primaryImageOfPage":{"@id":"https:\/\/nellemannmachinery.no\/produkt\/kubota-rtv-x1110\/#primaryimage"},"image":{"@id":"https:\/\/nellemannmachinery.no\/produkt\/kubota-rtv-x1110\/#primaryimage"},"thumbnailUrl":"https:\/\/dev.nellemannmachinery.dk\/wp-content\/uploads\/2020\/07\/RTV-X1110_Studio_Side.jpg","datePublished":"2021-02-12T12:25:42+00:00","dateModified":"2022-10-12T12:51:19+00:00","breadcrumb":{"@id":"https:\/\/nellemannmachinery.no\/produkt\/kubota-rtv-x1110\/#breadcrumb"},"inLanguage":"nb-NO","potentialAction":[{"@type":"ReadAction","target":["https:\/\/nellemannmachinery.no\/produkt\/kubota-rtv-x1110\/"]}]},{"@type":"ImageObject","inLanguage":"nb-NO","@id":"https:\/\/nellemannmachinery.no\/produkt\/kubota-rtv-x1110\/#primaryimage","url":"https:\/\/dev.nellemannmachinery.dk\/wp-content\/uploads\/2020\/07\/RTV-X1110_Studio_Side.jpg","contentUrl":"https:\/\/dev.nellemannmachinery.dk\/wp-content\/uploads\/2020\/07\/RTV-X1110_Studio_Side.jpg","width":2000,"height":1500},{"@type":"BreadcrumbList","@id":"https:\/\/nellemannmachinery.no\/produkt\/kubota-rtv-x1110\/#breadcrumb","itemListElement":[{"@type":"ListItem","position":1,"name":"Home","item":"https:\/\/nellemannmachinery.no\/"},{"@type":"ListItem","position":2,"name":"Shop","item":"https:\/\/dev.nellemannmachinery.dk\/shop\/"},{"@type":"ListItem","position":3,"name":"Kubota RTV-X1110"}]},{"@type":"WebSite","@id":"https:\/\/dev.nellemannmachinery.dk\/#website","url":"https:\/\/dev.nellemannmachinery.dk\/","name":"Nellemann Machinery","description":"","publisher":{"@id":"https:\/\/dev.nellemannmachinery.dk\/#organization"},"potentialAction":[{"@type":"SearchAction","target":{"@type":"EntryPoint","urlTemplate":"https:\/\/dev.nellemannmachinery.dk\/?s={search_term_string}"},"query-input":{"@type":"PropertyValueSpecification","valueRequired":true,"valueName":"search_term_string"}}],"inLanguage":"nb-NO"},{"@type":"Organization","@id":"https:\/\/dev.nellemannmachinery.dk\/#organization","name":"Nellemann Machinery","url":"https:\/\/dev.nellemannmachinery.dk\/","logo":{"@type":"ImageObject","inLanguage":"nb-NO","@id":"https:\/\/dev.nellemannmachinery.dk\/#\/schema\/logo\/image\/","url":"https:\/\/dev.nellemannmachinery.dk\/wp-content\/uploads\/2020\/09\/logo-1.png","contentUrl":"https:\/\/dev.nellemannmachinery.dk\/wp-content\/uploads\/2020\/09\/logo-1.png","width":398,"height":71,"caption":"Nellemann Machinery"},"image":{"@id":"https:\/\/dev.nellemannmachinery.dk\/#\/schema\/logo\/image\/"},"sameAs":["https:\/\/www.facebook.com\/Nellemann-Machinery-718705991612962","https:\/\/www.instagram.com\/nellemannmachinery\/?hl=da","https:\/\/www.linkedin.com\/company\/svenningsens-maskinforretning-as\/about\/"]}]}},"_links":{"self":[{"href":"https:\/\/dev.nellemannmachinery.dk\/no\/wp-json\/wp\/v2\/product\/8988","targetHints":{"allow":["GET"]}}],"collection":[{"href":"https:\/\/dev.nellemannmachinery.dk\/no\/wp-json\/wp\/v2\/product"}],"about":[{"href":"https:\/\/dev.nellemannmachinery.dk\/no\/wp-json\/wp\/v2\/types\/product"}],"wp:featuredmedia":[{"embeddable":true,"href":"https:\/\/dev.nellemannmachinery.dk\/no\/wp-json\/wp\/v2\/media\/4639"}],"wp:attachment":[{"href":"https:\/\/dev.nellemannmachinery.dk\/no\/wp-json\/wp\/v2\/media?parent=8988"}],"wp:term":[{"taxonomy":"product_brand","embeddable":true,"href":"https:\/\/dev.nellemannmachinery.dk\/no\/wp-json\/wp\/v2\/product_brand?post=8988"},{"taxonomy":"product_cat","embeddable":true,"href":"https:\/\/dev.nellemannmachinery.dk\/no\/wp-json\/wp\/v2\/product_cat?post=8988"},{"taxonomy":"product_tag","embeddable":true,"href":"https:\/\/dev.nellemannmachinery.dk\/no\/wp-json\/wp\/v2\/product_tag?post=8988"}],"curies":[{"name":"wp","href":"https:\/\/api.w.org\/{rel}","templated":true}]}}