{"id":9014,"date":"2021-05-27T09:20:23","date_gmt":"2021-05-27T07:20:23","guid":{"rendered":"https:\/\/dev.nellemannmachinery.dk\/?post_type=product&#038;p=9014"},"modified":"2021-05-27T09:20:53","modified_gmt":"2021-05-27T07:20:53","slug":"harv-samaskin","status":"publish","type":"product","link":"https:\/\/dev.nellemannmachinery.dk\/no\/produkt\/harv-samaskin\/","title":{"rendered":"Harv \/ S\u00e5maskin"},"excerpt":{"rendered":"<p>Kraftig konstruksjon for de mest krevende oppgavene<\/p>\n<ul>\n<li>Trepunkts tilkobling Kategori 1<\/li>\n<li>Arbeids dybde opp til 16 cm<\/li>\n<li>Robust girkasse<\/li>\n<li>Frontst\u00e5l utjevnings lamell<\/li>\n<li>Beskyttende sideskj\u00f8rt av st\u00e5l<\/li>\n<li>Tilgjengelig som kombinasjon med tilpasset s\u00e5maskin<\/li>\n<\/ul>\n<p>Arbeidbredde fra 116 cm til 170 cm og dybde fra 105cm til 155 cm.<\/p>\n<p>To modellutgaver: MTZ kraftharv og MTZ kraftharv + SM s\u00e5maskin.<\/p>\n","protected":false},"featured_media":9085,"template":"","meta":{"_acf_changed":false,"inline_featured_image":false},"product_brand":[],"product_cat":[365],"product_tag":[150,543],"class_list":{"0":"post-9014","1":"product","2":"type-product","3":"status-publish","4":"has-post-thumbnail","6":"product_cat-redskaper-landbruk","7":"product_tag-kubota","8":"product_tag-redskaper","9":"brand-kubota-no","11":"first","12":"instock","13":"shipping-taxable","14":"product-type-simple"},"acf":[],"yoast_head":"<!-- This site is optimized with the Yoast SEO plugin v27.4 - https:\/\/yoast.com\/product\/yoast-seo-wordpress\/ -->\n<title>Harv \/ S\u00e5maskin - Nellemann Machinery<\/title>\n<meta name=\"robots\" content=\"noindex, follow, max-snippet:-1, max-image-preview:large, max-video-preview:-1\" \/>\n<meta property=\"og:locale\" content=\"nb_NO\" \/>\n<meta property=\"og:type\" content=\"article\" \/>\n<meta property=\"og:title\" content=\"Harv \/ S\u00e5maskin - Nellemann Machinery\" \/>\n<meta property=\"og:description\" content=\"Kraftig konstruksjon for de mest krevende oppgavene   Trepunkts tilkobling Kategori 1  Arbeids dybde opp til 16 cm  Robust girkasse  Frontst\u00e5l utjevnings lamell  Beskyttende sideskj\u00f8rt av st\u00e5l  Tilgjengelig som kombinasjon med tilpasset s\u00e5maskin  Arbeidbredde fra 116 cm til 170 cm og dybde fra 105cm til 155 cm.  To modellutgaver: MTZ kraftharv og MTZ kraftharv + SM s\u00e5maskin.\" \/>\n<meta property=\"og:url\" content=\"https:\/\/nellemannmachinery.no\/produkt\/harv-samaskin\/\" \/>\n<meta property=\"og:site_name\" content=\"Nellemann Machinery\" \/>\n<meta property=\"article:publisher\" content=\"https:\/\/www.facebook.com\/Nellemann-Machinery-718705991612962\" \/>\n<meta property=\"article:modified_time\" content=\"2021-05-27T07:20:53+00:00\" \/>\n<meta property=\"og:image\" content=\"https:\/\/nellemannmachinery.no\/wp-content\/uploads\/2021\/02\/MTZ_SM_Combi-2.png\" \/>\n\t<meta property=\"og:image:width\" content=\"2000\" \/>\n\t<meta property=\"og:image:height\" content=\"1500\" \/>\n\t<meta property=\"og:image:type\" content=\"image\/png\" \/>\n<meta name=\"twitter:card\" content=\"summary_large_image\" \/>\n<!-- \/ Yoast SEO plugin. -->","yoast_head_json":{"title":"Harv \/ S\u00e5maskin - Nellemann Machinery","robots":{"index":"noindex","follow":"follow","max-snippet":"max-snippet:-1","max-image-preview":"max-image-preview:large","max-video-preview":"max-video-preview:-1"},"og_locale":"nb_NO","og_type":"article","og_title":"Harv \/ S\u00e5maskin - Nellemann Machinery","og_description":"Kraftig konstruksjon for de mest krevende oppgavene   Trepunkts tilkobling Kategori 1  Arbeids dybde opp til 16 cm  Robust girkasse  Frontst\u00e5l utjevnings lamell  Beskyttende sideskj\u00f8rt av st\u00e5l  Tilgjengelig som kombinasjon med tilpasset s\u00e5maskin  Arbeidbredde fra 116 cm til 170 cm og dybde fra 105cm til 155 cm.  To modellutgaver: MTZ kraftharv og MTZ kraftharv + SM s\u00e5maskin.","og_url":"https:\/\/nellemannmachinery.no\/produkt\/harv-samaskin\/","og_site_name":"Nellemann Machinery","article_publisher":"https:\/\/www.facebook.com\/Nellemann-Machinery-718705991612962","article_modified_time":"2021-05-27T07:20:53+00:00","og_image":[{"width":2000,"height":1500,"url":"https:\/\/nellemannmachinery.no\/wp-content\/uploads\/2021\/02\/MTZ_SM_Combi-2.png","type":"image\/png"}],"twitter_card":"summary_large_image","schema":{"@context":"https:\/\/schema.org","@graph":[{"@type":"WebPage","@id":"https:\/\/nellemannmachinery.no\/produkt\/harv-samaskin\/","url":"https:\/\/nellemannmachinery.no\/produkt\/harv-samaskin\/","name":"Harv \/ S\u00e5maskin - Nellemann Machinery","isPartOf":{"@id":"https:\/\/dev.nellemannmachinery.dk\/#website"},"primaryImageOfPage":{"@id":"https:\/\/nellemannmachinery.no\/produkt\/harv-samaskin\/#primaryimage"},"image":{"@id":"https:\/\/nellemannmachinery.no\/produkt\/harv-samaskin\/#primaryimage"},"thumbnailUrl":"https:\/\/dev.nellemannmachinery.dk\/wp-content\/uploads\/2021\/02\/MTZ_SM_Combi-2.png","datePublished":"2021-05-27T07:20:23+00:00","dateModified":"2021-05-27T07:20:53+00:00","breadcrumb":{"@id":"https:\/\/nellemannmachinery.no\/produkt\/harv-samaskin\/#breadcrumb"},"inLanguage":"nb-NO","potentialAction":[{"@type":"ReadAction","target":["https:\/\/nellemannmachinery.no\/produkt\/harv-samaskin\/"]}]},{"@type":"ImageObject","inLanguage":"nb-NO","@id":"https:\/\/nellemannmachinery.no\/produkt\/harv-samaskin\/#primaryimage","url":"https:\/\/dev.nellemannmachinery.dk\/wp-content\/uploads\/2021\/02\/MTZ_SM_Combi-2.png","contentUrl":"https:\/\/dev.nellemannmachinery.dk\/wp-content\/uploads\/2021\/02\/MTZ_SM_Combi-2.png","width":2000,"height":1500},{"@type":"BreadcrumbList","@id":"https:\/\/nellemannmachinery.no\/produkt\/harv-samaskin\/#breadcrumb","itemListElement":[{"@type":"ListItem","position":1,"name":"Home","item":"https:\/\/nellemannmachinery.no\/"},{"@type":"ListItem","position":2,"name":"Shop","item":"https:\/\/dev.nellemannmachinery.dk\/shop\/"},{"@type":"ListItem","position":3,"name":"Harv \/ S\u00e5maskin"}]},{"@type":"WebSite","@id":"https:\/\/dev.nellemannmachinery.dk\/#website","url":"https:\/\/dev.nellemannmachinery.dk\/","name":"Nellemann Machinery","description":"","publisher":{"@id":"https:\/\/dev.nellemannmachinery.dk\/#organization"},"potentialAction":[{"@type":"SearchAction","target":{"@type":"EntryPoint","urlTemplate":"https:\/\/dev.nellemannmachinery.dk\/?s={search_term_string}"},"query-input":{"@type":"PropertyValueSpecification","valueRequired":true,"valueName":"search_term_string"}}],"inLanguage":"nb-NO"},{"@type":"Organization","@id":"https:\/\/dev.nellemannmachinery.dk\/#organization","name":"Nellemann Machinery","url":"https:\/\/dev.nellemannmachinery.dk\/","logo":{"@type":"ImageObject","inLanguage":"nb-NO","@id":"https:\/\/dev.nellemannmachinery.dk\/#\/schema\/logo\/image\/","url":"https:\/\/dev.nellemannmachinery.dk\/wp-content\/uploads\/2020\/09\/logo-1.png","contentUrl":"https:\/\/dev.nellemannmachinery.dk\/wp-content\/uploads\/2020\/09\/logo-1.png","width":398,"height":71,"caption":"Nellemann Machinery"},"image":{"@id":"https:\/\/dev.nellemannmachinery.dk\/#\/schema\/logo\/image\/"},"sameAs":["https:\/\/www.facebook.com\/Nellemann-Machinery-718705991612962","https:\/\/www.instagram.com\/nellemannmachinery\/?hl=da","https:\/\/www.linkedin.com\/company\/svenningsens-maskinforretning-as\/about\/"]}]}},"_links":{"self":[{"href":"https:\/\/dev.nellemannmachinery.dk\/no\/wp-json\/wp\/v2\/product\/9014","targetHints":{"allow":["GET"]}}],"collection":[{"href":"https:\/\/dev.nellemannmachinery.dk\/no\/wp-json\/wp\/v2\/product"}],"about":[{"href":"https:\/\/dev.nellemannmachinery.dk\/no\/wp-json\/wp\/v2\/types\/product"}],"wp:featuredmedia":[{"embeddable":true,"href":"https:\/\/dev.nellemannmachinery.dk\/no\/wp-json\/wp\/v2\/media\/9085"}],"wp:attachment":[{"href":"https:\/\/dev.nellemannmachinery.dk\/no\/wp-json\/wp\/v2\/media?parent=9014"}],"wp:term":[{"taxonomy":"product_brand","embeddable":true,"href":"https:\/\/dev.nellemannmachinery.dk\/no\/wp-json\/wp\/v2\/product_brand?post=9014"},{"taxonomy":"product_cat","embeddable":true,"href":"https:\/\/dev.nellemannmachinery.dk\/no\/wp-json\/wp\/v2\/product_cat?post=9014"},{"taxonomy":"product_tag","embeddable":true,"href":"https:\/\/dev.nellemannmachinery.dk\/no\/wp-json\/wp\/v2\/product_tag?post=9014"}],"curies":[{"name":"wp","href":"https:\/\/api.w.org\/{rel}","templated":true}]}}