{"id":9400,"date":"2021-03-10T13:25:11","date_gmt":"2021-03-10T11:25:11","guid":{"rendered":"https:\/\/dev.nellemannmachinery.dk\/?post_type=product&#038;p=9400"},"modified":"2021-06-17T15:54:45","modified_gmt":"2021-06-17T13:54:45","slug":"slagklippere-frontmontert","status":"publish","type":"product","link":"https:\/\/dev.nellemannmachinery.dk\/no\/produkt\/slagklippere-frontmontert\/","title":{"rendered":"Slagklippere &#8211; frontmontert"},"excerpt":{"rendered":"<ul>\n<li>Utmerket klippekvalitet takket v\u00e6re 4 mm Y-kniver<\/li>\n<li>H\u00f8ydejustering p\u00e5 forhjul (TEG) eller valse<\/li>\n<li>Enkel regulering av klippeh\u00f8yde til 20 til 80 mm<\/li>\n<li>Robust drivlinje<\/li>\n<\/ul>\n","protected":false},"featured_media":9404,"template":"","meta":{"_acf_changed":false,"inline_featured_image":false},"product_brand":[],"product_cat":[350,674,365],"product_tag":[570,150,501,573,560,572,571],"class_list":{"0":"post-9400","1":"product","2":"type-product","3":"status-publish","4":"has-post-thumbnail","6":"product_cat-gress-og-lov-no","7":"product_cat-klipper-redskaper","8":"product_cat-redskaper-landbruk","9":"product_tag-frontmontert","10":"product_tag-kubota","11":"product_tag-redskap","12":"product_tag-scorpion","13":"product_tag-slagklipper","14":"product_tag-special","15":"product_tag-teg","16":"brand-kubota-no","18":"first","19":"instock","20":"shipping-taxable","21":"product-type-simple"},"acf":[],"yoast_head":"<!-- This site is optimized with the Yoast SEO plugin v27.4 - https:\/\/yoast.com\/product\/yoast-seo-wordpress\/ -->\n<title>Slagklippere - frontmontert - Nellemann Machinery<\/title>\n<meta name=\"robots\" content=\"noindex, follow, max-snippet:-1, max-image-preview:large, max-video-preview:-1\" \/>\n<meta property=\"og:locale\" content=\"nb_NO\" \/>\n<meta property=\"og:type\" content=\"article\" \/>\n<meta property=\"og:title\" content=\"Slagklippere - frontmontert - Nellemann Machinery\" \/>\n<meta property=\"og:description\" content=\"Utmerket klippekvalitet takket v\u00e6re 4 mm Y-kniver  H\u00f8ydejustering p\u00e5 forhjul (TEG) eller valse  Enkel regulering av klippeh\u00f8yde til 20 til 80 mm  Robust drivlinje\" \/>\n<meta property=\"og:url\" content=\"https:\/\/nellemannmachinery.no\/produkt\/slagklippere-frontmontert\/\" \/>\n<meta property=\"og:site_name\" content=\"Nellemann Machinery\" \/>\n<meta property=\"article:publisher\" content=\"https:\/\/www.facebook.com\/Nellemann-Machinery-718705991612962\" \/>\n<meta property=\"article:modified_time\" content=\"2021-06-17T13:54:45+00:00\" \/>\n<meta property=\"og:image\" content=\"https:\/\/nellemannmachinery.no\/wp-content\/uploads\/2021\/03\/TEG_1.jpg\" \/>\n\t<meta property=\"og:image:width\" content=\"934\" \/>\n\t<meta property=\"og:image:height\" content=\"682\" \/>\n\t<meta property=\"og:image:type\" content=\"image\/jpeg\" \/>\n<meta name=\"twitter:card\" content=\"summary_large_image\" \/>\n<!-- \/ Yoast SEO plugin. -->","yoast_head_json":{"title":"Slagklippere - frontmontert - Nellemann Machinery","robots":{"index":"noindex","follow":"follow","max-snippet":"max-snippet:-1","max-image-preview":"max-image-preview:large","max-video-preview":"max-video-preview:-1"},"og_locale":"nb_NO","og_type":"article","og_title":"Slagklippere - frontmontert - Nellemann Machinery","og_description":"Utmerket klippekvalitet takket v\u00e6re 4 mm Y-kniver  H\u00f8ydejustering p\u00e5 forhjul (TEG) eller valse  Enkel regulering av klippeh\u00f8yde til 20 til 80 mm  Robust drivlinje","og_url":"https:\/\/nellemannmachinery.no\/produkt\/slagklippere-frontmontert\/","og_site_name":"Nellemann Machinery","article_publisher":"https:\/\/www.facebook.com\/Nellemann-Machinery-718705991612962","article_modified_time":"2021-06-17T13:54:45+00:00","og_image":[{"width":934,"height":682,"url":"https:\/\/nellemannmachinery.no\/wp-content\/uploads\/2021\/03\/TEG_1.jpg","type":"image\/jpeg"}],"twitter_card":"summary_large_image","schema":{"@context":"https:\/\/schema.org","@graph":[{"@type":"WebPage","@id":"https:\/\/nellemannmachinery.no\/produkt\/slagklippere-frontmontert\/","url":"https:\/\/nellemannmachinery.no\/produkt\/slagklippere-frontmontert\/","name":"Slagklippere - frontmontert - Nellemann Machinery","isPartOf":{"@id":"https:\/\/dev.nellemannmachinery.dk\/#website"},"primaryImageOfPage":{"@id":"https:\/\/nellemannmachinery.no\/produkt\/slagklippere-frontmontert\/#primaryimage"},"image":{"@id":"https:\/\/nellemannmachinery.no\/produkt\/slagklippere-frontmontert\/#primaryimage"},"thumbnailUrl":"https:\/\/dev.nellemannmachinery.dk\/wp-content\/uploads\/2021\/03\/TEG_1.jpg","datePublished":"2021-03-10T11:25:11+00:00","dateModified":"2021-06-17T13:54:45+00:00","breadcrumb":{"@id":"https:\/\/nellemannmachinery.no\/produkt\/slagklippere-frontmontert\/#breadcrumb"},"inLanguage":"nb-NO","potentialAction":[{"@type":"ReadAction","target":["https:\/\/nellemannmachinery.no\/produkt\/slagklippere-frontmontert\/"]}]},{"@type":"ImageObject","inLanguage":"nb-NO","@id":"https:\/\/nellemannmachinery.no\/produkt\/slagklippere-frontmontert\/#primaryimage","url":"https:\/\/dev.nellemannmachinery.dk\/wp-content\/uploads\/2021\/03\/TEG_1.jpg","contentUrl":"https:\/\/dev.nellemannmachinery.dk\/wp-content\/uploads\/2021\/03\/TEG_1.jpg","width":934,"height":682},{"@type":"BreadcrumbList","@id":"https:\/\/nellemannmachinery.no\/produkt\/slagklippere-frontmontert\/#breadcrumb","itemListElement":[{"@type":"ListItem","position":1,"name":"Home","item":"https:\/\/nellemannmachinery.no\/"},{"@type":"ListItem","position":2,"name":"Shop","item":"https:\/\/dev.nellemannmachinery.dk\/shop\/"},{"@type":"ListItem","position":3,"name":"Slagklippere &#8211; frontmontert"}]},{"@type":"WebSite","@id":"https:\/\/dev.nellemannmachinery.dk\/#website","url":"https:\/\/dev.nellemannmachinery.dk\/","name":"Nellemann Machinery","description":"","publisher":{"@id":"https:\/\/dev.nellemannmachinery.dk\/#organization"},"potentialAction":[{"@type":"SearchAction","target":{"@type":"EntryPoint","urlTemplate":"https:\/\/dev.nellemannmachinery.dk\/?s={search_term_string}"},"query-input":{"@type":"PropertyValueSpecification","valueRequired":true,"valueName":"search_term_string"}}],"inLanguage":"nb-NO"},{"@type":"Organization","@id":"https:\/\/dev.nellemannmachinery.dk\/#organization","name":"Nellemann Machinery","url":"https:\/\/dev.nellemannmachinery.dk\/","logo":{"@type":"ImageObject","inLanguage":"nb-NO","@id":"https:\/\/dev.nellemannmachinery.dk\/#\/schema\/logo\/image\/","url":"https:\/\/dev.nellemannmachinery.dk\/wp-content\/uploads\/2020\/09\/logo-1.png","contentUrl":"https:\/\/dev.nellemannmachinery.dk\/wp-content\/uploads\/2020\/09\/logo-1.png","width":398,"height":71,"caption":"Nellemann Machinery"},"image":{"@id":"https:\/\/dev.nellemannmachinery.dk\/#\/schema\/logo\/image\/"},"sameAs":["https:\/\/www.facebook.com\/Nellemann-Machinery-718705991612962","https:\/\/www.instagram.com\/nellemannmachinery\/?hl=da","https:\/\/www.linkedin.com\/company\/svenningsens-maskinforretning-as\/about\/"]}]}},"_links":{"self":[{"href":"https:\/\/dev.nellemannmachinery.dk\/no\/wp-json\/wp\/v2\/product\/9400","targetHints":{"allow":["GET"]}}],"collection":[{"href":"https:\/\/dev.nellemannmachinery.dk\/no\/wp-json\/wp\/v2\/product"}],"about":[{"href":"https:\/\/dev.nellemannmachinery.dk\/no\/wp-json\/wp\/v2\/types\/product"}],"wp:featuredmedia":[{"embeddable":true,"href":"https:\/\/dev.nellemannmachinery.dk\/no\/wp-json\/wp\/v2\/media\/9404"}],"wp:attachment":[{"href":"https:\/\/dev.nellemannmachinery.dk\/no\/wp-json\/wp\/v2\/media?parent=9400"}],"wp:term":[{"taxonomy":"product_brand","embeddable":true,"href":"https:\/\/dev.nellemannmachinery.dk\/no\/wp-json\/wp\/v2\/product_brand?post=9400"},{"taxonomy":"product_cat","embeddable":true,"href":"https:\/\/dev.nellemannmachinery.dk\/no\/wp-json\/wp\/v2\/product_cat?post=9400"},{"taxonomy":"product_tag","embeddable":true,"href":"https:\/\/dev.nellemannmachinery.dk\/no\/wp-json\/wp\/v2\/product_tag?post=9400"}],"curies":[{"name":"wp","href":"https:\/\/api.w.org\/{rel}","templated":true}]}}