{"id":9458,"date":"2021-05-27T09:07:58","date_gmt":"2021-05-27T07:07:58","guid":{"rendered":"https:\/\/dev.nellemannmachinery.dk\/?post_type=product&#038;p=9458"},"modified":"2021-06-17T15:53:22","modified_gmt":"2021-06-17T13:53:22","slug":"slagklippere-med-oppsamler","status":"publish","type":"product","link":"https:\/\/dev.nellemannmachinery.dk\/no\/produkt\/slagklippere-med-oppsamler\/","title":{"rendered":"Slagklippere med oppsamler"},"excerpt":{"rendered":"<ul>\n<li>Trepunkt kat. 1<\/li>\n<li>Robust og driftsikker drivlinje<\/li>\n<li>Utmerket klippekapasitet selv under de t\u00f8ffeste forhold, takket v\u00e6re hammer-kniver<\/li>\n<li>Effektiv oppsamling<\/li>\n<li>Oppsamling fra 600-2 100 l avhengig av modell<\/li>\n<li>H\u00f8y t\u00f8mmeh\u00f8yde p\u00e5 &#8220;Professional&#8221; modellene &#8211; opp til maks 195 cm.<\/li>\n<\/ul>\n","protected":false},"featured_media":9472,"template":"","meta":{"_acf_changed":false,"inline_featured_image":false},"product_brand":[],"product_cat":[350,674,365],"product_tag":[150,543,560],"class_list":{"0":"post-9458","1":"product","2":"type-product","3":"status-publish","4":"has-post-thumbnail","6":"product_cat-gress-og-lov-no","7":"product_cat-klipper-redskaper","8":"product_cat-redskaper-landbruk","9":"product_tag-kubota","10":"product_tag-redskaper","11":"product_tag-slagklipper","12":"brand-kubota-no","14":"first","15":"instock","16":"shipping-taxable","17":"product-type-simple"},"acf":[],"yoast_head":"<!-- This site is optimized with the Yoast SEO plugin v27.4 - https:\/\/yoast.com\/product\/yoast-seo-wordpress\/ -->\n<title>Slagklippere med oppsamler - Nellemann Machinery<\/title>\n<meta name=\"robots\" content=\"noindex, follow, max-snippet:-1, max-image-preview:large, max-video-preview:-1\" \/>\n<meta property=\"og:locale\" content=\"nb_NO\" \/>\n<meta property=\"og:type\" content=\"article\" \/>\n<meta property=\"og:title\" content=\"Slagklippere med oppsamler - Nellemann Machinery\" \/>\n<meta property=\"og:description\" content=\"Trepunkt kat. 1  Robust og driftsikker drivlinje  Utmerket klippekapasitet selv under de t\u00f8ffeste forhold, takket v\u00e6re hammer-kniver  Effektiv oppsamling  Oppsamling fra 600-2 100 l avhengig av modell  H\u00f8y t\u00f8mmeh\u00f8yde p\u00e5 &quot;Professional&quot; modellene - opp til maks 195 cm.\" \/>\n<meta property=\"og:url\" content=\"https:\/\/nellemannmachinery.no\/produkt\/slagklippere-med-oppsamler\/\" \/>\n<meta property=\"og:site_name\" content=\"Nellemann Machinery\" \/>\n<meta property=\"article:publisher\" content=\"https:\/\/www.facebook.com\/Nellemann-Machinery-718705991612962\" \/>\n<meta property=\"article:modified_time\" content=\"2021-06-17T13:53:22+00:00\" \/>\n<meta property=\"og:image\" content=\"https:\/\/nellemannmachinery.no\/wp-content\/uploads\/2021\/03\/Flail_mower_KOALA_1.png\" \/>\n\t<meta property=\"og:image:width\" content=\"2000\" \/>\n\t<meta property=\"og:image:height\" content=\"1500\" \/>\n\t<meta property=\"og:image:type\" content=\"image\/png\" \/>\n<meta name=\"twitter:card\" content=\"summary_large_image\" \/>\n<!-- \/ Yoast SEO plugin. -->","yoast_head_json":{"title":"Slagklippere med oppsamler - Nellemann Machinery","robots":{"index":"noindex","follow":"follow","max-snippet":"max-snippet:-1","max-image-preview":"max-image-preview:large","max-video-preview":"max-video-preview:-1"},"og_locale":"nb_NO","og_type":"article","og_title":"Slagklippere med oppsamler - Nellemann Machinery","og_description":"Trepunkt kat. 1  Robust og driftsikker drivlinje  Utmerket klippekapasitet selv under de t\u00f8ffeste forhold, takket v\u00e6re hammer-kniver  Effektiv oppsamling  Oppsamling fra 600-2 100 l avhengig av modell  H\u00f8y t\u00f8mmeh\u00f8yde p\u00e5 \"Professional\" modellene - opp til maks 195 cm.","og_url":"https:\/\/nellemannmachinery.no\/produkt\/slagklippere-med-oppsamler\/","og_site_name":"Nellemann Machinery","article_publisher":"https:\/\/www.facebook.com\/Nellemann-Machinery-718705991612962","article_modified_time":"2021-06-17T13:53:22+00:00","og_image":[{"width":2000,"height":1500,"url":"https:\/\/nellemannmachinery.no\/wp-content\/uploads\/2021\/03\/Flail_mower_KOALA_1.png","type":"image\/png"}],"twitter_card":"summary_large_image","schema":{"@context":"https:\/\/schema.org","@graph":[{"@type":"WebPage","@id":"https:\/\/nellemannmachinery.no\/produkt\/slagklippere-med-oppsamler\/","url":"https:\/\/nellemannmachinery.no\/produkt\/slagklippere-med-oppsamler\/","name":"Slagklippere med oppsamler - Nellemann Machinery","isPartOf":{"@id":"https:\/\/dev.nellemannmachinery.dk\/#website"},"primaryImageOfPage":{"@id":"https:\/\/nellemannmachinery.no\/produkt\/slagklippere-med-oppsamler\/#primaryimage"},"image":{"@id":"https:\/\/nellemannmachinery.no\/produkt\/slagklippere-med-oppsamler\/#primaryimage"},"thumbnailUrl":"https:\/\/dev.nellemannmachinery.dk\/wp-content\/uploads\/2021\/03\/Flail_mower_KOALA_1.png","datePublished":"2021-05-27T07:07:58+00:00","dateModified":"2021-06-17T13:53:22+00:00","breadcrumb":{"@id":"https:\/\/nellemannmachinery.no\/produkt\/slagklippere-med-oppsamler\/#breadcrumb"},"inLanguage":"nb-NO","potentialAction":[{"@type":"ReadAction","target":["https:\/\/nellemannmachinery.no\/produkt\/slagklippere-med-oppsamler\/"]}]},{"@type":"ImageObject","inLanguage":"nb-NO","@id":"https:\/\/nellemannmachinery.no\/produkt\/slagklippere-med-oppsamler\/#primaryimage","url":"https:\/\/dev.nellemannmachinery.dk\/wp-content\/uploads\/2021\/03\/Flail_mower_KOALA_1.png","contentUrl":"https:\/\/dev.nellemannmachinery.dk\/wp-content\/uploads\/2021\/03\/Flail_mower_KOALA_1.png","width":2000,"height":1500},{"@type":"BreadcrumbList","@id":"https:\/\/nellemannmachinery.no\/produkt\/slagklippere-med-oppsamler\/#breadcrumb","itemListElement":[{"@type":"ListItem","position":1,"name":"Home","item":"https:\/\/nellemannmachinery.no\/"},{"@type":"ListItem","position":2,"name":"Shop","item":"https:\/\/dev.nellemannmachinery.dk\/shop\/"},{"@type":"ListItem","position":3,"name":"Slagklippere med oppsamler"}]},{"@type":"WebSite","@id":"https:\/\/dev.nellemannmachinery.dk\/#website","url":"https:\/\/dev.nellemannmachinery.dk\/","name":"Nellemann Machinery","description":"","publisher":{"@id":"https:\/\/dev.nellemannmachinery.dk\/#organization"},"potentialAction":[{"@type":"SearchAction","target":{"@type":"EntryPoint","urlTemplate":"https:\/\/dev.nellemannmachinery.dk\/?s={search_term_string}"},"query-input":{"@type":"PropertyValueSpecification","valueRequired":true,"valueName":"search_term_string"}}],"inLanguage":"nb-NO"},{"@type":"Organization","@id":"https:\/\/dev.nellemannmachinery.dk\/#organization","name":"Nellemann Machinery","url":"https:\/\/dev.nellemannmachinery.dk\/","logo":{"@type":"ImageObject","inLanguage":"nb-NO","@id":"https:\/\/dev.nellemannmachinery.dk\/#\/schema\/logo\/image\/","url":"https:\/\/dev.nellemannmachinery.dk\/wp-content\/uploads\/2020\/09\/logo-1.png","contentUrl":"https:\/\/dev.nellemannmachinery.dk\/wp-content\/uploads\/2020\/09\/logo-1.png","width":398,"height":71,"caption":"Nellemann Machinery"},"image":{"@id":"https:\/\/dev.nellemannmachinery.dk\/#\/schema\/logo\/image\/"},"sameAs":["https:\/\/www.facebook.com\/Nellemann-Machinery-718705991612962","https:\/\/www.instagram.com\/nellemannmachinery\/?hl=da","https:\/\/www.linkedin.com\/company\/svenningsens-maskinforretning-as\/about\/"]}]}},"_links":{"self":[{"href":"https:\/\/dev.nellemannmachinery.dk\/no\/wp-json\/wp\/v2\/product\/9458","targetHints":{"allow":["GET"]}}],"collection":[{"href":"https:\/\/dev.nellemannmachinery.dk\/no\/wp-json\/wp\/v2\/product"}],"about":[{"href":"https:\/\/dev.nellemannmachinery.dk\/no\/wp-json\/wp\/v2\/types\/product"}],"wp:featuredmedia":[{"embeddable":true,"href":"https:\/\/dev.nellemannmachinery.dk\/no\/wp-json\/wp\/v2\/media\/9472"}],"wp:attachment":[{"href":"https:\/\/dev.nellemannmachinery.dk\/no\/wp-json\/wp\/v2\/media?parent=9458"}],"wp:term":[{"taxonomy":"product_brand","embeddable":true,"href":"https:\/\/dev.nellemannmachinery.dk\/no\/wp-json\/wp\/v2\/product_brand?post=9458"},{"taxonomy":"product_cat","embeddable":true,"href":"https:\/\/dev.nellemannmachinery.dk\/no\/wp-json\/wp\/v2\/product_cat?post=9458"},{"taxonomy":"product_tag","embeddable":true,"href":"https:\/\/dev.nellemannmachinery.dk\/no\/wp-json\/wp\/v2\/product_tag?post=9458"}],"curies":[{"name":"wp","href":"https:\/\/api.w.org\/{rel}","templated":true}]}}