{"id":9598,"date":"2021-06-18T08:17:53","date_gmt":"2021-06-18T06:17:53","guid":{"rendered":"https:\/\/dev.nellemannmachinery.dk\/?post_type=product&#038;p=9598"},"modified":"2021-07-12T14:33:49","modified_gmt":"2021-07-12T12:33:49","slug":"karcher-mic-26","status":"publish","type":"product","link":"https:\/\/dev.nellemannmachinery.dk\/no\/produkt\/karcher-mic-26\/","title":{"rendered":"K\u00e4rcher MIC 26"},"excerpt":{"rendered":"<p>For vinteroppgaver, gressklipping og mye mer: Den kompakte redskapsb\u00e6reren MIC26 med klimaanlegg som standard er perfekt for bruk p\u00e5 gangveier og i parker.<\/p>\n<ul>\n<li><strong>4-takts dieselmotor fra Yanmar<\/strong><\/li>\n<li><strong>26 hk \/ 18,9 kW<\/strong><\/li>\n<li><strong>3 sylindere p\u00e5 1116ccm<\/strong><\/li>\n<li><strong>Steg 5 utslippsstandard<\/strong><\/li>\n<li><strong>Maks hastighet: 20 km\/t<\/strong><\/li>\n<li><strong>700 l avfallsbeholder<\/strong><\/li>\n<\/ul>\n","protected":false},"featured_media":10827,"template":"","meta":{"_acf_changed":false,"inline_featured_image":false},"product_brand":[],"product_cat":[276],"product_tag":[675,676,280],"class_list":{"0":"post-9598","1":"product","2":"type-product","3":"status-publish","4":"has-post-thumbnail","6":"product_cat-redskapsbaerere-no","7":"product_tag-karcher","8":"product_tag-karcher-municipal","9":"product_tag-redskapsbaerer","10":"brand-karcher-no","12":"first","13":"instock","14":"shipping-taxable","15":"product-type-simple"},"acf":[],"yoast_head":"<!-- This site is optimized with the Yoast SEO plugin v27.4 - https:\/\/yoast.com\/product\/yoast-seo-wordpress\/ -->\n<title>K\u00e4rcher MIC 26 - Nellemann Machinery<\/title>\n<meta name=\"robots\" content=\"noindex, follow, max-snippet:-1, max-image-preview:large, max-video-preview:-1\" \/>\n<meta property=\"og:locale\" content=\"nb_NO\" \/>\n<meta property=\"og:type\" content=\"article\" \/>\n<meta property=\"og:title\" content=\"K\u00e4rcher MIC 26 - Nellemann Machinery\" \/>\n<meta property=\"og:description\" content=\"For vinteroppgaver, gressklipping og mye mer: Den kompakte redskapsb\u00e6reren MIC26 med klimaanlegg som standard er perfekt for bruk p\u00e5 gangveier og i parker.   4-takts dieselmotor fra Yanmar  26 hk \/ 18,9 kW  3 sylindere p\u00e5 1116ccm  Steg 5 utslippsstandard  Maks hastighet: 20 km\/t  700 l avfallsbeholder\" \/>\n<meta property=\"og:url\" content=\"https:\/\/nellemannmachinery.no\/produkt\/karcher-mic-26\/\" \/>\n<meta property=\"og:site_name\" content=\"Nellemann Machinery\" \/>\n<meta property=\"article:publisher\" content=\"https:\/\/www.facebook.com\/Nellemann-Machinery-718705991612962\" \/>\n<meta property=\"article:modified_time\" content=\"2021-07-12T12:33:49+00:00\" \/>\n<meta property=\"og:image\" content=\"https:\/\/nellemannmachinery.no\/wp-content\/uploads\/2021\/06\/1442200_std_1_96-dpi-jpg.jpg\" \/>\n\t<meta property=\"og:image:width\" content=\"1288\" \/>\n\t<meta property=\"og:image:height\" content=\"1200\" \/>\n\t<meta property=\"og:image:type\" content=\"image\/jpeg\" \/>\n<meta name=\"twitter:card\" content=\"summary_large_image\" \/>\n<!-- \/ Yoast SEO plugin. -->","yoast_head_json":{"title":"K\u00e4rcher MIC 26 - Nellemann Machinery","robots":{"index":"noindex","follow":"follow","max-snippet":"max-snippet:-1","max-image-preview":"max-image-preview:large","max-video-preview":"max-video-preview:-1"},"og_locale":"nb_NO","og_type":"article","og_title":"K\u00e4rcher MIC 26 - Nellemann Machinery","og_description":"For vinteroppgaver, gressklipping og mye mer: Den kompakte redskapsb\u00e6reren MIC26 med klimaanlegg som standard er perfekt for bruk p\u00e5 gangveier og i parker.   4-takts dieselmotor fra Yanmar  26 hk \/ 18,9 kW  3 sylindere p\u00e5 1116ccm  Steg 5 utslippsstandard  Maks hastighet: 20 km\/t  700 l avfallsbeholder","og_url":"https:\/\/nellemannmachinery.no\/produkt\/karcher-mic-26\/","og_site_name":"Nellemann Machinery","article_publisher":"https:\/\/www.facebook.com\/Nellemann-Machinery-718705991612962","article_modified_time":"2021-07-12T12:33:49+00:00","og_image":[{"width":1288,"height":1200,"url":"https:\/\/nellemannmachinery.no\/wp-content\/uploads\/2021\/06\/1442200_std_1_96-dpi-jpg.jpg","type":"image\/jpeg"}],"twitter_card":"summary_large_image","schema":{"@context":"https:\/\/schema.org","@graph":[{"@type":"WebPage","@id":"https:\/\/nellemannmachinery.no\/produkt\/karcher-mic-26\/","url":"https:\/\/nellemannmachinery.no\/produkt\/karcher-mic-26\/","name":"K\u00e4rcher MIC 26 - Nellemann Machinery","isPartOf":{"@id":"https:\/\/dev.nellemannmachinery.dk\/#website"},"primaryImageOfPage":{"@id":"https:\/\/nellemannmachinery.no\/produkt\/karcher-mic-26\/#primaryimage"},"image":{"@id":"https:\/\/nellemannmachinery.no\/produkt\/karcher-mic-26\/#primaryimage"},"thumbnailUrl":"https:\/\/dev.nellemannmachinery.dk\/wp-content\/uploads\/2021\/06\/1442200_std_1_96-dpi-jpg.jpg","datePublished":"2021-06-18T06:17:53+00:00","dateModified":"2021-07-12T12:33:49+00:00","breadcrumb":{"@id":"https:\/\/nellemannmachinery.no\/produkt\/karcher-mic-26\/#breadcrumb"},"inLanguage":"nb-NO","potentialAction":[{"@type":"ReadAction","target":["https:\/\/nellemannmachinery.no\/produkt\/karcher-mic-26\/"]}]},{"@type":"ImageObject","inLanguage":"nb-NO","@id":"https:\/\/nellemannmachinery.no\/produkt\/karcher-mic-26\/#primaryimage","url":"https:\/\/dev.nellemannmachinery.dk\/wp-content\/uploads\/2021\/06\/1442200_std_1_96-dpi-jpg.jpg","contentUrl":"https:\/\/dev.nellemannmachinery.dk\/wp-content\/uploads\/2021\/06\/1442200_std_1_96-dpi-jpg.jpg","width":1288,"height":1200},{"@type":"BreadcrumbList","@id":"https:\/\/nellemannmachinery.no\/produkt\/karcher-mic-26\/#breadcrumb","itemListElement":[{"@type":"ListItem","position":1,"name":"Home","item":"https:\/\/nellemannmachinery.no\/"},{"@type":"ListItem","position":2,"name":"Shop","item":"https:\/\/dev.nellemannmachinery.dk\/shop\/"},{"@type":"ListItem","position":3,"name":"K\u00e4rcher MIC 26"}]},{"@type":"WebSite","@id":"https:\/\/dev.nellemannmachinery.dk\/#website","url":"https:\/\/dev.nellemannmachinery.dk\/","name":"Nellemann Machinery","description":"","publisher":{"@id":"https:\/\/dev.nellemannmachinery.dk\/#organization"},"potentialAction":[{"@type":"SearchAction","target":{"@type":"EntryPoint","urlTemplate":"https:\/\/dev.nellemannmachinery.dk\/?s={search_term_string}"},"query-input":{"@type":"PropertyValueSpecification","valueRequired":true,"valueName":"search_term_string"}}],"inLanguage":"nb-NO"},{"@type":"Organization","@id":"https:\/\/dev.nellemannmachinery.dk\/#organization","name":"Nellemann Machinery","url":"https:\/\/dev.nellemannmachinery.dk\/","logo":{"@type":"ImageObject","inLanguage":"nb-NO","@id":"https:\/\/dev.nellemannmachinery.dk\/#\/schema\/logo\/image\/","url":"https:\/\/dev.nellemannmachinery.dk\/wp-content\/uploads\/2020\/09\/logo-1.png","contentUrl":"https:\/\/dev.nellemannmachinery.dk\/wp-content\/uploads\/2020\/09\/logo-1.png","width":398,"height":71,"caption":"Nellemann Machinery"},"image":{"@id":"https:\/\/dev.nellemannmachinery.dk\/#\/schema\/logo\/image\/"},"sameAs":["https:\/\/www.facebook.com\/Nellemann-Machinery-718705991612962","https:\/\/www.instagram.com\/nellemannmachinery\/?hl=da","https:\/\/www.linkedin.com\/company\/svenningsens-maskinforretning-as\/about\/"]}]}},"_links":{"self":[{"href":"https:\/\/dev.nellemannmachinery.dk\/no\/wp-json\/wp\/v2\/product\/9598","targetHints":{"allow":["GET"]}}],"collection":[{"href":"https:\/\/dev.nellemannmachinery.dk\/no\/wp-json\/wp\/v2\/product"}],"about":[{"href":"https:\/\/dev.nellemannmachinery.dk\/no\/wp-json\/wp\/v2\/types\/product"}],"wp:featuredmedia":[{"embeddable":true,"href":"https:\/\/dev.nellemannmachinery.dk\/no\/wp-json\/wp\/v2\/media\/10827"}],"wp:attachment":[{"href":"https:\/\/dev.nellemannmachinery.dk\/no\/wp-json\/wp\/v2\/media?parent=9598"}],"wp:term":[{"taxonomy":"product_brand","embeddable":true,"href":"https:\/\/dev.nellemannmachinery.dk\/no\/wp-json\/wp\/v2\/product_brand?post=9598"},{"taxonomy":"product_cat","embeddable":true,"href":"https:\/\/dev.nellemannmachinery.dk\/no\/wp-json\/wp\/v2\/product_cat?post=9598"},{"taxonomy":"product_tag","embeddable":true,"href":"https:\/\/dev.nellemannmachinery.dk\/no\/wp-json\/wp\/v2\/product_tag?post=9598"}],"curies":[{"name":"wp","href":"https:\/\/api.w.org\/{rel}","templated":true}]}}