{"id":9724,"date":"2021-03-26T11:40:27","date_gmt":"2021-03-26T09:40:27","guid":{"rendered":"https:\/\/dev.nellemannmachinery.dk\/?post_type=product&#038;p=9724"},"modified":"2022-01-24T11:43:30","modified_gmt":"2022-01-24T09:43:30","slug":"kubota-l1-382","status":"publish","type":"product","link":"https:\/\/dev.nellemannmachinery.dk\/no\/produkt\/kubota-l1-382\/","title":{"rendered":"Kubota L1-382"},"excerpt":{"rendered":"<p>Kubota L1-381 er avtageren til L1-361, og bygger videre p\u00e5\u00a0 egenskapene som gjorde L1-361 til en allsidig og popul\u00e6r traktor.<\/p>\n<ul>\n<li>Med en mer milj\u00f8vennlig motor som oppfyller steg 5 utslippskravene, med CRS, EGR og DPF gj\u00f8r dette L1-382 til en drivstoffgjerrig traktor med h\u00f8y ytelse og lave utslipp<\/li>\n<li>Nytt designet panser og sidedeksler som gir bedre sikt<\/li>\n<li>Ny plattform design med nye spaker<\/li>\n<li>H\u00f8yere kapasitet p\u00e5 drivstofftank: 42 liter.<\/li>\n<\/ul>\n<p>L1-382 traktoren fra Kubota er en usl\u00e5elig sammenheng mellom pris og prestasjon. Robust og p\u00e5litelig maskin som er enkel i bruk og vedlikeholde. Utf\u00f8rer dine daglige oppgaver uten bekymring.<\/p>\n<p>&nbsp;<\/p>\n<p>L1-382 f\u00e5s med HST og synkronisert 8F\/4R gir.<\/p>\n","protected":false},"featured_media":9323,"template":"","meta":{"_acf_changed":false,"inline_featured_image":false},"product_brand":[],"product_cat":[200,134],"product_tag":[225,150,613,228,607,489],"class_list":{"0":"post-9724","1":"product","2":"type-product","3":"status-publish","4":"has-post-thumbnail","6":"product_cat-kompakttraktorer-no","7":"product_cat-landbruk","8":"product_tag-kompakt","9":"product_tag-kubota","10":"product_tag-l-serie","11":"product_tag-l1","12":"product_tag-l1-382","13":"product_tag-traktor","14":"brand-kubota-no","16":"first","17":"instock","18":"shipping-taxable","19":"product-type-simple"},"acf":[],"yoast_head":"<!-- This site is optimized with the Yoast SEO plugin v27.4 - https:\/\/yoast.com\/product\/yoast-seo-wordpress\/ -->\n<title>Kubota L1-382 - Nellemann Machinery<\/title>\n<meta name=\"robots\" content=\"noindex, follow, max-snippet:-1, max-image-preview:large, max-video-preview:-1\" \/>\n<meta property=\"og:locale\" content=\"nb_NO\" \/>\n<meta property=\"og:type\" content=\"article\" \/>\n<meta property=\"og:title\" content=\"Kubota L1-382 - Nellemann Machinery\" \/>\n<meta property=\"og:description\" content=\"Kubota L1-381 er avtageren til L1-361, og bygger videre p\u00e5\u00a0 egenskapene som gjorde L1-361 til en allsidig og popul\u00e6r traktor.   Med en mer milj\u00f8vennlig motor som oppfyller steg 5 utslippskravene, med CRS, EGR og DPF gj\u00f8r dette L1-382 til en drivstoffgjerrig traktor med h\u00f8y ytelse og lave utslipp  Nytt designet panser og sidedeksler som gir bedre sikt  Ny plattform design med nye spaker  H\u00f8yere kapasitet p\u00e5 drivstofftank: 42 liter.  L1-382 traktoren fra Kubota er en usl\u00e5elig sammenheng mellom pris og prestasjon. Robust og p\u00e5litelig maskin som er enkel i bruk og vedlikeholde. Utf\u00f8rer dine daglige oppgaver uten bekymring.  &nbsp;  L1-382 f\u00e5s med HST og synkronisert 8F\/4R gir.\" \/>\n<meta property=\"og:url\" content=\"https:\/\/nellemannmachinery.no\/produkt\/kubota-l1-382\/\" \/>\n<meta property=\"og:site_name\" content=\"Nellemann Machinery\" \/>\n<meta property=\"article:publisher\" content=\"https:\/\/www.facebook.com\/Nellemann-Machinery-718705991612962\" \/>\n<meta property=\"article:modified_time\" content=\"2022-01-24T09:43:30+00:00\" \/>\n<meta property=\"og:image\" content=\"https:\/\/nellemannmachinery.no\/wp-content\/uploads\/2021\/03\/L1-382_Studio_Side9.jpg\" \/>\n\t<meta property=\"og:image:width\" content=\"2000\" \/>\n\t<meta property=\"og:image:height\" content=\"1334\" \/>\n\t<meta property=\"og:image:type\" content=\"image\/jpeg\" \/>\n<meta name=\"twitter:card\" content=\"summary_large_image\" \/>\n<!-- \/ Yoast SEO plugin. -->","yoast_head_json":{"title":"Kubota L1-382 - Nellemann Machinery","robots":{"index":"noindex","follow":"follow","max-snippet":"max-snippet:-1","max-image-preview":"max-image-preview:large","max-video-preview":"max-video-preview:-1"},"og_locale":"nb_NO","og_type":"article","og_title":"Kubota L1-382 - Nellemann Machinery","og_description":"Kubota L1-381 er avtageren til L1-361, og bygger videre p\u00e5\u00a0 egenskapene som gjorde L1-361 til en allsidig og popul\u00e6r traktor.   Med en mer milj\u00f8vennlig motor som oppfyller steg 5 utslippskravene, med CRS, EGR og DPF gj\u00f8r dette L1-382 til en drivstoffgjerrig traktor med h\u00f8y ytelse og lave utslipp  Nytt designet panser og sidedeksler som gir bedre sikt  Ny plattform design med nye spaker  H\u00f8yere kapasitet p\u00e5 drivstofftank: 42 liter.  L1-382 traktoren fra Kubota er en usl\u00e5elig sammenheng mellom pris og prestasjon. Robust og p\u00e5litelig maskin som er enkel i bruk og vedlikeholde. Utf\u00f8rer dine daglige oppgaver uten bekymring.  &nbsp;  L1-382 f\u00e5s med HST og synkronisert 8F\/4R gir.","og_url":"https:\/\/nellemannmachinery.no\/produkt\/kubota-l1-382\/","og_site_name":"Nellemann Machinery","article_publisher":"https:\/\/www.facebook.com\/Nellemann-Machinery-718705991612962","article_modified_time":"2022-01-24T09:43:30+00:00","og_image":[{"width":2000,"height":1334,"url":"https:\/\/nellemannmachinery.no\/wp-content\/uploads\/2021\/03\/L1-382_Studio_Side9.jpg","type":"image\/jpeg"}],"twitter_card":"summary_large_image","schema":{"@context":"https:\/\/schema.org","@graph":[{"@type":"WebPage","@id":"https:\/\/nellemannmachinery.no\/produkt\/kubota-l1-382\/","url":"https:\/\/nellemannmachinery.no\/produkt\/kubota-l1-382\/","name":"Kubota L1-382 - Nellemann Machinery","isPartOf":{"@id":"https:\/\/dev.nellemannmachinery.dk\/#website"},"primaryImageOfPage":{"@id":"https:\/\/nellemannmachinery.no\/produkt\/kubota-l1-382\/#primaryimage"},"image":{"@id":"https:\/\/nellemannmachinery.no\/produkt\/kubota-l1-382\/#primaryimage"},"thumbnailUrl":"https:\/\/dev.nellemannmachinery.dk\/wp-content\/uploads\/2021\/03\/L1-382_Studio_Side9.jpg","datePublished":"2021-03-26T09:40:27+00:00","dateModified":"2022-01-24T09:43:30+00:00","breadcrumb":{"@id":"https:\/\/nellemannmachinery.no\/produkt\/kubota-l1-382\/#breadcrumb"},"inLanguage":"nb-NO","potentialAction":[{"@type":"ReadAction","target":["https:\/\/nellemannmachinery.no\/produkt\/kubota-l1-382\/"]}]},{"@type":"ImageObject","inLanguage":"nb-NO","@id":"https:\/\/nellemannmachinery.no\/produkt\/kubota-l1-382\/#primaryimage","url":"https:\/\/dev.nellemannmachinery.dk\/wp-content\/uploads\/2021\/03\/L1-382_Studio_Side9.jpg","contentUrl":"https:\/\/dev.nellemannmachinery.dk\/wp-content\/uploads\/2021\/03\/L1-382_Studio_Side9.jpg","width":2000,"height":1334},{"@type":"BreadcrumbList","@id":"https:\/\/nellemannmachinery.no\/produkt\/kubota-l1-382\/#breadcrumb","itemListElement":[{"@type":"ListItem","position":1,"name":"Home","item":"https:\/\/nellemannmachinery.no\/"},{"@type":"ListItem","position":2,"name":"Shop","item":"https:\/\/dev.nellemannmachinery.dk\/shop\/"},{"@type":"ListItem","position":3,"name":"Kubota L1-382"}]},{"@type":"WebSite","@id":"https:\/\/dev.nellemannmachinery.dk\/#website","url":"https:\/\/dev.nellemannmachinery.dk\/","name":"Nellemann Machinery","description":"","publisher":{"@id":"https:\/\/dev.nellemannmachinery.dk\/#organization"},"potentialAction":[{"@type":"SearchAction","target":{"@type":"EntryPoint","urlTemplate":"https:\/\/dev.nellemannmachinery.dk\/?s={search_term_string}"},"query-input":{"@type":"PropertyValueSpecification","valueRequired":true,"valueName":"search_term_string"}}],"inLanguage":"nb-NO"},{"@type":"Organization","@id":"https:\/\/dev.nellemannmachinery.dk\/#organization","name":"Nellemann Machinery","url":"https:\/\/dev.nellemannmachinery.dk\/","logo":{"@type":"ImageObject","inLanguage":"nb-NO","@id":"https:\/\/dev.nellemannmachinery.dk\/#\/schema\/logo\/image\/","url":"https:\/\/dev.nellemannmachinery.dk\/wp-content\/uploads\/2020\/09\/logo-1.png","contentUrl":"https:\/\/dev.nellemannmachinery.dk\/wp-content\/uploads\/2020\/09\/logo-1.png","width":398,"height":71,"caption":"Nellemann Machinery"},"image":{"@id":"https:\/\/dev.nellemannmachinery.dk\/#\/schema\/logo\/image\/"},"sameAs":["https:\/\/www.facebook.com\/Nellemann-Machinery-718705991612962","https:\/\/www.instagram.com\/nellemannmachinery\/?hl=da","https:\/\/www.linkedin.com\/company\/svenningsens-maskinforretning-as\/about\/"]}]}},"_links":{"self":[{"href":"https:\/\/dev.nellemannmachinery.dk\/no\/wp-json\/wp\/v2\/product\/9724","targetHints":{"allow":["GET"]}}],"collection":[{"href":"https:\/\/dev.nellemannmachinery.dk\/no\/wp-json\/wp\/v2\/product"}],"about":[{"href":"https:\/\/dev.nellemannmachinery.dk\/no\/wp-json\/wp\/v2\/types\/product"}],"wp:featuredmedia":[{"embeddable":true,"href":"https:\/\/dev.nellemannmachinery.dk\/no\/wp-json\/wp\/v2\/media\/9323"}],"wp:attachment":[{"href":"https:\/\/dev.nellemannmachinery.dk\/no\/wp-json\/wp\/v2\/media?parent=9724"}],"wp:term":[{"taxonomy":"product_brand","embeddable":true,"href":"https:\/\/dev.nellemannmachinery.dk\/no\/wp-json\/wp\/v2\/product_brand?post=9724"},{"taxonomy":"product_cat","embeddable":true,"href":"https:\/\/dev.nellemannmachinery.dk\/no\/wp-json\/wp\/v2\/product_cat?post=9724"},{"taxonomy":"product_tag","embeddable":true,"href":"https:\/\/dev.nellemannmachinery.dk\/no\/wp-json\/wp\/v2\/product_tag?post=9724"}],"curies":[{"name":"wp","href":"https:\/\/api.w.org\/{rel}","templated":true}]}}