{"id":1269,"date":"2020-05-13T13:39:56","date_gmt":"2020-05-13T13:39:56","guid":{"rendered":"https:\/\/dev.nellemannmachinery.dk\/kontakt\/"},"modified":"2023-04-11T09:27:46","modified_gmt":"2023-04-11T07:27:46","slug":"kontakt","status":"publish","type":"page","link":"https:\/\/dev.nellemannmachinery.dk\/sv\/kontakt\/","title":{"rendered":"Kontakta"},"content":{"rendered":"<div id=\"pl-1269\"  class=\"panel-layout\" ><div id=\"pg-1269-0\"  class=\"panel-grid panel-no-style\" ><div id=\"pgc-1269-0-0\"  class=\"panel-grid-cell\" ><div id=\"panel-1269-0-0-0\" class=\"so-panel widget widget_mtt-subpage-cover panel-first-child panel-last-child\" data-index=\"0\" ><div\n\t\t\t\n\t\t\tclass=\"so-widget-mtt-subpage-cover so-widget-mtt-subpage-cover-base\"\n\t\t\t\n\t\t>\n<section class=\"mtt-subpage-cover\">\n\n    <div class=\"mtt-subpage-cover__inner page_container\">\n        <div class=\"mtt-subpage-cover__text-container\">\n                            <h1 class=\"mtt-subpage-cover__title title-line\" style=\"color:#ffffff\">Kontakta oss<\/h1>\n                                        <p class=\"mtt-subpage-cover__text\" style=\"color:#ffffff\">V\u00e4lkommen att kontakta oss om du vill ha hj\u00e4lp eller svar p\u00e5 fr\u00e5gor<\/p>\n                                <\/div>\n    <\/div>\n\n            <div class=\"mtt-subpage-cover__overlay default\" style=\"opacity: 0.4;\"><\/div>\n    \n    \n        <div class=\"mtt-subpage-cover__image-container object-fit\">\n            <picture>\n                                    <source srcset=\"https:\/\/dev.nellemannmachinery.dk\/wp-content\/uploads\/2022\/03\/M7003_Baler_TIM_Grass_Side5-scaled-375x93.jpg\" alt=\"M7003_Baler_TIM_Grass_Side5\" media=\"(max-width: 375px)\">\n                                                    <source srcset=\"https:\/\/dev.nellemannmachinery.dk\/wp-content\/uploads\/2022\/03\/M7003_Baler_TIM_Grass_Side5-scaled-600x149.jpg\" alt=\"M7003_Baler_TIM_Grass_Side5\" media=\"(max-width: 580px)\">\n                                                    <source srcset=\"https:\/\/dev.nellemannmachinery.dk\/wp-content\/uploads\/2022\/03\/M7003_Baler_TIM_Grass_Side5-scaled-1200x298.jpg\" alt=\"M7003_Baler_TIM_Grass_Side5\" media=\"(max-width: 1160px)\">\n                                <img decoding=\"async\" src=\"https:\/\/dev.nellemannmachinery.dk\/wp-content\/uploads\/2022\/03\/M7003_Baler_TIM_Grass_Side5-scaled-1811x450.jpg\" alt=\"M7003_Baler_TIM_Grass_Side5\">\n            <\/picture>\n        <\/div>\n\n        \n<\/section><\/div><\/div><\/div><\/div><div id=\"pg-1269-1\"  class=\"panel-grid panel-no-style\" ><div id=\"pgc-1269-1-0\"  class=\"panel-grid-cell\" ><div id=\"panel-1269-1-0-0\" class=\"so-panel widget widget_mtt-text-image panel-first-child panel-last-child\" data-index=\"1\" ><div\n\t\t\t\n\t\t\tclass=\"so-widget-mtt-text-image so-widget-mtt-text-image-base\"\n\t\t\t\n\t\t>\n<section class=\"mtt-text-image spacing_top_104 spacing_bottom_104 spacing-classes-added image-right mtt-text-image--border-top mtt-text-image--smaller-image mtt-text-image--bg-default\">\n    <div class=\"mtt-text-image__inner page_container\">\n\n        <div class=\"mtt-text-image__text-container\">\n                            <span class=\"mtt-text-image__tagline tagline\">Kontakta oss<\/span>\n                                        <h2 class=\"mtt-text-image__title\">Kontoret<\/h2>\n                                        <div class=\"mtt-text-image__text styled-text-small\"><p><strong>Sk\u00e4nninge, huvudkontor<\/strong><br \/>\nNellemann Machinery AB<br \/>\nIdrottsv\u00e4gen 3<br \/>\n596 23 Sk\u00e4nninge<br \/>\nTelefon <a href=\"tel:013253600\">+46 013- 25 36 00 (M\u00e5ndag - Fredag 08:00 - 17.00)<\/a><\/p>\n<p>&nbsp;<\/p>\n<\/div>\n                                <\/div>\n\n        <div class=\"mtt-text-image__image-container object-fit\">\n                        <picture>\n                                    <source srcset=\"https:\/\/dev.nellemannmachinery.dk\/wp-content\/uploads\/2020\/09\/Kontakt-4763x3175-1-360x240.jpg\" alt=\"Kontakt 47,63&#215;31,75\" media=\"(max-width: 375px)\">\n                                                    <source srcset=\"https:\/\/dev.nellemannmachinery.dk\/wp-content\/uploads\/2020\/09\/Kontakt-4763x3175-1-525x350.jpg\" alt=\"Kontakt 47,63&#215;31,75\" media=\"(max-width: 580px)\">\n                                                    <source srcset=\"https:\/\/dev.nellemannmachinery.dk\/wp-content\/uploads\/2020\/09\/Kontakt-4763x3175-1-750x500.jpg\" alt=\"Kontakt 47,63&#215;31,75\" media=\"(max-width: 1160px)\">\n                                <img decoding=\"async\" src=\"https:\/\/dev.nellemannmachinery.dk\/wp-content\/uploads\/2020\/09\/Kontakt-4763x3175-1-300x200.jpg\" full=\"https:\/\/dev.nellemannmachinery.dk\/wp-content\/uploads\/2020\/09\/Kontakt-4763x3175-1-900x600.jpg\" alt=\"Kontakt 47,63&#215;31,75\" lazy-load>\n            <\/picture>\n        <\/div>\n\n    <\/div>\n<\/section><\/div><\/div><\/div><\/div><div id=\"pg-1269-2\"  class=\"panel-grid panel-no-style\" ><div id=\"pgc-1269-2-0\"  class=\"panel-grid-cell\" ><div id=\"panel-1269-2-0-0\" class=\"so-panel widget widget_mtt-text-image panel-first-child panel-last-child\" data-index=\"2\" ><div\n\t\t\t\n\t\t\tclass=\"so-widget-mtt-text-image so-widget-mtt-text-image-base\"\n\t\t\t\n\t\t>\n<section class=\"mtt-text-image spacing_bottom_104 spacing-classes-added image-left mtt-text-image--border-top mtt-text-image--smaller-image mtt-text-image--bg-default\">\n    <div class=\"mtt-text-image__inner page_container\">\n\n        <div class=\"mtt-text-image__text-container\">\n                            <span class=\"mtt-text-image__tagline tagline\">Kontakta oss<\/span>\n                                        <h2 class=\"mtt-text-image__title\">Direkta servicenummer<\/h2>\n                                        <div class=\"mtt-text-image__text styled-text-small\"><p>&nbsp;<\/p>\n<p>V\u00e4xeln <a href=\"tel:013253600\">+46 013-25 36 00<\/a><br \/>\nM\u00e5ndag - Fredag 08:00 - 17:00<\/p>\n<p>Reservdelar <a href=\"tel:013253610\">+46 013-25 36 10<\/a><br \/>\nM\u00e5ndag - Torsdag 07:00 - 17:00,\u00a0 Fredag 07:00 - 16.00<\/p>\n<p>Verkstad\/Teknisk support <a href=\"tel:32465430\">+46 \u00a0<\/a><a href=\"tel:013253615\">013-25 36 15<\/a><br \/>\nM\u00e5ndag - Fredag 07:00 - 16:00<\/p>\n<\/div>\n                                <\/div>\n\n        <div class=\"mtt-text-image__image-container object-fit\">\n                        <picture>\n                                    <source srcset=\"https:\/\/dev.nellemannmachinery.dk\/wp-content\/uploads\/2020\/09\/M7003_Cultivator_Arable_front-scaled-320x240.jpg\" alt=\"Kontak 47,63&#215;31,75\" media=\"(max-width: 375px)\">\n                                                    <source srcset=\"https:\/\/dev.nellemannmachinery.dk\/wp-content\/uploads\/2020\/09\/M7003_Cultivator_Arable_front-scaled-467x350.jpg\" alt=\"Kontak 47,63&#215;31,75\" media=\"(max-width: 580px)\">\n                                                    <source srcset=\"https:\/\/dev.nellemannmachinery.dk\/wp-content\/uploads\/2020\/09\/M7003_Cultivator_Arable_front-scaled-667x500.jpg\" alt=\"Kontak 47,63&#215;31,75\" media=\"(max-width: 1160px)\">\n                                <img decoding=\"async\" src=\"https:\/\/dev.nellemannmachinery.dk\/wp-content\/uploads\/2020\/09\/M7003_Cultivator_Arable_front-scaled-300x225.jpg\" full=\"https:\/\/dev.nellemannmachinery.dk\/wp-content\/uploads\/2020\/09\/M7003_Cultivator_Arable_front-scaled-811x608.jpg\" alt=\"Kontak 47,63&#215;31,75\" lazy-load>\n            <\/picture>\n        <\/div>\n\n    <\/div>\n<\/section><\/div><\/div><\/div><\/div><\/div>","protected":false},"excerpt":{"rendered":"<p>Kontakta oss V\u00e4lkommen att kontakta oss om du vill ha hj\u00e4lp eller svar p\u00e5 fr\u00e5gor Kontakta oss Kontoret Sk\u00e4nninge, huvudkontor Nellemann Machinery AB Idrottsv\u00e4gen 3 596 23 Sk\u00e4nninge Telefon +46 013- 25 36 00 (M\u00e5ndag &#8211; Fredag 08:00 &#8211; 17.00) &nbsp; Kontakta oss Direkta servicenummer &nbsp; V\u00e4xeln +46 013-25 36 00 M\u00e5ndag &#8211; Fredag 08:00 [&hellip;]<\/p>\n","protected":false},"author":1,"featured_media":0,"parent":0,"menu_order":0,"comment_status":"closed","ping_status":"closed","template":"","meta":{"_acf_changed":false,"inline_featured_image":false,"footnotes":""},"class_list":["post-1269","page","type-page","status-publish","hentry"],"acf":[],"yoast_head":"<!-- This site is optimized with the Yoast SEO plugin v27.4 - https:\/\/yoast.com\/product\/yoast-seo-wordpress\/ -->\n<title>Kubota - V\u00e4lkomna att kontakta oss p\u00e5 Nellemann Machinery<\/title>\n<meta name=\"description\" content=\"V\u00e4lkommen att kontakta oss om du vill ha hj\u00e4lp eller svar p\u00e5 fr\u00e5gor om din Kubota maskin.\" \/>\n<meta name=\"robots\" content=\"noindex, follow, max-snippet:-1, max-image-preview:large, max-video-preview:-1\" \/>\n<meta property=\"og:locale\" content=\"sv_SE\" \/>\n<meta property=\"og:type\" content=\"article\" \/>\n<meta property=\"og:title\" content=\"Kubota - V\u00e4lkomna att kontakta oss p\u00e5 Nellemann Machinery\" \/>\n<meta property=\"og:description\" content=\"V\u00e4lkommen att kontakta oss om du vill ha hj\u00e4lp eller svar p\u00e5 fr\u00e5gor om din Kubota maskin.\" \/>\n<meta property=\"og:url\" content=\"https:\/\/nellemannmachinery.se\/kontakt\/\" \/>\n<meta property=\"og:site_name\" content=\"Nellemann Machinery\" \/>\n<meta property=\"article:publisher\" content=\"https:\/\/www.facebook.com\/Nellemann-Machinery-718705991612962\" \/>\n<meta property=\"article:modified_time\" content=\"2023-04-11T07:27:46+00:00\" \/>\n<meta name=\"twitter:card\" content=\"summary_large_image\" \/>\n<meta name=\"twitter:label1\" content=\"Est. reading time\" \/>\n\t<meta name=\"twitter:data1\" content=\"1 minute\" \/>\n<!-- \/ Yoast SEO plugin. -->","yoast_head_json":{"title":"Kubota - V\u00e4lkomna att kontakta oss p\u00e5 Nellemann Machinery","description":"V\u00e4lkommen att kontakta oss om du vill ha hj\u00e4lp eller svar p\u00e5 fr\u00e5gor om din Kubota maskin.","robots":{"index":"noindex","follow":"follow","max-snippet":"max-snippet:-1","max-image-preview":"max-image-preview:large","max-video-preview":"max-video-preview:-1"},"og_locale":"sv_SE","og_type":"article","og_title":"Kubota - V\u00e4lkomna att kontakta oss p\u00e5 Nellemann Machinery","og_description":"V\u00e4lkommen att kontakta oss om du vill ha hj\u00e4lp eller svar p\u00e5 fr\u00e5gor om din Kubota maskin.","og_url":"https:\/\/nellemannmachinery.se\/kontakt\/","og_site_name":"Nellemann Machinery","article_publisher":"https:\/\/www.facebook.com\/Nellemann-Machinery-718705991612962","article_modified_time":"2023-04-11T07:27:46+00:00","twitter_card":"summary_large_image","twitter_misc":{"Est. reading time":"1 minute"},"schema":{"@context":"https:\/\/schema.org","@graph":[{"@type":"WebPage","@id":"https:\/\/nellemannmachinery.se\/kontakt\/","url":"https:\/\/nellemannmachinery.se\/kontakt\/","name":"Kubota - V\u00e4lkomna att kontakta oss p\u00e5 Nellemann Machinery","isPartOf":{"@id":"https:\/\/dev.nellemannmachinery.dk\/#website"},"datePublished":"2020-05-13T13:39:56+00:00","dateModified":"2023-04-11T07:27:46+00:00","description":"V\u00e4lkommen att kontakta oss om du vill ha hj\u00e4lp eller svar p\u00e5 fr\u00e5gor om din Kubota maskin.","breadcrumb":{"@id":"https:\/\/nellemannmachinery.se\/kontakt\/#breadcrumb"},"inLanguage":"sv-SE","potentialAction":[{"@type":"ReadAction","target":["https:\/\/nellemannmachinery.se\/kontakt\/"]}]},{"@type":"BreadcrumbList","@id":"https:\/\/nellemannmachinery.se\/kontakt\/#breadcrumb","itemListElement":[{"@type":"ListItem","position":1,"name":"Home","item":"https:\/\/nellemannmachinery.se\/"},{"@type":"ListItem","position":2,"name":"Kontakta"}]},{"@type":"WebSite","@id":"https:\/\/dev.nellemannmachinery.dk\/#website","url":"https:\/\/dev.nellemannmachinery.dk\/","name":"Nellemann Machinery","description":"","publisher":{"@id":"https:\/\/dev.nellemannmachinery.dk\/#organization"},"potentialAction":[{"@type":"SearchAction","target":{"@type":"EntryPoint","urlTemplate":"https:\/\/dev.nellemannmachinery.dk\/?s={search_term_string}"},"query-input":{"@type":"PropertyValueSpecification","valueRequired":true,"valueName":"search_term_string"}}],"inLanguage":"sv-SE"},{"@type":"Organization","@id":"https:\/\/dev.nellemannmachinery.dk\/#organization","name":"Nellemann Machinery","url":"https:\/\/dev.nellemannmachinery.dk\/","logo":{"@type":"ImageObject","inLanguage":"sv-SE","@id":"https:\/\/dev.nellemannmachinery.dk\/#\/schema\/logo\/image\/","url":"https:\/\/dev.nellemannmachinery.dk\/wp-content\/uploads\/2020\/09\/logo-1.png","contentUrl":"https:\/\/dev.nellemannmachinery.dk\/wp-content\/uploads\/2020\/09\/logo-1.png","width":398,"height":71,"caption":"Nellemann Machinery"},"image":{"@id":"https:\/\/dev.nellemannmachinery.dk\/#\/schema\/logo\/image\/"},"sameAs":["https:\/\/www.facebook.com\/Nellemann-Machinery-718705991612962","https:\/\/www.instagram.com\/nellemannmachinery\/?hl=da","https:\/\/www.linkedin.com\/company\/svenningsens-maskinforretning-as\/about\/"]}]}},"_links":{"self":[{"href":"https:\/\/dev.nellemannmachinery.dk\/sv\/wp-json\/wp\/v2\/pages\/1269","targetHints":{"allow":["GET"]}}],"collection":[{"href":"https:\/\/dev.nellemannmachinery.dk\/sv\/wp-json\/wp\/v2\/pages"}],"about":[{"href":"https:\/\/dev.nellemannmachinery.dk\/sv\/wp-json\/wp\/v2\/types\/page"}],"author":[{"embeddable":true,"href":"https:\/\/dev.nellemannmachinery.dk\/sv\/wp-json\/wp\/v2\/users\/1"}],"replies":[{"embeddable":true,"href":"https:\/\/dev.nellemannmachinery.dk\/sv\/wp-json\/wp\/v2\/comments?post=1269"}],"version-history":[{"count":0,"href":"https:\/\/dev.nellemannmachinery.dk\/sv\/wp-json\/wp\/v2\/pages\/1269\/revisions"}],"wp:attachment":[{"href":"https:\/\/dev.nellemannmachinery.dk\/sv\/wp-json\/wp\/v2\/media?parent=1269"}],"curies":[{"name":"wp","href":"https:\/\/api.w.org\/{rel}","templated":true}]}}