{"id":1309,"date":"2020-05-13T13:39:12","date_gmt":"2020-05-13T13:39:12","guid":{"rendered":"https:\/\/dev.nellemannmachinery.dk\/brands\/"},"modified":"2022-10-13T13:16:18","modified_gmt":"2022-10-13T11:16:18","slug":"varumarken-kubota-spider-billygoat-wessex","status":"publish","type":"page","link":"https:\/\/dev.nellemannmachinery.dk\/sv\/varumarken-kubota-spider-billygoat-wessex\/","title":{"rendered":"V\u00e5ra varum\u00e4rken"},"content":{"rendered":"<div id=\"pl-1309\"  class=\"panel-layout\" ><div id=\"pg-1309-0\"  class=\"panel-grid panel-no-style\" ><div id=\"pgc-1309-0-0\"  class=\"panel-grid-cell\" ><div id=\"panel-1309-0-0-0\" class=\"so-panel widget widget_mtt-subpage-cover panel-first-child panel-last-child\" data-index=\"0\" ><div\n\t\t\t\n\t\t\tclass=\"so-widget-mtt-subpage-cover so-widget-mtt-subpage-cover-base\"\n\t\t\t\n\t\t>\n<section class=\"mtt-subpage-cover\">\n\n    <div class=\"mtt-subpage-cover__inner page_container\">\n        <div class=\"mtt-subpage-cover__text-container\">\n                            <h1 class=\"mtt-subpage-cover__title title-line\" style=\"color:#ffffff\">Nellemann Machinery s\u00e4ljer m\u00e4rken som Kubota, Spider, Billy Goat och Vitra.<\/h1>\n                                    \n    <div class=\"button-section\">\n\n        \n                <a href=\"https:\/\/dev.nellemannmachinery.dk\/produkter\/\" class=\"button default\">Produkter<\/a>\n\n            \n                <a href=\"https:\/\/dev.nellemannmachinery.dk\/kontakt\/\" class=\"button white\">Kontakt oss<\/a>\n\n            \n    <\/div>\n\n        <\/div>\n    <\/div>\n\n            <div class=\"mtt-subpage-cover__overlay default\" style=\"opacity: 0.4;\"><\/div>\n    \n    \n        <div class=\"mtt-subpage-cover__image-container object-fit\">\n            <picture>\n                                    <source srcset=\"https:\/\/dev.nellemannmachinery.dk\/wp-content\/uploads\/2020\/09\/frontpage-cover-15-scaled-375x81.jpg\" alt=\"frontpage cover 15\" media=\"(max-width: 375px)\">\n                                                    <source srcset=\"https:\/\/dev.nellemannmachinery.dk\/wp-content\/uploads\/2020\/09\/frontpage-cover-15-scaled-600x130.jpg\" alt=\"frontpage cover 15\" media=\"(max-width: 580px)\">\n                                                    <source srcset=\"https:\/\/dev.nellemannmachinery.dk\/wp-content\/uploads\/2020\/09\/frontpage-cover-15-scaled-1200x260.jpg\" alt=\"frontpage cover 15\" media=\"(max-width: 1160px)\">\n                                <img decoding=\"async\" src=\"https:\/\/dev.nellemannmachinery.dk\/wp-content\/uploads\/2020\/09\/frontpage-cover-15-scaled-1920x417.jpg\" alt=\"frontpage cover 15\">\n            <\/picture>\n        <\/div>\n\n        \n<\/section><\/div><\/div><\/div><\/div><div id=\"pg-1309-1\"  class=\"panel-grid panel-no-style\" ><div id=\"pgc-1309-1-0\"  class=\"panel-grid-cell\" ><div id=\"panel-1309-1-0-0\" class=\"so-panel widget widget_mtt-brands panel-first-child panel-last-child\" data-index=\"1\" ><div\n\t\t\t\n\t\t\tclass=\"so-widget-mtt-brands so-widget-mtt-brands-base\"\n\t\t\t\n\t\t>\n<section class=\"mtt-brands\">\n    <div class=\"mtt-brands__inner page_container\">\n\n        <div class=\"mtt-brands__wrap\">\n\n            \n                                    <h2 class=\"mtt-brands__title\">V\u00e5ra varum\u00e4rken<\/h2>\n                \n                \n    <a href=\"https:\/\/dev.nellemannmachinery.dk\/sv\/brand\/billy-goat-sv\/\" class=\"mtt-brand-card\">\n        <div class=\"mtt-brand-card__inner\">\n                            <img decoding=\"async\" src=\"https:\/\/dev.nellemannmachinery.dk\/wp-content\/uploads\/2020\/06\/BG_4cgr-300x120.jpg\" full=\"https:\/\/dev.nellemannmachinery.dk\/wp-content\/uploads\/2020\/06\/BG_4cgr.jpg\" alt=\"Billy Goat\" class=\"mtt-brand-card__image\" lazy-load>\n                    <\/div>\n    <\/a>\n\n\n    <a href=\"https:\/\/dev.nellemannmachinery.dk\/sv\/brand\/kubota-produker\/\" class=\"mtt-brand-card\">\n        <div class=\"mtt-brand-card__inner\">\n                            <img decoding=\"async\" src=\"https:\/\/dev.nellemannmachinery.dk\/wp-content\/uploads\/2020\/09\/LOGO_Wordmark_black-300x67.png\" full=\"https:\/\/dev.nellemannmachinery.dk\/wp-content\/uploads\/2020\/09\/LOGO_Wordmark_black.png\" alt=\"LOGO_Wordmark_black\" class=\"mtt-brand-card__image\" lazy-load>\n                    <\/div>\n    <\/a>\n\n\n    <a href=\"https:\/\/dev.nellemannmachinery.dk\/sv\/brand\/redskapsbarare-reform\/\" class=\"mtt-brand-card\">\n        <div class=\"mtt-brand-card__inner\">\n                            <img decoding=\"async\" src=\"https:\/\/dev.nellemannmachinery.dk\/wp-content\/uploads\/2021\/05\/REFORM-Logo-red--300x57.jpg\" full=\"https:\/\/dev.nellemannmachinery.dk\/wp-content\/uploads\/2021\/05\/REFORM-Logo-red-.jpg\" alt=\"&#8211; REFORM Logo red\" class=\"mtt-brand-card__image\" lazy-load>\n                    <\/div>\n    <\/a>\n\n\n    <a href=\"https:\/\/dev.nellemannmachinery.dk\/sv\/brand\/spider-2\/\" class=\"mtt-brand-card\">\n        <div class=\"mtt-brand-card__inner\">\n                            <img decoding=\"async\" src=\"https:\/\/dev.nellemannmachinery.dk\/wp-content\/uploads\/2020\/09\/spider_znacka_COLOR_cmyk-300x48.jpg\" full=\"https:\/\/dev.nellemannmachinery.dk\/wp-content\/uploads\/2020\/09\/spider_znacka_COLOR_cmyk.jpg\" alt=\"spider_znacka_COLOR_cmyk\" class=\"mtt-brand-card__image\" lazy-load>\n                    <\/div>\n    <\/a>\n\n\n    <a href=\"https:\/\/dev.nellemannmachinery.dk\/sv\/brand\/redskapsbarare\/\" class=\"mtt-brand-card\">\n        <div class=\"mtt-brand-card__inner\">\n                            <img decoding=\"async\" src=\"https:\/\/dev.nellemannmachinery.dk\/wp-content\/uploads\/2022\/08\/Vitra-Top-logo-300x92.png\" full=\"https:\/\/dev.nellemannmachinery.dk\/wp-content\/uploads\/2022\/08\/Vitra-Top-logo.png\" alt=\"Vitra Top-logo\" class=\"mtt-brand-card__image\" lazy-load>\n                    <\/div>\n    <\/a>\n\n\n                <div class=\"mtt-brand-card--filler\"><\/div>\n                <div class=\"mtt-brand-card--filler\"><\/div>\n                <div class=\"mtt-brand-card--filler\"><\/div>\n                <div class=\"mtt-brand-card--filler\"><\/div>\n\n            \n        <\/div>\n\n        <div class=\"mtt-brands__wrap\">\n\n                        \n        <\/div>\n\n    <\/div>\n<\/section><\/div><\/div><\/div><\/div><\/div>","protected":false},"excerpt":{"rendered":"<p>Nellemann Machinery s\u00e4ljer m\u00e4rken som Kubota, Spider, Billy Goat och Vitra. Produkter Kontakt oss V\u00e5ra varum\u00e4rken<\/p>\n","protected":false},"author":1,"featured_media":9287,"parent":0,"menu_order":0,"comment_status":"closed","ping_status":"closed","template":"","meta":{"_acf_changed":false,"inline_featured_image":false,"footnotes":""},"class_list":["post-1309","page","type-page","status-publish","has-post-thumbnail","hentry"],"acf":[],"yoast_head":"<!-- This site is optimized with the Yoast SEO plugin v27.4 - https:\/\/yoast.com\/product\/yoast-seo-wordpress\/ -->\n<title>V\u00e5ra varum\u00e4rken - Nellemann Machinery Starka varum\u00e4rken som Kubota<\/title>\n<meta name=\"description\" content=\"Starka varum\u00e4rken har varit en avsiktlig strategi f\u00f6r f\u00f6retaget att specialisera sig i som Kubota, Spider, Billy Goat och Wessex.\" \/>\n<meta name=\"robots\" content=\"noindex, follow, max-snippet:-1, max-image-preview:large, max-video-preview:-1\" \/>\n<meta property=\"og:locale\" content=\"sv_SE\" \/>\n<meta property=\"og:type\" content=\"article\" \/>\n<meta property=\"og:title\" content=\"V\u00e5ra varum\u00e4rken - Nellemann Machinery Starka varum\u00e4rken som Kubota\" \/>\n<meta property=\"og:description\" content=\"Starka varum\u00e4rken har varit en avsiktlig strategi f\u00f6r f\u00f6retaget att specialisera sig i som Kubota, Spider, Billy Goat och Wessex.\" \/>\n<meta property=\"og:url\" content=\"https:\/\/nellemannmachinery.se\/varumarken-kubota-spider-billygoat-wessex\/\" \/>\n<meta property=\"og:site_name\" content=\"Nellemann Machinery\" \/>\n<meta property=\"article:publisher\" content=\"https:\/\/www.facebook.com\/Nellemann-Machinery-718705991612962\" \/>\n<meta property=\"article:modified_time\" content=\"2022-10-13T11:16:18+00:00\" \/>\n<meta property=\"og:image\" content=\"https:\/\/nellemannmachinery.se\/wp-content\/uploads\/2021\/03\/Logo_Pantone_1665C_vertical.jpg\" \/>\n\t<meta property=\"og:image:width\" content=\"317\" \/>\n\t<meta property=\"og:image:height\" content=\"317\" \/>\n\t<meta property=\"og:image:type\" content=\"image\/jpeg\" \/>\n<meta name=\"twitter:card\" content=\"summary_large_image\" \/>\n<meta name=\"twitter:label1\" content=\"Est. reading time\" \/>\n\t<meta name=\"twitter:data1\" content=\"1 minute\" \/>\n<!-- \/ Yoast SEO plugin. -->","yoast_head_json":{"title":"V\u00e5ra varum\u00e4rken - Nellemann Machinery Starka varum\u00e4rken som Kubota","description":"Starka varum\u00e4rken har varit en avsiktlig strategi f\u00f6r f\u00f6retaget att specialisera sig i som Kubota, Spider, Billy Goat och Wessex.","robots":{"index":"noindex","follow":"follow","max-snippet":"max-snippet:-1","max-image-preview":"max-image-preview:large","max-video-preview":"max-video-preview:-1"},"og_locale":"sv_SE","og_type":"article","og_title":"V\u00e5ra varum\u00e4rken - Nellemann Machinery Starka varum\u00e4rken som Kubota","og_description":"Starka varum\u00e4rken har varit en avsiktlig strategi f\u00f6r f\u00f6retaget att specialisera sig i som Kubota, Spider, Billy Goat och Wessex.","og_url":"https:\/\/nellemannmachinery.se\/varumarken-kubota-spider-billygoat-wessex\/","og_site_name":"Nellemann Machinery","article_publisher":"https:\/\/www.facebook.com\/Nellemann-Machinery-718705991612962","article_modified_time":"2022-10-13T11:16:18+00:00","og_image":[{"width":317,"height":317,"url":"https:\/\/nellemannmachinery.se\/wp-content\/uploads\/2021\/03\/Logo_Pantone_1665C_vertical.jpg","type":"image\/jpeg"}],"twitter_card":"summary_large_image","twitter_misc":{"Est. reading time":"1 minute"},"schema":{"@context":"https:\/\/schema.org","@graph":[{"@type":"WebPage","@id":"https:\/\/nellemannmachinery.se\/varumarken-kubota-spider-billygoat-wessex\/","url":"https:\/\/nellemannmachinery.se\/varumarken-kubota-spider-billygoat-wessex\/","name":"V\u00e5ra varum\u00e4rken - Nellemann Machinery Starka varum\u00e4rken som Kubota","isPartOf":{"@id":"https:\/\/dev.nellemannmachinery.dk\/#website"},"primaryImageOfPage":{"@id":"https:\/\/nellemannmachinery.se\/varumarken-kubota-spider-billygoat-wessex\/#primaryimage"},"image":{"@id":"https:\/\/nellemannmachinery.se\/varumarken-kubota-spider-billygoat-wessex\/#primaryimage"},"thumbnailUrl":"https:\/\/dev.nellemannmachinery.dk\/wp-content\/uploads\/2021\/03\/Logo_Pantone_1665C_vertical.jpg","datePublished":"2020-05-13T13:39:12+00:00","dateModified":"2022-10-13T11:16:18+00:00","description":"Starka varum\u00e4rken har varit en avsiktlig strategi f\u00f6r f\u00f6retaget att specialisera sig i som Kubota, Spider, Billy Goat och Wessex.","breadcrumb":{"@id":"https:\/\/nellemannmachinery.se\/varumarken-kubota-spider-billygoat-wessex\/#breadcrumb"},"inLanguage":"sv-SE","potentialAction":[{"@type":"ReadAction","target":["https:\/\/nellemannmachinery.se\/varumarken-kubota-spider-billygoat-wessex\/"]}]},{"@type":"ImageObject","inLanguage":"sv-SE","@id":"https:\/\/nellemannmachinery.se\/varumarken-kubota-spider-billygoat-wessex\/#primaryimage","url":"https:\/\/dev.nellemannmachinery.dk\/wp-content\/uploads\/2021\/03\/Logo_Pantone_1665C_vertical.jpg","contentUrl":"https:\/\/dev.nellemannmachinery.dk\/wp-content\/uploads\/2021\/03\/Logo_Pantone_1665C_vertical.jpg","width":317,"height":317,"caption":"Kubota"},{"@type":"BreadcrumbList","@id":"https:\/\/nellemannmachinery.se\/varumarken-kubota-spider-billygoat-wessex\/#breadcrumb","itemListElement":[{"@type":"ListItem","position":1,"name":"Home","item":"https:\/\/nellemannmachinery.se\/"},{"@type":"ListItem","position":2,"name":"V\u00e5ra varum\u00e4rken"}]},{"@type":"WebSite","@id":"https:\/\/dev.nellemannmachinery.dk\/#website","url":"https:\/\/dev.nellemannmachinery.dk\/","name":"Nellemann Machinery","description":"","publisher":{"@id":"https:\/\/dev.nellemannmachinery.dk\/#organization"},"potentialAction":[{"@type":"SearchAction","target":{"@type":"EntryPoint","urlTemplate":"https:\/\/dev.nellemannmachinery.dk\/?s={search_term_string}"},"query-input":{"@type":"PropertyValueSpecification","valueRequired":true,"valueName":"search_term_string"}}],"inLanguage":"sv-SE"},{"@type":"Organization","@id":"https:\/\/dev.nellemannmachinery.dk\/#organization","name":"Nellemann Machinery","url":"https:\/\/dev.nellemannmachinery.dk\/","logo":{"@type":"ImageObject","inLanguage":"sv-SE","@id":"https:\/\/dev.nellemannmachinery.dk\/#\/schema\/logo\/image\/","url":"https:\/\/dev.nellemannmachinery.dk\/wp-content\/uploads\/2020\/09\/logo-1.png","contentUrl":"https:\/\/dev.nellemannmachinery.dk\/wp-content\/uploads\/2020\/09\/logo-1.png","width":398,"height":71,"caption":"Nellemann Machinery"},"image":{"@id":"https:\/\/dev.nellemannmachinery.dk\/#\/schema\/logo\/image\/"},"sameAs":["https:\/\/www.facebook.com\/Nellemann-Machinery-718705991612962","https:\/\/www.instagram.com\/nellemannmachinery\/?hl=da","https:\/\/www.linkedin.com\/company\/svenningsens-maskinforretning-as\/about\/"]}]}},"_links":{"self":[{"href":"https:\/\/dev.nellemannmachinery.dk\/sv\/wp-json\/wp\/v2\/pages\/1309","targetHints":{"allow":["GET"]}}],"collection":[{"href":"https:\/\/dev.nellemannmachinery.dk\/sv\/wp-json\/wp\/v2\/pages"}],"about":[{"href":"https:\/\/dev.nellemannmachinery.dk\/sv\/wp-json\/wp\/v2\/types\/page"}],"author":[{"embeddable":true,"href":"https:\/\/dev.nellemannmachinery.dk\/sv\/wp-json\/wp\/v2\/users\/1"}],"replies":[{"embeddable":true,"href":"https:\/\/dev.nellemannmachinery.dk\/sv\/wp-json\/wp\/v2\/comments?post=1309"}],"version-history":[{"count":0,"href":"https:\/\/dev.nellemannmachinery.dk\/sv\/wp-json\/wp\/v2\/pages\/1309\/revisions"}],"wp:featuredmedia":[{"embeddable":true,"href":"https:\/\/dev.nellemannmachinery.dk\/sv\/wp-json\/wp\/v2\/media\/9287"}],"wp:attachment":[{"href":"https:\/\/dev.nellemannmachinery.dk\/sv\/wp-json\/wp\/v2\/media?parent=1309"}],"curies":[{"name":"wp","href":"https:\/\/api.w.org\/{rel}","templated":true}]}}