{"id":1310,"date":"2020-05-13T13:39:40","date_gmt":"2020-05-13T11:39:40","guid":{"rendered":"https:\/\/dev.nellemannmachinery.dk\/nyheder\/"},"modified":"2022-03-02T14:55:43","modified_gmt":"2022-03-02T12:55:43","slug":"nyheter","status":"publish","type":"page","link":"https:\/\/dev.nellemannmachinery.dk\/sv\/nyheter\/","title":{"rendered":"Nyheter"},"content":{"rendered":"<div id=\"pl-1310\"  class=\"panel-layout\" ><div id=\"pg-1310-0\"  class=\"panel-grid panel-no-style\" ><div id=\"pgc-1310-0-0\"  class=\"panel-grid-cell\" ><div id=\"panel-1310-0-0-0\" class=\"so-panel widget widget_mtt-subpage-cover panel-first-child panel-last-child\" data-index=\"0\" ><div\n\t\t\t\n\t\t\tclass=\"so-widget-mtt-subpage-cover so-widget-mtt-subpage-cover-base\"\n\t\t\t\n\t\t>\n<section class=\"mtt-subpage-cover\">\n\n    <div class=\"mtt-subpage-cover__inner page_container\">\n        <div class=\"mtt-subpage-cover__text-container\">\n                            <h1 class=\"mtt-subpage-cover__title title-line\" style=\"color:#ffffff\">Senaste nyheterna <\/h1>\n                                        <p class=\"mtt-subpage-cover__text\" style=\"color:#ffffff\">fr\u00e5n Nellemann Machinery<\/p>\n                        \n    <div class=\"button-section\">\n\n        \n                <a href=\"https:\/\/dev.nellemannmachinery.dk\/produkter\/\" class=\"button default\">Produkter<\/a>\n\n            \n                <a href=\"\" class=\"button white\">Om oss<\/a>\n\n            \n    <\/div>\n\n        <\/div>\n    <\/div>\n\n            <div class=\"mtt-subpage-cover__overlay default\" style=\"opacity: 0.4;\"><\/div>\n    \n    \n        <div class=\"mtt-subpage-cover__image-container object-fit\">\n            <picture>\n                                    <source srcset=\"https:\/\/dev.nellemannmachinery.dk\/wp-content\/uploads\/2022\/03\/M6001-Utility_cultivator_arable_side_dynamic-375x114.jpg\" alt=\"M6001 Utility_cultivator_arable_side_dynamic\" media=\"(max-width: 375px)\">\n                                                    <source srcset=\"https:\/\/dev.nellemannmachinery.dk\/wp-content\/uploads\/2022\/03\/M6001-Utility_cultivator_arable_side_dynamic-600x183.jpg\" alt=\"M6001 Utility_cultivator_arable_side_dynamic\" media=\"(max-width: 580px)\">\n                                                    <source srcset=\"https:\/\/dev.nellemannmachinery.dk\/wp-content\/uploads\/2022\/03\/M6001-Utility_cultivator_arable_side_dynamic-1200x365.jpg\" alt=\"M6001 Utility_cultivator_arable_side_dynamic\" media=\"(max-width: 1160px)\">\n                                <img decoding=\"async\" src=\"https:\/\/dev.nellemannmachinery.dk\/wp-content\/uploads\/2022\/03\/M6001-Utility_cultivator_arable_side_dynamic-1478x450.jpg\" alt=\"M6001 Utility_cultivator_arable_side_dynamic\">\n            <\/picture>\n        <\/div>\n\n        \n<\/section><\/div><\/div><\/div><\/div><div id=\"pg-1310-1\"  class=\"panel-grid panel-no-style\" ><div id=\"pgc-1310-1-0\"  class=\"panel-grid-cell\" ><div id=\"panel-1310-1-0-0\" class=\"so-panel widget widget_mtt-articles-widget panel-first-child panel-last-child\" data-index=\"1\" ><div\n\t\t\t\n\t\t\tclass=\"so-widget-mtt-articles-widget so-widget-mtt-articles-widget-base\"\n\t\t\t\n\t\t>\n    <section id=\"mtt-articles-widget-scrollto\" class=\"mtt-articles-widget mtt-articles-widget--all spacing_top_120 spacing_bottom_120 spacing-classes-added\" data-main-url=\"https:\/\/dev.nellemannmachinery.dk\/sv\/nyheter\/\" data-all-categories=\"0,\">\n        <div class=\"mtt-articles-widget__inner page_container\">\n\n            <div class=\"mtt-articles-widget__loader loader\"><div class=\"loader__inner\"><\/div><\/div>\n\n            <div class=\"mtt-articles-widget__title-wrap\">\n                                    <h2 class=\"mtt-articles-widget__title\">Nyheter<\/h2>\n                                            <\/div>\n\n            <div id=\"mtt-articles-widget-posts\" class=\"mtt-articles-widget__wrap\">\n                \n<a href=\"https:\/\/dev.nellemannmachinery.dk\/sv\/kampanj-kubota\/\" class=\"mtt-article-card\">\n    <div class=\"mtt-article-card__image-container object-fit\">\n                    <img decoding=\"async\" src=\"https:\/\/dev.nellemannmachinery.dk\/wp-content\/uploads\/2023\/10\/DSC06546-300x200.jpg\" full=\"https:\/\/dev.nellemannmachinery.dk\/wp-content\/uploads\/2023\/10\/DSC06546-800x533.jpg\" alt=\"DSC06546\" lazy-load>\n                    <\/div> \n    <div class=\"mtt-article-card__text-container\">\n        <p class=\"mtt-article-card__tagline\">Nyheter, Okategoriserad<\/p>\n        <h3 class=\"mtt-article-card__title\">Kampanj Kubota M4 &#8211; Lastare p\u00e5 k\u00f6pet!<\/h3>\n    <\/div>\n<\/a>\n<a href=\"https:\/\/dev.nellemannmachinery.dk\/sv\/utforsaljning-50-paa-hjulmotorer-holder-c200-c300\/\" class=\"mtt-article-card\">\n    <div class=\"mtt-article-card__image-container object-fit\">\n                    <img decoding=\"async\" src=\"https:\/\/dev.nellemannmachinery.dk\/wp-content\/uploads\/2022\/11\/Holder-2-300x225.jpg\" full=\"https:\/\/dev.nellemannmachinery.dk\/wp-content\/uploads\/2022\/11\/Holder-2.jpg\" alt=\"Holder-2\" lazy-load>\n                    <\/div> \n    <div class=\"mtt-article-card__text-container\">\n        <p class=\"mtt-article-card__tagline\">Nyheter<\/p>\n        <h3 class=\"mtt-article-card__title\">UTF\u00d6RS\u00c4LJNING 50% p\u00e5 Hjulmotorer Holder C200-C300<\/h3>\n    <\/div>\n<\/a>\n<a href=\"https:\/\/dev.nellemannmachinery.dk\/sv\/kubota-oppnar-nytt-europeiskt-reservdelslager\/\" class=\"mtt-article-card\">\n    <div class=\"mtt-article-card__image-container object-fit\">\n                    <img decoding=\"async\" src=\"https:\/\/dev.nellemannmachinery.dk\/wp-content\/uploads\/2022\/09\/Kubota-reservdelslager--300x169.jpg\" full=\"https:\/\/dev.nellemannmachinery.dk\/wp-content\/uploads\/2022\/09\/Kubota-reservdelslager-.jpg\" alt=\"Kubota\" lazy-load>\n                    <\/div> \n    <div class=\"mtt-article-card__text-container\">\n        <p class=\"mtt-article-card__tagline\">Nyheter<\/p>\n        <h3 class=\"mtt-article-card__title\">Kubota \u00f6ppnar nytt europeiskt reservdelslager i Frankrike<\/h3>\n    <\/div>\n<\/a>\n<a href=\"https:\/\/dev.nellemannmachinery.dk\/sv\/mittia\/\" class=\"mtt-article-card\">\n    <div class=\"mtt-article-card__image-container object-fit\">\n                    <img decoding=\"async\" src=\"https:\/\/dev.nellemannmachinery.dk\/wp-content\/uploads\/2022\/07\/Mittia-300x161.jpg\" full=\"https:\/\/dev.nellemannmachinery.dk\/wp-content\/uploads\/2022\/07\/Mittia.jpg\" alt=\"Mittia\" lazy-load>\n                    <\/div> \n    <div class=\"mtt-article-card__text-container\">\n        <p class=\"mtt-article-card__tagline\">Nyheter<\/p>\n        <h3 class=\"mtt-article-card__title\">Branschdag Mittia: Park &amp; Gata 2022<\/h3>\n    <\/div>\n<\/a>\n<a href=\"https:\/\/dev.nellemannmachinery.dk\/sv\/nya-f-serien-satter-nya-standarer\/\" class=\"mtt-article-card\">\n    <div class=\"mtt-article-card__image-container object-fit\">\n                    <img decoding=\"async\" src=\"https:\/\/dev.nellemannmachinery.dk\/wp-content\/uploads\/2022\/03\/F-serien-300x249.jpg\" full=\"https:\/\/dev.nellemannmachinery.dk\/wp-content\/uploads\/2022\/03\/F-serien-800x663.jpg\" alt=\"Kubota F-Serien\" lazy-load>\n                    <\/div> \n    <div class=\"mtt-article-card__text-container\">\n        <p class=\"mtt-article-card__tagline\">Nyheter<\/p>\n        <h3 class=\"mtt-article-card__title\">Nya F-Serien s\u00e4tter nya standarer<\/h3>\n    <\/div>\n<\/a>\n<a href=\"https:\/\/dev.nellemannmachinery.dk\/sv\/nyheter-kubota-m6002\/\" class=\"mtt-article-card\">\n    <div class=\"mtt-article-card__image-container object-fit\">\n                    <img decoding=\"async\" src=\"https:\/\/dev.nellemannmachinery.dk\/wp-content\/uploads\/2021\/02\/M6002_Frontloader_Grass_Side32-scaled-300x225.jpg\" full=\"https:\/\/dev.nellemannmachinery.dk\/wp-content\/uploads\/2021\/02\/M6002_Frontloader_Grass_Side32-scaled-800x600.jpg\" alt=\"Kubota M6\" lazy-load>\n                    <\/div> \n    <div class=\"mtt-article-card__text-container\">\n        <p class=\"mtt-article-card__tagline\">Nyheter<\/p>\n        <h3 class=\"mtt-article-card__title\">Nya Kubota M6002 \u00e4r \u00e4ntligen i Sverige<\/h3>\n    <\/div>\n<\/a>                <div class=\"mtt-article-card--filler\"><\/div>\n            <\/div>\n\n            <div id=\"mtt-articles-widget-pagination\" class=\"mtt-articles-widget__pagination pagination\">\n\t\t\t\t\n    <div class=\"mtt-pagination\" data-main-url=\"https:\/\/dev.nellemannmachinery.dk\/sv\/nyheter\/\">\n\n        <!-- PREV -->\n        \n        <!-- FIRST -->\n        \n                                    <!-- CURRENT -->\n                <span class=\"mtt-pagination__toggle mtt-pagination__toggle--active\">1<\/span>\n                                                <!-- OTHER -->\n                <a href=\"https:\/\/dev.nellemannmachinery.dk\/sv\/nyheter\/side\/2\/\" class=\"mtt-pagination__toggle\" data-page=\"2\">2<\/a>\n                                                <!-- OTHER -->\n                <a href=\"https:\/\/dev.nellemannmachinery.dk\/sv\/nyheter\/side\/3\/\" class=\"mtt-pagination__toggle\" data-page=\"3\">3<\/a>\n                                        \n        <!-- LAST -->\n                                <a href=\"https:\/\/dev.nellemannmachinery.dk\/sv\/nyheter\/side\/4\/\" class=\"mtt-pagination__toggle\" data-page=\"4\">4<\/a>\n                \n        <!-- NEXT -->\n                    <a href=\"https:\/\/dev.nellemannmachinery.dk\/sv\/nyheter\/side\/2\/\" class=\"mtt-pagination__toggle\" data-page=\"2\">><\/a>\n        \n    <\/div>\n\n\t\t\t<\/div>\n\n        <\/div>\n    <\/section>\n\n<\/div><\/div><\/div><\/div><\/div>","protected":false},"excerpt":{"rendered":"<p>Senaste nyheterna fr\u00e5n Nellemann Machinery Produkter Om oss Nyheter Nyheter, Okategoriserad Kampanj Kubota M4 &#8211; Lastare p\u00e5 k\u00f6pet! Nyheter UTF\u00d6RS\u00c4LJNING 50% p\u00e5 Hjulmotorer Holder C200-C300 Nyheter Kubota \u00f6ppnar nytt europeiskt reservdelslager i Frankrike Nyheter Branschdag Mittia: Park &amp; Gata 2022 Nyheter Nya F-Serien s\u00e4tter nya standarer Nyheter Nya Kubota M6002 \u00e4r \u00e4ntligen i Sverige 1 [&hellip;]<\/p>\n","protected":false},"author":1,"featured_media":0,"parent":0,"menu_order":0,"comment_status":"closed","ping_status":"closed","template":"","meta":{"_acf_changed":false,"inline_featured_image":false,"footnotes":""},"class_list":["post-1310","page","type-page","status-publish","hentry"],"acf":[],"yoast_head":"<!-- This site is optimized with the Yoast SEO plugin v27.4 - https:\/\/yoast.com\/product\/yoast-seo-wordpress\/ -->\n<title>Nyheter - Nellemann Machinery Senaste nyheterna fr\u00e5n oss<\/title>\n<meta name=\"description\" content=\"H\u00e4r hittar du de senaste nyheter fr\u00e5n oss om traktorer och gr\u00f6nytemaskiner fr\u00e5n Kubota, Spider och Billy Goat. H\u00e5ll dig uppdaterad. V\u00e4lkommen\" \/>\n<meta name=\"robots\" content=\"noindex, follow, max-snippet:-1, max-image-preview:large, max-video-preview:-1\" \/>\n<meta property=\"og:locale\" content=\"sv_SE\" \/>\n<meta property=\"og:type\" content=\"article\" \/>\n<meta property=\"og:title\" content=\"Nyheter - Nellemann Machinery Senaste nyheterna fr\u00e5n oss\" \/>\n<meta property=\"og:description\" content=\"H\u00e4r hittar du de senaste nyheter fr\u00e5n oss om traktorer och gr\u00f6nytemaskiner fr\u00e5n Kubota, Spider och Billy Goat. H\u00e5ll dig uppdaterad. V\u00e4lkommen\" \/>\n<meta property=\"og:url\" content=\"https:\/\/nellemannmachinery.se\/nyheter\/\" \/>\n<meta property=\"og:site_name\" content=\"Nellemann Machinery\" \/>\n<meta property=\"article:publisher\" content=\"https:\/\/www.facebook.com\/Nellemann-Machinery-718705991612962\" \/>\n<meta property=\"article:modified_time\" content=\"2022-03-02T12:55:43+00:00\" \/>\n<meta name=\"twitter:card\" content=\"summary_large_image\" \/>\n<meta name=\"twitter:label1\" content=\"Est. reading time\" \/>\n\t<meta name=\"twitter:data1\" content=\"1 minute\" \/>\n<!-- \/ Yoast SEO plugin. -->","yoast_head_json":{"title":"Nyheter - Nellemann Machinery Senaste nyheterna fr\u00e5n oss","description":"H\u00e4r hittar du de senaste nyheter fr\u00e5n oss om traktorer och gr\u00f6nytemaskiner fr\u00e5n Kubota, Spider och Billy Goat. H\u00e5ll dig uppdaterad. V\u00e4lkommen","robots":{"index":"noindex","follow":"follow","max-snippet":"max-snippet:-1","max-image-preview":"max-image-preview:large","max-video-preview":"max-video-preview:-1"},"og_locale":"sv_SE","og_type":"article","og_title":"Nyheter - Nellemann Machinery Senaste nyheterna fr\u00e5n oss","og_description":"H\u00e4r hittar du de senaste nyheter fr\u00e5n oss om traktorer och gr\u00f6nytemaskiner fr\u00e5n Kubota, Spider och Billy Goat. H\u00e5ll dig uppdaterad. V\u00e4lkommen","og_url":"https:\/\/nellemannmachinery.se\/nyheter\/","og_site_name":"Nellemann Machinery","article_publisher":"https:\/\/www.facebook.com\/Nellemann-Machinery-718705991612962","article_modified_time":"2022-03-02T12:55:43+00:00","twitter_card":"summary_large_image","twitter_misc":{"Est. reading time":"1 minute"},"schema":{"@context":"https:\/\/schema.org","@graph":[{"@type":"WebPage","@id":"https:\/\/nellemannmachinery.se\/nyheter\/","url":"https:\/\/nellemannmachinery.se\/nyheter\/","name":"Nyheter - Nellemann Machinery Senaste nyheterna fr\u00e5n oss","isPartOf":{"@id":"https:\/\/dev.nellemannmachinery.dk\/#website"},"datePublished":"2020-05-13T11:39:40+00:00","dateModified":"2022-03-02T12:55:43+00:00","description":"H\u00e4r hittar du de senaste nyheter fr\u00e5n oss om traktorer och gr\u00f6nytemaskiner fr\u00e5n Kubota, Spider och Billy Goat. H\u00e5ll dig uppdaterad. V\u00e4lkommen","breadcrumb":{"@id":"https:\/\/nellemannmachinery.se\/nyheter\/#breadcrumb"},"inLanguage":"sv-SE","potentialAction":[{"@type":"ReadAction","target":["https:\/\/nellemannmachinery.se\/nyheter\/"]}]},{"@type":"BreadcrumbList","@id":"https:\/\/nellemannmachinery.se\/nyheter\/#breadcrumb","itemListElement":[{"@type":"ListItem","position":1,"name":"Home","item":"https:\/\/nellemannmachinery.se\/"},{"@type":"ListItem","position":2,"name":"Nyheter"}]},{"@type":"WebSite","@id":"https:\/\/dev.nellemannmachinery.dk\/#website","url":"https:\/\/dev.nellemannmachinery.dk\/","name":"Nellemann Machinery","description":"","publisher":{"@id":"https:\/\/dev.nellemannmachinery.dk\/#organization"},"potentialAction":[{"@type":"SearchAction","target":{"@type":"EntryPoint","urlTemplate":"https:\/\/dev.nellemannmachinery.dk\/?s={search_term_string}"},"query-input":{"@type":"PropertyValueSpecification","valueRequired":true,"valueName":"search_term_string"}}],"inLanguage":"sv-SE"},{"@type":"Organization","@id":"https:\/\/dev.nellemannmachinery.dk\/#organization","name":"Nellemann Machinery","url":"https:\/\/dev.nellemannmachinery.dk\/","logo":{"@type":"ImageObject","inLanguage":"sv-SE","@id":"https:\/\/dev.nellemannmachinery.dk\/#\/schema\/logo\/image\/","url":"https:\/\/dev.nellemannmachinery.dk\/wp-content\/uploads\/2020\/09\/logo-1.png","contentUrl":"https:\/\/dev.nellemannmachinery.dk\/wp-content\/uploads\/2020\/09\/logo-1.png","width":398,"height":71,"caption":"Nellemann Machinery"},"image":{"@id":"https:\/\/dev.nellemannmachinery.dk\/#\/schema\/logo\/image\/"},"sameAs":["https:\/\/www.facebook.com\/Nellemann-Machinery-718705991612962","https:\/\/www.instagram.com\/nellemannmachinery\/?hl=da","https:\/\/www.linkedin.com\/company\/svenningsens-maskinforretning-as\/about\/"]}]}},"_links":{"self":[{"href":"https:\/\/dev.nellemannmachinery.dk\/sv\/wp-json\/wp\/v2\/pages\/1310","targetHints":{"allow":["GET"]}}],"collection":[{"href":"https:\/\/dev.nellemannmachinery.dk\/sv\/wp-json\/wp\/v2\/pages"}],"about":[{"href":"https:\/\/dev.nellemannmachinery.dk\/sv\/wp-json\/wp\/v2\/types\/page"}],"author":[{"embeddable":true,"href":"https:\/\/dev.nellemannmachinery.dk\/sv\/wp-json\/wp\/v2\/users\/1"}],"replies":[{"embeddable":true,"href":"https:\/\/dev.nellemannmachinery.dk\/sv\/wp-json\/wp\/v2\/comments?post=1310"}],"version-history":[{"count":0,"href":"https:\/\/dev.nellemannmachinery.dk\/sv\/wp-json\/wp\/v2\/pages\/1310\/revisions"}],"wp:attachment":[{"href":"https:\/\/dev.nellemannmachinery.dk\/sv\/wp-json\/wp\/v2\/media?parent=1310"}],"curies":[{"name":"wp","href":"https:\/\/api.w.org\/{rel}","templated":true}]}}