{"id":1312,"date":"2020-05-13T13:39:50","date_gmt":"2020-05-13T13:39:50","guid":{"rendered":"https:\/\/dev.nellemannmachinery.dk\/om-firmaet\/"},"modified":"2023-01-02T11:12:13","modified_gmt":"2023-01-02T09:12:13","slug":"leverantor-kubota-spider-billygoat-vitra","status":"publish","type":"page","link":"https:\/\/dev.nellemannmachinery.dk\/sv\/leverantor-kubota-spider-billygoat-vitra\/","title":{"rendered":"Om oss"},"content":{"rendered":"<div id=\"pl-1312\"  class=\"panel-layout\" ><div id=\"pg-1312-0\"  class=\"panel-grid panel-no-style\" ><div id=\"pgc-1312-0-0\"  class=\"panel-grid-cell\" ><div id=\"panel-1312-0-0-0\" class=\"so-panel widget widget_mtt-subpage-cover panel-first-child panel-last-child\" data-index=\"0\" ><div\n\t\t\t\n\t\t\tclass=\"so-widget-mtt-subpage-cover so-widget-mtt-subpage-cover-base\"\n\t\t\t\n\t\t>\n<section class=\"mtt-subpage-cover\">\n\n    <div class=\"mtt-subpage-cover__inner page_container\">\n        <div class=\"mtt-subpage-cover__text-container\">\n                            <h1 class=\"mtt-subpage-cover__title title-line\" style=\"color:#ffffff\">Nellemann Machinery har i dag filialer i Sverige, Norge och Danmark<\/h1>\n                                    \n    <div class=\"button-section\">\n\n        \n                <a href=\"https:\/\/dev.nellemannmachinery.dk\/produkter\/\" class=\"button default\">Produkter<\/a>\n\n            \n                <a href=\"https:\/\/dev.nellemannmachinery.dk\/kontakt\/\" class=\"button white\">Kontakta oss<\/a>\n\n            \n    <\/div>\n\n        <\/div>\n    <\/div>\n\n            <div class=\"mtt-subpage-cover__overlay default\" style=\"opacity: 0.4;\"><\/div>\n    \n    \n        <div class=\"mtt-subpage-cover__image-container object-fit\">\n            <picture>\n                                    <source srcset=\"https:\/\/dev.nellemannmachinery.dk\/wp-content\/uploads\/2021\/10\/Namnlos-design-5-375x181.png\" alt=\"Namnl\u00f6s design (5)\" media=\"(max-width: 375px)\">\n                                                    <source srcset=\"https:\/\/dev.nellemannmachinery.dk\/wp-content\/uploads\/2021\/10\/Namnlos-design-5-600x289.png\" alt=\"Namnl\u00f6s design (5)\" media=\"(max-width: 580px)\">\n                                                    <source srcset=\"https:\/\/dev.nellemannmachinery.dk\/wp-content\/uploads\/2021\/10\/Namnlos-design-5-1200x578.png\" alt=\"Namnl\u00f6s design (5)\" media=\"(max-width: 1160px)\">\n                                <img decoding=\"async\" src=\"https:\/\/dev.nellemannmachinery.dk\/wp-content\/uploads\/2021\/10\/Namnlos-design-5-935x450.png\" alt=\"Namnl\u00f6s design (5)\">\n            <\/picture>\n        <\/div>\n\n        \n<\/section><\/div><\/div><\/div><\/div><div id=\"pg-1312-1\"  class=\"panel-grid panel-no-style\" ><div id=\"pgc-1312-1-0\"  class=\"panel-grid-cell\" ><div id=\"panel-1312-1-0-0\" class=\"so-panel widget widget_mtt-text-image panel-first-child panel-last-child\" data-index=\"1\" ><div\n\t\t\t\n\t\t\tclass=\"so-widget-mtt-text-image so-widget-mtt-text-image-base\"\n\t\t\t\n\t\t>\n<section class=\"mtt-text-image spacing_top_104 spacing_bottom_104 spacing-classes-added image-right mtt-text-image--border-top mtt-text-image--smaller-image mtt-text-image--bg-default\">\n    <div class=\"mtt-text-image__inner page_container\">\n\n        <div class=\"mtt-text-image__text-container\">\n                            <span class=\"mtt-text-image__tagline tagline\">NELLEMANN MACHINERY<\/span>\n                                        <h2 class=\"mtt-text-image__title\">Leverant\u00f6r av<br \/> professionella maskiner<\/h2>\n                                        <div class=\"mtt-text-image__text styled-text-small\"><p>Nellemann Machinery \u00e4r stolta generalagenter f\u00f6r traktorer, gr\u00e4sklippare och RTV-fordon fr\u00e5n japanska Kubota. Vi har \u00e4ven andra fantastiska agenturer som radiostyrda sl\u00e4ntklippare fr\u00e5n Spider, midjestyrda redskapsb\u00e4rare fr\u00e5n Vitra och effektiva l\u00f6vbl\u00e5sare fr\u00e5n Billy Goat. Hos Nellemann Machinery f\u00e5r ni en trygg maskinaff\u00e4r med h\u00f6g kunskap b\u00e5de i f\u00f6rs\u00e4ljningsled, serviceled och reservdelshantering. V\u00e5r m\u00e5ls\u00e4ttning \u00e4r att kunden ska f\u00e5 r\u00e4tt produkt till r\u00e4tt pris. Med erfarna s\u00e4ljare och stor branschkunskap har vi f\u00e5tt fina referenser och skapat l\u00e5nga kundrelationer. F\u00f6retagets st\u00f6rsta kundgrupper finns inom fastighet\/kyrka\/park\/fritidsf\u00f6rvaltingar och samt lantbruk.<\/p>\n<\/div>\n                                <\/div>\n\n        <div class=\"mtt-text-image__image-container object-fit\">\n                        <picture>\n                                    <source srcset=\"https:\/\/dev.nellemannmachinery.dk\/wp-content\/uploads\/2022\/02\/DSC3871-372x240.jpg\" alt=\"_DSC3871\" media=\"(max-width: 375px)\">\n                                                    <source srcset=\"https:\/\/dev.nellemannmachinery.dk\/wp-content\/uploads\/2022\/02\/DSC3871-542x350.jpg\" alt=\"_DSC3871\" media=\"(max-width: 580px)\">\n                                                    <source srcset=\"https:\/\/dev.nellemannmachinery.dk\/wp-content\/uploads\/2022\/02\/DSC3871-775x500.jpg\" alt=\"_DSC3871\" media=\"(max-width: 1160px)\">\n                                <img decoding=\"async\" src=\"https:\/\/dev.nellemannmachinery.dk\/wp-content\/uploads\/2022\/02\/DSC3871-300x194.jpg\" full=\"https:\/\/dev.nellemannmachinery.dk\/wp-content\/uploads\/2022\/02\/DSC3871-900x581.jpg\" alt=\"_DSC3871\" lazy-load>\n            <\/picture>\n        <\/div>\n\n    <\/div>\n<\/section><\/div><\/div><\/div><\/div><div id=\"pg-1312-2\"  class=\"panel-grid panel-no-style\" ><div id=\"pgc-1312-2-0\"  class=\"panel-grid-cell\" ><div id=\"panel-1312-2-0-0\" class=\"so-panel widget widget_mtt-text-image panel-first-child panel-last-child\" data-index=\"2\" ><div\n\t\t\t\n\t\t\tclass=\"so-widget-mtt-text-image so-widget-mtt-text-image-base\"\n\t\t\t\n\t\t>\n<section class=\"mtt-text-image spacing_bottom_104 spacing-classes-added image-left mtt-text-image--border-top mtt-text-image--smaller-image mtt-text-image--bg-default\">\n    <div class=\"mtt-text-image__inner page_container\">\n\n        <div class=\"mtt-text-image__text-container\">\n                                        <h2 class=\"mtt-text-image__title\">Nellemann Machinery<\/h2>\n                                        <div class=\"mtt-text-image__text styled-text-small\"><p><strong>Ett f\u00f6retag med fokus p\u00e5 kvalitet, effektivitet och h\u00f6g kundservice.<\/strong><\/p>\n<p>Nellemann Machinery, Sk\u00e4nninge<\/p>\n<p>Nellemann Machinery har i dag filialer i Sverige, Danmark och Norge. Utvecklingen av f\u00f6retaget ska p\u00e5 l\u00e5ng sikt leda till h\u00f6gre n\u00e4rvaro ute bland kunderna, bland annat genom expansion av f\u00f6rs\u00e4ljnings- och servicepunkter i hela Skandinavien. Huvudkontoret f\u00f6r Nellemann Machinery ligger i Sk\u00e4nninge. Har du m\u00f6jlighet \u00e4r du varmt v\u00e4lkommen att titta i v\u00e5r utst\u00e4llning och reservdelsbutik.<\/p>\n<p><strong>Kontakt<\/strong><br \/>\n<strong>Monica Johansson Tel. +46 (0) 13 25 36 06<\/strong><br \/>\n<strong>mjo@nellemannmachinery.com<\/strong><\/p>\n<p>&nbsp;<\/p>\n<p>&nbsp;<\/p>\n<\/div>\n                                <\/div>\n\n        <div class=\"mtt-text-image__image-container object-fit\">\n                        <picture>\n                                    <source srcset=\"https:\/\/dev.nellemannmachinery.dk\/wp-content\/uploads\/2020\/09\/DSC4190-360x240.jpg\" alt=\"_DSC4190\" media=\"(max-width: 375px)\">\n                                                    <source srcset=\"https:\/\/dev.nellemannmachinery.dk\/wp-content\/uploads\/2020\/09\/DSC4190-525x350.jpg\" alt=\"_DSC4190\" media=\"(max-width: 580px)\">\n                                                    <source srcset=\"https:\/\/dev.nellemannmachinery.dk\/wp-content\/uploads\/2020\/09\/DSC4190-750x500.jpg\" alt=\"_DSC4190\" media=\"(max-width: 1160px)\">\n                                <img decoding=\"async\" src=\"https:\/\/dev.nellemannmachinery.dk\/wp-content\/uploads\/2020\/09\/DSC4190-300x200.jpg\" full=\"https:\/\/dev.nellemannmachinery.dk\/wp-content\/uploads\/2020\/09\/DSC4190-900x600.jpg\" alt=\"_DSC4190\" lazy-load>\n            <\/picture>\n        <\/div>\n\n    <\/div>\n<\/section><\/div><\/div><\/div><\/div><div id=\"pg-1312-3\"  class=\"panel-grid panel-no-style\" ><div id=\"pgc-1312-3-0\"  class=\"panel-grid-cell\" ><div id=\"panel-1312-3-0-0\" class=\"so-panel widget widget_mtt-text-image panel-first-child panel-last-child\" data-index=\"3\" ><div\n\t\t\t\n\t\t\tclass=\"so-widget-mtt-text-image so-widget-mtt-text-image-base\"\n\t\t\t\n\t\t>\n<section class=\"mtt-text-image spacing_bottom_104 spacing-classes-added image-right mtt-text-image--border-top mtt-text-image--smaller-image mtt-text-image--bg-default\">\n    <div class=\"mtt-text-image__inner page_container\">\n\n        <div class=\"mtt-text-image__text-container\">\n                                                    <div class=\"mtt-text-image__text styled-text-small\"><h2 class=\"mtt-text-image__title\">Kubota Center<\/h2>\n<p>Kubota Center, Stockholm<\/p>\n<p>Redan 2015 b\u00f6rjade Maskino planera byggandet av vad som skulle bli det f\u00f6rsta Kubota Center i Sverige. April 2020 flytta de \u00e4ntligen in i lokalerna. Genom ett samarbete med Nellemann Machinery visas nu ocks\u00e5 Kubotas gr\u00f6nyte och lantbruksmaskiner p\u00e5 anl\u00e4ggningen. Visionen var att skapa en toppmodern anl\u00e4ggning med en stor visningshall d\u00e4r hela Kubotas sortiment kan visas samt en modern serviceverkstad. Vi st\u00e5r mer \u00e4n g\u00e4rna till tj\u00e4nst med visning och demonstrationer av maskinerna. F\u00f6r att s\u00e4kerst\u00e4lla att just den maskin du vill provk\u00f6ra finns inne, \u00e4r det bra om du bokar en provk\u00f6rning med oss.<\/p>\n<p>Varmt v\u00e4lkomna till KUBOTA Center Stockholm!<\/p>\n<p><strong>Kontakta <\/strong><br \/>\n<strong>Per Celander Tel. +46 (0) 72 402 30 10<\/strong><br \/>\n<strong>pec@nellemannmachinery.com<\/strong><\/p>\n<p>&nbsp;<\/p>\n<\/div>\n                                <\/div>\n\n        <div class=\"mtt-text-image__image-container object-fit\">\n                        <picture>\n                                    <source srcset=\"https:\/\/dev.nellemannmachinery.dk\/wp-content\/uploads\/2020\/07\/F90_1024x768-11-360x240.jpg\" alt=\"Kubota\" media=\"(max-width: 375px)\">\n                                                    <source srcset=\"https:\/\/dev.nellemannmachinery.dk\/wp-content\/uploads\/2020\/07\/F90_1024x768-11-525x350.jpg\" alt=\"Kubota\" media=\"(max-width: 580px)\">\n                                                    <source srcset=\"https:\/\/dev.nellemannmachinery.dk\/wp-content\/uploads\/2020\/07\/F90_1024x768-11-750x500.jpg\" alt=\"Kubota\" media=\"(max-width: 1160px)\">\n                                <img decoding=\"async\" src=\"https:\/\/dev.nellemannmachinery.dk\/wp-content\/uploads\/2020\/07\/F90_1024x768-11-300x200.jpg\" full=\"https:\/\/dev.nellemannmachinery.dk\/wp-content\/uploads\/2020\/07\/F90_1024x768-11-900x600.jpg\" alt=\"Kubota\" lazy-load>\n            <\/picture>\n        <\/div>\n\n    <\/div>\n<\/section><\/div><\/div><\/div><\/div><div id=\"pg-1312-4\"  class=\"panel-grid panel-no-style\" ><div id=\"pgc-1312-4-0\"  class=\"panel-grid-cell\" ><div id=\"panel-1312-4-0-0\" class=\"so-panel widget widget_mtt-text-image panel-first-child panel-last-child\" data-index=\"4\" ><div\n\t\t\t\n\t\t\tclass=\"so-widget-mtt-text-image so-widget-mtt-text-image-base\"\n\t\t\t\n\t\t>\n<section class=\"mtt-text-image spacing_bottom_104 spacing-classes-added image-left mtt-text-image--border-top mtt-text-image--smaller-image mtt-text-image--bg-default\">\n    <div class=\"mtt-text-image__inner page_container\">\n\n        <div class=\"mtt-text-image__text-container\">\n                                                    <div class=\"mtt-text-image__text styled-text-small\"><h2 class=\"mtt-text-image__title\">Nellemann Machinery<\/h2>\n<p>Trolle Ljungby, Kristianstad<\/p>\n<p>I Kristianstad hittar ni Trolle Ljungby Servicecenter en Kubota m\u00e4rkesverkstad, som servar och reparerar alla traktorer och gr\u00f6nytemaskiner. Vi \u00e4r i allra h\u00f6gsta grad medvetna om hur viktig din maskin \u00e4r f\u00f6r din verksamhet. D\u00e4rf\u00f6r tar vi p\u00e5 Trolle Ljungby service och eftermarknad p\u00e5 st\u00f6rsta allvar. Vad du \u00e4n har f\u00f6r service\u00e4rende, tveka inte att kontakta oss. Hos oss kan ni boka visning och demonstrationer av maskinerna. F\u00f6r att s\u00e4kerst\u00e4lla att just den maskinen du vill provk\u00f6ra finns inne, \u00e4r det bra om du bokar en provk\u00f6rning med oss.<\/p>\n<p>V\u00e4lkommen in till Servicecenter i Trolle Ljungby!<\/p>\n<p><strong>Kontakta <\/strong><br \/>\n<strong>J\u00f6rgen Pettersson Tel. +46 (0) 70 812 98 51<\/strong><br \/>\n<strong>jpe@nellemannmachinery.com<\/strong><\/p>\n<p>&nbsp;<\/p>\n<p>&nbsp;<\/p>\n<p>&nbsp;<\/p>\n<\/div>\n                                <\/div>\n\n        <div class=\"mtt-text-image__image-container object-fit\">\n                        <picture>\n                                    <source srcset=\"https:\/\/dev.nellemannmachinery.dk\/wp-content\/uploads\/2021\/11\/DSC7329-375x224.jpg\" alt=\"_DSC7329\" media=\"(max-width: 375px)\">\n                                                    <source srcset=\"https:\/\/dev.nellemannmachinery.dk\/wp-content\/uploads\/2021\/11\/DSC7329-586x350.jpg\" alt=\"_DSC7329\" media=\"(max-width: 580px)\">\n                                                    <source srcset=\"https:\/\/dev.nellemannmachinery.dk\/wp-content\/uploads\/2021\/11\/DSC7329-837x500.jpg\" alt=\"_DSC7329\" media=\"(max-width: 1160px)\">\n                                <img decoding=\"async\" src=\"https:\/\/dev.nellemannmachinery.dk\/wp-content\/uploads\/2021\/11\/DSC7329-300x179.jpg\" full=\"https:\/\/dev.nellemannmachinery.dk\/wp-content\/uploads\/2021\/11\/DSC7329-900x538.jpg\" alt=\"_DSC7329\" lazy-load>\n            <\/picture>\n        <\/div>\n\n    <\/div>\n<\/section><\/div><\/div><\/div><\/div><\/div>","protected":false},"excerpt":{"rendered":"<p>Nellemann Machinery har i dag filialer i Sverige, Norge och Danmark Produkter Kontakta oss NELLEMANN MACHINERY Leverant\u00f6r av professionella maskiner Nellemann Machinery \u00e4r stolta generalagenter f\u00f6r traktorer, gr\u00e4sklippare och RTV-fordon fr\u00e5n japanska Kubota. Vi har \u00e4ven andra fantastiska agenturer som radiostyrda sl\u00e4ntklippare fr\u00e5n Spider, midjestyrda redskapsb\u00e4rare fr\u00e5n Vitra och effektiva l\u00f6vbl\u00e5sare fr\u00e5n Billy Goat. Hos [&hellip;]<\/p>\n","protected":false},"author":1,"featured_media":13890,"parent":0,"menu_order":0,"comment_status":"closed","ping_status":"closed","template":"","meta":{"_acf_changed":false,"inline_featured_image":false,"footnotes":""},"class_list":["post-1312","page","type-page","status-publish","has-post-thumbnail","hentry"],"acf":[],"yoast_head":"<!-- This site is optimized with the Yoast SEO plugin v27.4 - https:\/\/yoast.com\/product\/yoast-seo-wordpress\/ -->\n<title>Nellemann Machinery - Stolta generalagenter f\u00f6r Kubota<\/title>\n<meta name=\"description\" content=\"Nellemann Machinery \u00e4r stolta generalagenter f\u00f6r traktorer, gr\u00e4sklippare och RTV-fordon fr\u00e5n japanska Kubota.\" \/>\n<meta name=\"robots\" content=\"noindex, follow, max-snippet:-1, max-image-preview:large, max-video-preview:-1\" \/>\n<meta property=\"og:locale\" content=\"sv_SE\" \/>\n<meta property=\"og:type\" content=\"article\" \/>\n<meta property=\"og:title\" content=\"Nellemann Machinery - Stolta generalagenter f\u00f6r Kubota\" \/>\n<meta property=\"og:description\" content=\"Nellemann Machinery \u00e4r stolta generalagenter f\u00f6r traktorer, gr\u00e4sklippare och RTV-fordon fr\u00e5n japanska Kubota.\" \/>\n<meta property=\"og:url\" content=\"https:\/\/nellemannmachinery.se\/leverantor-kubota-spider-billygoat-vitra\/\" \/>\n<meta property=\"og:site_name\" content=\"Nellemann Machinery\" \/>\n<meta property=\"article:publisher\" content=\"https:\/\/www.facebook.com\/Nellemann-Machinery-718705991612962\" \/>\n<meta property=\"article:modified_time\" content=\"2023-01-02T09:12:13+00:00\" \/>\n<meta property=\"og:image\" content=\"https:\/\/nellemannmachinery.se\/wp-content\/uploads\/2022\/02\/DSC3871.jpg\" \/>\n\t<meta property=\"og:image:width\" content=\"1925\" \/>\n\t<meta property=\"og:image:height\" content=\"1242\" \/>\n\t<meta property=\"og:image:type\" content=\"image\/jpeg\" \/>\n<meta name=\"twitter:card\" content=\"summary_large_image\" \/>\n<meta name=\"twitter:label1\" content=\"Est. reading time\" \/>\n\t<meta name=\"twitter:data1\" content=\"1 minute\" \/>\n<!-- \/ Yoast SEO plugin. -->","yoast_head_json":{"title":"Nellemann Machinery - Stolta generalagenter f\u00f6r Kubota","description":"Nellemann Machinery \u00e4r stolta generalagenter f\u00f6r traktorer, gr\u00e4sklippare och RTV-fordon fr\u00e5n japanska Kubota.","robots":{"index":"noindex","follow":"follow","max-snippet":"max-snippet:-1","max-image-preview":"max-image-preview:large","max-video-preview":"max-video-preview:-1"},"og_locale":"sv_SE","og_type":"article","og_title":"Nellemann Machinery - Stolta generalagenter f\u00f6r Kubota","og_description":"Nellemann Machinery \u00e4r stolta generalagenter f\u00f6r traktorer, gr\u00e4sklippare och RTV-fordon fr\u00e5n japanska Kubota.","og_url":"https:\/\/nellemannmachinery.se\/leverantor-kubota-spider-billygoat-vitra\/","og_site_name":"Nellemann Machinery","article_publisher":"https:\/\/www.facebook.com\/Nellemann-Machinery-718705991612962","article_modified_time":"2023-01-02T09:12:13+00:00","og_image":[{"width":1925,"height":1242,"url":"https:\/\/nellemannmachinery.se\/wp-content\/uploads\/2022\/02\/DSC3871.jpg","type":"image\/jpeg"}],"twitter_card":"summary_large_image","twitter_misc":{"Est. reading time":"1 minute"},"schema":{"@context":"https:\/\/schema.org","@graph":[{"@type":"WebPage","@id":"https:\/\/nellemannmachinery.se\/leverantor-kubota-spider-billygoat-vitra\/","url":"https:\/\/nellemannmachinery.se\/leverantor-kubota-spider-billygoat-vitra\/","name":"Nellemann Machinery - Stolta generalagenter f\u00f6r Kubota","isPartOf":{"@id":"https:\/\/dev.nellemannmachinery.dk\/#website"},"primaryImageOfPage":{"@id":"https:\/\/nellemannmachinery.se\/leverantor-kubota-spider-billygoat-vitra\/#primaryimage"},"image":{"@id":"https:\/\/nellemannmachinery.se\/leverantor-kubota-spider-billygoat-vitra\/#primaryimage"},"thumbnailUrl":"https:\/\/dev.nellemannmachinery.dk\/wp-content\/uploads\/2022\/02\/DSC3871.jpg","datePublished":"2020-05-13T13:39:50+00:00","dateModified":"2023-01-02T09:12:13+00:00","description":"Nellemann Machinery \u00e4r stolta generalagenter f\u00f6r traktorer, gr\u00e4sklippare och RTV-fordon fr\u00e5n japanska Kubota.","breadcrumb":{"@id":"https:\/\/nellemannmachinery.se\/leverantor-kubota-spider-billygoat-vitra\/#breadcrumb"},"inLanguage":"sv-SE","potentialAction":[{"@type":"ReadAction","target":["https:\/\/nellemannmachinery.se\/leverantor-kubota-spider-billygoat-vitra\/"]}]},{"@type":"ImageObject","inLanguage":"sv-SE","@id":"https:\/\/nellemannmachinery.se\/leverantor-kubota-spider-billygoat-vitra\/#primaryimage","url":"https:\/\/dev.nellemannmachinery.dk\/wp-content\/uploads\/2022\/02\/DSC3871.jpg","contentUrl":"https:\/\/dev.nellemannmachinery.dk\/wp-content\/uploads\/2022\/02\/DSC3871.jpg","width":1925,"height":1242},{"@type":"BreadcrumbList","@id":"https:\/\/nellemannmachinery.se\/leverantor-kubota-spider-billygoat-vitra\/#breadcrumb","itemListElement":[{"@type":"ListItem","position":1,"name":"Home","item":"https:\/\/nellemannmachinery.se\/"},{"@type":"ListItem","position":2,"name":"Om oss"}]},{"@type":"WebSite","@id":"https:\/\/dev.nellemannmachinery.dk\/#website","url":"https:\/\/dev.nellemannmachinery.dk\/","name":"Nellemann Machinery","description":"","publisher":{"@id":"https:\/\/dev.nellemannmachinery.dk\/#organization"},"potentialAction":[{"@type":"SearchAction","target":{"@type":"EntryPoint","urlTemplate":"https:\/\/dev.nellemannmachinery.dk\/?s={search_term_string}"},"query-input":{"@type":"PropertyValueSpecification","valueRequired":true,"valueName":"search_term_string"}}],"inLanguage":"sv-SE"},{"@type":"Organization","@id":"https:\/\/dev.nellemannmachinery.dk\/#organization","name":"Nellemann Machinery","url":"https:\/\/dev.nellemannmachinery.dk\/","logo":{"@type":"ImageObject","inLanguage":"sv-SE","@id":"https:\/\/dev.nellemannmachinery.dk\/#\/schema\/logo\/image\/","url":"https:\/\/dev.nellemannmachinery.dk\/wp-content\/uploads\/2020\/09\/logo-1.png","contentUrl":"https:\/\/dev.nellemannmachinery.dk\/wp-content\/uploads\/2020\/09\/logo-1.png","width":398,"height":71,"caption":"Nellemann Machinery"},"image":{"@id":"https:\/\/dev.nellemannmachinery.dk\/#\/schema\/logo\/image\/"},"sameAs":["https:\/\/www.facebook.com\/Nellemann-Machinery-718705991612962","https:\/\/www.instagram.com\/nellemannmachinery\/?hl=da","https:\/\/www.linkedin.com\/company\/svenningsens-maskinforretning-as\/about\/"]}]}},"_links":{"self":[{"href":"https:\/\/dev.nellemannmachinery.dk\/sv\/wp-json\/wp\/v2\/pages\/1312","targetHints":{"allow":["GET"]}}],"collection":[{"href":"https:\/\/dev.nellemannmachinery.dk\/sv\/wp-json\/wp\/v2\/pages"}],"about":[{"href":"https:\/\/dev.nellemannmachinery.dk\/sv\/wp-json\/wp\/v2\/types\/page"}],"author":[{"embeddable":true,"href":"https:\/\/dev.nellemannmachinery.dk\/sv\/wp-json\/wp\/v2\/users\/1"}],"replies":[{"embeddable":true,"href":"https:\/\/dev.nellemannmachinery.dk\/sv\/wp-json\/wp\/v2\/comments?post=1312"}],"version-history":[{"count":0,"href":"https:\/\/dev.nellemannmachinery.dk\/sv\/wp-json\/wp\/v2\/pages\/1312\/revisions"}],"wp:featuredmedia":[{"embeddable":true,"href":"https:\/\/dev.nellemannmachinery.dk\/sv\/wp-json\/wp\/v2\/media\/13890"}],"wp:attachment":[{"href":"https:\/\/dev.nellemannmachinery.dk\/sv\/wp-json\/wp\/v2\/media?parent=1312"}],"curies":[{"name":"wp","href":"https:\/\/api.w.org\/{rel}","templated":true}]}}