{"id":1313,"date":"2020-05-17T19:01:13","date_gmt":"2020-05-17T19:01:13","guid":{"rendered":"https:\/\/dev.nellemannmachinery.dk\/privatlivspolitik\/"},"modified":"2020-08-24T21:11:32","modified_gmt":"2020-08-24T19:11:32","slug":"privatlivspolitik","status":"publish","type":"page","link":"https:\/\/dev.nellemannmachinery.dk\/sv\/privatlivspolitik\/","title":{"rendered":"Integritetspolicy"},"content":{"rendered":"<div class=\"contactAndContent\">\n<h1>Integritetspolicy f\u00f6r kunder Nellemann Machinery AB<\/h1>\n<p>Vi tar hanteringen av dina personuppgifter p\u00e5 st\u00f6rsta allvar och vill att du ska k\u00e4nna dig trygg med att vi skyddar de personuppgifter vi har om dig. Vi hanterar dina personuppgifter i enlighet med dataskyddsf\u00f6rordningen (GDPR) och dataskyddslagen samt annan till\u00e4mplig lagstiftning och myndigheters f\u00f6reskrifter. H\u00e4r f\u00f6rklarar vi hur vi samlar in och anv\u00e4nder dina personuppgifter. Vi beskriver dina r\u00e4ttigheter och hur du kan tillvarata dem.<\/p>\n<h1>1. Hantering av personuppgifter<\/h1>\n<p><strong>\u00a0<\/strong><\/p>\n<h2>1.1 Personuppgiftsansvarig<\/h2>\n<p><strong>\u00a0<\/strong>Personuppgiftsansvarig \u00e4r den som best\u00e4mmer f\u00f6r vilka \u00e4ndam\u00e5l som uppgifterna ska behandlas och hur behandlingen ska g\u00e5 till. Personuppgiftsansvarig m\u00e5ste se till att behandlingen sker i enlighet med dataskyddsf\u00f6rordningens samtliga best\u00e4mmelser.<\/p>\n<p>Den juridiska enhet som ansvarar f\u00f6r behandlingen av dina personuppgifter \u00e4r:<\/p>\n<p>Nellemann Machinery AB<br \/>\nOrg. nr.: 556222-2827<\/p>\n<p>Idrottsv\u00e4gen 3<\/p>\n<p>596 34 Sk\u00e4nninge<\/p>\n<p>Telefon: 013-25 36 00<\/p>\n<p>E-post: info.se@nellemannmachinery.com eller dpo@nellemann.dk<\/p>\n<p><strong>\u00a0<\/strong><\/p>\n<h2><a name=\"_Toc513531075\"><\/a>1.2 LAGLIG GRUND F\u00d6R V\u00c5R PERSONUPPGIFTSBEHANDLING<\/h2>\n<p>Behandling av personuppgifter \u00e4r t.ex. insamling, registrering, organisation, strukturering, lagring, anpassning eller modifiering, \u00e5terst\u00e4llning, anv\u00e4ndning, \u00f6verf\u00f6ring och borttagning. Vi behandlar huvudsakligen personuppgifter f\u00f6r att ing\u00e5, administrera och utf\u00f6ra avtal.<\/p>\n<p>F\u00f6r att behandla personuppgifter m\u00e5ste vi st\u00f6dja oss p\u00e5 en laglig grund i enlighet med dataskyddsf\u00f6rordningen samt dataskyddslagen. De mest relevanta lagliga grunderna f\u00f6r oss \u00e4r:<\/p>\n<p>&nbsp;<\/p>\n<table width=\"617\">\n<tbody>\n<tr>\n<td width=\"293\"><strong>Grunder <\/strong><\/td>\n<td width=\"28\"><strong>\u00a0<\/strong><\/td>\n<td width=\"296\"><strong>R\u00e4ttslig grund f\u00f6r behandling<\/strong><\/td>\n<\/tr>\n<tr>\n<td width=\"293\">Att behandlingen \u00e4r n\u00f6dv\u00e4ndig f\u00f6r att uppfylla v\u00e5ra \u00e5taganden mot dig enligt avtalet och<\/p>\n<p>Verkstadsbes\u00f6k<\/p>\n<p>&nbsp;<\/td>\n<td width=\"28\"><\/td>\n<td width=\"296\">Dataskyddsf\u00f6rordning Artikel 6 punkt 1 b.<\/td>\n<\/tr>\n<tr>\n<td width=\"293\">Att fastst\u00e4lla, g\u00f6ra g\u00e4llande och f\u00f6rsvara r\u00e4ttsliga anspr\u00e5k t.ex. bokf\u00f6ringslagen<\/td>\n<td width=\"28\"><\/td>\n<td width=\"296\">Dataskyddsf\u00f6rordning Artikel 6 punkt 1 c.<\/td>\n<\/tr>\n<tr>\n<td width=\"293\">Att identifiera dig som kund, f\u00f6r att kommunicera med dig och f\u00f6r att ge dig relevant information.<\/p>\n<p>&nbsp;<\/p>\n<p>&nbsp;<\/p>\n<p>&nbsp;<\/td>\n<td width=\"28\"><\/td>\n<td width=\"296\">Dataskyddsf\u00f6rordning enligt intresseavv\u00e4gning artikel 6 punkt 1 f.<\/td>\n<\/tr>\n<tr>\n<td width=\"293\">Marknadsf\u00f6ring<\/td>\n<td width=\"28\"><\/td>\n<td width=\"296\">Samtycke enligt Dataskyddsf\u00f6rordning artikel 6 punkt 1 a och i vissa fall intresseavv\u00e4gning artikel 6 punkt 1 f.<\/td>\n<\/tr>\n<tr>\n<td width=\"293\">Skydda v\u00e5ra intressen som leverant\u00f6r av maskinerna<\/p>\n<p>&nbsp;<\/td>\n<td width=\"28\"><\/td>\n<td width=\"296\">Dataskyddsf\u00f6rordning enligt intresseavv\u00e4gning artikel 6 punkt 1 f.<\/td>\n<\/tr>\n<\/tbody>\n<\/table>\n<h2><a name=\"_Toc513531076\"><\/a>1.3 VILKA PERSONUPPGIFTER INH\u00c4MTAR VI?<\/h2>\n<p>De personuppgifter som samlas in kan bland annat inbegripa;<\/p>\n<ul>\n<li>Namn, adress, e-postadress, telefonnummer<\/li>\n<li>Personnummer<\/li>\n<li>Org. nummer<\/li>\n<li>F\u00f6retagsinformation<\/li>\n<li>Jobbtitel<\/li>\n<li>Ekonomiska uppgifter<\/li>\n<li>Uppgifter fr\u00e5n offentliga institutioner och register<\/li>\n<li>Uppgifter om maskinen<\/li>\n<li>Uppgifter om f\u00f6rs\u00e4kring av maskinen<\/li>\n<li>IP-adress om du ger samtycke<\/li>\n<\/ul>\n<h2>1.4 HUR SAMLAR VI IN PERSONUPPGIFTER OM DIG?<\/h2>\n<p>Vi inh\u00e4mtar uppgifter fr\u00e5n dig n\u00e4r du interagerar med oss via v\u00e5ra kommunikationskanaler (t.ex. v\u00e5ra hemsidor, telefon, mejl). Ibland samlar vi in \u200b\u200bdata fr\u00e5n andra, t.ex. offentliga eller privata institutioner t.ex. \u00a0Transportstyrelsen og kreditbolag.<\/p>\n<p>Vi anv\u00e4nder s\u00e5 kallade cookies p\u00e5 Internet och det sker ocks\u00e5 en automatisk registrering av bes\u00f6kares IP-adresser f\u00f6r m\u00e4tning av bes\u00f6ksfrekvens och f\u00f6r s\u00e4kerhets\u00e4ndam\u00e5l. Behandlingen sker med st\u00f6d av det samtycke som du l\u00e4mnar n\u00e4r du bes\u00f6ker v\u00e5r hemsida. F\u00f6r mer information, se v\u00e5r cookiepolicy<\/p>\n<h2><a name=\"_Toc513531080\"><\/a>1.5 \u00d6VERF\u00d6RING AV DINA PERSONUPPGIFTER<\/h2>\n<p>F\u00f6r att kunna leverera v\u00e5ra maskiner och tillh\u00f6rande tj\u00e4nster beh\u00f6ver vi dock dela dina personuppgifter med andra, detta sker endast i den grad det till\u00e5ts enligt g\u00e4llande lagstiftning. Personuppgifter kommer att kunna l\u00e4mnas ut till tredje part n\u00e4r s\u00e5 kr\u00e4vs f\u00f6r att fullg\u00f6ra v\u00e5rt avtal med dig t.ex. f\u00f6rs\u00e4kringsbolag, producent och finansieringsbolag.<\/p>\n<p>N\u00e4r myndigheter st\u00f6djer lagen f\u00f6r att h\u00e4mta information om dig eller i fall d\u00e4r vi sj\u00e4lva har r\u00e4tt eller skyldighet att l\u00e4mna information, avsl\u00f6jar vi din personliga information utan ditt samtycke.<\/p>\n<p>I h\u00e4ndelse av tvist eller annan pr\u00f6vning kan vi l\u00e4mna ut dina personuppgifter till domstolar.<\/p>\n<p>Vi delar personuppgifter med leverant\u00f6rer som behandlar personuppgifter f\u00f6r v\u00e5r r\u00e4kning, s\u00e5 kallade personuppgiftsbitr\u00e4den. Vi st\u00e4ller alltid h\u00f6ga krav p\u00e5 leverant\u00f6rerna i personuppgiftsbitr\u00e4desavtal f\u00f6r att s\u00e4kerst\u00e4lla att leverant\u00f6ren vidtar de tekniska och organisatoriska \u00e5tg\u00e4rder som kr\u00e4vs f\u00f6r att s\u00e4kerst\u00e4lla ett l\u00e4mpligt skydd f\u00f6r personuppgifterna. Leverant\u00f6ren f\u00e5r inte behandla personuppgifterna f\u00f6r egna \u00e4ndam\u00e5l utan tillhandah\u00e5ller den aktuella tj\u00e4nsten f\u00f6r v\u00e5r r\u00e4kning.<\/p>\n<h2>1.6 \u00d6verf\u00f6ring av dina uppgifter utanf\u00f6r EES<\/h2>\n<p>Dina personuppgifter lagras inom den Europeiska unionen (EU) och europeiska ekonomiska samarbetsomr\u00e5det (EES). P\u00e5 grund av globaliseringen och den tekniska utvecklingen kan vi i begr\u00e4nsad omfattning komma att \u00f6verf\u00f6ra eller till\u00e5ta \u00e5tkomst av uppgifter utanf\u00f6r EU\/EES.<\/p>\n<p>Vi g\u00f6r v\u00e5rt yttersta f\u00f6r att skydda din integritet genom att hantera din information aktsamt och vidta l\u00e4mpliga och n\u00f6dv\u00e4ndiga skydds\u00e5tg\u00e4rder fr\u00e5n ett land utanf\u00f6r EU\/EES, till exempel betr\u00e4ffande molntj\u00e4nstleverant\u00f6rer med verksamhet i USA. All s\u00e5dan \u00f6verf\u00f6ring sker med till\u00e4mpning av dataskyddsf\u00f6rordningen best\u00e4mmelser och med v\u00e5rt s\u00e4kerst\u00e4llande av din integritet.<\/p>\n<p><em>\u00a0<\/em><\/p>\n<h2><a name=\"_Toc513531081\"><\/a>1.7 HUR L\u00c4NGE LAGRAR VI DINA PERSONUPPGIFTER?<\/h2>\n<p>Vi sparar dina personuppgifter s\u00e5 l\u00e4nge det \u00e4r n\u00f6dv\u00e4ndigt f\u00f6r att uppfylla det syfte f\u00f6r vilket vi sparar dem eller den tid som kan f\u00f6ranledas enligt g\u00e4llande r\u00e4tt, till exempel till\u00e4mpliga preskriptionstider och krav enligt bokf\u00f6rings- eller redovisningslagen.<\/p>\n<p>Efter att avtalet med oss har upph\u00f6rt beh\u00f6ver vi spara personuppgifter s\u00e5 l\u00e4nge som vi har skyldigheter under avtalet och s\u00e5 l\u00e4nge som du har m\u00f6jlighet att framst\u00e4lla krav under avtalet.<a name=\"_Toc513531084\"><\/a><\/p>\n<h2>1.10 DINA R\u00c4TTIGHETER<\/h2>\n<p>Nedan beskriver vi dina r\u00e4ttigheter, n\u00e4r de g\u00e4ller och n\u00e4r du kan nyttja dem.<\/p>\n<p><strong>R\u00e4tt till tillg\u00e5ng<\/strong><\/p>\n<p>Vi ska informera dig om hur vi behandlar dina personuppgifter. Du har ocks\u00e5 r\u00e4tt att beg\u00e4ra en bekr\u00e4ftelse p\u00e5 om vi behandlar dina personuppgifter och en kopia av de personuppgifter som \u00e4r under behandling.<\/p>\n<p><strong>R\u00e4tt till r\u00e4ttelse<\/strong><\/p>\n<p>N\u00e4r du anser att de personuppgifter vi har om dig inte st\u00e4mmer eller \u00e4r ofullst\u00e4ndiga, s\u00e5 har du r\u00e4tt att beg\u00e4ra att dessa r\u00e4ttas eller uppdateras.<\/p>\n<p><strong>R\u00e4tt till radering<\/strong><\/p>\n<p>Du kan beg\u00e4ra att vi raderar dina personuppgifter om:<\/p>\n<ul>\n<li>personuppgifterna inte l\u00e4ngre \u00e4r n\u00f6dv\u00e4ndiga f\u00f6r det \u00e4ndam\u00e5l som de samlades in f\u00f6r, behandlingen grundar sig enbart p\u00e5 ditt samtycke och du \u00e5terkallar de eller behandlingen av personuppgifterna inte utf\u00f6rs i enlighet med g\u00e4llande lag.<\/li>\n<li>Observera att vi i flesta fall grundar v\u00e5r behandling av personuppgifter p\u00e5 avtal och d\u00e5 kan vi inte radera s\u00e5dan information som vi har om dig som vi beh\u00f6ver f\u00f6r att fullg\u00f6ra eller bevisa v\u00e5rt avtal. Det g\u00e4ller \u00e4ven s\u00e5dan information vi m\u00e5ste bevara enligt lag.<\/li>\n<\/ul>\n<p><strong>R\u00e4tt till begr\u00e4nsning<\/strong><\/p>\n<p>Du har ocks\u00e5 r\u00e4tt att f\u00e5 behandlingen av dina personuppgifter begr\u00e4nsad om:<\/p>\n<ul>\n<li>du anser att de personuppgifterna vi behandlar om dig inte \u00e4r korrekta under tiden vi unders\u00f6ker om informationen \u00e4r korrekt,<\/li>\n<li>personuppgifterna inte l\u00e4ngre kr\u00e4vs f\u00f6r det \u00e4ndam\u00e5l de samlades in f\u00f6r, men du har behov av dessa f\u00f6r att fastst\u00e4lla, g\u00f6ra g\u00e4llande eller f\u00f6rsvara r\u00e4ttsliga anspr\u00e5k,<\/li>\n<li>behandlingen av personuppgifterna \u00e4r olaglig men du mots\u00e4tter dig att dina personuppgifter raderas och ist\u00e4llet beg\u00e4r att en begr\u00e4nsning av anv\u00e4ndningen sker<\/li>\n<li>du har inv\u00e4nt mot den behandling av dina personuppgifter som sker med st\u00f6d av intresseavv\u00e4gning, d\u00e5 kan du beg\u00e4ra att v\u00e5r behandling begr\u00e4nsas under tiden vi unders\u00f6ker om vi har r\u00e4tt att forts\u00e4tta med v\u00e5r behandling.<\/li>\n<\/ul>\n<p><strong>R\u00e4tt till inv\u00e4ndning<\/strong><\/p>\n<p>Du har r\u00e4tt att g\u00f6ra inv\u00e4ndningar mot s\u00e5dana behandlingar av dina personuppgifter som vi utf\u00f6r med ber\u00e4ttigat intresse som laglig grund. Vi har r\u00e4tt att forts\u00e4tta v\u00e5r behandling av dina personuppgifter, trots din inv\u00e4ndning, om vi kan visa att det finns tvingade ber\u00e4ttigade sk\u00e4l som v\u00e4ger tyngre \u00e4n ditt intresse av att behandlingen inte sker.<\/p>\n<p>Du har en ovillkorlig r\u00e4tt att inv\u00e4nda mot behandling av dina personuppgifter vid direkt marknadsf\u00f6ring.<\/p>\n<p><strong>R\u00e4tt att \u00e5terkalla samtycke<\/strong><\/p>\n<p>Om behandlingen av dina personuppgifter baseras p\u00e5 ditt samtycke har du r\u00e4tt att n\u00e4r som helst \u00e5terkalla samtycke. Att samtycket \u00e5terkallas kommer inte att p\u00e5verka giltigheten av behandlingen som bygger p\u00e5 samtycket innan det \u00e5terkallades.<\/p>\n<p><strong>R\u00e4tt till dataportabilitet<\/strong><\/p>\n<p>Du har r\u00e4tt att f\u00e5 en kopia av dina personuppgifter som du har gett till oss, i ett strukturerat, allm\u00e4nt anv\u00e4nt och maskinl\u00e4sligt format (dataportabilitet). R\u00e4tten till dataportabilitet skiljer sig fr\u00e5n r\u00e4tten till tillg\u00e5ng p\u00e5 det s\u00e4tt att du bara har r\u00e4tt till de personuppgifter som du sj\u00e4lv har gett oss och som behandlas enligt vissa lagenliga behandlingsunderlag, t.ex. f\u00f6r att ing\u00e5 eller fullg\u00f6ra ett avtal med dig.<\/p>\n<p><strong>S\u00e5 h\u00e4r kan du ut\u00f6va dina r\u00e4ttigheter<\/strong><\/p>\n<p>F\u00f6r att ut\u00f6va dina r\u00e4ttigheter kan du skicka ett e-postmeddelande till <a href=\"mailto:dpo@nellemann.dk\">dpo@nellemann.dk<\/a><\/p>\n<h1>2. COOKIES<\/h1>\n<h2><strong>\u00a0<\/strong>2.1 VAD \u00c4R EN COOKIE?<\/h2>\n<p>Denna sida anv\u00e4nder cookies. En cookie \u00e4r en liten textfil med information som sparas i din enhet n\u00e4r du bes\u00f6ker en webbplats och hj\u00e4lper till att f\u00f6rb\u00e4ttra din anv\u00e4ndarupplevelse. Vi anv\u00e4nder cookies bland annat f\u00f6r att du ska f\u00e5 r\u00e4tt information och f\u00f6r att vi ska kunna se bes\u00f6ksstatistik.<\/p>\n<p>F\u00f6r att ge oss m\u00f6jlighet att placera cookies p\u00e5 din enhet kr\u00e4vs ett samtycke fr\u00e5n dig. Det enklaste s\u00e4ttet att samtycka \u00e4r genom att trycka p\u00e5 &#8220;Godk\u00e4nn&#8221; i den s\u00e5 kallade cookierutan p\u00e5 v\u00e5r webbplats. Samtycket kan beh\u00f6va inh\u00e4mtas p\u00e5 nytt n\u00e4r vi g\u00f6r \u00e4ndringar p\u00e5 v\u00e5r webbplats, d\u00e4rf\u00f6r kan cookierutan dyka upp med j\u00e4mna mellanrum. F\u00f6r mer information, se v\u00e5r cookiepolicy (LINK TIL COOKIEPOLITIK).<\/p>\n<h2>2.2 \u00c5TERKALLA SAMTYCKE TILL ATT COOKIES<\/h2>\n<p>F\u00f6r att \u00e5terkalla samtycke till att cookies lagras p\u00e5 din enhet \u00e4r det enklaste s\u00e4ttet att sj\u00e4lv radera cookies i din webbl\u00e4sare. Du har ocks\u00e5 m\u00f6jlighet att \u00e4ndra dina sekretessinst\u00e4llningar hos de tj\u00e4nsteleverant\u00f6rer som du anv\u00e4nder. N\u00e4sta g\u00e5ng du bes\u00f6ker v\u00e5r webbplats st\u00e4nger du av de cookies du inte vill att vi ska f\u00e5 placera p\u00e5 din enhet. Vill du helt surfa utan cookies finns en s\u00e5dan funktion i din webbl\u00e4sare.<\/p>\n<h1><a name=\"_Toc513531085\"><\/a>3. KLAGOM\u00c5L<\/h1>\n<p>Om du har klagom\u00e5l p\u00e5 v\u00e5r personuppgiftsbehandling kan du kontakta v\u00e5rt dataskyddsombud som kommer att unders\u00f6ka \u00e4rendet, <a href=\"mailto:dpo@nellemann.dk\">dpo@nellemann.dk<\/a> Du har ocks\u00e5 m\u00f6jlighet att l\u00e4mna in ett klagom\u00e5l till <a href=\"https:\/\/www.datainspektionen.se\/\">Datainspektionen<\/a>.<\/p>\n<h1><a name=\"_Toc513531087\"><\/a>4. \u00c4NDRINGAR I INFORMATIONEN OM HUR VI BEHANDLAR DINA PERSONUPPGIFTER<\/h1>\n<p>Vi g\u00e5r regelbundet igenom den h\u00e4r informationen och \u00e4ndrar f\u00f6r att spegla f\u00f6r\u00e4ndringar i v\u00e5r verksamhet och i lagstiftningen. Uppdateringar kommer att publiceras p\u00e5 v\u00e5ra webbsidor.<\/p>\n<\/div>\n","protected":false},"excerpt":{"rendered":"<p>Integritetspolicy f\u00f6r kunder Nellemann Machinery AB Vi tar hanteringen av dina personuppgifter p\u00e5 st\u00f6rsta allvar och vill att du ska k\u00e4nna dig trygg med att vi skyddar de personuppgifter vi har om dig. Vi hanterar dina personuppgifter i enlighet med dataskyddsf\u00f6rordningen (GDPR) och dataskyddslagen samt annan till\u00e4mplig lagstiftning och myndigheters f\u00f6reskrifter. H\u00e4r f\u00f6rklarar vi hur [&hellip;]<\/p>\n","protected":false},"author":1,"featured_media":0,"parent":0,"menu_order":0,"comment_status":"closed","ping_status":"closed","template":"","meta":{"_acf_changed":false,"inline_featured_image":false,"footnotes":""},"class_list":["post-1313","page","type-page","status-publish","hentry"],"acf":[],"yoast_head":"<!-- This site is optimized with the Yoast SEO plugin v27.4 - https:\/\/yoast.com\/product\/yoast-seo-wordpress\/ -->\n<title>Integritetspolicy - Nellemann Machinery<\/title>\n<meta name=\"robots\" content=\"noindex, follow, max-snippet:-1, max-image-preview:large, max-video-preview:-1\" \/>\n<meta property=\"og:locale\" content=\"sv_SE\" \/>\n<meta property=\"og:type\" content=\"article\" \/>\n<meta property=\"og:title\" content=\"Integritetspolicy - Nellemann Machinery\" \/>\n<meta property=\"og:description\" content=\"Integritetspolicy f\u00f6r kunder Nellemann Machinery AB Vi tar hanteringen av dina personuppgifter p\u00e5 st\u00f6rsta allvar och vill att du ska k\u00e4nna dig trygg med att vi skyddar de personuppgifter vi har om dig. Vi hanterar dina personuppgifter i enlighet med dataskyddsf\u00f6rordningen (GDPR) och dataskyddslagen samt annan till\u00e4mplig lagstiftning och myndigheters f\u00f6reskrifter. H\u00e4r f\u00f6rklarar vi hur [&hellip;]\" \/>\n<meta property=\"og:url\" content=\"https:\/\/nellemannmachinery.se\/privatlivspolitik\/\" \/>\n<meta property=\"og:site_name\" content=\"Nellemann Machinery\" \/>\n<meta property=\"article:publisher\" content=\"https:\/\/www.facebook.com\/Nellemann-Machinery-718705991612962\" \/>\n<meta property=\"article:modified_time\" content=\"2020-08-24T19:11:32+00:00\" \/>\n<meta name=\"twitter:card\" content=\"summary_large_image\" \/>\n<meta name=\"twitter:label1\" content=\"Est. reading time\" \/>\n\t<meta name=\"twitter:data1\" content=\"9 minutes\" \/>\n<!-- \/ Yoast SEO plugin. -->","yoast_head_json":{"title":"Integritetspolicy - Nellemann Machinery","robots":{"index":"noindex","follow":"follow","max-snippet":"max-snippet:-1","max-image-preview":"max-image-preview:large","max-video-preview":"max-video-preview:-1"},"og_locale":"sv_SE","og_type":"article","og_title":"Integritetspolicy - Nellemann Machinery","og_description":"Integritetspolicy f\u00f6r kunder Nellemann Machinery AB Vi tar hanteringen av dina personuppgifter p\u00e5 st\u00f6rsta allvar och vill att du ska k\u00e4nna dig trygg med att vi skyddar de personuppgifter vi har om dig. Vi hanterar dina personuppgifter i enlighet med dataskyddsf\u00f6rordningen (GDPR) och dataskyddslagen samt annan till\u00e4mplig lagstiftning och myndigheters f\u00f6reskrifter. H\u00e4r f\u00f6rklarar vi hur [&hellip;]","og_url":"https:\/\/nellemannmachinery.se\/privatlivspolitik\/","og_site_name":"Nellemann Machinery","article_publisher":"https:\/\/www.facebook.com\/Nellemann-Machinery-718705991612962","article_modified_time":"2020-08-24T19:11:32+00:00","twitter_card":"summary_large_image","twitter_misc":{"Est. reading time":"9 minutes"},"schema":{"@context":"https:\/\/schema.org","@graph":[{"@type":"WebPage","@id":"https:\/\/nellemannmachinery.se\/privatlivspolitik\/","url":"https:\/\/nellemannmachinery.se\/privatlivspolitik\/","name":"Integritetspolicy - Nellemann Machinery","isPartOf":{"@id":"https:\/\/dev.nellemannmachinery.dk\/#website"},"datePublished":"2020-05-17T19:01:13+00:00","dateModified":"2020-08-24T19:11:32+00:00","breadcrumb":{"@id":"https:\/\/nellemannmachinery.se\/privatlivspolitik\/#breadcrumb"},"inLanguage":"sv-SE","potentialAction":[{"@type":"ReadAction","target":["https:\/\/nellemannmachinery.se\/privatlivspolitik\/"]}]},{"@type":"BreadcrumbList","@id":"https:\/\/nellemannmachinery.se\/privatlivspolitik\/#breadcrumb","itemListElement":[{"@type":"ListItem","position":1,"name":"Home","item":"https:\/\/nellemannmachinery.se\/"},{"@type":"ListItem","position":2,"name":"Integritetspolicy"}]},{"@type":"WebSite","@id":"https:\/\/dev.nellemannmachinery.dk\/#website","url":"https:\/\/dev.nellemannmachinery.dk\/","name":"Nellemann Machinery","description":"","publisher":{"@id":"https:\/\/dev.nellemannmachinery.dk\/#organization"},"potentialAction":[{"@type":"SearchAction","target":{"@type":"EntryPoint","urlTemplate":"https:\/\/dev.nellemannmachinery.dk\/?s={search_term_string}"},"query-input":{"@type":"PropertyValueSpecification","valueRequired":true,"valueName":"search_term_string"}}],"inLanguage":"sv-SE"},{"@type":"Organization","@id":"https:\/\/dev.nellemannmachinery.dk\/#organization","name":"Nellemann Machinery","url":"https:\/\/dev.nellemannmachinery.dk\/","logo":{"@type":"ImageObject","inLanguage":"sv-SE","@id":"https:\/\/dev.nellemannmachinery.dk\/#\/schema\/logo\/image\/","url":"https:\/\/dev.nellemannmachinery.dk\/wp-content\/uploads\/2020\/09\/logo-1.png","contentUrl":"https:\/\/dev.nellemannmachinery.dk\/wp-content\/uploads\/2020\/09\/logo-1.png","width":398,"height":71,"caption":"Nellemann Machinery"},"image":{"@id":"https:\/\/dev.nellemannmachinery.dk\/#\/schema\/logo\/image\/"},"sameAs":["https:\/\/www.facebook.com\/Nellemann-Machinery-718705991612962","https:\/\/www.instagram.com\/nellemannmachinery\/?hl=da","https:\/\/www.linkedin.com\/company\/svenningsens-maskinforretning-as\/about\/"]}]}},"_links":{"self":[{"href":"https:\/\/dev.nellemannmachinery.dk\/sv\/wp-json\/wp\/v2\/pages\/1313","targetHints":{"allow":["GET"]}}],"collection":[{"href":"https:\/\/dev.nellemannmachinery.dk\/sv\/wp-json\/wp\/v2\/pages"}],"about":[{"href":"https:\/\/dev.nellemannmachinery.dk\/sv\/wp-json\/wp\/v2\/types\/page"}],"author":[{"embeddable":true,"href":"https:\/\/dev.nellemannmachinery.dk\/sv\/wp-json\/wp\/v2\/users\/1"}],"replies":[{"embeddable":true,"href":"https:\/\/dev.nellemannmachinery.dk\/sv\/wp-json\/wp\/v2\/comments?post=1313"}],"version-history":[{"count":0,"href":"https:\/\/dev.nellemannmachinery.dk\/sv\/wp-json\/wp\/v2\/pages\/1313\/revisions"}],"wp:attachment":[{"href":"https:\/\/dev.nellemannmachinery.dk\/sv\/wp-json\/wp\/v2\/media?parent=1313"}],"curies":[{"name":"wp","href":"https:\/\/api.w.org\/{rel}","templated":true}]}}