{"id":1317,"date":"2020-05-13T13:39:25","date_gmt":"2020-05-13T13:39:25","guid":{"rendered":"https:\/\/dev.nellemannmachinery.dk\/service-eftermarked\/"},"modified":"2023-01-02T11:19:35","modified_gmt":"2023-01-02T09:19:35","slug":"reservdelar-service-kubota","status":"publish","type":"page","link":"https:\/\/dev.nellemannmachinery.dk\/sv\/reservdelar-service-kubota\/","title":{"rendered":"Service &amp; eftermarknad"},"content":{"rendered":"<div id=\"pl-1317\"  class=\"panel-layout\" ><div id=\"pg-1317-0\"  class=\"panel-grid panel-no-style\" ><div id=\"pgc-1317-0-0\"  class=\"panel-grid-cell\" ><div id=\"panel-1317-0-0-0\" class=\"so-panel widget widget_mtt-subpage-cover panel-first-child panel-last-child\" data-index=\"0\" ><div\n\t\t\t\n\t\t\tclass=\"so-widget-mtt-subpage-cover so-widget-mtt-subpage-cover-base\"\n\t\t\t\n\t\t>\n<section class=\"mtt-subpage-cover\">\n\n    <div class=\"mtt-subpage-cover__inner page_container\">\n        <div class=\"mtt-subpage-cover__text-container\">\n                            <h1 class=\"mtt-subpage-cover__title title-line\" style=\"color:#ffffff\">Vi erbjuder service och reparationer i v\u00e5r verkstad<\/h1>\n                                    \n    <div class=\"button-section\">\n\n        \n                <a href=\"https:\/\/dev.nellemannmachinery.dk\/produkter\/\" class=\"button default\">Produkter<\/a>\n\n            \n                <a href=\"https:\/\/dev.nellemannmachinery.dk\/sv\/kubota-aterforsaljare-sverige\/\" class=\"button white\">\u00c5terf\u00f6rs\u00e4ljare<\/a>\n\n            \n    <\/div>\n\n        <\/div>\n    <\/div>\n\n            <div class=\"mtt-subpage-cover__overlay default\" style=\"opacity: 0.4;\"><\/div>\n    \n    \n        <div class=\"mtt-subpage-cover__image-container object-fit\">\n            <picture>\n                                    <source srcset=\"https:\/\/dev.nellemannmachinery.dk\/wp-content\/uploads\/2021\/02\/DSC6747-375x250.jpg\" alt=\"Service Kubota\" media=\"(max-width: 375px)\">\n                                                    <source srcset=\"https:\/\/dev.nellemannmachinery.dk\/wp-content\/uploads\/2021\/02\/DSC6747-600x400.jpg\" alt=\"Service Kubota\" media=\"(max-width: 580px)\">\n                                                    <source srcset=\"https:\/\/dev.nellemannmachinery.dk\/wp-content\/uploads\/2021\/02\/DSC6747-900x600.jpg\" alt=\"Service Kubota\" media=\"(max-width: 1160px)\">\n                                <img decoding=\"async\" src=\"https:\/\/dev.nellemannmachinery.dk\/wp-content\/uploads\/2021\/02\/DSC6747-675x450.jpg\" alt=\"Service Kubota\">\n            <\/picture>\n        <\/div>\n\n        \n<\/section><\/div><\/div><\/div><\/div><div id=\"pg-1317-1\"  class=\"panel-grid panel-no-style\" ><div id=\"pgc-1317-1-0\"  class=\"panel-grid-cell\" ><div id=\"panel-1317-1-0-0\" class=\"so-panel widget widget_mtt-text-image panel-first-child panel-last-child\" data-index=\"1\" ><div\n\t\t\t\n\t\t\tclass=\"so-widget-mtt-text-image so-widget-mtt-text-image-base\"\n\t\t\t\n\t\t>\n<section class=\"mtt-text-image spacing_top_104 spacing_bottom_104 spacing-classes-added image-right mtt-text-image--border-top mtt-text-image--bg-default\">\n    <div class=\"mtt-text-image__inner page_container\">\n\n        <div class=\"mtt-text-image__text-container\">\n                            <span class=\"mtt-text-image__tagline tagline\">Teknisk support<\/span>\n                                        <h2 class=\"mtt-text-image__title\">V\u00e5r verkstad st\u00e5r alltid redo f\u00f6r att hj\u00e4lpa dig<\/h2>\n                                        <div class=\"mtt-text-image__text styled-text-small\"><p>Vi hj\u00e4lper dig med service, underh\u00e5ll och reparationer. Alla v\u00e5ra tekniker \u00e4r experter p\u00e5 v\u00e5ra varum\u00e4rken, de utbildas kontinuerligt och \u00e4r uppdaterade p\u00e5 allt n\u00e4r det g\u00e4ller din maskin. <strong>F\u00f6r hj\u00e4lp kring service eller reparationer rekommenderar vi dig att v\u00e4nda dig till din lokala \u00e5terf\u00f6rs\u00e4ljare eller serviceverkstad.<\/strong><\/p>\n<p>Kontakta v\u00e5ra tekniker p\u00e5 <strong><em><a href=\"tel:013253615\">+46 013-25 36 15<\/a><\/em><\/strong><\/p>\n<p>&nbsp;<\/p>\n<p>&nbsp;<\/p>\n<p>&nbsp;<\/p>\n<p>&nbsp;<\/p>\n<p>&nbsp;<\/p>\n<p>&nbsp;<\/p>\n<p>&nbsp;<\/p>\n<p>&nbsp;<\/p>\n<p>&nbsp;<\/p>\n<p>&nbsp;<\/p>\n<p>&nbsp;<\/p>\n<p>&nbsp;<\/p>\n<p>&nbsp;<\/p>\n<\/div>\n                        \n    <div class=\"button-section\">\n\n        \n                <a href=\"https:\/\/dev.nellemannmachinery.dk\/sv\/kubota-aterforsaljare-sverige\/\" class=\"button lightgrey\">\u00c5terf\u00f6rs\u00e4ljare &amp; Verkstad<\/a>\n\n            \n                <a href=\"https:\/\/dev.nellemannmachinery.dk\/sv\/kontakt\/\" class=\"button default\">Kontakta oss<\/a>\n\n            \n    <\/div>\n\n        <\/div>\n\n        <div class=\"mtt-text-image__image-container object-fit\">\n                        <picture>\n                                    <source srcset=\"https:\/\/dev.nellemannmachinery.dk\/wp-content\/uploads\/2022\/09\/DSC3881-kopia-375x223.jpg\" alt=\"_DSC3881 kopia\" media=\"(max-width: 375px)\">\n                                                    <source srcset=\"https:\/\/dev.nellemannmachinery.dk\/wp-content\/uploads\/2022\/09\/DSC3881-kopia-589x350.jpg\" alt=\"_DSC3881 kopia\" media=\"(max-width: 580px)\">\n                                                    <source srcset=\"https:\/\/dev.nellemannmachinery.dk\/wp-content\/uploads\/2021\/02\/DSC6850-500x500.jpg\" alt=\"_DSC6850\" media=\"(max-width: 1160px)\">\n                                <img decoding=\"async\" src=\"https:\/\/dev.nellemannmachinery.dk\/wp-content\/uploads\/2022\/09\/DSC3881-kopia-300x178.jpg\" full=\"https:\/\/dev.nellemannmachinery.dk\/wp-content\/uploads\/2022\/09\/DSC3881-kopia-900x535.jpg\" alt=\"_DSC3881 kopia\" lazy-load>\n            <\/picture>\n        <\/div>\n\n    <\/div>\n<\/section><\/div><\/div><\/div><\/div><div id=\"pg-1317-2\"  class=\"panel-grid panel-no-style\" ><div id=\"pgc-1317-2-0\"  class=\"panel-grid-cell\" ><div id=\"panel-1317-2-0-0\" class=\"so-panel widget widget_mtt-text-image panel-first-child panel-last-child\" data-index=\"2\" ><div\n\t\t\t\n\t\t\tclass=\"so-widget-mtt-text-image so-widget-mtt-text-image-base\"\n\t\t\t\n\t\t>\n<section class=\"mtt-text-image spacing_top_104 spacing_bottom_104 spacing-classes-added image-left mtt-text-image--border-top mtt-text-image--bg-default\">\n    <div class=\"mtt-text-image__inner page_container\">\n\n        <div class=\"mtt-text-image__text-container\">\n                            <span class=\"mtt-text-image__tagline tagline\">Reservdelar<\/span>\n                                        <h2 class=\"mtt-text-image__title\">Beh\u00f6ver du reservdelar?<\/h2>\n                                        <div class=\"mtt-text-image__text styled-text-small\"><p>F\u00f6r oss \u00e4r det viktigt att dina maskiner alltid fungerar, d\u00e4rf\u00f6r har vi endast reservdelar av h\u00f6gsta kvalitet. Personlig service f\u00e5r du som vanligt av v\u00e5ra erfarna reservdelss\u00e4ljare. Vi v\u00e4rderar din tid h\u00f6gt och ser alltid till att du f\u00e5r dina varor s\u00e5 snabbt som m\u00f6jligt.<\/p>\n<p>&nbsp;<\/p>\n<p>&nbsp;<\/p>\n<p>&nbsp;<\/p>\n<p>Best\u00e4ll reservdelar p\u00e5 <a href=\"tel:013253610\">+46 013-25 36 10<\/a> eller <a href=\"epost:sereservdelar@nellemannmachinery.com\">sereservdelar@nellemannmachinery.com<\/a><\/p>\n<p>&nbsp;<\/p>\n<p>&nbsp;<\/p>\n<\/div>\n                                <\/div>\n\n        <div class=\"mtt-text-image__image-container object-fit\">\n                        <picture>\n                                    <source srcset=\"https:\/\/dev.nellemannmachinery.dk\/wp-content\/uploads\/2021\/09\/DSC7694-Redigera-360x240.jpg\" alt=\"_DSC7694-Redigera\" media=\"(max-width: 375px)\">\n                                                    <source srcset=\"https:\/\/dev.nellemannmachinery.dk\/wp-content\/uploads\/2021\/09\/DSC7694-Redigera-525x350.jpg\" alt=\"_DSC7694-Redigera\" media=\"(max-width: 580px)\">\n                                                    <source srcset=\"https:\/\/dev.nellemannmachinery.dk\/wp-content\/uploads\/2021\/09\/DSC7694-Redigera-750x500.jpg\" alt=\"_DSC7694-Redigera\" media=\"(max-width: 1160px)\">\n                                <img decoding=\"async\" src=\"https:\/\/dev.nellemannmachinery.dk\/wp-content\/uploads\/2021\/09\/DSC7694-Redigera-300x200.jpg\" full=\"https:\/\/dev.nellemannmachinery.dk\/wp-content\/uploads\/2021\/09\/DSC7694-Redigera-900x600.jpg\" alt=\"_DSC7694-Redigera\" lazy-load>\n            <\/picture>\n        <\/div>\n\n    <\/div>\n<\/section><\/div><\/div><\/div><\/div><div id=\"pg-1317-3\"  class=\"panel-grid panel-no-style\" ><div id=\"pgc-1317-3-0\"  class=\"panel-grid-cell\" ><div id=\"panel-1317-3-0-0\" class=\"so-panel widget widget_mtt-employee-cards panel-first-child panel-last-child\" data-index=\"3\" ><div\n\t\t\t\n\t\t\tclass=\"so-widget-mtt-employee-cards so-widget-mtt-employee-cards-base\"\n\t\t\t\n\t\t>\n    <section class=\"mtt-employee-cards\">\n        <div class=\"mtt-employee-cards__inner page_container\">\n            <div class=\"mtt-employee-cards__title-container\">\n                                    <h2 class=\"mtt-employee-cards__title\">Reservdelar<\/h2>\n                                            <\/div>\n            <div class=\"mtt-employee-cards__wrap\">\n                \n<div class=\"employee-card\">\n    <div class=\"employee-card__wrap\">\n        <div class=\"employee-card__image-container object-fit\">\n            <img decoding=\"async\" src=\"https:\/\/dev.nellemannmachinery.dk\/wp-content\/uploads\/2020\/06\/Headshot_Nellemann-2022__32_2048Mask-300x300.png\" full=\"https:\/\/dev.nellemannmachinery.dk\/wp-content\/uploads\/2020\/06\/Headshot_Nellemann-2022__32_2048Mask-120x120.png\" alt=\"Headshot_Nellemann 2022__32_2048Mask\" lazy-load>\n        <\/div>\n        <div class=\"employee-card__text-container\">\n            <h4 class=\"employee-card__title\">Michael Hagman<\/h4>\n                            <p class=\"employee-card__position\">Reservdelschef<\/p>\n                                        <div class=\"employee-card__area\">Sk\u00e4nninge<\/div>\n                                        <div class=\"employee-card__contact\">\n                    <a href=\"tel:+46(0)13253620\" class=\"employee-card__contact-item\">Tel. +46 (0) 13 25 36 20<\/a>\n                <\/div>\n                                        <div class=\"employee-card__contact\">\n                    <a href=\"mailto:mih@nellemannmachinery.com\" class=\"employee-card__contact-item\">mih@nellemannmachinery.com<\/a>\n                <\/div>\n                    <\/div>\n    <\/div>\n<\/div>\n<div class=\"employee-card\">\n    <div class=\"employee-card__wrap\">\n        <div class=\"employee-card__image-container object-fit\">\n            <img decoding=\"async\" src=\"https:\/\/dev.nellemannmachinery.dk\/wp-content\/uploads\/2020\/06\/DSC2916_olivia-150x150.png\" full=\"https:\/\/dev.nellemannmachinery.dk\/wp-content\/uploads\/2020\/06\/DSC2916_olivia-120x120.png\" alt=\"_DSC2916_olivia\" lazy-load>\n        <\/div>\n        <div class=\"employee-card__text-container\">\n            <h4 class=\"employee-card__title\">Olivia Frieberg<\/h4>\n                            <p class=\"employee-card__position\">Ordermottagare<\/p>\n                                        <div class=\"employee-card__area\">Sk\u00e4nninge<\/div>\n                                        <div class=\"employee-card__contact\">\n                    <a href=\"tel:+46(0)13253614\" class=\"employee-card__contact-item\">Tel. +46 (0) 13 25 36 14 <\/a>\n                <\/div>\n                                        <div class=\"employee-card__contact\">\n                    <a href=\"mailto:ofr@nellemannmachinery.com\" class=\"employee-card__contact-item\">ofr@nellemannmachinery.com<\/a>\n                <\/div>\n                    <\/div>\n    <\/div>\n<\/div>\n<div class=\"employee-card\">\n    <div class=\"employee-card__wrap\">\n        <div class=\"employee-card__image-container object-fit\">\n            <img decoding=\"async\" src=\"https:\/\/dev.nellemannmachinery.dk\/wp-content\/uploads\/2020\/06\/Headshot_Nellemann-2022__7_2_2048_Mask-300x300.png\" full=\"https:\/\/dev.nellemannmachinery.dk\/wp-content\/uploads\/2020\/06\/Headshot_Nellemann-2022__7_2_2048_Mask-120x120.png\" alt=\"Headshot_Nellemann 2022__7_2_2048_Mask\" lazy-load>\n        <\/div>\n        <div class=\"employee-card__text-container\">\n            <h4 class=\"employee-card__title\">Roger S\u00e4ll<\/h4>\n                            <p class=\"employee-card__position\">Ordermottagare<\/p>\n                                        <div class=\"employee-card__area\"> Sk\u00e4nninge<\/div>\n                                        <div class=\"employee-card__contact\">\n                    <a href=\"tel:+46(0)13253611\" class=\"employee-card__contact-item\">Tel. +46 (0) 13 25 36 11 <\/a>\n                <\/div>\n                                        <div class=\"employee-card__contact\">\n                    <a href=\"mailto:rsa@nellemannmachinery.com\" class=\"employee-card__contact-item\">rsa@nellemannmachinery.com<\/a>\n                <\/div>\n                    <\/div>\n    <\/div>\n<\/div>            <\/div>\n        <\/div>\n    <\/section>\n\n<\/div><\/div><\/div><\/div><\/div>","protected":false},"excerpt":{"rendered":"<p>Vi erbjuder service och reparationer i v\u00e5r verkstad Produkter \u00c5terf\u00f6rs\u00e4ljare Teknisk support V\u00e5r verkstad st\u00e5r alltid redo f\u00f6r att hj\u00e4lpa dig Vi hj\u00e4lper dig med service, underh\u00e5ll och reparationer. Alla v\u00e5ra tekniker \u00e4r experter p\u00e5 v\u00e5ra varum\u00e4rken, de utbildas kontinuerligt och \u00e4r uppdaterade p\u00e5 allt n\u00e4r det g\u00e4ller din maskin. F\u00f6r hj\u00e4lp kring service eller [&hellip;]<\/p>\n","protected":false},"author":1,"featured_media":9030,"parent":0,"menu_order":0,"comment_status":"closed","ping_status":"closed","template":"","meta":{"_acf_changed":false,"inline_featured_image":false,"footnotes":""},"class_list":["post-1317","page","type-page","status-publish","has-post-thumbnail","hentry"],"acf":[],"yoast_head":"<!-- This site is optimized with the Yoast SEO plugin v27.4 - https:\/\/yoast.com\/product\/yoast-seo-wordpress\/ -->\n<title>Reservdelar och service Kubota Sverige - Nellemann Machinery<\/title>\n<meta name=\"description\" content=\"Nellemann Machinery erbjuder service och reparationer i v\u00e5r verkstad, men \u00e4ven en servicebil f\u00f6r v\u00e5rt f\u00f6rs\u00e4ljningsomr\u00e5de. Kontakta oss!\" \/>\n<meta name=\"robots\" content=\"noindex, follow, max-snippet:-1, max-image-preview:large, max-video-preview:-1\" \/>\n<meta property=\"og:locale\" content=\"sv_SE\" \/>\n<meta property=\"og:type\" content=\"article\" \/>\n<meta property=\"og:title\" content=\"Reservdelar och service Kubota Sverige - Nellemann Machinery\" \/>\n<meta property=\"og:description\" content=\"Nellemann Machinery erbjuder service och reparationer i v\u00e5r verkstad, men \u00e4ven en servicebil f\u00f6r v\u00e5rt f\u00f6rs\u00e4ljningsomr\u00e5de. Kontakta oss!\" \/>\n<meta property=\"og:url\" content=\"https:\/\/nellemannmachinery.se\/reservdelar-service-kubota\/\" \/>\n<meta property=\"og:site_name\" content=\"Nellemann Machinery\" \/>\n<meta property=\"article:publisher\" content=\"https:\/\/www.facebook.com\/Nellemann-Machinery-718705991612962\" \/>\n<meta property=\"article:modified_time\" content=\"2023-01-02T09:19:35+00:00\" \/>\n<meta property=\"og:image\" content=\"https:\/\/nellemannmachinery.se\/wp-content\/uploads\/2021\/02\/DSC6747.jpg\" \/>\n\t<meta property=\"og:image:width\" content=\"2000\" \/>\n\t<meta property=\"og:image:height\" content=\"1333\" \/>\n\t<meta property=\"og:image:type\" content=\"image\/jpeg\" \/>\n<meta name=\"twitter:card\" content=\"summary_large_image\" \/>\n<meta name=\"twitter:label1\" content=\"Est. reading time\" \/>\n\t<meta name=\"twitter:data1\" content=\"1 minute\" \/>\n<!-- \/ Yoast SEO plugin. -->","yoast_head_json":{"title":"Reservdelar och service Kubota Sverige - Nellemann Machinery","description":"Nellemann Machinery erbjuder service och reparationer i v\u00e5r verkstad, men \u00e4ven en servicebil f\u00f6r v\u00e5rt f\u00f6rs\u00e4ljningsomr\u00e5de. Kontakta oss!","robots":{"index":"noindex","follow":"follow","max-snippet":"max-snippet:-1","max-image-preview":"max-image-preview:large","max-video-preview":"max-video-preview:-1"},"og_locale":"sv_SE","og_type":"article","og_title":"Reservdelar och service Kubota Sverige - Nellemann Machinery","og_description":"Nellemann Machinery erbjuder service och reparationer i v\u00e5r verkstad, men \u00e4ven en servicebil f\u00f6r v\u00e5rt f\u00f6rs\u00e4ljningsomr\u00e5de. Kontakta oss!","og_url":"https:\/\/nellemannmachinery.se\/reservdelar-service-kubota\/","og_site_name":"Nellemann Machinery","article_publisher":"https:\/\/www.facebook.com\/Nellemann-Machinery-718705991612962","article_modified_time":"2023-01-02T09:19:35+00:00","og_image":[{"width":2000,"height":1333,"url":"https:\/\/nellemannmachinery.se\/wp-content\/uploads\/2021\/02\/DSC6747.jpg","type":"image\/jpeg"}],"twitter_card":"summary_large_image","twitter_misc":{"Est. reading time":"1 minute"},"schema":{"@context":"https:\/\/schema.org","@graph":[{"@type":"WebPage","@id":"https:\/\/nellemannmachinery.se\/reservdelar-service-kubota\/","url":"https:\/\/nellemannmachinery.se\/reservdelar-service-kubota\/","name":"Reservdelar och service Kubota Sverige - Nellemann Machinery","isPartOf":{"@id":"https:\/\/dev.nellemannmachinery.dk\/#website"},"primaryImageOfPage":{"@id":"https:\/\/nellemannmachinery.se\/reservdelar-service-kubota\/#primaryimage"},"image":{"@id":"https:\/\/nellemannmachinery.se\/reservdelar-service-kubota\/#primaryimage"},"thumbnailUrl":"https:\/\/dev.nellemannmachinery.dk\/wp-content\/uploads\/2021\/02\/DSC6747.jpg","datePublished":"2020-05-13T13:39:25+00:00","dateModified":"2023-01-02T09:19:35+00:00","description":"Nellemann Machinery erbjuder service och reparationer i v\u00e5r verkstad, men \u00e4ven en servicebil f\u00f6r v\u00e5rt f\u00f6rs\u00e4ljningsomr\u00e5de. Kontakta oss!","breadcrumb":{"@id":"https:\/\/nellemannmachinery.se\/reservdelar-service-kubota\/#breadcrumb"},"inLanguage":"sv-SE","potentialAction":[{"@type":"ReadAction","target":["https:\/\/nellemannmachinery.se\/reservdelar-service-kubota\/"]}]},{"@type":"ImageObject","inLanguage":"sv-SE","@id":"https:\/\/nellemannmachinery.se\/reservdelar-service-kubota\/#primaryimage","url":"https:\/\/dev.nellemannmachinery.dk\/wp-content\/uploads\/2021\/02\/DSC6747.jpg","contentUrl":"https:\/\/dev.nellemannmachinery.dk\/wp-content\/uploads\/2021\/02\/DSC6747.jpg","width":2000,"height":1333,"caption":"Teknisk support"},{"@type":"BreadcrumbList","@id":"https:\/\/nellemannmachinery.se\/reservdelar-service-kubota\/#breadcrumb","itemListElement":[{"@type":"ListItem","position":1,"name":"Home","item":"https:\/\/nellemannmachinery.se\/"},{"@type":"ListItem","position":2,"name":"Service &amp; eftermarknad"}]},{"@type":"WebSite","@id":"https:\/\/dev.nellemannmachinery.dk\/#website","url":"https:\/\/dev.nellemannmachinery.dk\/","name":"Nellemann Machinery","description":"","publisher":{"@id":"https:\/\/dev.nellemannmachinery.dk\/#organization"},"potentialAction":[{"@type":"SearchAction","target":{"@type":"EntryPoint","urlTemplate":"https:\/\/dev.nellemannmachinery.dk\/?s={search_term_string}"},"query-input":{"@type":"PropertyValueSpecification","valueRequired":true,"valueName":"search_term_string"}}],"inLanguage":"sv-SE"},{"@type":"Organization","@id":"https:\/\/dev.nellemannmachinery.dk\/#organization","name":"Nellemann Machinery","url":"https:\/\/dev.nellemannmachinery.dk\/","logo":{"@type":"ImageObject","inLanguage":"sv-SE","@id":"https:\/\/dev.nellemannmachinery.dk\/#\/schema\/logo\/image\/","url":"https:\/\/dev.nellemannmachinery.dk\/wp-content\/uploads\/2020\/09\/logo-1.png","contentUrl":"https:\/\/dev.nellemannmachinery.dk\/wp-content\/uploads\/2020\/09\/logo-1.png","width":398,"height":71,"caption":"Nellemann Machinery"},"image":{"@id":"https:\/\/dev.nellemannmachinery.dk\/#\/schema\/logo\/image\/"},"sameAs":["https:\/\/www.facebook.com\/Nellemann-Machinery-718705991612962","https:\/\/www.instagram.com\/nellemannmachinery\/?hl=da","https:\/\/www.linkedin.com\/company\/svenningsens-maskinforretning-as\/about\/"]}]}},"_links":{"self":[{"href":"https:\/\/dev.nellemannmachinery.dk\/sv\/wp-json\/wp\/v2\/pages\/1317","targetHints":{"allow":["GET"]}}],"collection":[{"href":"https:\/\/dev.nellemannmachinery.dk\/sv\/wp-json\/wp\/v2\/pages"}],"about":[{"href":"https:\/\/dev.nellemannmachinery.dk\/sv\/wp-json\/wp\/v2\/types\/page"}],"author":[{"embeddable":true,"href":"https:\/\/dev.nellemannmachinery.dk\/sv\/wp-json\/wp\/v2\/users\/1"}],"replies":[{"embeddable":true,"href":"https:\/\/dev.nellemannmachinery.dk\/sv\/wp-json\/wp\/v2\/comments?post=1317"}],"version-history":[{"count":0,"href":"https:\/\/dev.nellemannmachinery.dk\/sv\/wp-json\/wp\/v2\/pages\/1317\/revisions"}],"wp:featuredmedia":[{"embeddable":true,"href":"https:\/\/dev.nellemannmachinery.dk\/sv\/wp-json\/wp\/v2\/media\/9030"}],"wp:attachment":[{"href":"https:\/\/dev.nellemannmachinery.dk\/sv\/wp-json\/wp\/v2\/media?parent=1317"}],"curies":[{"name":"wp","href":"https:\/\/api.w.org\/{rel}","templated":true}]}}